{"id":125286,"date":"2024-09-26T10:14:19","date_gmt":"2024-09-26T02:14:19","guid":{"rendered":"https:\/\/honwaygroup.com\/product\/pano-almohadilla-de-pulido-metalografico-de-fibra-corta-hw306-tamano-personalizable\/"},"modified":"2024-09-26T10:14:19","modified_gmt":"2024-09-26T02:14:19","slug":"pano-almohadilla-de-pulido-metalografico-de-fibra-corta-hw306-tamano-personalizable","status":"publish","type":"product","link":"https:\/\/honwaygroup.com\/es\/producto\/pano-almohadilla-de-pulido-metalografico-de-fibra-corta-hw306-tamano-personalizable\/","title":{"rendered":"Pa\u00f1o\/almohadilla de pulido metalogr\u00e1fico de fibra corta HW306, tama\u00f1o personalizable"},"content":{"rendered":"<h1>Caracter\u00edsticas del pa\u00f1o\/almohadilla de pulido metalogr\u00e1fico de fibra corta HW306<\/h1>\n<p>El pulido se utiliza para eliminar peque\u00f1os ara\u00f1azos y abrasiones del patr\u00f3n, lo que da como resultado una superficie brillante, impecable y con un acabado de espejo que permite una observaci\u00f3n m\u00e1s precisa. Este proceso puede combinarse con los fluidos\/pastas de pulido de diamante monocristalino y policristalino Honway, los fluidos de pulido de \u00f3xido de cerio y los fluidos de pulido de \u00f3xido de aluminio.<\/p>\n<p>Abrasivo adecuado \u22640,5 um, adecuado para pulido de espejos.<\/p>\n<ul>\n<li>La capa de trabajo de la superficie de pulido es un tejido de pulido de precisi\u00f3n suave hecho de terciopelo de tejido corto.<\/li>\n<li>El producto con respaldo adhesivo tiene una capa impermeable en el medio y un dise\u00f1o de refuerzo, que es resistente al agua, aceite, alcohol, etc. Se eliminan las esquinas redondeadas del pulido y la planitud del pulido es mayor.<\/li>\n<li>Productos proporcionados: pa\u00f1o de pulido no adhesivo, pa\u00f1o de pulido adhesivo, pa\u00f1o de pulido magn\u00e9tico con respaldo de goma, pa\u00f1o de pulido de hierro con respaldo de goma.<\/li>\n<li>El pa\u00f1o de pulido de hierro con reverso de goma est\u00e1 hecho de hierro dulce. Si necesita pedirlo, contacte con atenci\u00f3n al cliente para solicitar un presupuesto.<\/li>\n<\/ul>\n<h1>\u00c1mbito de aplicaci\u00f3n:<\/h1>\n<ul>\n<li>Aplicable a diversos materiales.<\/li>\n<\/ul>\n<h1>Especificaciones del producto<\/h1>\n<p>Di\u00e1metro exterior:<strong>\u0424200mm(\u04248in)<\/strong><strong style=\"font-size: 16px; font-style: normal;\">.\u0424220mm(\u04248.6in)<\/strong><strong style=\"font-size: 16px;\">.\u0424230mm(\u04249in).\u0424250mm(\u04249.5in).\u0424300mm(\u042412in).\u0424350mm(\u042414in).\u0424380mm(\u042415in)<\/strong><span style=\"font-size: 16px;\">Tambi\u00e9n se pueden personalizar otros tama\u00f1os y especificaciones.<\/span><\/p>\n<p><span style=\"font-size: 1.7em; font-weight: bold;\">1. Ventajas del producto<\/span><\/p>\n<table>\n<tbody>\n<tr>\n<td width=\"184\">Otras marcas<\/td>\n<td width=\"184\">Selecci\u00f3n de productos Honway (Ganancias)<\/td>\n<td width=\"184\">Ventajas de la selecci\u00f3n de productos Honway<\/td>\n<\/tr>\n<tr>\n<td width=\"184\">\n<p style=\"text-align: center;\">tela para pulir<\/p>\n<p style=\"text-align: center;\">Cinta de doble cara<\/p>\n<p style=\"text-align: center;\">Capa de papel desprendible<\/p>\n<p>&nbsp;<\/p>\n<p style=\"text-align: center;\">Solo dise\u00f1o de tres capas<\/p>\n<\/td>\n<td width=\"184\">\n<p style=\"text-align: center;\">tela para pulir<\/p>\n<p style=\"text-align: center;\">Capa adhesiva funcional<\/p>\n<p style=\"text-align: center;\">capa de refuerzo<\/p>\n<p style=\"text-align: center;\">Cinta de doble cara<\/p>\n<p style=\"text-align: center;\">Capa de papel desprendible<\/p>\n<\/td>\n<td width=\"184\">\n<p style=\"text-align: center;\">Sin arrugas<\/p>\n<p style=\"text-align: center;\">Resistente al agua<\/p>\n<p style=\"text-align: center;\">No es f\u00e1cil caerse<\/p>\n<p style=\"text-align: center;\">Alta planitud<\/p>\n<p style=\"text-align: center;\">\n<\/td>\n<\/tr>\n<\/tbody>\n<\/table>\n<h2>2. C\u00f3mo elegir<\/h2>\n<pre>\u203bC\u00f3mo elegir el tama\u00f1o de la almohadilla de pulido\nAlmohadilla de pulido no adhesiva &gt; Bandeja de la m\u00e1quina\nAlmohadilla de pulido adhesiva = placa de m\u00e1quina\nAlmohadilla de pulido magn\u00e9tica trasera = placa de m\u00e1quina<\/pre>\n<h2>3. Notas<\/h2>\n<ol>\n<li>Para lograr una mayor planitud, no coloque etiquetas u otros elementos en la parte inferior de la placa para evitar afectar la planitud de la pieza de trabajo.<\/li>\n<li>La superficie de contacto entre la almohadilla de pulido y la m\u00e1quina debe mantenerse muy plana, limpia y seca para evitar afectar la planitud de la pieza de trabajo.<\/li>\n<li>Despu\u00e9s de su uso, ret\u00edrelo con cuidado, enju\u00e1guelo con agua y d\u00e9jelo secar.<\/li>\n<li>No doble ni da\u00f1e la almohadilla de pulido fino.<\/li>\n<li>Tenga cuidado al instalarlo y quitarlo para evitar la atracci\u00f3n magn\u00e9tica y pillarse las manos.<\/li>\n<\/ol>\n","protected":false},"excerpt":{"rendered":"<p>\u2022 Abrasivo adecuado \u22640,5 um, adecuado para pulido de espejo.<\/p>\n<p>\u2022La capa de trabajo de la superficie de pulido es un tejido de pulido de precisi\u00f3n suave hecho de terciopelo de tejido corto.<\/p>\n<p>El soporte adhesivo cuenta con una capa impermeable en el centro y un dise\u00f1o de refuerzo resistente al agua, el aceite y el alcohol. Elimina la necesidad de pulir las esquinas redondeadas y logra un pulido m\u00e1s suave.<\/p>\n<p>\u2022Productos proporcionados: cuatro tipos: pa\u00f1o de pulido no adhesivo, pa\u00f1o de pulido adhesivo, pa\u00f1o de pulido magn\u00e9tico con respaldo de goma y pa\u00f1o de pulido de hierro con respaldo de goma.<\/p>\n<p>El pa\u00f1o de pulido de hierro con reverso de goma est\u00e1 hecho de hierro dulce. Si necesita pedirlo, contacte con atenci\u00f3n al cliente para solicitar un presupuesto.<\/p>\n<h5><strong><span style=\"color: #ff0000; font-size: 19.2px;\">\u25b2<\/span><\/strong><strong><span style=\"color: #ff0000; font-size: 19.2px;\">Si necesita un tama\u00f1o personalizado, comun\u00edquese con el servicio de atenci\u00f3n al cliente.<\/span><\/strong><\/h5>\n<h5><strong><span style=\"color: #ff0000; font-size: 19.2px;\">\u25b2 Los pedidos grandes pueden disfrutar de descuentos, comun\u00edquese con el servicio de atenci\u00f3n al cliente para realizar consultas.<br \/>\n<\/span><\/strong><\/h5>\n<h5><strong><span style=\"color: #ff0000;\">\u25b2Comun\u00edquese con el servicio de atenci\u00f3n al cliente para conocer la fecha de entrega real del pedido:<\/span><a href=\"https:\/\/honwaygroup.com\/es\/contactar-con-honway\/\">Comun\u00edquese con Honway<\/a><\/strong><\/h5>\n","protected":false},"featured_media":125287,"template":"","meta":{"site-sidebar-layout":"default","site-content-layout":"default","ast-site-content-layout":"default","site-content-style":"default","site-sidebar-style":"default","ast-global-header-display":"","ast-banner-title-visibility":"","ast-main-header-display":"","ast-hfb-above-header-display":"","ast-hfb-below-header-display":"","ast-hfb-mobile-header-display":"","site-post-title":"","ast-breadcrumbs-content":"","ast-featured-img":"","footer-sml-layout":"","ast-disable-related-posts":"","theme-transparent-header-meta":"default","adv-header-id-meta":"","stick-header-meta":"","header-above-stick-meta":"","header-main-stick-meta":"","header-below-stick-meta":"","astra-migrate-meta-layouts":"default","ast-page-background-enabled":"default","ast-page-background-meta":{"desktop":{"background-color":"var(--ast-global-color-5)","background-image":"","background-repeat":"repeat","background-position":"center center","background-size":"auto","background-attachment":"scroll","background-type":"","background-media":"","overlay-type":"","overlay-color":"","overlay-opacity":"","overlay-gradient":""},"tablet":{"background-color":"","background-image":"","background-repeat":"repeat","background-position":"center center","background-size":"auto","background-attachment":"scroll","background-type":"","background-media":"","overlay-type":"","overlay-color":"","overlay-opacity":"","overlay-gradient":""},"mobile":{"background-color":"","background-image":"","background-repeat":"repeat","background-position":"center center","background-size":"auto","background-attachment":"scroll","background-type":"","background-media":"","overlay-type":"","overlay-color":"","overlay-opacity":"","overlay-gradient":""}},"ast-content-background-meta":{"desktop":{"background-color":"var(--ast-global-color-4)","background-image":"","background-repeat":"repeat","background-position":"center center","background-size":"auto","background-attachment":"scroll","background-type":"","background-media":"","overlay-type":"","overlay-color":"","overlay-opacity":"","overlay-gradient":""},"tablet":{"background-color":"var(--ast-global-color-4)","background-image":"","background-repeat":"repeat","background-position":"center center","background-size":"auto","background-attachment":"scroll","background-type":"","background-media":"","overlay-type":"","overlay-color":"","overlay-opacity":"","overlay-gradient":""},"mobile":{"background-color":"var(--ast-global-color-4)","background-image":"","background-repeat":"repeat","background-position":"center center","background-size":"auto","background-attachment":"scroll","background-type":"","background-media":"","overlay-type":"","overlay-color":"","overlay-opacity":"","overlay-gradient":""}}},"product_brand":[],"product_cat":[10501,10522],"product_tag":[10718,10719,10729],"class_list":{"0":"post-125286","1":"product","2":"type-product","3":"status-publish","4":"has-post-thumbnail","6":"product_cat-almohadillas-de-pulido-metalografico","7":"product_cat-consumibles-metalograficos","8":"product_tag-almohadilla-de-pulido","9":"product_tag-pano-de-pulido","10":"product_tag-terciopelo-de-tejido-corto","11":"desktop-align-left","12":"tablet-align-left","13":"mobile-align-left","14":"ast-product-gallery-layout-horizontal-slider","15":"ast-product-single-variable","16":"ast-product-tabs-layout-horizontal","18":"first","19":"instock","20":"taxable","21":"shipping-taxable","22":"purchasable","23":"product-type-variable"},"_links":{"self":[{"href":"https:\/\/honwaygroup.com\/es\/wp-json\/wp\/v2\/product\/125286","targetHints":{"allow":["GET"]}}],"collection":[{"href":"https:\/\/honwaygroup.com\/es\/wp-json\/wp\/v2\/product"}],"about":[{"href":"https:\/\/honwaygroup.com\/es\/wp-json\/wp\/v2\/types\/product"}],"version-history":[{"count":0,"href":"https:\/\/honwaygroup.com\/es\/wp-json\/wp\/v2\/product\/125286\/revisions"}],"wp:featuredmedia":[{"embeddable":true,"href":"https:\/\/honwaygroup.com\/es\/wp-json\/wp\/v2\/media\/125287"}],"wp:attachment":[{"href":"https:\/\/honwaygroup.com\/es\/wp-json\/wp\/v2\/media?parent=125286"}],"wp:term":[{"taxonomy":"product_brand","embeddable":true,"href":"https:\/\/honwaygroup.com\/es\/wp-json\/wp\/v2\/product_brand?post=125286"},{"taxonomy":"product_cat","embeddable":true,"href":"https:\/\/honwaygroup.com\/es\/wp-json\/wp\/v2\/product_cat?post=125286"},{"taxonomy":"product_tag","embeddable":true,"href":"https:\/\/honwaygroup.com\/es\/wp-json\/wp\/v2\/product_tag?post=125286"}],"curies":[{"name":"wp","href":"https:\/\/api.w.org\/{rel}","templated":true}]}}