{"id":125220,"date":"2024-09-26T11:53:07","date_gmt":"2024-09-26T03:53:07","guid":{"rendered":"https:\/\/honwaygroup.com\/product\/almohadilla-pano-de-pulido-metalografico-de-poliuretano-hw402-tamano-personalizable\/"},"modified":"2024-09-26T11:53:07","modified_gmt":"2024-09-26T03:53:07","slug":"almohadilla-pano-de-pulido-metalografico-de-poliuretano-hw402-tamano-personalizable","status":"publish","type":"product","link":"https:\/\/honwaygroup.com\/es\/producto\/almohadilla-pano-de-pulido-metalografico-de-poliuretano-hw402-tamano-personalizable\/","title":{"rendered":"Almohadilla\/pa\u00f1o de pulido metalogr\u00e1fico de poliuretano HW402. Tama\u00f1o personalizable."},"content":{"rendered":"<h1>Caracter\u00edsticas del pa\u00f1o\/almohadilla de pulido metalogr\u00e1fico de poliuretano HW402<\/h1>\n<p>El pulido se utiliza para eliminar peque\u00f1os ara\u00f1azos y abrasiones del patr\u00f3n, lo que da como resultado una superficie brillante, impecable y con un acabado de espejo que permite una observaci\u00f3n m\u00e1s precisa. Este proceso puede combinarse con los fluidos\/pastas de pulido de diamante monocristalino y policristalino Honway, los fluidos de pulido de \u00f3xido de cerio y los fluidos de pulido de \u00f3xido de aluminio.<\/p>\n<p>El abrasivo es \u22641,5 \u200b\u200bum, adecuado para pulido intermedio.<\/p>\n<ul>\n<li>La serie de almohadillas de poliuretano para esmerilado y pulido est\u00e1 compuesta por un material sint\u00e9tico artificial poroso de superficie plana. Consta de una capa de pulido, una capa de almacenamiento abrasivo y una capa protectora. Se trata de una estructura microporosa vertical especial, desarrollada sobre un sustrato de poliuretano.<\/li>\n<li>La presi\u00f3n entre la pieza de trabajo y la almohadilla de pulido hace que la estructura microporosa vertical forme una bomba que permite que el abrasivo fluya r\u00e1pidamente, proporcionando as\u00ed un excelente pulido de superficies. Esta estructura microporosa vertical aumenta la capacidad de carga del pa\u00f1o de pulido y su vida \u00fatil.<\/li>\n<li>Productos proporcionados: pa\u00f1o de pulido no adhesivo, pa\u00f1o de pulido adhesivo, pa\u00f1o de pulido magn\u00e9tico con respaldo de goma, pa\u00f1o de pulido de hierro con respaldo de goma.<\/li>\n<li>El pa\u00f1o de pulido de hierro con reverso de goma est\u00e1 hecho de hierro dulce. Si necesita pedirlo, contacte con atenci\u00f3n al cliente para solicitar un presupuesto.<\/li>\n<\/ul>\n<h1>\u00c1mbito de aplicaci\u00f3n<\/h1>\n<ul>\n<li>Adecuado para pulir electrodos como oro, plata, platino y grafito; pulido de fibras \u00f3pticas, cuerpos de solidificaci\u00f3n de resina, m\u00e1quinas pulidoras planas, artesan\u00edas de resina, artesan\u00edas de cristal, instrumentos, metales blandos, vidrio \u00f3ptico, semiconductores electr\u00f3nicos, lentes \u00f3pticas de precisi\u00f3n, piedras preciosas de cristal, secciones metalogr\u00e1ficas, etc.<\/li>\n<\/ul>\n<h1>Especificaciones del producto<\/h1>\n<p>Di\u00e1metro exterior:<strong>\u0424127mm(\u04245in).\u0424200mm(\u04248in)<\/strong><strong>.\u0424230mm(\u04249in).\u0424250mm(\u04249.5in).\u0424300mm(\u042412in).\u0424350mm(\u042414in).\u0424380mm(\u042415in)<\/strong><strong style=\"font-size: 16px; font-style: normal;\">.\u0424500mm(\u042420in).\u0424650mm(\u042426in)<\/strong><span style=\"font-size: 16px;\">Tambi\u00e9n se pueden personalizar otros tama\u00f1os y especificaciones.<\/span><\/p>\n<p><span style=\"font-size: 1.7em; font-weight: bold;\">1. Ventajas del producto<\/span><\/p>\n<table>\n<tbody>\n<tr>\n<td width=\"184\">Otras marcas<\/td>\n<td width=\"184\">Selecci\u00f3n de productos Honway (Ganancias)<\/td>\n<td width=\"184\">Ventajas de la selecci\u00f3n de productos Honway<\/td>\n<\/tr>\n<tr>\n<td width=\"184\">\n<p style=\"text-align: center;\">tela para pulir<\/p>\n<p style=\"text-align: center;\">Cinta de doble cara<\/p>\n<p style=\"text-align: center;\">Capa de papel desprendible<\/p>\n<p>&nbsp;<\/p>\n<p style=\"text-align: center;\">Solo dise\u00f1o de tres capas<\/p>\n<\/td>\n<td width=\"184\">\n<p style=\"text-align: center;\">tela para pulir<\/p>\n<p style=\"text-align: center;\">Capa adhesiva funcional<\/p>\n<p style=\"text-align: center;\">capa de refuerzo<\/p>\n<p style=\"text-align: center;\">Cinta de doble cara<\/p>\n<p style=\"text-align: center;\">Capa de papel desprendible<\/p>\n<\/td>\n<td width=\"184\">\n<p style=\"text-align: center;\">Sin arrugas<\/p>\n<p style=\"text-align: center;\">Resistente al agua<\/p>\n<p style=\"text-align: center;\">No es f\u00e1cil caerse<\/p>\n<p style=\"text-align: center;\">Alta planitud<\/p>\n<p style=\"text-align: center;\">\n<\/td>\n<\/tr>\n<\/tbody>\n<\/table>\n<h2>2. C\u00f3mo elegir<\/h2>\n<pre>\u203bC\u00f3mo elegir el tama\u00f1o de la almohadilla de pulido\nAlmohadilla de pulido no adhesiva &gt; Bandeja de la m\u00e1quina\nAlmohadilla de pulido adhesiva = placa de m\u00e1quina\nAlmohadilla de pulido magn\u00e9tica trasera = placa de m\u00e1quina<\/pre>\n<h2>3. Notas<\/h2>\n<ol>\n<li>Para lograr una mayor planitud, no coloque etiquetas u otros elementos en la parte inferior de la placa para evitar afectar la planitud de la pieza de trabajo.<\/li>\n<li>La superficie de contacto entre la almohadilla de pulido y la m\u00e1quina debe mantenerse muy plana, limpia y seca para evitar afectar la planitud de la pieza de trabajo.<\/li>\n<li>Despu\u00e9s de su uso, ret\u00edrelo con cuidado, enju\u00e1guelo con agua y d\u00e9jelo secar.<\/li>\n<li>No doble ni da\u00f1e la almohadilla de pulido fino.<\/li>\n<li>Tenga cuidado al instalarlo y quitarlo para evitar la atracci\u00f3n magn\u00e9tica y pillarse las manos.<\/li>\n<\/ol>\n<h2>4. Otros<\/h2>\n<p><a href=\"https:\/\/honwaygroup.com\/wp-content\/uploads\/2024\/09\/%E8%81%9A%E6%B0%A8%E9%85%AF%E6%8B%8B%E5%85%89%E5%A2%8A%E5%92%8C%E6%8B%8B%E5%85%89%E7%9A%AE%E7%9A%84%E5%B7%AE%E7%95%B0_%E5%B7%A5%E4%BD%9C%E5%8D%80%E5%9F%9F-1-scaled.jpg\"><img fetchpriority=\"high\" decoding=\"async\" class=\"wp-image-46686 size-full\" src=\"https:\/\/honwaygroup.com\/wp-content\/uploads\/2024\/09\/%E8%81%9A%E6%B0%A8%E9%85%AF%E6%8B%8B%E5%85%89%E5%A2%8A%E5%92%8C%E6%8B%8B%E5%85%89%E7%9A%AE%E7%9A%84%E5%B7%AE%E7%95%B0_%E5%B7%A5%E4%BD%9C%E5%8D%80%E5%9F%9F-1-scaled.jpg\" alt=\"La diferencia entre las almohadillas de pulido de poliuretano y el pulido de cuero\" width=\"2560\" height=\"2048\"><\/a><\/p>\n<p>&nbsp;<\/p>\n<p><a href=\"https:\/\/honwaygroup.com\/wp-content\/uploads\/2024\/09\/%E8%81%9A%E6%B0%A8%E9%85%AF%E6%8B%8B%E5%85%89%E5%A2%8A%E5%92%8C%E6%8B%8B%E5%85%89%E7%9A%AE%E7%9A%84%E5%B7%AE%E7%95%B0_%E5%B7%A5%E4%BD%9C%E5%8D%80%E5%9F%9F-1-%E8%A4%87%E6%9C%AC-2-scaled.jpg\"><img decoding=\"async\" class=\"wp-image-46690 size-full\" src=\"https:\/\/honwaygroup.com\/wp-content\/uploads\/2024\/09\/%E8%81%9A%E6%B0%A8%E9%85%AF%E6%8B%8B%E5%85%89%E5%A2%8A%E5%92%8C%E6%8B%8B%E5%85%89%E7%9A%AE%E7%9A%84%E5%B7%AE%E7%95%B0_%E5%B7%A5%E4%BD%9C%E5%8D%80%E5%9F%9F-1-%E8%A4%87%E6%9C%AC-2-scaled.jpg\" alt=\"Estructura de almohadilla de poliuretano\" width=\"2560\" height=\"2048\"><\/a><\/p>\n","protected":false},"excerpt":{"rendered":"<p>\u2022Abrasivo combinado \u22641,5 \u200b\u200bum, adecuado para pulido intermedio.<\/p>\n<p>La serie de almohadillas de poliuretano para esmerilado y pulido est\u00e1 compuesta por un material sint\u00e9tico artificial poroso y muy plano. El producto tiene una superficie plana y consta de una capa de pulido, una capa de almacenamiento abrasivo y una capa protectora. Se trata de una estructura microporosa vertical especial sobre un sustrato de poliuretano.<\/p>\n<p>La presi\u00f3n entre la pieza de trabajo y la almohadilla de pulido hace que la estructura microporosa vertical forme una bomba que permite que el abrasivo fluya r\u00e1pidamente, proporcionando as\u00ed un excelente pulido de superficies. La estructura microporosa vertical aumenta la capacidad de carga del pa\u00f1o de pulido y su vida \u00fatil.<\/p>\n<p>\u2022Productos proporcionados: cuatro tipos: pa\u00f1o de pulido no adhesivo, pa\u00f1o de pulido adhesivo, pa\u00f1o de pulido magn\u00e9tico con respaldo de goma y pa\u00f1o de pulido de hierro con respaldo de goma.<\/p>\n<p>El pa\u00f1o de pulido de hierro con reverso de goma est\u00e1 hecho de hierro dulce. Si necesita pedirlo, contacte con atenci\u00f3n al cliente para solicitar un presupuesto.<\/p>\n<h5><strong><span style=\"color: #ff0000; font-size: 19.2px;\">\u25b2<\/span><\/strong><strong><span style=\"color: #ff0000; font-size: 19.2px;\">Si necesita un tama\u00f1o personalizado, comun\u00edquese con el servicio de atenci\u00f3n al cliente.<\/span><\/strong><\/h5>\n<h5><strong><span style=\"color: #ff0000; font-size: 19.2px;\">\u25b2 Los pedidos grandes pueden disfrutar de descuentos, comun\u00edquese con el servicio de atenci\u00f3n al cliente para realizar consultas.<br \/>\n<\/span><\/strong><\/h5>\n<h5><strong><span style=\"color: #ff0000;\">\u25b2Comun\u00edquese con el servicio de atenci\u00f3n al cliente para conocer la fecha de entrega real del pedido:<\/span><a href=\"https:\/\/honwaygroup.com\/es\/contactar-con-honway\/\">Comun\u00edquese con Honway<\/a><\/strong><\/h5>\n","protected":false},"featured_media":125225,"template":"","meta":{"site-sidebar-layout":"default","site-content-layout":"default","ast-site-content-layout":"default","site-content-style":"default","site-sidebar-style":"default","ast-global-header-display":"","ast-banner-title-visibility":"","ast-main-header-display":"","ast-hfb-above-header-display":"","ast-hfb-below-header-display":"","ast-hfb-mobile-header-display":"","site-post-title":"","ast-breadcrumbs-content":"","ast-featured-img":"","footer-sml-layout":"","ast-disable-related-posts":"","theme-transparent-header-meta":"default","adv-header-id-meta":"","stick-header-meta":"","header-above-stick-meta":"","header-main-stick-meta":"","header-below-stick-meta":"","astra-migrate-meta-layouts":"default","ast-page-background-enabled":"default","ast-page-background-meta":{"desktop":{"background-color":"var(--ast-global-color-5)","background-image":"","background-repeat":"repeat","background-position":"center center","background-size":"auto","background-attachment":"scroll","background-type":"","background-media":"","overlay-type":"","overlay-color":"","overlay-opacity":"","overlay-gradient":""},"tablet":{"background-color":"","background-image":"","background-repeat":"repeat","background-position":"center center","background-size":"auto","background-attachment":"scroll","background-type":"","background-media":"","overlay-type":"","overlay-color":"","overlay-opacity":"","overlay-gradient":""},"mobile":{"background-color":"","background-image":"","background-repeat":"repeat","background-position":"center center","background-size":"auto","background-attachment":"scroll","background-type":"","background-media":"","overlay-type":"","overlay-color":"","overlay-opacity":"","overlay-gradient":""}},"ast-content-background-meta":{"desktop":{"background-color":"var(--ast-global-color-4)","background-image":"","background-repeat":"repeat","background-position":"center center","background-size":"auto","background-attachment":"scroll","background-type":"","background-media":"","overlay-type":"","overlay-color":"","overlay-opacity":"","overlay-gradient":""},"tablet":{"background-color":"var(--ast-global-color-4)","background-image":"","background-repeat":"repeat","background-position":"center center","background-size":"auto","background-attachment":"scroll","background-type":"","background-media":"","overlay-type":"","overlay-color":"","overlay-opacity":"","overlay-gradient":""},"mobile":{"background-color":"var(--ast-global-color-4)","background-image":"","background-repeat":"repeat","background-position":"center center","background-size":"auto","background-attachment":"scroll","background-type":"","background-media":"","overlay-type":"","overlay-color":"","overlay-opacity":"","overlay-gradient":""}}},"product_brand":[],"product_cat":[10501,10522],"product_tag":[10718,10719,10727],"class_list":{"0":"post-125220","1":"product","2":"type-product","3":"status-publish","4":"has-post-thumbnail","6":"product_cat-almohadillas-de-pulido-metalografico","7":"product_cat-consumibles-metalograficos","8":"product_tag-almohadilla-de-pulido","9":"product_tag-pano-de-pulido","10":"product_tag-poliuretano","11":"desktop-align-left","12":"tablet-align-left","13":"mobile-align-left","14":"ast-product-gallery-layout-horizontal-slider","15":"ast-product-single-variable","16":"ast-product-tabs-layout-horizontal","18":"first","19":"instock","20":"taxable","21":"shipping-taxable","22":"purchasable","23":"product-type-variable"},"_links":{"self":[{"href":"https:\/\/honwaygroup.com\/es\/wp-json\/wp\/v2\/product\/125220","targetHints":{"allow":["GET"]}}],"collection":[{"href":"https:\/\/honwaygroup.com\/es\/wp-json\/wp\/v2\/product"}],"about":[{"href":"https:\/\/honwaygroup.com\/es\/wp-json\/wp\/v2\/types\/product"}],"version-history":[{"count":0,"href":"https:\/\/honwaygroup.com\/es\/wp-json\/wp\/v2\/product\/125220\/revisions"}],"wp:featuredmedia":[{"embeddable":true,"href":"https:\/\/honwaygroup.com\/es\/wp-json\/wp\/v2\/media\/125225"}],"wp:attachment":[{"href":"https:\/\/honwaygroup.com\/es\/wp-json\/wp\/v2\/media?parent=125220"}],"wp:term":[{"taxonomy":"product_brand","embeddable":true,"href":"https:\/\/honwaygroup.com\/es\/wp-json\/wp\/v2\/product_brand?post=125220"},{"taxonomy":"product_cat","embeddable":true,"href":"https:\/\/honwaygroup.com\/es\/wp-json\/wp\/v2\/product_cat?post=125220"},{"taxonomy":"product_tag","embeddable":true,"href":"https:\/\/honwaygroup.com\/es\/wp-json\/wp\/v2\/product_tag?post=125220"}],"curies":[{"name":"wp","href":"https:\/\/api.w.org\/{rel}","templated":true}]}}