{"id":124931,"date":"2024-09-27T14:59:33","date_gmt":"2024-09-27T06:59:33","guid":{"rendered":"https:\/\/honwaygroup.com\/product\/placa-adhesiva-metalografica-placa-de-soporte-acero-inoxidable-tamano-personalizable\/"},"modified":"2024-09-27T14:59:33","modified_gmt":"2024-09-27T06:59:33","slug":"placa-adhesiva-metalografica-placa-de-soporte-acero-inoxidable-tamano-personalizable","status":"publish","type":"product","link":"https:\/\/honwaygroup.com\/es\/producto\/placa-adhesiva-metalografica-placa-de-soporte-acero-inoxidable-tamano-personalizable\/","title":{"rendered":"Placa adhesiva metalogr\u00e1fica &#8211; placa de soporte &#8211; acero inoxidable, tama\u00f1o personalizable"},"content":{"rendered":"<h1>Placa Adhesiva Metalogr\u00e1fica &#8211; Placa de Soporte &#8211; Acero Inoxidable Caracter\u00edsticas del Producto<\/h1>\n<p>Sistema de Magnetizaci\u00f3n Metalogr\u00e1fica: El sistema de conversi\u00f3n magn\u00e9tica de Honway utiliza un sistema de conversi\u00f3n magn\u00e9tica r\u00e1pida 1+N. Este sistema combina un \u00fanico disco magn\u00e9tico con m\u00faltiples discos antiadherentes, lo que permite un cambio r\u00e1pido entre diferentes medios de pulido y rectificado. Este sistema puede mejorar la capacidad de magnetizaci\u00f3n de las rectificadoras y pulidoras tradicionales de tipo abrazadera.<\/p>\n<p>Disponemos de dos opciones de disco adhesivo seg\u00fan las necesidades del cliente: disco antiadherente (tefl\u00f3n) y disco de soporte (acero inoxidable).<\/p>\n<p><strong>El disco antiadherente metalogr\u00e1fico est\u00e1 adherido a los consumibles de pulido.<\/strong><\/p>\n<ul>\n<li>Espesor: 0,60 mm.<\/li>\n<li>D\u00edgale adi\u00f3s al m\u00e9todo de fijaci\u00f3n tradicional con abrazaderas y mejore la eficiencia del trabajo.<\/li>\n<\/ul>\n<h1>Especificaciones del producto<\/h1>\n<p>Di\u00e1metro exterior:<strong>.\u0424200mm(\u04248in).\u0424220mm(\u04248.6in).<\/strong><strong>\u0424230mm(\u04249in).\u0424250mm(\u04249.5in).\u0424300mm(\u042412in).\u0424350mm(\u042414in).\u0424380mm(\u042415in)<\/strong>Se pueden personalizar otros tama\u00f1os especiales.<\/p>\n<p><span style=\"font-size: 1.7em; font-weight: bold;\">1. Ventajas del producto<\/span><\/p>\n<ul>\n<li><strong>Se transforma en un tablero magn\u00e9tico en un segundo:<\/strong> el disco antiadherente recubierto de tefl\u00f3n es una parte importante del dispositivo de conversi\u00f3n magn\u00e9tica, que puede convertir f\u00e1cilmente papel de lija adhesivo de diferentes granos y pa\u00f1os de pulido adhesivos de diferentes materiales.<\/li>\n<li><strong>F\u00e1cil de retirar sin dejar residuos:<\/strong>El papel de lija adhesivo o los pa\u00f1os de pulido se retiran f\u00e1cilmente del disco antiadherente, eliminando as\u00ed la molestia de retirar los residuos de adhesivo. Esto tambi\u00e9n mejora la precisi\u00f3n y la fiabilidad del proceso de lijado y pulido.<\/li>\n<li><strong>Ahorre en consumibles:<\/strong> el papel de lija metalogr\u00e1fico o el pa\u00f1o de pulido adherido al disco antiadherente se pueden utilizar repetidamente sin deformarse hasta que ya no se puedan utilizar.<\/li>\n<\/ul>\n<h2><strong>2. Notas<\/strong><\/h2>\n<ol>\n<li>Para lograr una mayor planitud, no coloque etiquetas u otros elementos en la parte inferior de la placa para evitar afectar la planitud de la pieza de trabajo.<\/li>\n<li>La superficie de contacto entre el disco antiadherente y la m\u00e1quina debe mantenerse muy plana, limpia y seca para evitar afectar la planitud de la pieza de trabajo.<\/li>\n<li>Despu\u00e9s de su uso, ret\u00edrelo con cuidado, enju\u00e1guelo con agua y d\u00e9jelo secar.<\/li>\n<li>No doble ni da\u00f1e el disco antiadherente.<\/li>\n<li>Tenga cuidado al instalarlo y quitarlo para evitar la atracci\u00f3n magn\u00e9tica y pillarse las manos.<\/li>\n<li>Para mantener un pulido de alta calidad, no doble la placa adhesiva al colocarla o quitarla.<\/li>\n<li>Al pegar, adhi\u00e9rase a la superficie recubierta de tefl\u00f3n.<\/li>\n<li>Para proteger el revestimiento del disco antiadherente, no golpee el revestimiento con objetos duros o afilados.<\/li>\n<\/ol>\n","protected":false},"excerpt":{"rendered":"<p>\u2022<strong>El disco antiadherente metalogr\u00e1fico est\u00e1 adherido a los consumibles de pulido.<\/strong><\/p>\n<p>\u2022Espesor: 0,60mm.<\/p>\n<p>\u2022 El papel de lija autoadhesivo o el pa\u00f1o de pulido se pueden quitar f\u00e1cilmente del disco antiadherente.<\/p>\n<p>\u2022Diga adi\u00f3s al m\u00e9todo de fijaci\u00f3n tradicional con abrazaderas y mejore la eficiencia del trabajo.<\/p>\n<h5><strong><span style=\"color: #ff0000; font-size: 19.2px;\">\u25b2<\/span><\/strong><strong><span style=\"color: #ff0000; font-size: 19.2px;\">Si necesita un tama\u00f1o personalizado, comun\u00edquese con el servicio de atenci\u00f3n al cliente.<\/span><\/strong><\/h5>\n<h5><strong><span style=\"color: #ff0000; font-size: 19.2px;\">\u25b2 Los pedidos grandes pueden disfrutar de descuentos, comun\u00edquese con el servicio de atenci\u00f3n al cliente para realizar consultas.<br \/>\n<\/span><\/strong><\/h5>\n<h5><strong><span style=\"color: #ff0000;\">\u25b2Comun\u00edquese con el servicio de atenci\u00f3n al cliente para conocer la fecha de entrega real del pedido:<\/span><a href=\"https:\/\/honwaygroup.com\/es\/contactar-con-honway\/\">Comun\u00edquese con Honway<\/a><\/strong><\/h5>\n","protected":false},"featured_media":124932,"template":"","meta":{"site-sidebar-layout":"default","site-content-layout":"default","ast-site-content-layout":"default","site-content-style":"default","site-sidebar-style":"default","ast-global-header-display":"","ast-banner-title-visibility":"","ast-main-header-display":"","ast-hfb-above-header-display":"","ast-hfb-below-header-display":"","ast-hfb-mobile-header-display":"","site-post-title":"","ast-breadcrumbs-content":"","ast-featured-img":"","footer-sml-layout":"","ast-disable-related-posts":"","theme-transparent-header-meta":"default","adv-header-id-meta":"","stick-header-meta":"","header-above-stick-meta":"","header-main-stick-meta":"","header-below-stick-meta":"","astra-migrate-meta-layouts":"default","ast-page-background-enabled":"default","ast-page-background-meta":{"desktop":{"background-color":"var(--ast-global-color-5)","background-image":"","background-repeat":"repeat","background-position":"center center","background-size":"auto","background-attachment":"scroll","background-type":"","background-media":"","overlay-type":"","overlay-color":"","overlay-opacity":"","overlay-gradient":""},"tablet":{"background-color":"","background-image":"","background-repeat":"repeat","background-position":"center center","background-size":"auto","background-attachment":"scroll","background-type":"","background-media":"","overlay-type":"","overlay-color":"","overlay-opacity":"","overlay-gradient":""},"mobile":{"background-color":"","background-image":"","background-repeat":"repeat","background-position":"center center","background-size":"auto","background-attachment":"scroll","background-type":"","background-media":"","overlay-type":"","overlay-color":"","overlay-opacity":"","overlay-gradient":""}},"ast-content-background-meta":{"desktop":{"background-color":"var(--ast-global-color-4)","background-image":"","background-repeat":"repeat","background-position":"center center","background-size":"auto","background-attachment":"scroll","background-type":"","background-media":"","overlay-type":"","overlay-color":"","overlay-opacity":"","overlay-gradient":""},"tablet":{"background-color":"var(--ast-global-color-4)","background-image":"","background-repeat":"repeat","background-position":"center center","background-size":"auto","background-attachment":"scroll","background-type":"","background-media":"","overlay-type":"","overlay-color":"","overlay-opacity":"","overlay-gradient":""},"mobile":{"background-color":"var(--ast-global-color-4)","background-image":"","background-repeat":"repeat","background-position":"center center","background-size":"auto","background-attachment":"scroll","background-type":"","background-media":"","overlay-type":"","overlay-color":"","overlay-opacity":"","overlay-gradient":""}}},"product_brand":[],"product_cat":[10522,10503],"product_tag":[10715,10713,10714,10712],"class_list":{"0":"post-124931","1":"product","2":"type-product","3":"status-publish","4":"has-post-thumbnail","6":"product_cat-consumibles-metalograficos","7":"product_cat-sistema-de-magnetizacion-metalografica","8":"product_tag-acero-inoxidable","9":"product_tag-bandeja-adhesiva-metalografica","10":"product_tag-placa-de-soporte","11":"product_tag-sistema-de-magnetizacion-metalografica","12":"desktop-align-left","13":"tablet-align-left","14":"mobile-align-left","15":"ast-product-gallery-layout-horizontal-slider","16":"ast-product-gallery-with-no-image","17":"ast-product-single-variable","18":"ast-product-tabs-layout-horizontal","20":"first","21":"instock","22":"taxable","23":"shipping-taxable","24":"purchasable","25":"product-type-variable"},"_links":{"self":[{"href":"https:\/\/honwaygroup.com\/es\/wp-json\/wp\/v2\/product\/124931","targetHints":{"allow":["GET"]}}],"collection":[{"href":"https:\/\/honwaygroup.com\/es\/wp-json\/wp\/v2\/product"}],"about":[{"href":"https:\/\/honwaygroup.com\/es\/wp-json\/wp\/v2\/types\/product"}],"version-history":[{"count":0,"href":"https:\/\/honwaygroup.com\/es\/wp-json\/wp\/v2\/product\/124931\/revisions"}],"wp:featuredmedia":[{"embeddable":true,"href":"https:\/\/honwaygroup.com\/es\/wp-json\/wp\/v2\/media\/124932"}],"wp:attachment":[{"href":"https:\/\/honwaygroup.com\/es\/wp-json\/wp\/v2\/media?parent=124931"}],"wp:term":[{"taxonomy":"product_brand","embeddable":true,"href":"https:\/\/honwaygroup.com\/es\/wp-json\/wp\/v2\/product_brand?post=124931"},{"taxonomy":"product_cat","embeddable":true,"href":"https:\/\/honwaygroup.com\/es\/wp-json\/wp\/v2\/product_cat?post=124931"},{"taxonomy":"product_tag","embeddable":true,"href":"https:\/\/honwaygroup.com\/es\/wp-json\/wp\/v2\/product_tag?post=124931"}],"curies":[{"name":"wp","href":"https:\/\/api.w.org\/{rel}","templated":true}]}}