{"id":124918,"date":"2024-09-27T15:24:25","date_gmt":"2024-09-27T07:24:25","guid":{"rendered":"https:\/\/honwaygroup.com\/product\/hojas-de-corte-metalograficas-hojas-de-corte-de-diamante-ultrafinas-tamanos-personalizables\/"},"modified":"2024-09-27T15:24:25","modified_gmt":"2024-09-27T07:24:25","slug":"hojas-de-corte-metalograficas-hojas-de-corte-de-diamante-ultrafinas-tamanos-personalizables","status":"publish","type":"product","link":"https:\/\/honwaygroup.com\/es\/producto\/hojas-de-corte-metalograficas-hojas-de-corte-de-diamante-ultrafinas-tamanos-personalizables\/","title":{"rendered":"Hojas de corte metalogr\u00e1ficas: hojas de corte de diamante ultrafinas, tama\u00f1os personalizables"},"content":{"rendered":"<h1>Disco de corte metalogr\u00e1fico &#8211; Disco de corte de diamante ultrafino<\/h1>\n<ul>\n<li>Corte afilado: part\u00edculas de diamante de alta densidad y alta calidad.<\/li>\n<li>Amplia gama de aplicaciones: cubre m\u00e1s de 20 \u00e1reas de aplicaci\u00f3n.<\/li>\n<li>Enfoque del producto: Enfoque en el corte de diversos materiales duros y quebradizos.<\/li>\n<li>Producto ultrafino: cumple con las expectativas de corte de precisi\u00f3n de estilos preciosos.<\/li>\n<\/ul>\n<h1>\u00c1mbito de aplicaci\u00f3n<\/h1>\n<table>\n<tbody>\n<tr>\n<td colspan=\"2\" width=\"548\">\n<p style=\"text-align: center;\">\u00c1reas de aplicaci\u00f3n<\/p>\n<\/td>\n<\/tr>\n<tr>\n<td width=\"113\">\n<p style=\"text-align: center;\">Cer\u00e1mica de vidrio<\/p>\n<\/td>\n<td width=\"435\">Tubos de vidrio, vidrio \u00f3ptico, vidrio de cuarzo, productos de vidrio, vidrio microcristalino, piedras preciosas, cristales, cer\u00e1mica negra, conchas de cer\u00e1mica, tubos de cer\u00e1mica, materiales refractarios, etc.<\/td>\n<\/tr>\n<tr>\n<td width=\"113\">\n<p style=\"text-align: center;\">metales duros y quebradizos<\/p>\n<\/td>\n<td width=\"435\">Acero de alta velocidad, acero para matrices, acero de aleaci\u00f3n, tubo de carburo, acero de carburo de tungsteno, etc.<\/td>\n<\/tr>\n<tr>\n<td width=\"113\">\n<p style=\"text-align: center;\">materiales magn\u00e9ticos<\/p>\n<\/td>\n<td width=\"435\">N\u00facleos magn\u00e9ticos, l\u00e1minas magn\u00e9ticas, tierras raras NdFeB, imanes permanentes, etc.<\/td>\n<\/tr>\n<tr>\n<td width=\"113\">\n<p style=\"text-align: center;\">materiales optoelectr\u00f3nicos<\/p>\n<\/td>\n<td width=\"435\">Carburo de silicio, obleas de silicio, obleas de germanio, IED, LCD, CD, etc.<\/td>\n<\/tr>\n<\/tbody>\n<\/table>\n<h1>Especificaciones del producto<\/h1>\n<p><a href=\"https:\/\/honwaygroup.com\/wp-content\/uploads\/2024\/09\/%E5%85%B6%E4%BB%96-%E5%88%87%E5%89%B2%E7%89%87-%E5%88%87%E5%89%B2%E7%89%87%E5%9C%96%E9%9D%A2.webp\"><img fetchpriority=\"high\" decoding=\"async\" class=\"wp-image-46963 size-full\" src=\"https:\/\/honwaygroup.com\/wp-content\/uploads\/2024\/09\/%E5%85%B6%E4%BB%96-%E5%88%87%E5%89%B2%E7%89%87-%E5%88%87%E5%89%B2%E7%89%87%E5%9C%96%E9%9D%A2.webp\" alt=\"Dibujo de pieza de corte\" width=\"1186\" height=\"241\"><\/a><\/p>\n<table>\n<tbody>\n<tr>\n<td style=\"text-align: center;\" width=\"107\">Serie de productos<\/td>\n<td style=\"text-align: center;\" width=\"74\">aglutinante<\/td>\n<td style=\"text-align: center;\" width=\"75\">Di\u00e1metro exterior D<\/td>\n<td style=\"text-align: center;\" width=\"75\">Di\u00e1metro interior H<\/td>\n<td style=\"text-align: center;\" width=\"74\">Espesor T<\/td>\n<td style=\"text-align: center;\" width=\"74\">Tolerancia de espesor<\/td>\n<td style=\"text-align: center;\" width=\"74\">Ancho abrasivo X<\/td>\n<\/tr>\n<tr>\n<td width=\"107\">HW-6012703<\/td>\n<td style=\"text-align: center;\" rowspan=\"10\" width=\"74\">Metal<\/td>\n<td width=\"75\">60<\/td>\n<td width=\"75\">12.7<\/td>\n<td width=\"74\">0.3<\/td>\n<td width=\"74\">\u00b10.02<\/td>\n<td width=\"74\">5.0<\/td>\n<\/tr>\n<tr>\n<td width=\"107\">HW-10012702<\/td>\n<td width=\"75\">100<\/td>\n<td width=\"75\">12.7<\/td>\n<td width=\"74\">0.2<\/td>\n<td width=\"74\">\u00b10.02<\/td>\n<td width=\"74\">4.0<\/td>\n<\/tr>\n<tr>\n<td width=\"107\">HW-10012705<\/td>\n<td width=\"75\">100<\/td>\n<td width=\"75\">12.7<\/td>\n<td width=\"74\">0.5<\/td>\n<td width=\"74\">\u00b10.02<\/td>\n<td width=\"74\">4.0<\/td>\n<\/tr>\n<tr>\n<td width=\"107\">HW-11012707<\/td>\n<td width=\"75\">110<\/td>\n<td width=\"75\">12.7<\/td>\n<td width=\"74\">0.7<\/td>\n<td width=\"74\">\u00b10.02<\/td>\n<td width=\"74\">5.0<\/td>\n<\/tr>\n<tr>\n<td width=\"107\">HW-12512703<\/td>\n<td width=\"75\">125<\/td>\n<td width=\"75\">12.7<\/td>\n<td width=\"74\">0.3<\/td>\n<td width=\"74\">\u00b10.02<\/td>\n<td width=\"74\">4.5<\/td>\n<\/tr>\n<tr>\n<td width=\"107\">HW-12512705<\/td>\n<td width=\"75\">125<\/td>\n<td width=\"75\">12.7<\/td>\n<td width=\"74\">0.5<\/td>\n<td width=\"74\">\u00b10.02<\/td>\n<td width=\"74\">4.5<\/td>\n<\/tr>\n<tr>\n<td width=\"107\">HW-15012705<\/td>\n<td width=\"75\">150<\/td>\n<td width=\"75\">12.7<\/td>\n<td width=\"74\">0.5<\/td>\n<td width=\"74\">\u00b10.02<\/td>\n<td width=\"74\">7.0<\/td>\n<\/tr>\n<tr>\n<td width=\"107\">HW-17512707<\/td>\n<td width=\"75\">175<\/td>\n<td width=\"75\">12.7<\/td>\n<td width=\"74\">0.7<\/td>\n<td width=\"74\">\u00b10.02<\/td>\n<td width=\"74\">6.0<\/td>\n<\/tr>\n<tr>\n<td width=\"107\">HW-20032009<\/td>\n<td width=\"75\">200<\/td>\n<td width=\"75\">32.0<\/td>\n<td width=\"74\">0.9<\/td>\n<td width=\"74\">\u00b10.02<\/td>\n<td width=\"74\">10.0<\/td>\n<\/tr>\n<tr>\n<td width=\"107\">HW-25032015<\/td>\n<td width=\"75\">250<\/td>\n<td width=\"75\">32.0<\/td>\n<td width=\"74\">1.5<\/td>\n<td width=\"74\">\u00b10.05<\/td>\n<td width=\"74\">10.0<\/td>\n<\/tr>\n<\/tbody>\n<\/table>\n<p>\u203bComun\u00edquese con el servicio de atenci\u00f3n al cliente si necesita aglutinante de resina.<\/p>\n<p>\u203bSe pueden personalizar tama\u00f1os especiales, comun\u00edquese con el servicio de atenci\u00f3n al cliente.<\/p>\n<p>\u203bDado que el aglomerante met\u00e1lico tiene una vida \u00fatil tres veces mayor que el aglomerante de resina, Hongwei se dedica principalmente a discos de corte de diamante con aglomerante met\u00e1lico. Si necesita discos de corte de diamante con aglomerante de resina, p\u00f3ngase en contacto con el servicio de atenci\u00f3n al cliente.<\/p>\n<p>\u203bDebido a los diferentes materiales de corte, las hojas de corte de diamante, adem\u00e1s de los productos regulares, generalmente deben personalizarse (5 piezas o m\u00e1s) para garantizar que el rendimiento del producto cumpla mejor con sus expectativas.<\/p>\n<h2><\/h2>\n<p>&nbsp;<\/p>\n","protected":false},"excerpt":{"rendered":"<p>\u2022Corte afilado: Part\u00edculas de diamante de alta densidad y alta calidad.<\/p>\n<p>\u2022Amplia gama de aplicaciones: cubre m\u00e1s de 20 \u00e1reas de aplicaci\u00f3n.<\/p>\n<p>\u2022Enfoque del producto: Enfoque en el corte de diversos materiales duros y quebradizos.<\/p>\n<p>\u2022 Producto ultrafino: cumple con las expectativas de corte de precisi\u00f3n de estilos preciosos.<\/p>\n<p>\u203bDebido a los diferentes materiales de corte, las hojas de corte de diamante, adem\u00e1s de los productos regulares, generalmente deben personalizarse (5 piezas o m\u00e1s) para garantizar que el rendimiento del producto cumpla mejor con sus expectativas.<\/p>\n<h5><strong><span style=\"color: #ff0000; font-size: 19.2px;\">\u25b2<\/span><\/strong><strong><span style=\"color: #ff0000; font-size: 19.2px;\">Si necesita un tama\u00f1o personalizado, comun\u00edquese con el servicio de atenci\u00f3n al cliente.<\/span><\/strong><\/h5>\n<h5><strong><span style=\"color: #ff0000; font-size: 19.2px;\">\u25b2 Los pedidos grandes pueden disfrutar de descuentos, comun\u00edquese con el servicio de atenci\u00f3n al cliente para realizar consultas.<br \/>\n<\/span><\/strong><\/h5>\n<h5><strong><span style=\"color: #ff0000;\">\u25b2Comun\u00edquese con el servicio de atenci\u00f3n al cliente para conocer la fecha de entrega real del pedido:<\/span><a href=\"https:\/\/honwaygroup.com\/es\/contactar-con-honway\/\">Comun\u00edquese con Honway<\/a><\/strong><\/h5>\n","protected":false},"featured_media":124920,"template":"","meta":{"site-sidebar-layout":"default","site-content-layout":"default","ast-site-content-layout":"default","site-content-style":"default","site-sidebar-style":"default","ast-global-header-display":"","ast-banner-title-visibility":"","ast-main-header-display":"","ast-hfb-above-header-display":"","ast-hfb-below-header-display":"","ast-hfb-mobile-header-display":"","site-post-title":"","ast-breadcrumbs-content":"","ast-featured-img":"","footer-sml-layout":"","ast-disable-related-posts":"","theme-transparent-header-meta":"default","adv-header-id-meta":"","stick-header-meta":"","header-above-stick-meta":"","header-main-stick-meta":"","header-below-stick-meta":"","astra-migrate-meta-layouts":"default","ast-page-background-enabled":"default","ast-page-background-meta":{"desktop":{"background-color":"var(--ast-global-color-5)","background-image":"","background-repeat":"repeat","background-position":"center center","background-size":"auto","background-attachment":"scroll","background-type":"","background-media":"","overlay-type":"","overlay-color":"","overlay-opacity":"","overlay-gradient":""},"tablet":{"background-color":"","background-image":"","background-repeat":"repeat","background-position":"center center","background-size":"auto","background-attachment":"scroll","background-type":"","background-media":"","overlay-type":"","overlay-color":"","overlay-opacity":"","overlay-gradient":""},"mobile":{"background-color":"","background-image":"","background-repeat":"repeat","background-position":"center center","background-size":"auto","background-attachment":"scroll","background-type":"","background-media":"","overlay-type":"","overlay-color":"","overlay-opacity":"","overlay-gradient":""}},"ast-content-background-meta":{"desktop":{"background-color":"var(--ast-global-color-4)","background-image":"","background-repeat":"repeat","background-position":"center center","background-size":"auto","background-attachment":"scroll","background-type":"","background-media":"","overlay-type":"","overlay-color":"","overlay-opacity":"","overlay-gradient":""},"tablet":{"background-color":"var(--ast-global-color-4)","background-image":"","background-repeat":"repeat","background-position":"center center","background-size":"auto","background-attachment":"scroll","background-type":"","background-media":"","overlay-type":"","overlay-color":"","overlay-opacity":"","overlay-gradient":""},"mobile":{"background-color":"var(--ast-global-color-4)","background-image":"","background-repeat":"repeat","background-position":"center center","background-size":"auto","background-attachment":"scroll","background-type":"","background-media":"","overlay-type":"","overlay-color":"","overlay-opacity":"","overlay-gradient":""}}},"product_brand":[],"product_cat":[10522,10499],"product_tag":[10710,10711],"class_list":{"0":"post-124918","1":"product","2":"type-product","3":"status-publish","4":"has-post-thumbnail","6":"product_cat-consumibles-metalograficos","7":"product_cat-discos-de-corte-metalograficos","8":"product_tag-discos-de-corte-metalograficos","9":"product_tag-hojas-de-corte-de-diamante-ultrafinas","10":"desktop-align-left","11":"tablet-align-left","12":"mobile-align-left","13":"ast-product-gallery-layout-horizontal-slider","14":"ast-product-gallery-with-no-image","15":"ast-product-single-variable","16":"ast-product-tabs-layout-horizontal","18":"first","19":"instock","20":"taxable","21":"shipping-taxable","22":"purchasable","23":"product-type-variable"},"_links":{"self":[{"href":"https:\/\/honwaygroup.com\/es\/wp-json\/wp\/v2\/product\/124918","targetHints":{"allow":["GET"]}}],"collection":[{"href":"https:\/\/honwaygroup.com\/es\/wp-json\/wp\/v2\/product"}],"about":[{"href":"https:\/\/honwaygroup.com\/es\/wp-json\/wp\/v2\/types\/product"}],"version-history":[{"count":0,"href":"https:\/\/honwaygroup.com\/es\/wp-json\/wp\/v2\/product\/124918\/revisions"}],"wp:featuredmedia":[{"embeddable":true,"href":"https:\/\/honwaygroup.com\/es\/wp-json\/wp\/v2\/media\/124920"}],"wp:attachment":[{"href":"https:\/\/honwaygroup.com\/es\/wp-json\/wp\/v2\/media?parent=124918"}],"wp:term":[{"taxonomy":"product_brand","embeddable":true,"href":"https:\/\/honwaygroup.com\/es\/wp-json\/wp\/v2\/product_brand?post=124918"},{"taxonomy":"product_cat","embeddable":true,"href":"https:\/\/honwaygroup.com\/es\/wp-json\/wp\/v2\/product_cat?post=124918"},{"taxonomy":"product_tag","embeddable":true,"href":"https:\/\/honwaygroup.com\/es\/wp-json\/wp\/v2\/product_tag?post=124918"}],"curies":[{"name":"wp","href":"https:\/\/api.w.org\/{rel}","templated":true}]}}