{"id":124911,"date":"2024-10-17T16:18:47","date_gmt":"2024-10-17T08:18:47","guid":{"rendered":"https:\/\/honwaygroup.com\/product\/herramienta-pcd-cilindrica-hcd-pm-tamano-personalizable\/"},"modified":"2024-10-17T16:18:47","modified_gmt":"2024-10-17T08:18:47","slug":"herramienta-pcd-cilindrica-hcd-pm-tamano-personalizable","status":"publish","type":"product","link":"https:\/\/honwaygroup.com\/es\/producto\/herramienta-pcd-cilindrica-hcd-pm-tamano-personalizable\/","title":{"rendered":"Herramienta PCD cil\u00edndrica HCD.PM, tama\u00f1o personalizable"},"content":{"rendered":"<h1>Caracter\u00edsticas del producto de herramientas de corte cil\u00edndricas PCD HCD.PM<\/h1>\n<p>El tama\u00f1o de part\u00edcula de diamante y el contenido de cobalto se pueden ajustar para adaptarse a diferentes resistencias al desgaste, al impacto y a la conductividad t\u00e9rmica. Las herramientas de corte cil\u00edndricas de PCD son especialmente adecuadas para aplicaciones de microcorte, cumpliendo con requisitos espec\u00edficos.<\/p>\n<ul>\n<li>Dureza ultraalta y resistencia al desgaste.<\/li>\n<li>Puede realizar el dise\u00f1o de cuchillas con formas complejas y es adecuado para procesar materiales como aleaciones de aluminio y cer\u00e1mica.<\/li>\n<li>Los espacios en blanco para herramientas de diamante cil\u00edndricas no imponen ninguna restricci\u00f3n en el dise\u00f1o de la geometr\u00eda de la punta de la broca.<\/li>\n<li>El \u00e1ngulo de inclinaci\u00f3n de la broca se puede dise\u00f1ar y procesar de acuerdo con diferentes requisitos de procesamiento.<\/li>\n<li>La vida \u00fatil de una broca PCD es 10 veces mayor que la de una herramienta de aleaci\u00f3n.<\/li>\n<\/ul>\n<h2>\u00c1reas de aplicaci\u00f3n:<\/h2>\n<ul>\n<li>Adecuado para diversas operaciones de fresado de precisi\u00f3n, perforaci\u00f3n y procesos CoWos en las industrias electr\u00f3nica, aeron\u00e1utica, de equipos m\u00e9dicos, de semiconductores y otras.<\/li>\n<li>Adecuado para cortar diversos sustratos semiconductores, sustratos de carburo de silicio, sustratos de vidrio, sustratos de cer\u00e1mica, sustratos de al\u00famina, etc.<\/li>\n<\/ul>\n<h2>Especificaciones del producto<\/h2>\n<p><a href=\"https:\/\/honwaygroup.com\/wp-content\/uploads\/2024\/10\/HCD.webp\"><img fetchpriority=\"high\" decoding=\"async\" class=\"wp-image-59692 size-full\" src=\"https:\/\/honwaygroup.com\/wp-content\/uploads\/2024\/10\/HCD.webp\" alt=\"HCD.PM\" width=\"625\" height=\"321\" srcset=\"https:\/\/honwaygroup.com\/wp-content\/uploads\/2024\/10\/HCD.webp 625w, https:\/\/honwaygroup.com\/wp-content\/uploads\/2024\/10\/HCD-300x154.webp 300w\" sizes=\"(max-width: 625px) 100vw, 625px\" \/><\/a><\/p>\n<table width=\"633\">\n<tbody>\n<tr>\n<td width=\"62\">modelo<\/td>\n<td width=\"75\">Tipo de producto<\/td>\n<td width=\"61\">solicitud<\/td>\n<td width=\"76\">Granularidad<\/td>\n<td width=\"132\"><strong>1. Di\u00e1metro<\/strong><\/td>\n<td width=\"66\">\u00e1ngulo de h\u00e9lice<\/td>\n<td width=\"85\"><strong>2. Longitud de la hoja<\/strong><\/td>\n<td width=\"76\"><strong>3. Longitud de la matriz<\/strong><\/td>\n<\/tr>\n<tr>\n<td width=\"62\">HCD.PM<\/td>\n<td width=\"75\">Cil\u00edndrico<\/td>\n<td width=\"61\">Fresado<br \/>\nPerforaci\u00f3n<\/td>\n<td width=\"76\">Fino<br \/>\nMediano<br \/>\nGrueso<\/td>\n<td width=\"132\">Tama\u00f1o de la pieza en bruto: \u22051,5~\u220525<br \/>\nTama\u00f1o del producto terminado: \u22053~\u220525<\/td>\n<td width=\"66\">N\/A<\/td>\n<td width=\"85\">0.5~6<\/td>\n<td width=\"76\">1~16<\/td>\n<\/tr>\n<\/tbody>\n<\/table>\n<p>&nbsp;<\/p>\n<p>\u203bDimensiones en mm<\/p>\n<h2>Caracter\u00edsticas del material<\/h2>\n<p><a href=\"https:\/\/honwaygroup.com\/wp-content\/uploads\/2024\/10\/PCD%E5%88%80%E5%85%B7%E5%B1%95%E6%9E%B6%E8%A8%AD%E8%A8%88-%E5%A4%96%E6%A1%86%E8%BC%B8%E5%87%BA-02.webp\"><img decoding=\"async\" class=\"alignnone wp-image-59722\" title=\"Herramientas PCD\" src=\"https:\/\/honwaygroup.com\/wp-content\/uploads\/2024\/10\/PCD%E5%88%80%E5%85%B7%E5%B1%95%E6%9E%B6%E8%A8%AD%E8%A8%88-%E5%A4%96%E6%A1%86%E8%BC%B8%E5%87%BA-02-233x300.webp\" alt=\"Caracter\u00edsticas de la herramienta PCD\" width=\"543\" height=\"700\"><\/a><\/p>\n<h2>Precauciones<\/h2>\n<p><strong>1. \u00c1ngulo de inclinaci\u00f3n: <\/strong>Las herramientas PCD de una sola punta no deben alinearse verticalmente con el centro de la muela abrasiva y, por lo general, deben inclinarse entre 10 y 15\u00b0.<\/p>\n<p><strong>2. Coloque con cuidado: <\/strong>al colocar la herramienta PCD en el soporte, aseg\u00farese de evitar la colisi\u00f3n entre la herramienta y la superficie de la muela abrasiva para evitar da\u00f1ar la herramienta o la muela abrasiva.<\/p>\n<p><strong>3. Evite da\u00f1os por sobrecalentamiento: <\/strong>No enfr\u00ede la herramienta de reacondicionamiento en caliente. Al reacondicionamiento en seco, espere el tiempo suficiente para que la herramienta PCD se enfr\u00ede completamente y as\u00ed evitar da\u00f1os por sobrecalentamiento.<\/p>\n<p><strong>4. Elija la herramienta adecuada: <\/strong>Al solicitar herramientas PCD, tenga en cuenta el uso previsto. Especialmente al mecanizar metales ferrosos, la reacci\u00f3n qu\u00edmica entre el diamante y el carbono del acero puede acelerar el desgaste de la herramienta.<\/p>\n<p><strong>5. Mantenimiento y limpieza: <\/strong>Al reemplazar la herramienta, retire primero todos los fragmentos rotos para evitar da\u00f1os secundarios. Aseg\u00farese de que el equipo de procesamiento est\u00e9 estable, ya que un equipo inestable es propenso a vibraciones y a la rotura de la herramienta.<\/p>\n<p><strong>6. Almacenamiento:<\/strong> Al almacenar los cortadores PDC, col\u00f3quelos por separado y no coloque las puntas de los cortadores una frente a la otra para evitar da\u00f1arlos.<\/p>\n","protected":false},"excerpt":{"rendered":"<p><span style=\"font-size: 16px\">El tama\u00f1o de part\u00edcula de diamante y el contenido de cobalto se pueden ajustar para adaptarse a diferentes resistencias al desgaste, al impacto y a la conductividad t\u00e9rmica. Las herramientas de corte cil\u00edndricas de PCD son especialmente adecuadas para aplicaciones de microcorte, cumpliendo con requisitos espec\u00edficos.<\/span><\/p>\n<ul>\n<li>Dureza ultraalta y resistencia al desgaste.<\/li>\n<li>Puede realizar el dise\u00f1o de cuchillas con formas complejas y es adecuado para procesar materiales como aleaciones de aluminio y cer\u00e1mica.<\/li>\n<li>Los espacios en blanco para herramientas de diamante cil\u00edndricas no imponen ninguna restricci\u00f3n en el dise\u00f1o de la geometr\u00eda de la punta de la broca.<\/li>\n<\/ul>\n<h5><strong><span style=\"color: #ff0000;font-size: 19.2px\">\u25b2Este producto es un producto personalizado.<\/span><\/strong><strong><span style=\"color: #ff0000;font-size: 19.2px\">Bienvenido al servicio de atenci\u00f3n al cliente por mensaje privado para consultas:<\/span><\/strong><strong><span style=\"color: #ff0000;font-size: 19.2px\"><a href=\"https:\/\/honwaygroup.com\/es\/contactar-con-honway\/\" target=\"_blank\" rel=\"noopener\">Comun\u00edquese con Honway<\/a><\/span><\/strong><\/h5>\n<h5><strong><span style=\"color: #ff0000;font-size: 19.2px\">\u25b2<\/span><\/strong><strong><span style=\"color: #ff0000;font-size: 19.2px\">Si necesita tama\u00f1os personalizados, p\u00f3ngase en contacto con el servicio de atenci\u00f3n al cliente. La fecha de entrega se basa en la hora que nos indique el servicio de atenci\u00f3n al cliente.<\/span><\/strong><\/h5>\n<h5><strong><span style=\"color: #ff0000;font-size: 19.2px\">\u25b2 Los pedidos grandes pueden disfrutar de descuentos, comun\u00edquese con el servicio de atenci\u00f3n al cliente para realizar consultas.<\/span><\/strong><\/h5>\n<h5><strong><span style=\"color: #ff0000;font-size: 19.2px\">\u25b2<\/span><span style=\"color: #ff0000\">El tiempo de entrega real de los pedidos internacionales depende del estado de entrega de la empresa de mensajer\u00eda.<\/span><\/strong><\/h5>\n","protected":false},"featured_media":124915,"template":"","meta":{"site-sidebar-layout":"default","site-content-layout":"default","ast-site-content-layout":"default","site-content-style":"default","site-sidebar-style":"default","ast-global-header-display":"","ast-banner-title-visibility":"","ast-main-header-display":"","ast-hfb-above-header-display":"","ast-hfb-below-header-display":"","ast-hfb-mobile-header-display":"","site-post-title":"","ast-breadcrumbs-content":"","ast-featured-img":"","footer-sml-layout":"","ast-disable-related-posts":"","theme-transparent-header-meta":"default","adv-header-id-meta":"","stick-header-meta":"","header-above-stick-meta":"","header-main-stick-meta":"","header-below-stick-meta":"","astra-migrate-meta-layouts":"default","ast-page-background-enabled":"default","ast-page-background-meta":{"desktop":{"background-color":"var(--ast-global-color-5)","background-image":"","background-repeat":"repeat","background-position":"center center","background-size":"auto","background-attachment":"scroll","background-type":"","background-media":"","overlay-type":"","overlay-color":"","overlay-opacity":"","overlay-gradient":""},"tablet":{"background-color":"","background-image":"","background-repeat":"repeat","background-position":"center center","background-size":"auto","background-attachment":"scroll","background-type":"","background-media":"","overlay-type":"","overlay-color":"","overlay-opacity":"","overlay-gradient":""},"mobile":{"background-color":"","background-image":"","background-repeat":"repeat","background-position":"center center","background-size":"auto","background-attachment":"scroll","background-type":"","background-media":"","overlay-type":"","overlay-color":"","overlay-opacity":"","overlay-gradient":""}},"ast-content-background-meta":{"desktop":{"background-color":"var(--ast-global-color-4)","background-image":"","background-repeat":"repeat","background-position":"center center","background-size":"auto","background-attachment":"scroll","background-type":"","background-media":"","overlay-type":"","overlay-color":"","overlay-opacity":"","overlay-gradient":""},"tablet":{"background-color":"var(--ast-global-color-4)","background-image":"","background-repeat":"repeat","background-position":"center center","background-size":"auto","background-attachment":"scroll","background-type":"","background-media":"","overlay-type":"","overlay-color":"","overlay-opacity":"","overlay-gradient":""},"mobile":{"background-color":"var(--ast-global-color-4)","background-image":"","background-repeat":"repeat","background-position":"center center","background-size":"auto","background-attachment":"scroll","background-type":"","background-media":"","overlay-type":"","overlay-color":"","overlay-opacity":"","overlay-gradient":""}}},"product_brand":[],"product_cat":[10505],"product_tag":[10709,10703],"class_list":{"0":"post-124911","1":"product","2":"type-product","3":"status-publish","4":"has-post-thumbnail","6":"product_cat-herramientas-pcd","7":"product_tag-hcd-pm-cilindrico","8":"product_tag-herramientas-pcd","9":"desktop-align-left","10":"tablet-align-left","11":"mobile-align-left","12":"ast-product-gallery-layout-horizontal-slider","13":"ast-product-tabs-layout-horizontal","15":"first","16":"instock","17":"taxable","18":"shipping-taxable","19":"product-type-simple"},"_links":{"self":[{"href":"https:\/\/honwaygroup.com\/es\/wp-json\/wp\/v2\/product\/124911","targetHints":{"allow":["GET"]}}],"collection":[{"href":"https:\/\/honwaygroup.com\/es\/wp-json\/wp\/v2\/product"}],"about":[{"href":"https:\/\/honwaygroup.com\/es\/wp-json\/wp\/v2\/types\/product"}],"version-history":[{"count":0,"href":"https:\/\/honwaygroup.com\/es\/wp-json\/wp\/v2\/product\/124911\/revisions"}],"wp:featuredmedia":[{"embeddable":true,"href":"https:\/\/honwaygroup.com\/es\/wp-json\/wp\/v2\/media\/124915"}],"wp:attachment":[{"href":"https:\/\/honwaygroup.com\/es\/wp-json\/wp\/v2\/media?parent=124911"}],"wp:term":[{"taxonomy":"product_brand","embeddable":true,"href":"https:\/\/honwaygroup.com\/es\/wp-json\/wp\/v2\/product_brand?post=124911"},{"taxonomy":"product_cat","embeddable":true,"href":"https:\/\/honwaygroup.com\/es\/wp-json\/wp\/v2\/product_cat?post=124911"},{"taxonomy":"product_tag","embeddable":true,"href":"https:\/\/honwaygroup.com\/es\/wp-json\/wp\/v2\/product_tag?post=124911"}],"curies":[{"name":"wp","href":"https:\/\/api.w.org\/{rel}","templated":true}]}}