{"id":124903,"date":"2024-10-18T14:52:39","date_gmt":"2024-10-18T06:52:39","guid":{"rendered":"https:\/\/honwaygroup.com\/product\/cortadores-tubulares-pcd-hcd-gz-tamanos-personalizables\/"},"modified":"2024-10-18T14:52:39","modified_gmt":"2024-10-18T06:52:39","slug":"cortadores-tubulares-pcd-hcd-gz-tamanos-personalizables","status":"publish","type":"product","link":"https:\/\/honwaygroup.com\/es\/producto\/cortadores-tubulares-pcd-hcd-gz-tamanos-personalizables\/","title":{"rendered":"Cortadores tubulares PCD HCD.GZ, tama\u00f1os personalizables"},"content":{"rendered":"<h1>Caracter\u00edsticas del producto de herramientas de corte tubular PCD HCD.GZ<\/h1>\n<p>Su exclusivo dise\u00f1o tubular proporciona alta resistencia, ideal para cuchillas largas y no se rompe f\u00e1cilmente. Especialmente indicado para cortes microm\u00e9tricos o en espiral.<\/p>\n<ul>\n<li>Cuchillo de diamante tubular en blanco, las caracter\u00edsticas estructurales tubulares son m\u00e1s propicias para diferentes dise\u00f1os estructurales de la hoja.<\/li>\n<li>Los espacios en blanco de hojas tubulares se utilizan para herramientas de microcorte.<\/li>\n<li>La resistencia al desgaste de la herramienta es N veces la de la aleaci\u00f3n.<\/li>\n<li>La velocidad de procesamiento se puede aumentar m\u00e1s de 10 veces.<\/li>\n<\/ul>\n<h2>\u00c1reas de aplicaci\u00f3n:<\/h2>\n<ul>\n<li>Adecuado para diversas operaciones de fresado de alta velocidad de precisi\u00f3n y procesos CoWos, mecanizado de precisi\u00f3n, industria de procesamiento de zafiro, semiconductores, electr\u00f3nica, aviaci\u00f3n y industrias m\u00e9dicas, etc.<\/li>\n<li>Adecuado para cortar diversos sustratos semiconductores, sustratos de carburo de silicio, sustratos de vidrio, sustratos de cer\u00e1mica, sustratos de al\u00famina, etc.<\/li>\n<\/ul>\n<h2>Especificaciones del producto<\/h2>\n<p><a href=\"https:\/\/honwaygroup.com\/wp-content\/uploads\/2024\/10\/HCD_%E5%B7%A5%E4%BD%9C%E5%8D%80%E5%9F%9F-1-%E8%A4%87%E6%9C%AC-2.webp\"><img fetchpriority=\"high\" decoding=\"async\" class=\"alignnone wp-image-59758 size-full\" title=\"Herramientas PCD tubulares\" src=\"https:\/\/honwaygroup.com\/wp-content\/uploads\/2024\/10\/HCD_%E5%B7%A5%E4%BD%9C%E5%8D%80%E5%9F%9F-1-%E8%A4%87%E6%9C%AC-2.webp\" alt=\"Herramienta PCD tubular HCD.GZ\" width=\"1250\" height=\"642\"><\/a><\/p>\n<table width=\"633\">\n<tbody>\n<tr>\n<td width=\"62\">modelo<\/td>\n<td width=\"75\">Tipo de producto<\/td>\n<td width=\"80\">solicitud<\/td>\n<td width=\"94\">Granularidad<\/td>\n<td width=\"95\"><strong>1. Di\u00e1metro<\/strong><\/td>\n<td width=\"66\">\u00e1ngulo de h\u00e9lice<\/td>\n<td width=\"85\"><strong>2. Longitud de la hoja<\/strong><\/td>\n<td width=\"76\"><strong>3. Longitud de la matriz<\/strong><\/td>\n<\/tr>\n<tr>\n<td width=\"62\">HCD.GZ<\/td>\n<td width=\"75\">tubular<\/td>\n<td width=\"80\">Fresado de alta velocidad<\/td>\n<td width=\"94\">Fino<br \/>\nMediano<br \/>\nGrueso<\/td>\n<td width=\"95\">\u22056~\u220516<\/td>\n<td width=\"66\">30\u00b0<\/td>\n<td width=\"85\">6~12<\/td>\n<td width=\"76\">N\/A<\/td>\n<\/tr>\n<\/tbody>\n<\/table>\n<p>&nbsp;<\/p>\n<p><span style=\"font-size: 16px\">\u203bDimensiones en mm<\/span><\/p>\n<h2>Caracter\u00edsticas del material<\/h2>\n<figure id=\"attachment_59722\" aria-describedby=\"caption-attachment-59722\" style=\"width: 543px\" class=\"wp-caption alignnone\"><a href=\"https:\/\/honwaygroup.com\/wp-content\/uploads\/2024\/10\/PCD%E5%88%80%E5%85%B7%E5%B1%95%E6%9E%B6%E8%A8%AD%E8%A8%88-%E5%A4%96%E6%A1%86%E8%BC%B8%E5%87%BA-02.webp\"><img decoding=\"async\" class=\"wp-image-59722\" title=\"Herramientas PCD\" src=\"https:\/\/honwaygroup.com\/wp-content\/uploads\/2024\/10\/PCD%E5%88%80%E5%85%B7%E5%B1%95%E6%9E%B6%E8%A8%AD%E8%A8%88-%E5%A4%96%E6%A1%86%E8%BC%B8%E5%87%BA-02.webp\" alt=\"Caracter\u00edsticas de la herramienta PCD\" width=\"543\" height=\"700\"><\/a><figcaption id=\"caption-attachment-59722\" class=\"wp-caption-text\">Herramientas PCD<\/figcaption><\/figure>\n<h2>Precauciones<\/h2>\n<p><strong>1. \u00c1ngulo de inclinaci\u00f3n: <\/strong>Las herramientas PCD de una sola punta no deben alinearse verticalmente con el centro de la muela abrasiva y, por lo general, deben inclinarse entre 10 y 15\u00b0.<\/p>\n<p><strong>2. Coloque con cuidado: <\/strong>al colocar la herramienta PCD en el soporte, aseg\u00farese de evitar la colisi\u00f3n entre la herramienta y la superficie de la muela abrasiva para evitar da\u00f1ar la herramienta o la muela abrasiva.<\/p>\n<p><strong>3. Evite da\u00f1os por sobrecalentamiento: <\/strong>No enfr\u00ede la herramienta de reacondicionamiento en caliente. Al reacondicionamiento en seco, espere el tiempo suficiente para que la herramienta PCD se enfr\u00ede completamente y as\u00ed evitar da\u00f1os por sobrecalentamiento.<\/p>\n<p><strong>4. Elija la herramienta adecuada: <\/strong>Al solicitar herramientas PCD, tenga en cuenta el uso previsto. Especialmente al mecanizar metales ferrosos, la reacci\u00f3n qu\u00edmica entre el diamante y el carbono del acero puede acelerar el desgaste de la herramienta.<\/p>\n<p><strong>5. Mantenimiento y limpieza: <\/strong>Al reemplazar la herramienta, retire primero todos los fragmentos rotos para evitar da\u00f1os secundarios. Aseg\u00farese de que el equipo de procesamiento est\u00e9 estable, ya que un equipo inestable es propenso a vibraciones y a la rotura de la herramienta.<\/p>\n<p><strong>6. Almacenamiento:<\/strong> Al almacenar los cortadores PDC, col\u00f3quelos por separado y no coloque las puntas de los cortadores una frente a la otra para evitar da\u00f1arlos.<\/p>\n","protected":false},"excerpt":{"rendered":"<p>El exclusivo dise\u00f1o tubular de la herramienta PCD proporciona alta tenacidad, es ideal para cuchillas largas y no se rompe f\u00e1cilmente. Es especialmente adecuada para microcortes o cortes en espiral.<\/p>\n<ul>\n<li>Cuchillo de diamante tubular en blanco, las caracter\u00edsticas estructurales tubulares son m\u00e1s propicias para diferentes dise\u00f1os estructurales de la hoja.<\/li>\n<li>Los espacios en blanco de hojas tubulares se utilizan para herramientas de microcorte.<\/li>\n<\/ul>\n<h5><strong><span style=\"color: #ff0000;font-size: 19.2px\">\u25b2Este producto es un producto personalizado.<\/span><\/strong><strong><span style=\"color: #ff0000;font-size: 19.2px\">Bienvenido al servicio de atenci\u00f3n al cliente por mensaje privado para consultas:<\/span><\/strong><strong><span style=\"color: #ff0000;font-size: 19.2px\"><a href=\"https:\/\/honwaygroup.com\/es\/contactar-con-honway\/\" target=\"_blank\" rel=\"noopener\">Comun\u00edquese con Honway<\/a><\/span><\/strong><\/h5>\n<h5><strong><span style=\"color: #ff0000;font-size: 19.2px\">\u25b2<\/span><\/strong><strong><span style=\"color: #ff0000;font-size: 19.2px\">Si necesita tama\u00f1os personalizados, p\u00f3ngase en contacto con el servicio de atenci\u00f3n al cliente. La fecha de entrega se basa en la hora que nos indique el servicio de atenci\u00f3n al cliente.<\/span><\/strong><\/h5>\n<h5><strong><span style=\"color: #ff0000;font-size: 19.2px\">\u25b2 Los pedidos grandes pueden disfrutar de descuentos, comun\u00edquese con el servicio de atenci\u00f3n al cliente para realizar consultas.<\/span><\/strong><\/h5>\n<h5><strong><span style=\"color: #ff0000;font-size: 19.2px\">\u25b2<\/span><span style=\"color: #ff0000\">El tiempo de entrega real de los pedidos internacionales depende del estado de entrega de la empresa de mensajer\u00eda.<\/span><\/strong><\/h5>\n<h5><strong><span style=\"color: #ff0000;font-size: 19.2px\"> <\/span><\/strong><\/h5>\n<p>&nbsp;<\/p>\n<p>&nbsp;<\/p>\n","protected":false},"featured_media":124906,"template":"","meta":{"site-sidebar-layout":"default","site-content-layout":"default","ast-site-content-layout":"default","site-content-style":"default","site-sidebar-style":"default","ast-global-header-display":"","ast-banner-title-visibility":"","ast-main-header-display":"","ast-hfb-above-header-display":"","ast-hfb-below-header-display":"","ast-hfb-mobile-header-display":"","site-post-title":"","ast-breadcrumbs-content":"","ast-featured-img":"","footer-sml-layout":"","ast-disable-related-posts":"","theme-transparent-header-meta":"default","adv-header-id-meta":"","stick-header-meta":"","header-above-stick-meta":"","header-main-stick-meta":"","header-below-stick-meta":"","astra-migrate-meta-layouts":"default","ast-page-background-enabled":"default","ast-page-background-meta":{"desktop":{"background-color":"var(--ast-global-color-5)","background-image":"","background-repeat":"repeat","background-position":"center center","background-size":"auto","background-attachment":"scroll","background-type":"","background-media":"","overlay-type":"","overlay-color":"","overlay-opacity":"","overlay-gradient":""},"tablet":{"background-color":"","background-image":"","background-repeat":"repeat","background-position":"center center","background-size":"auto","background-attachment":"scroll","background-type":"","background-media":"","overlay-type":"","overlay-color":"","overlay-opacity":"","overlay-gradient":""},"mobile":{"background-color":"","background-image":"","background-repeat":"repeat","background-position":"center center","background-size":"auto","background-attachment":"scroll","background-type":"","background-media":"","overlay-type":"","overlay-color":"","overlay-opacity":"","overlay-gradient":""}},"ast-content-background-meta":{"desktop":{"background-color":"var(--ast-global-color-4)","background-image":"","background-repeat":"repeat","background-position":"center center","background-size":"auto","background-attachment":"scroll","background-type":"","background-media":"","overlay-type":"","overlay-color":"","overlay-opacity":"","overlay-gradient":""},"tablet":{"background-color":"var(--ast-global-color-4)","background-image":"","background-repeat":"repeat","background-position":"center center","background-size":"auto","background-attachment":"scroll","background-type":"","background-media":"","overlay-type":"","overlay-color":"","overlay-opacity":"","overlay-gradient":""},"mobile":{"background-color":"var(--ast-global-color-4)","background-image":"","background-repeat":"repeat","background-position":"center center","background-size":"auto","background-attachment":"scroll","background-type":"","background-media":"","overlay-type":"","overlay-color":"","overlay-opacity":"","overlay-gradient":""}}},"product_brand":[],"product_cat":[10505],"product_tag":[10707,10703],"class_list":{"0":"post-124903","1":"product","2":"type-product","3":"status-publish","4":"has-post-thumbnail","6":"product_cat-herramientas-pcd","7":"product_tag-hcd-gz-tubular-es","8":"product_tag-herramientas-pcd","9":"desktop-align-left","10":"tablet-align-left","11":"mobile-align-left","12":"ast-product-gallery-layout-horizontal-slider","13":"ast-product-tabs-layout-horizontal","15":"first","16":"instock","17":"taxable","18":"shipping-taxable","19":"product-type-simple"},"_links":{"self":[{"href":"https:\/\/honwaygroup.com\/es\/wp-json\/wp\/v2\/product\/124903","targetHints":{"allow":["GET"]}}],"collection":[{"href":"https:\/\/honwaygroup.com\/es\/wp-json\/wp\/v2\/product"}],"about":[{"href":"https:\/\/honwaygroup.com\/es\/wp-json\/wp\/v2\/types\/product"}],"version-history":[{"count":0,"href":"https:\/\/honwaygroup.com\/es\/wp-json\/wp\/v2\/product\/124903\/revisions"}],"wp:featuredmedia":[{"embeddable":true,"href":"https:\/\/honwaygroup.com\/es\/wp-json\/wp\/v2\/media\/124906"}],"wp:attachment":[{"href":"https:\/\/honwaygroup.com\/es\/wp-json\/wp\/v2\/media?parent=124903"}],"wp:term":[{"taxonomy":"product_brand","embeddable":true,"href":"https:\/\/honwaygroup.com\/es\/wp-json\/wp\/v2\/product_brand?post=124903"},{"taxonomy":"product_cat","embeddable":true,"href":"https:\/\/honwaygroup.com\/es\/wp-json\/wp\/v2\/product_cat?post=124903"},{"taxonomy":"product_tag","embeddable":true,"href":"https:\/\/honwaygroup.com\/es\/wp-json\/wp\/v2\/product_tag?post=124903"}],"curies":[{"name":"wp","href":"https:\/\/api.w.org\/{rel}","templated":true}]}}