{"id":124899,"date":"2024-10-18T15:14:57","date_gmt":"2024-10-18T07:14:57","guid":{"rendered":"https:\/\/honwaygroup.com\/product\/herramienta-pcd-conica-hcd-yzz-tamano-personalizable\/"},"modified":"2024-10-18T15:14:57","modified_gmt":"2024-10-18T07:14:57","slug":"herramienta-pcd-conica-hcd-yzz-tamano-personalizable","status":"publish","type":"product","link":"https:\/\/honwaygroup.com\/es\/producto\/herramienta-pcd-conica-hcd-yzz-tamano-personalizable\/","title":{"rendered":"Herramienta PCD c\u00f3nica HCD.YZZ, tama\u00f1o personalizable"},"content":{"rendered":"<h1>Caracter\u00edsticas del producto de herramientas de corte c\u00f3nico PCD HCD.YZZ<\/h1>\n<p>Presenta una dureza ultraalta y una excelente resistencia al desgaste. El \u00e1ngulo y el tama\u00f1o del cono se pueden personalizar seg\u00fan las necesidades para mejorar la eficiencia del procesamiento. Es especialmente adecuado para la producci\u00f3n de brocas y fresas de chafl\u00e1n.<\/p>\n<ul>\n<li>Dureza extremadamente alta y buena conductividad t\u00e9rmica.<\/li>\n<li>Los \u00e1ngulos de cono personalizados mejoran la eficiencia de perforaci\u00f3n.<\/li>\n<li>El dise\u00f1o c\u00f3nico \u00fanico hace que la resistencia al desgaste de la broca de la herramienta sea mucho mayor que la de la broca de aleaci\u00f3n recubierta.<\/li>\n<li style=\"font-size: 16px\">Adecuado para taladrar CFRP con capa intermedia de aluminio o titanio.<\/li>\n<li>El rendimiento de la herramienta es estable.<\/li>\n<\/ul>\n<h2>\u00c1reas de aplicaci\u00f3n:<\/h2>\n<ul>\n<li>Adecuado para operaciones de fresado y taladrado, especialmente para mecanizar materiales duros, taladrar, cortar, etc.<\/li>\n<li>Adecuado para el corte mediante proceso CoWos de varios sustratos semiconductores, incluidos sustratos de carburo de silicio, sustratos de vidrio, sustratos de cer\u00e1mica, sustratos de al\u00famina, etc.<\/li>\n<\/ul>\n<h2>Especificaciones del producto<\/h2>\n<p><a href=\"https:\/\/honwaygroup.com\/wp-content\/uploads\/2024\/10\/HCD_%E5%B7%A5%E4%BD%9C%E5%8D%80%E5%9F%9F-1-%E8%A4%87%E6%9C%AC-3.webp\"><img fetchpriority=\"high\" decoding=\"async\" class=\"wp-image-59790 size-full\" src=\"https:\/\/honwaygroup.com\/wp-content\/uploads\/2024\/10\/HCD_%E5%B7%A5%E4%BD%9C%E5%8D%80%E5%9F%9F-1-%E8%A4%87%E6%9C%AC-3.webp\" alt=\"Cuchillo en blanco HCD.YZZ\" width=\"1250\" height=\"642\"><\/a><\/p>\n<table width=\"633\">\n<tbody>\n<tr>\n<td width=\"62\">modelo<\/td>\n<td width=\"75\">Tipo de producto<\/td>\n<td width=\"61\">solicitud<\/td>\n<td width=\"76\">Granularidad<\/td>\n<td width=\"132\"><strong>1. Di\u00e1metro<\/strong><\/td>\n<td width=\"66\">\u00e1ngulo de h\u00e9lice<\/td>\n<td width=\"85\"><strong>2. Longitud de la hoja<\/strong><\/td>\n<td width=\"76\"><strong>3. Longitud de la matriz<\/strong><\/td>\n<\/tr>\n<tr>\n<td width=\"62\">HCD.YZZ<\/td>\n<td width=\"75\">C\u00f3nico<\/td>\n<td width=\"61\">Fresado<br \/>\nPerforaci\u00f3n<\/td>\n<td width=\"76\">Fino<br \/>\nMediano<br \/>\nGrueso<\/td>\n<td width=\"132\">\u22051.5~\u220510.5<\/p>\n<p>&nbsp;<\/td>\n<td width=\"66\">N\/A<\/td>\n<td width=\"85\">0.5~6<\/td>\n<td width=\"76\">1~16<\/td>\n<\/tr>\n<\/tbody>\n<\/table>\n<p>\u203bDimensiones en mm<\/p>\n<h2>Caracter\u00edsticas del material<\/h2>\n<p><a href=\"https:\/\/honwaygroup.com\/wp-content\/uploads\/2024\/10\/PCD%E5%88%80%E5%85%B7%E5%B1%95%E6%9E%B6%E8%A8%AD%E8%A8%88-%E5%A4%96%E6%A1%86%E8%BC%B8%E5%87%BA-02.webp\"><img decoding=\"async\" class=\"alignnone wp-image-59722\" src=\"https:\/\/honwaygroup.com\/wp-content\/uploads\/2024\/10\/PCD%E5%88%80%E5%85%B7%E5%B1%95%E6%9E%B6%E8%A8%AD%E8%A8%88-%E5%A4%96%E6%A1%86%E8%BC%B8%E5%87%BA-02.webp\" alt=\"Caracter\u00edsticas de la herramienta PCD\" width=\"543\" height=\"700\"><\/a><\/p>\n<h2>Precauciones<\/h2>\n<p><strong>1. \u00c1ngulo de inclinaci\u00f3n: <\/strong>Las herramientas PCD de una sola punta no deben alinearse verticalmente con el centro de la muela abrasiva y, por lo general, deben inclinarse entre 10 y 15\u00b0.<\/p>\n<p><strong>2. Coloque con cuidado: <\/strong>al colocar la herramienta PCD en el soporte, aseg\u00farese de evitar la colisi\u00f3n entre la herramienta y la superficie de la muela abrasiva para evitar da\u00f1ar la herramienta o la muela abrasiva.<\/p>\n<p><strong>3. Evite da\u00f1os por sobrecalentamiento: <\/strong>No enfr\u00ede la herramienta de reacondicionamiento en caliente. Al reacondicionamiento en seco, espere el tiempo suficiente para que la herramienta PCD se enfr\u00ede completamente y as\u00ed evitar da\u00f1os por sobrecalentamiento.<\/p>\n<p><strong>4. Elija la herramienta adecuada: <\/strong>Al solicitar herramientas PCD, tenga en cuenta el uso previsto. Especialmente al mecanizar metales ferrosos, la reacci\u00f3n qu\u00edmica entre el diamante y el carbono del acero puede acelerar el desgaste de la herramienta.<\/p>\n<p><strong>5. Mantenimiento y limpieza: <\/strong>Al reemplazar la herramienta, retire primero todos los fragmentos rotos para evitar da\u00f1os secundarios. Aseg\u00farese de que el equipo de procesamiento est\u00e9 estable, ya que un equipo inestable es propenso a vibraciones y a la rotura de la herramienta.<\/p>\n<p><strong>6. Almacenamiento:<\/strong> Al almacenar los cortadores PDC, col\u00f3quelos por separado y no coloque las puntas de los cortadores una frente a la otra para evitar da\u00f1arlos.<\/p>\n","protected":false},"excerpt":{"rendered":"<p>Las fresas c\u00f3nicas PCD ofrecen una dureza excepcional y una excelente resistencia al desgaste. El \u00e1ngulo y el tama\u00f1o del cono se pueden personalizar para satisfacer requisitos espec\u00edficos, lo que mejora la eficiencia del procesamiento. Son especialmente adecuadas para la producci\u00f3n de brocas y fresas de chafl\u00e1n.<\/p>\n<ul>\n<li>Dureza extremadamente alta y buena conductividad t\u00e9rmica.<\/li>\n<li>Los \u00e1ngulos de cono personalizados mejoran la eficiencia de perforaci\u00f3n.<\/li>\n<li>El dise\u00f1o c\u00f3nico \u00fanico hace que la resistencia al desgaste de la broca de la herramienta sea mucho mayor que la de la broca de aleaci\u00f3n recubierta.<\/li>\n<li style=\"font-size: 16px\">Adecuado para taladrar CFRP con capa intermedia de aluminio o titanio.<\/li>\n<\/ul>\n<h5><strong><span style=\"color: #ff0000;font-size: 19.2px\">\u25b2Este producto es un producto personalizado.<\/span><\/strong><strong><span style=\"color: #ff0000;font-size: 19.2px\">Bienvenido al servicio de atenci\u00f3n al cliente por mensaje privado para consultas:<\/span><\/strong><strong><span style=\"color: #ff0000;font-size: 19.2px\"><a href=\"https:\/\/honwaygroup.com\/es\/contactar-con-honway\/\" target=\"_blank\" rel=\"noopener\">Comun\u00edquese con Honway<\/a><\/span><\/strong><\/h5>\n<h5><strong><span style=\"color: #ff0000;font-size: 19.2px\">\u25b2<\/span><\/strong><strong><span style=\"color: #ff0000;font-size: 19.2px\">Si necesita tama\u00f1os personalizados, p\u00f3ngase en contacto con el servicio de atenci\u00f3n al cliente. La fecha de entrega se basa en la hora que nos indique el servicio de atenci\u00f3n al cliente.<\/span><\/strong><\/h5>\n<h5><strong><span style=\"color: #ff0000;font-size: 19.2px\">\u25b2 Los pedidos grandes pueden disfrutar de descuentos, comun\u00edquese con el servicio de atenci\u00f3n al cliente para realizar consultas.<\/span><\/strong><\/h5>\n<h5><strong><span style=\"color: #ff0000;font-size: 19.2px\">\u25b2<\/span><span style=\"color: #ff0000\">El tiempo de entrega real de los pedidos internacionales depende del estado de entrega de la empresa de mensajer\u00eda.<\/span><\/strong><\/h5>\n<h5><strong><span style=\"color: #ff0000;font-size: 19.2px\"> <\/span><\/strong><\/h5>\n<p>&nbsp;<\/p>\n<p>&nbsp;<\/p>\n","protected":false},"featured_media":124900,"template":"","meta":{"site-sidebar-layout":"default","site-content-layout":"default","ast-site-content-layout":"default","site-content-style":"default","site-sidebar-style":"default","ast-global-header-display":"","ast-banner-title-visibility":"","ast-main-header-display":"","ast-hfb-above-header-display":"","ast-hfb-below-header-display":"","ast-hfb-mobile-header-display":"","site-post-title":"","ast-breadcrumbs-content":"","ast-featured-img":"","footer-sml-layout":"","ast-disable-related-posts":"","theme-transparent-header-meta":"default","adv-header-id-meta":"","stick-header-meta":"","header-above-stick-meta":"","header-main-stick-meta":"","header-below-stick-meta":"","astra-migrate-meta-layouts":"default","ast-page-background-enabled":"default","ast-page-background-meta":{"desktop":{"background-color":"var(--ast-global-color-5)","background-image":"","background-repeat":"repeat","background-position":"center center","background-size":"auto","background-attachment":"scroll","background-type":"","background-media":"","overlay-type":"","overlay-color":"","overlay-opacity":"","overlay-gradient":""},"tablet":{"background-color":"","background-image":"","background-repeat":"repeat","background-position":"center center","background-size":"auto","background-attachment":"scroll","background-type":"","background-media":"","overlay-type":"","overlay-color":"","overlay-opacity":"","overlay-gradient":""},"mobile":{"background-color":"","background-image":"","background-repeat":"repeat","background-position":"center center","background-size":"auto","background-attachment":"scroll","background-type":"","background-media":"","overlay-type":"","overlay-color":"","overlay-opacity":"","overlay-gradient":""}},"ast-content-background-meta":{"desktop":{"background-color":"var(--ast-global-color-4)","background-image":"","background-repeat":"repeat","background-position":"center center","background-size":"auto","background-attachment":"scroll","background-type":"","background-media":"","overlay-type":"","overlay-color":"","overlay-opacity":"","overlay-gradient":""},"tablet":{"background-color":"var(--ast-global-color-4)","background-image":"","background-repeat":"repeat","background-position":"center center","background-size":"auto","background-attachment":"scroll","background-type":"","background-media":"","overlay-type":"","overlay-color":"","overlay-opacity":"","overlay-gradient":""},"mobile":{"background-color":"var(--ast-global-color-4)","background-image":"","background-repeat":"repeat","background-position":"center center","background-size":"auto","background-attachment":"scroll","background-type":"","background-media":"","overlay-type":"","overlay-color":"","overlay-opacity":"","overlay-gradient":""}}},"product_brand":[],"product_cat":[10505],"product_tag":[10706,10703],"class_list":{"0":"post-124899","1":"product","2":"type-product","3":"status-publish","4":"has-post-thumbnail","6":"product_cat-herramientas-pcd","7":"product_tag-hcd-yzz-conico","8":"product_tag-herramientas-pcd","9":"desktop-align-left","10":"tablet-align-left","11":"mobile-align-left","12":"ast-product-gallery-layout-horizontal-slider","13":"ast-product-tabs-layout-horizontal","15":"first","16":"instock","17":"taxable","18":"shipping-taxable","19":"product-type-simple"},"_links":{"self":[{"href":"https:\/\/honwaygroup.com\/es\/wp-json\/wp\/v2\/product\/124899","targetHints":{"allow":["GET"]}}],"collection":[{"href":"https:\/\/honwaygroup.com\/es\/wp-json\/wp\/v2\/product"}],"about":[{"href":"https:\/\/honwaygroup.com\/es\/wp-json\/wp\/v2\/types\/product"}],"version-history":[{"count":0,"href":"https:\/\/honwaygroup.com\/es\/wp-json\/wp\/v2\/product\/124899\/revisions"}],"wp:featuredmedia":[{"embeddable":true,"href":"https:\/\/honwaygroup.com\/es\/wp-json\/wp\/v2\/media\/124900"}],"wp:attachment":[{"href":"https:\/\/honwaygroup.com\/es\/wp-json\/wp\/v2\/media?parent=124899"}],"wp:term":[{"taxonomy":"product_brand","embeddable":true,"href":"https:\/\/honwaygroup.com\/es\/wp-json\/wp\/v2\/product_brand?post=124899"},{"taxonomy":"product_cat","embeddable":true,"href":"https:\/\/honwaygroup.com\/es\/wp-json\/wp\/v2\/product_cat?post=124899"},{"taxonomy":"product_tag","embeddable":true,"href":"https:\/\/honwaygroup.com\/es\/wp-json\/wp\/v2\/product_tag?post=124899"}],"curies":[{"name":"wp","href":"https:\/\/api.w.org\/{rel}","templated":true}]}}