{"id":124885,"date":"2024-11-06T10:43:36","date_gmt":"2024-11-06T02:43:36","guid":{"rendered":"https:\/\/honwaygroup.com\/product\/herramientas-de-torneado-de-diamante-policristalino-y-nitruro-de-boro-liquidacion-de-codigo-cero\/"},"modified":"2024-11-06T10:43:36","modified_gmt":"2024-11-06T02:43:36","slug":"herramientas-de-torneado-de-diamante-policristalino-y-nitruro-de-boro-liquidacion-de-codigo-cero","status":"publish","type":"product","link":"https:\/\/honwaygroup.com\/es\/producto\/herramientas-de-torneado-de-diamante-policristalino-y-nitruro-de-boro-liquidacion-de-codigo-cero\/","title":{"rendered":"Herramientas de torneado de diamante policristalino y nitruro de boro [Liquidaci\u00f3n de c\u00f3digo cero]"},"content":{"rendered":"<h3><strong>Herramientas de torneado de diamante policristalino y nitruro de boro<\/strong><\/h3>\n<p>Las herramientas de torneado de diamante policristalino y nitruro de boro tienen mayor dureza y resistencia al desgaste en comparaci\u00f3n con otras herramientas de corte.<\/p>\n<ul>\n<li><strong>Sus ventajas son las siguientes: <\/strong>mayor vida \u00fatil de la herramienta, mejor precisi\u00f3n de procesamiento de la pieza y acabado de la superficie, reducci\u00f3n de los costos de procesamiento de la pieza y mayor productividad de la m\u00e1quina.<\/li>\n<\/ul>\n<h2><strong>Especificaciones del producto:<\/strong><\/h2>\n<table>\n<tbody>\n<tr>\n<td width=\"170\"><\/td>\n<td width=\"100\">Material de la hoja<\/td>\n<td width=\"47\">W<\/td>\n<td width=\"47\">H<\/td>\n<td width=\"52\">L<\/td>\n<td width=\"49\">R<\/td>\n<td width=\"47\">V\u00b0<\/td>\n<td width=\"42\">S<\/td>\n<\/tr>\n<tr>\n<td width=\"170\">Tipo 33<\/p>\n<p><a href=\"https:\/\/honwaygroup.com\/wp-content\/uploads\/2024\/11\/%E8%81%9A%E6%99%B6%E9%91%BD%E7%9F%B3%E3%80%81%E6%B0%AE%E5%8C%96%E7%A1%BC%E8%BB%8A%E5%88%80_%E5%B7%A5%E4%BD%9C%E5%8D%80%E5%9F%9F-1-%E8%A4%87%E6%9C%AC-29-e1689669233340.webp\"><img fetchpriority=\"high\" decoding=\"async\" class=\" wp-image-60917\" src=\"https:\/\/honwaygroup.com\/wp-content\/uploads\/2024\/11\/%E8%81%9A%E6%99%B6%E9%91%BD%E7%9F%B3%E3%80%81%E6%B0%AE%E5%8C%96%E7%A1%BC%E8%BB%8A%E5%88%80_%E5%B7%A5%E4%BD%9C%E5%8D%80%E5%9F%9F-1-%E8%A4%87%E6%9C%AC-29-e1689669233340.webp\" alt=\"Tipo 33\" width=\"408\" height=\"190\"><\/a><\/td>\n<td width=\"100\">PCD<\/td>\n<td width=\"47\">19<\/td>\n<td width=\"47\">19<\/td>\n<td width=\"52\">120<\/td>\n<td width=\"49\">0.1<\/td>\n<td width=\"47\">0<\/td>\n<td width=\"42\">0<\/td>\n<\/tr>\n<tr>\n<td width=\"170\">Tipo 37<\/p>\n<p><a href=\"https:\/\/honwaygroup.com\/wp-content\/uploads\/2024\/11\/%E8%81%9A%E6%99%B6%E9%91%BD%E7%9F%B3%E3%80%81%E6%B0%AE%E5%8C%96%E7%A1%BC%E8%BB%8A%E5%88%80_%E5%B7%A5%E4%BD%9C%E5%8D%80%E5%9F%9F-1-%E8%A4%87%E6%9C%AC-32-e1689669271644.webp\"><img decoding=\"async\" class=\" wp-image-60921\" src=\"https:\/\/honwaygroup.com\/wp-content\/uploads\/2024\/11\/%E8%81%9A%E6%99%B6%E9%91%BD%E7%9F%B3%E3%80%81%E6%B0%AE%E5%8C%96%E7%A1%BC%E8%BB%8A%E5%88%80_%E5%B7%A5%E4%BD%9C%E5%8D%80%E5%9F%9F-1-%E8%A4%87%E6%9C%AC-32-e1689669271644.webp\" alt=\"Tipo 37\" width=\"425\" height=\"206\"><\/a><\/td>\n<td width=\"100\">PCD<\/td>\n<td width=\"47\">16<\/td>\n<td width=\"47\">16<\/td>\n<td width=\"52\">150<\/td>\n<td width=\"49\">0.3<\/td>\n<td width=\"47\">10<\/td>\n<td width=\"42\">2<\/td>\n<\/tr>\n<tr>\n<td width=\"170\">Especificaciones especiales<\/p>\n<p><a href=\"https:\/\/honwaygroup.com\/wp-content\/uploads\/2024\/11\/%E7%89%B9%E6%AE%8A%E8%A6%8F%E6%A0%BC_%E5%B7%A5%E4%BD%9C%E5%8D%80%E5%9F%9F-1.webp\"><img decoding=\"async\" class=\"wp-image-63569 \" src=\"https:\/\/honwaygroup.com\/wp-content\/uploads\/2024\/11\/%E7%89%B9%E6%AE%8A%E8%A6%8F%E6%A0%BC_%E5%B7%A5%E4%BD%9C%E5%8D%80%E5%9F%9F-1-300x140.webp\" alt=\"Especificaciones especiales\" width=\"410\" height=\"192\"><\/a><\/td>\n<td width=\"100\">PCD<\/td>\n<td width=\"47\">16<\/td>\n<td width=\"47\">16<\/td>\n<td width=\"52\">123<\/td>\n<td width=\"49\">0.3<\/td>\n<td width=\"47\">0<\/td>\n<td width=\"42\">0<\/td>\n<\/tr>\n<\/tbody>\n<\/table>\n<ul>\n<li><strong>Los productos no est\u00e1ndar se pueden personalizar seg\u00fan los dibujos.<\/strong><\/li>\n<\/ul>\n<h2><strong>Notas:<\/strong><\/h2>\n<ul>\n<li>Este producto no es est\u00e1ndar<\/li>\n<li>Todos los productos son en talla cero y la cantidad es limitada, por lo que se agotar\u00e1n.<\/li>\n<\/ul>\n<p>\u00bfTienes preguntas? <a href=\"https:\/\/honwaygroup.com\/es\/contactar-con-honway\/\">Contactar a Honway<\/a><\/p>\n","protected":false},"excerpt":{"rendered":"<div id=\"desWrap\">\n<p>{Bienvenido a preguntar}<\/p>\n<ul>\n<li>En comparaci\u00f3n con otras herramientas de corte, las herramientas de torneado de diamante policristalino y nitruro de boro policristalino presentan mayor dureza y resistencia al desgaste. Sus ventajas son: mayor vida \u00fatil, mayor precisi\u00f3n en el procesamiento de la pieza y mejor acabado superficial, menores costos de procesamiento y mayor productividad de la m\u00e1quina.<\/li>\n<\/ul>\n<h4><\/h4>\n<h4><strong>Aplicaciones:<\/strong><\/h4>\n<ul>\n<li>Diamante policristalino (PCD)<br \/>\nAleaci\u00f3n de cobre, aleaci\u00f3n de aluminio<br \/>\nCarburo de tungsteno sinterizado y cer\u00e1mica<br \/>\nCarburo de tungsteno presinterizado y cer\u00e1mica<br \/>\nAleaci\u00f3n de aluminio con alto contenido de silicio<br \/>\nF.R.P., caucho endurecido, grafito<\/li>\n<li>Nitruro de boro policristalino (PCBN)<br \/>\nAcero endurecido (HRC 45-68)<br \/>\nAcero resistente al calor (SUS)<br \/>\nAcero superresistente al calor: aleaciones a base de n\u00edquel, aleaciones a base de cobalto<br \/>\nHierro fundido: hierro fundido enfriado, hierro fundido inoculado<br \/>\nAcero de aleaci\u00f3n sinterizado: acero al cromo-molibdeno, acero al n\u00edquel-cromo-molibdeno<\/li>\n<\/ul>\n<h5><strong><span style=\"color: #ff0000; font-size: 19.2px;\">\u25b2<\/span><\/strong><strong><span style=\"color: #ff0000; font-size: 19.2px;\">Si necesita tama\u00f1os personalizados, p\u00f3ngase en contacto con el servicio de atenci\u00f3n al cliente. La fecha de entrega se basa en la hora que nos indique el servicio de atenci\u00f3n al cliente.<\/span><\/strong><\/h5>\n<h5><strong><span style=\"color: #ff0000; font-size: 19.2px;\">\u25b2Estos productos son todos productos no est\u00e1ndar.<\/span><\/strong><\/h5>\n<h5><strong><span style=\"color: #ff0000; font-size: 19.2px;\">\u25b2<\/span><span style=\"color: #ff0000;\">Todos los productos son en talla cero y la cantidad es limitada, por lo que se agotar\u00e1n.<\/span><\/strong><\/h5>\n<h5><strong><span style=\"color: #ff0000; font-size: 19.2px;\">\u25b2<\/span><span style=\"color: #ff0000;\">El tiempo de entrega real de los pedidos internacionales depende del estado de entrega de la empresa de mensajer\u00eda.<\/span><\/strong><\/h5>\n<\/div>\n","protected":false},"featured_media":124886,"template":"","meta":{"site-sidebar-layout":"default","site-content-layout":"default","ast-site-content-layout":"default","site-content-style":"default","site-sidebar-style":"default","ast-global-header-display":"","ast-banner-title-visibility":"","ast-main-header-display":"","ast-hfb-above-header-display":"","ast-hfb-below-header-display":"","ast-hfb-mobile-header-display":"","site-post-title":"","ast-breadcrumbs-content":"","ast-featured-img":"","footer-sml-layout":"","ast-disable-related-posts":"","theme-transparent-header-meta":"default","adv-header-id-meta":"","stick-header-meta":"default","header-above-stick-meta":"","header-main-stick-meta":"","header-below-stick-meta":"","astra-migrate-meta-layouts":"default","ast-page-background-enabled":"default","ast-page-background-meta":{"desktop":{"background-color":"var(--ast-global-color-5)","background-image":"","background-repeat":"repeat","background-position":"center center","background-size":"auto","background-attachment":"scroll","background-type":"","background-media":"","overlay-type":"","overlay-color":"","overlay-opacity":"","overlay-gradient":""},"tablet":{"background-color":"","background-image":"","background-repeat":"repeat","background-position":"center center","background-size":"auto","background-attachment":"scroll","background-type":"","background-media":"","overlay-type":"","overlay-color":"","overlay-opacity":"","overlay-gradient":""},"mobile":{"background-color":"","background-image":"","background-repeat":"repeat","background-position":"center center","background-size":"auto","background-attachment":"scroll","background-type":"","background-media":"","overlay-type":"","overlay-color":"","overlay-opacity":"","overlay-gradient":""}},"ast-content-background-meta":{"desktop":{"background-color":"var(--ast-global-color-4)","background-image":"","background-repeat":"repeat","background-position":"center center","background-size":"auto","background-attachment":"scroll","background-type":"","background-media":"","overlay-type":"","overlay-color":"","overlay-opacity":"","overlay-gradient":""},"tablet":{"background-color":"var(--ast-global-color-4)","background-image":"","background-repeat":"repeat","background-position":"center center","background-size":"auto","background-attachment":"scroll","background-type":"","background-media":"","overlay-type":"","overlay-color":"","overlay-opacity":"","overlay-gradient":""},"mobile":{"background-color":"var(--ast-global-color-4)","background-image":"","background-repeat":"repeat","background-position":"center center","background-size":"auto","background-attachment":"scroll","background-type":"","background-media":"","overlay-type":"","overlay-color":"","overlay-opacity":"","overlay-gradient":""}}},"product_brand":[],"product_cat":[10504,10419,10516,10418],"product_tag":[10702,10701],"class_list":{"0":"post-124885","1":"product","2":"type-product","3":"status-publish","4":"has-post-thumbnail","6":"product_cat-dianond-tools-es","7":"product_cat-area-de-autorizacion-de-codigo-cero","8":"product_cat-herramientas-de-torneado-de-diamante-y-nitruro-de-boro","9":"product_cat-otro","10":"product_tag-herramienta-de-torneado-de-diamante","11":"product_tag-herramientas-de-torneado-de-nitruro-de-boro","12":"desktop-align-left","13":"tablet-align-left","14":"mobile-align-left","15":"ast-product-gallery-layout-horizontal-slider","16":"ast-product-single-variable","17":"ast-product-tabs-layout-horizontal","19":"first","20":"instock","21":"taxable","22":"shipping-taxable","23":"purchasable","24":"product-type-variable"},"_links":{"self":[{"href":"https:\/\/honwaygroup.com\/es\/wp-json\/wp\/v2\/product\/124885","targetHints":{"allow":["GET"]}}],"collection":[{"href":"https:\/\/honwaygroup.com\/es\/wp-json\/wp\/v2\/product"}],"about":[{"href":"https:\/\/honwaygroup.com\/es\/wp-json\/wp\/v2\/types\/product"}],"version-history":[{"count":0,"href":"https:\/\/honwaygroup.com\/es\/wp-json\/wp\/v2\/product\/124885\/revisions"}],"wp:featuredmedia":[{"embeddable":true,"href":"https:\/\/honwaygroup.com\/es\/wp-json\/wp\/v2\/media\/124886"}],"wp:attachment":[{"href":"https:\/\/honwaygroup.com\/es\/wp-json\/wp\/v2\/media?parent=124885"}],"wp:term":[{"taxonomy":"product_brand","embeddable":true,"href":"https:\/\/honwaygroup.com\/es\/wp-json\/wp\/v2\/product_brand?post=124885"},{"taxonomy":"product_cat","embeddable":true,"href":"https:\/\/honwaygroup.com\/es\/wp-json\/wp\/v2\/product_cat?post=124885"},{"taxonomy":"product_tag","embeddable":true,"href":"https:\/\/honwaygroup.com\/es\/wp-json\/wp\/v2\/product_tag?post=124885"}],"curies":[{"name":"wp","href":"https:\/\/api.w.org\/{rel}","templated":true}]}}