{"id":124877,"date":"2024-11-27T09:35:58","date_gmt":"2024-11-27T01:35:58","guid":{"rendered":"https:\/\/honwaygroup.com\/product\/cepillo-de-diamante-%e3%80%8aliquidacion-de-codigo-cero%e3%80%8b\/"},"modified":"2024-11-27T09:35:58","modified_gmt":"2024-11-27T01:35:58","slug":"cepillo-de-diamante-%e3%80%8aliquidacion-de-codigo-cero%e3%80%8b","status":"publish","type":"product","link":"https:\/\/honwaygroup.com\/es\/producto\/cepillo-de-diamante-%e3%80%8aliquidacion-de-codigo-cero%e3%80%8b\/","title":{"rendered":"Cepillo de diamante \u300aLiquidaci\u00f3n de c\u00f3digo cero\u300b"},"content":{"rendered":"<h3>Cepillo de diamante<\/h3>\n<h4><strong>Caracter\u00edsticas del producto<\/strong><\/h4>\n<ul>\n<li><strong>Requiere una amoladora el\u00e9ctrica<\/strong><\/li>\n<li><strong>Adecuado para art\u00edculos duros: jade, cristal, acero de tungsteno, aleaci\u00f3n de titanio, etc.<\/strong><\/li>\n<li><strong>Puede superar la pasivaci\u00f3n, el esmerilado y el pulido de algunas superficies irregulares.<\/strong><\/li>\n<li><strong>Material de nailon, suave y resistente al desgaste.<\/strong><\/li>\n<li><strong>No es necesario a\u00f1adir abrasivos adicionales, m\u00e1s respetuoso con el medio ambiente.<\/strong><\/li>\n<li><strong>I+D y fabricaci\u00f3n en Taiw\u00e1n<\/strong><\/li>\n<\/ul>\n<h2><strong>Especificaciones del producto:<\/strong><\/h2>\n<p>Especificaciones del cepillo de pulido de diamante con mango recto:<\/p>\n<p><a href=\"https:\/\/honwaygroup.com\/wp-content\/uploads\/2024\/11\/messageImage_1732670907116.webp\"><img fetchpriority=\"high\" decoding=\"async\" class=\"wp-image-62205 \" src=\"https:\/\/honwaygroup.com\/wp-content\/uploads\/2024\/11\/messageImage_1732670907116.webp\" alt=\"Cepillo de diamante con mango recto\" width=\"232\" height=\"444\" srcset=\"https:\/\/honwaygroup.com\/wp-content\/uploads\/2024\/11\/messageImage_1732670907116.webp 323w, https:\/\/honwaygroup.com\/wp-content\/uploads\/2024\/11\/messageImage_1732670907116-157x300.webp 157w, https:\/\/honwaygroup.com\/wp-content\/uploads\/2024\/11\/messageImage_1732670907116-300x574.webp 300w\" sizes=\"(max-width: 232px) 100vw, 232px\" \/><\/a><\/p>\n<table>\n<tbody>\n<tr>\n<td width=\"69\">n\u00famero de serie<\/td>\n<td width=\"69\">\u2300D<\/td>\n<td width=\"69\">\u2300d<\/td>\n<td width=\"69\">T<\/td>\n<td width=\"69\">N<\/td>\n<td width=\"69\">L<\/td>\n<td width=\"69\">\u2300B<\/td>\n<td width=\"69\">#\u756a\u865f<\/td>\n<\/tr>\n<tr>\n<td width=\"69\">DB6-25D<\/td>\n<td width=\"69\">25<\/td>\n<td width=\"69\">23<\/td>\n<td width=\"69\">21<\/td>\n<td width=\"69\">24<\/td>\n<td width=\"69\">57<\/td>\n<td width=\"69\">6<\/td>\n<td width=\"69\">#600<\/p>\n<p>#1000<\/td>\n<\/tr>\n<\/tbody>\n<\/table>\n<p>Especificaciones de la rueda de cepillo de diamante:<\/p>\n<p><a href=\"https:\/\/honwaygroup.com\/wp-content\/uploads\/2024\/11\/1654845288148.webp\"><img decoding=\"async\" class=\"alignnone wp-image-65968 size-full\" src=\"https:\/\/honwaygroup.com\/wp-content\/uploads\/2024\/11\/1654845288148.webp\" alt=\"\" width=\"987\" height=\"259\" srcset=\"https:\/\/honwaygroup.com\/wp-content\/uploads\/2024\/11\/1654845288148.webp 987w, https:\/\/honwaygroup.com\/wp-content\/uploads\/2024\/11\/1654845288148-300x79.webp 300w, https:\/\/honwaygroup.com\/wp-content\/uploads\/2024\/11\/1654845288148-768x202.webp 768w\" sizes=\"(max-width: 987px) 100vw, 987px\" \/><\/a><\/p>\n<table>\n<tbody>\n<tr>\n<td width=\"69\">\u578b\u865f<\/td>\n<td width=\"69\">\u2300D<\/td>\n<td width=\"69\">W<\/td>\n<td width=\"69\">T<\/td>\n<td width=\"69\">H<\/td>\n<td width=\"69\">#\u756a\u865f<\/td>\n<\/tr>\n<tr>\n<td width=\"69\">Plano<\/td>\n<td width=\"69\">100<\/td>\n<td width=\"69\">10<\/td>\n<td width=\"69\">10<\/td>\n<td width=\"69\">10<\/td>\n<td width=\"69\">#3000<\/td>\n<\/tr>\n<\/tbody>\n<\/table>\n<p>Unidad: mm<\/p>\n<ul>\n<li><strong>Los productos no est\u00e1ndar se pueden personalizar seg\u00fan los dibujos.<\/strong><\/li>\n<\/ul>\n<h2><strong>Notas:<\/strong><\/h2>\n<ul>\n<li style=\"list-style-type: none;\">\n<ul>\n<li><strong>No apriete demasiado las cerdas para evitar deformaciones.<\/strong><\/li>\n<li><strong>A\u00f1ade agua y aceite para bajar la temperatura y evitar que se derritan los grumos.<\/strong><\/li>\n<\/ul>\n<\/li>\n<\/ul>\n<p>\u00bfTienes preguntas? <a href=\"https:\/\/honwaygroup.com\/es\/contactar-con-honway\/\">Contactar a Honway<\/a><\/p>\n","protected":false},"excerpt":{"rendered":"<div id=\"desWrap\">\n<ul>\n<li><strong>Requiere una amoladora el\u00e9ctrica<\/strong><\/li>\n<li><strong>Adecuado para art\u00edculos duros: jade, cristal, acero de tungsteno, aleaci\u00f3n de titanio, etc.<\/strong><\/li>\n<li><strong>Puede superar la pasivaci\u00f3n, el esmerilado y el pulido de algunas superficies irregulares.<\/strong><\/li>\n<li><strong>Material de nailon, suave y resistente al desgaste.<\/strong><\/li>\n<li><strong>No es necesario a\u00f1adir abrasivos adicionales, m\u00e1s respetuoso con el medio ambiente.<\/strong><\/li>\n<li><strong>I+D y fabricaci\u00f3n en Taiw\u00e1n<\/strong><\/li>\n<\/ul>\n<h5><strong><span style=\"color: #ff0000; font-size: 19.2px;\">\u25b2<\/span><\/strong><strong><span style=\"color: #ff0000; font-size: 19.2px;\">Si necesita tama\u00f1os personalizados, p\u00f3ngase en contacto con el servicio de atenci\u00f3n al cliente. La fecha de entrega se basa en la hora que nos indique el servicio de atenci\u00f3n al cliente.<\/span><\/strong><\/h5>\n<h5><strong><span style=\"color: #ff0000; font-size: 19.2px;\">\u25b2<\/span><span style=\"color: #ff0000;\">Todos los productos son en talla cero y la cantidad es limitada, por lo que se agotar\u00e1n.<\/span><\/strong><\/h5>\n<h5><strong><span style=\"color: #ff0000; font-size: 19.2px;\">\u25b2<\/span><span style=\"color: #ff0000;\">El tiempo de entrega real de los pedidos internacionales depende del estado de entrega de la empresa de mensajer\u00eda.<\/span><\/strong><\/h5>\n<\/div>\n","protected":false},"featured_media":124878,"template":"","meta":{"site-sidebar-layout":"default","site-content-layout":"default","ast-site-content-layout":"default","site-content-style":"default","site-sidebar-style":"default","ast-global-header-display":"","ast-banner-title-visibility":"","ast-main-header-display":"","ast-hfb-above-header-display":"","ast-hfb-below-header-display":"","ast-hfb-mobile-header-display":"","site-post-title":"","ast-breadcrumbs-content":"","ast-featured-img":"","footer-sml-layout":"","ast-disable-related-posts":"","theme-transparent-header-meta":"default","adv-header-id-meta":"","stick-header-meta":"default","header-above-stick-meta":"","header-main-stick-meta":"","header-below-stick-meta":"","astra-migrate-meta-layouts":"default","ast-page-background-enabled":"default","ast-page-background-meta":{"desktop":{"background-color":"var(--ast-global-color-5)","background-image":"","background-repeat":"repeat","background-position":"center center","background-size":"auto","background-attachment":"scroll","background-type":"","background-media":"","overlay-type":"","overlay-color":"","overlay-opacity":"","overlay-gradient":""},"tablet":{"background-color":"","background-image":"","background-repeat":"repeat","background-position":"center center","background-size":"auto","background-attachment":"scroll","background-type":"","background-media":"","overlay-type":"","overlay-color":"","overlay-opacity":"","overlay-gradient":""},"mobile":{"background-color":"","background-image":"","background-repeat":"repeat","background-position":"center center","background-size":"auto","background-attachment":"scroll","background-type":"","background-media":"","overlay-type":"","overlay-color":"","overlay-opacity":"","overlay-gradient":""}},"ast-content-background-meta":{"desktop":{"background-color":"var(--ast-global-color-4)","background-image":"","background-repeat":"repeat","background-position":"center center","background-size":"auto","background-attachment":"scroll","background-type":"","background-media":"","overlay-type":"","overlay-color":"","overlay-opacity":"","overlay-gradient":""},"tablet":{"background-color":"var(--ast-global-color-4)","background-image":"","background-repeat":"repeat","background-position":"center center","background-size":"auto","background-attachment":"scroll","background-type":"","background-media":"","overlay-type":"","overlay-color":"","overlay-opacity":"","overlay-gradient":""},"mobile":{"background-color":"var(--ast-global-color-4)","background-image":"","background-repeat":"repeat","background-position":"center center","background-size":"auto","background-attachment":"scroll","background-type":"","background-media":"","overlay-type":"","overlay-color":"","overlay-opacity":"","overlay-gradient":""}}},"product_brand":[],"product_cat":[10504,10419,10509,10418],"product_tag":[10697],"class_list":{"0":"post-124877","1":"product","2":"type-product","3":"status-publish","4":"has-post-thumbnail","6":"product_cat-dianond-tools-es","7":"product_cat-area-de-autorizacion-de-codigo-cero","8":"product_cat-cepillo-de-diamante","9":"product_cat-otro","10":"product_tag-cepillo-de-diamante","11":"desktop-align-left","12":"tablet-align-left","13":"mobile-align-left","14":"ast-product-gallery-layout-horizontal-slider","15":"ast-product-single-variable","16":"ast-product-tabs-layout-horizontal","18":"first","19":"instock","20":"taxable","21":"shipping-taxable","22":"purchasable","23":"product-type-variable"},"_links":{"self":[{"href":"https:\/\/honwaygroup.com\/es\/wp-json\/wp\/v2\/product\/124877","targetHints":{"allow":["GET"]}}],"collection":[{"href":"https:\/\/honwaygroup.com\/es\/wp-json\/wp\/v2\/product"}],"about":[{"href":"https:\/\/honwaygroup.com\/es\/wp-json\/wp\/v2\/types\/product"}],"version-history":[{"count":0,"href":"https:\/\/honwaygroup.com\/es\/wp-json\/wp\/v2\/product\/124877\/revisions"}],"wp:featuredmedia":[{"embeddable":true,"href":"https:\/\/honwaygroup.com\/es\/wp-json\/wp\/v2\/media\/124878"}],"wp:attachment":[{"href":"https:\/\/honwaygroup.com\/es\/wp-json\/wp\/v2\/media?parent=124877"}],"wp:term":[{"taxonomy":"product_brand","embeddable":true,"href":"https:\/\/honwaygroup.com\/es\/wp-json\/wp\/v2\/product_brand?post=124877"},{"taxonomy":"product_cat","embeddable":true,"href":"https:\/\/honwaygroup.com\/es\/wp-json\/wp\/v2\/product_cat?post=124877"},{"taxonomy":"product_tag","embeddable":true,"href":"https:\/\/honwaygroup.com\/es\/wp-json\/wp\/v2\/product_tag?post=124877"}],"curies":[{"name":"wp","href":"https:\/\/api.w.org\/{rel}","templated":true}]}}