{"id":124831,"date":"2024-11-29T13:11:52","date_gmt":"2024-11-29T05:11:52","guid":{"rendered":"https:\/\/honwaygroup.com\/product\/fluido-de-pulido-de-nanodiamantes-metalograficos\/"},"modified":"2025-09-04T16:14:02","modified_gmt":"2025-09-04T08:14:02","slug":"fluido-de-pulido-de-nanodiamantes-metalograficos","status":"publish","type":"product","link":"https:\/\/honwaygroup.com\/es\/producto\/fluido-de-pulido-de-nanodiamantes-metalograficos\/","title":{"rendered":"Fluido de pulido de nanodiamantes metalogr\u00e1ficos"},"content":{"rendered":"<h2>Fluido de pulido de nanodiamantes metalogr\u00e1ficos<\/h2>\n<p>El polvo de nanodiamante esf\u00e9rico es un policristal de diamante sintetizado en condiciones de ultraalta presi\u00f3n, alta temperatura y transitorios. El tama\u00f1o del cristalito es de tan solo 3-10 nan\u00f3metros. Est\u00e1 conectado en part\u00edculas policristalinas mediante enlaces insaturados, lo que le confiere una buena tenacidad.<\/p>\n<p>Este polvo de nanodiamante esf\u00e9rico es diferente del polvo de diamante monocristalino prensado est\u00e1ticamente. Su estructura es muy similar a la del carbonado natural y posee excelentes propiedades de rectificado y pulido.<\/p>\n<h2>Caracter\u00edsticas del producto:<\/h2>\n<ul>\n<li>Los nanodiamantes esf\u00e9ricos tienen propiedades \u00fanicas.<\/li>\n<li>No hay fractura fr\u00e1gil durante el proceso de pulido y esmerilado, y no es f\u00e1cil rayar la superficie de la pieza de trabajo.<\/li>\n<li>La vida \u00fatil es relativamente larga.<\/li>\n<li>El proceso de molienda va acompa\u00f1ado del desprendimiento de nanocristales.<\/li>\n<li>Las propias part\u00edculas abrasivas tienen propiedades autoafilantes.<\/li>\n<\/ul>\n<h2>Aplicaciones:<\/h2>\n<ul>\n<li>Para utilizar con almohadillas de pulido metalogr\u00e1fico.<\/li>\n<li>Pulido de superficies a nivel nanom\u00e9trico y angstrom (subnanom\u00e9trico) de obleas, moldes de ultraprecisi\u00f3n, piedras preciosas, cer\u00e1micas y aleaciones.<\/li>\n<\/ul>\n<h2>Especificaciones del tama\u00f1o del diamante:<\/h2>\n<figure id=\"attachment_62327\" aria-describedby=\"caption-attachment-62327\" style=\"width: 2560px\" class=\"wp-caption alignnone\"><a href=\"https:\/\/honwaygroup.com\/wp-content\/uploads\/2024\/11\/%E9%91%BD%E7%9F%B3%E7%B2%92%E5%BA%A6%E8%A6%8F%E6%A0%BC%E8%A1%A8_%E5%B7%A5%E4%BD%9C%E5%8D%80%E5%9F%9F-1-scaled.webp\"><img fetchpriority=\"high\" decoding=\"async\" class=\"wp-image-62327 size-full\" src=\"https:\/\/honwaygroup.com\/wp-content\/uploads\/2024\/11\/%E9%91%BD%E7%9F%B3%E7%B2%92%E5%BA%A6%E8%A6%8F%E6%A0%BC%E8%A1%A8_%E5%B7%A5%E4%BD%9C%E5%8D%80%E5%9F%9F-1-scaled.webp\" alt=\"Tabla de especificaciones del tama\u00f1o de part\u00edculas de diamante\" width=\"2560\" height=\"2560\"><\/a><figcaption id=\"caption-attachment-62327\" class=\"wp-caption-text\">Tabla de especificaciones del tama\u00f1o de part\u00edculas de diamante<\/figcaption><\/figure>\n<p>&nbsp;<\/p>\n<p>\u00bfTienes preguntas? <a href=\"https:\/\/honwaygroup.com\/es\/contactar-con-honway\/\">Contactar a Honway<\/a><\/p>\n","protected":false},"excerpt":{"rendered":"<p>\u2022 Para uso con almohadillas de pulido metalogr\u00e1fico.<\/p>\n<p>\u2022 Los nanodiamantes esf\u00e9ricos tienen propiedades \u00fanicas.<\/p>\n<p>\u2022 No hay fractura fr\u00e1gil durante el proceso de pulido y esmerilado, lo que no solo evita que se raye f\u00e1cilmente la superficie de la pieza de trabajo,<\/p>\n<p>\u2022 Mayor vida \u00fatil.<\/p>\n<p>\u2022 El proceso de molienda va acompa\u00f1ado del desprendimiento de nanocristales.<\/p>\n<p>\u2022 Las part\u00edculas abrasivas son inherentemente autoafilantes.<\/p>\n<h5><strong><span style=\"color: #ff0000; font-size: 19.2px;\">\u25b2<\/span><\/strong><strong><span style=\"color: #ff0000; font-size: 19.2px;\">Si necesita tama\u00f1os personalizados, p\u00f3ngase en contacto con el servicio de atenci\u00f3n al cliente. La fecha de entrega se basa en la hora que nos indique el servicio de atenci\u00f3n al cliente.<\/span><\/strong><\/h5>\n<h5><strong><span style=\"color: #ff0000; font-size: 19.2px;\">\u25b2 Los pedidos grandes pueden disfrutar de descuentos, comun\u00edquese con el servicio de atenci\u00f3n al cliente para realizar consultas.<\/span><\/strong><\/h5>\n<h5><strong><span style=\"color: #ff0000; font-size: 19.2px;\">\u25b2<\/span><span style=\"color: #ff0000; font-size: 19.2px;\">El tiempo de<\/span><span style=\"color: #ff0000;\"> entrega para pedidos de<\/span><span style=\"color: #ff0000; font-size: 19.2px;\"> Taiw\u00e1n es de aproximadamente 7 a 14 d\u00edas h\u00e1biles.<\/span><\/strong><\/h5>\n<h5><strong><span style=\"color: #ff0000; font-size: 19.2px;\">\u25b2<\/span><span style=\"color: #ff0000;\">Los pedidos internacionales tardan aproximadamente de 7 a 14 d\u00edas en enviarse. El tiempo de entrega real depende del estado de entrega de la empresa de mensajer\u00eda.<\/span><\/strong><\/h5>\n<h5><strong><span style=\"color: #ff0000; font-size: 19.2px;\"> <\/span><\/strong><\/h5>\n","protected":false},"featured_media":124832,"template":"","meta":{"site-sidebar-layout":"default","site-content-layout":"default","ast-site-content-layout":"default","site-content-style":"default","site-sidebar-style":"default","ast-global-header-display":"","ast-banner-title-visibility":"","ast-main-header-display":"","ast-hfb-above-header-display":"","ast-hfb-below-header-display":"","ast-hfb-mobile-header-display":"","site-post-title":"","ast-breadcrumbs-content":"","ast-featured-img":"","footer-sml-layout":"","ast-disable-related-posts":"","theme-transparent-header-meta":"default","adv-header-id-meta":"","stick-header-meta":"default","header-above-stick-meta":"","header-main-stick-meta":"","header-below-stick-meta":"","astra-migrate-meta-layouts":"default","ast-page-background-enabled":"default","ast-page-background-meta":{"desktop":{"background-color":"var(--ast-global-color-5)","background-image":"","background-repeat":"repeat","background-position":"center center","background-size":"auto","background-attachment":"scroll","background-type":"","background-media":"","overlay-type":"","overlay-color":"","overlay-opacity":"","overlay-gradient":""},"tablet":{"background-color":"","background-image":"","background-repeat":"repeat","background-position":"center center","background-size":"auto","background-attachment":"scroll","background-type":"","background-media":"","overlay-type":"","overlay-color":"","overlay-opacity":"","overlay-gradient":""},"mobile":{"background-color":"","background-image":"","background-repeat":"repeat","background-position":"center center","background-size":"auto","background-attachment":"scroll","background-type":"","background-media":"","overlay-type":"","overlay-color":"","overlay-opacity":"","overlay-gradient":""}},"ast-content-background-meta":{"desktop":{"background-color":"var(--ast-global-color-4)","background-image":"","background-repeat":"repeat","background-position":"center center","background-size":"auto","background-attachment":"scroll","background-type":"","background-media":"","overlay-type":"","overlay-color":"","overlay-opacity":"","overlay-gradient":""},"tablet":{"background-color":"var(--ast-global-color-4)","background-image":"","background-repeat":"repeat","background-position":"center center","background-size":"auto","background-attachment":"scroll","background-type":"","background-media":"","overlay-type":"","overlay-color":"","overlay-opacity":"","overlay-gradient":""},"mobile":{"background-color":"var(--ast-global-color-4)","background-image":"","background-repeat":"repeat","background-position":"center center","background-size":"auto","background-attachment":"scroll","background-type":"","background-media":"","overlay-type":"","overlay-color":"","overlay-opacity":"","overlay-gradient":""}}},"product_brand":[],"product_cat":[10471,10497,10423,10425,10522,10441,10498,10421,10424,10426,10422,10439],"product_tag":[10690,10691,10666,10689],"class_list":{"0":"post-124831","1":"product","2":"type-product","3":"status-publish","4":"has-post-thumbnail","6":"product_cat-fluido-de-pulido","7":"product_cat-superhard-materials-es","8":"product_cat-acero-de-tungsteno","9":"product_cat-ceramica","10":"product_cat-consumibles-metalograficos","11":"product_cat-liquido","12":"product_cat-liquido-pasta-polvo-para-pulir","13":"product_cat-materiales-de-procesamiento","14":"product_cat-metales-a-base-de-hierro-y-niquel","15":"product_cat-metales-no-ferrosos-a-base-de-niquel","16":"product_cat-plastico-caucho-y-no-metal","17":"product_cat-tipo-de-materia-prima","18":"product_tag-fluido-de-pulido-metalografico","19":"product_tag-liquido-de-pulido-metalografico","20":"product_tag-metalografia-es","21":"product_tag-pulido-metalografico","22":"pa_capacity-1000ml-es","23":"pa_capacity-5000ml-es","24":"pa_capacity-500ml-es","25":"pa_capacity-quienes-pidan-mas-podran-contactar-al-vendedor-de-forma-privada-para-disfrutar-de-descuentos","26":"desktop-align-left","27":"tablet-align-left","28":"mobile-align-left","29":"ast-product-gallery-layout-horizontal-slider","30":"ast-product-single-variable","31":"ast-product-tabs-layout-horizontal","33":"first","34":"instock","35":"taxable","36":"shipping-taxable","37":"purchasable","38":"product-type-variable"},"_links":{"self":[{"href":"https:\/\/honwaygroup.com\/es\/wp-json\/wp\/v2\/product\/124831","targetHints":{"allow":["GET"]}}],"collection":[{"href":"https:\/\/honwaygroup.com\/es\/wp-json\/wp\/v2\/product"}],"about":[{"href":"https:\/\/honwaygroup.com\/es\/wp-json\/wp\/v2\/types\/product"}],"version-history":[{"count":0,"href":"https:\/\/honwaygroup.com\/es\/wp-json\/wp\/v2\/product\/124831\/revisions"}],"wp:featuredmedia":[{"embeddable":true,"href":"https:\/\/honwaygroup.com\/es\/wp-json\/wp\/v2\/media\/124832"}],"wp:attachment":[{"href":"https:\/\/honwaygroup.com\/es\/wp-json\/wp\/v2\/media?parent=124831"}],"wp:term":[{"taxonomy":"product_brand","embeddable":true,"href":"https:\/\/honwaygroup.com\/es\/wp-json\/wp\/v2\/product_brand?post=124831"},{"taxonomy":"product_cat","embeddable":true,"href":"https:\/\/honwaygroup.com\/es\/wp-json\/wp\/v2\/product_cat?post=124831"},{"taxonomy":"product_tag","embeddable":true,"href":"https:\/\/honwaygroup.com\/es\/wp-json\/wp\/v2\/product_tag?post=124831"}],"curies":[{"name":"wp","href":"https:\/\/api.w.org\/{rel}","templated":true}]}}