{"id":124810,"date":"2024-11-29T14:18:16","date_gmt":"2024-11-29T06:18:16","guid":{"rendered":"https:\/\/honwaygroup.com\/product\/liquido-de-pulido-de-alumina-metalografica\/"},"modified":"2024-11-29T14:18:16","modified_gmt":"2024-11-29T06:18:16","slug":"liquido-de-pulido-de-alumina-metalografica","status":"publish","type":"product","link":"https:\/\/honwaygroup.com\/es\/producto\/liquido-de-pulido-de-alumina-metalografica\/","title":{"rendered":"L\u00edquido de pulido de al\u00famina metalogr\u00e1fica"},"content":{"rendered":"<h3>L\u00edquido de pulido de al\u00famina metalogr\u00e1fica<\/h3>\n<p>El <a href=\"https:\/\/zh.m.wikipedia.org\/zh-tw\/%E5%89%9B%E7%8E%89\" rel=\"nofollow noopener\" target=\"_blank\">corind\u00f3n blanco<\/a> est\u00e1 hecho de polvo de \u00f3xido de aluminio de alta calidad, refinado y cristalizado mediante fusi\u00f3n el\u00e9ctrica. Presenta alta pureza, buenas propiedades de autoafilado, resistencia a la corrosi\u00f3n \u00e1cida y alcalina, resistencia a altas temperaturas y un rendimiento t\u00e9rmico estable. Su dureza es ligeramente superior a la del corind\u00f3n marr\u00f3n.<\/p>\n<h2>Caracter\u00edsticas del producto:<\/h2>\n<ul>\n<li>Tiene una tenacidad ligeramente menor, alta pureza, buen autoafilado, fuerte capacidad de pulido, baja generaci\u00f3n de calor, alta eficiencia, resistencia a la corrosi\u00f3n \u00e1cida y alcalina, y buena resistencia a altas temperaturas y estabilidad t\u00e9rmica.<\/li>\n<li>La al\u00famina esf\u00e9rica puede reparar marcas de pulido en las piezas de trabajo, mejorando la superficie pulida, reduciendo la rugosidad de la superficie y obteniendo una superficie m\u00e1s brillante y limpia.<\/li>\n<li>Tiene ventaja de bajo costo.<\/li>\n<li>Se recomienda usarlo como limpieza de superficies despu\u00e9s del tratamiento general con l\u00edquido de diamante.<\/li>\n<li>Se recomienda utilizar el mismo grado de l\u00edquido de diamante que el \u00faltimo utilizado o un grado m\u00e1s fino.<\/li>\n<li>Si necesita un mayor nivel de superficie pulida, le recomendamos elegir los productos de la serie Nano Diamond.<\/li>\n<\/ul>\n<h2>Aplicaciones:<\/h2>\n<ul>\n<li>Para utilizar con almohadillas de pulido metalogr\u00e1fico.<\/li>\n<li>Pulido final de diversos metales, moldes de precisi\u00f3n, zafiro, aleaciones de aluminio, cer\u00e1mica, etc.<\/li>\n<\/ul>\n<h2>Especificaciones del producto:<\/h2>\n<div><\/div>\n<div>\n<table border=\"0\" cellspacing=\"3\" cellpadding=\"5\" align=\"center\">\n<tbody>\n<tr>\n<td><strong>Al<sub>2<\/sub>O<sub>3<\/sub><\/strong><\/td>\n<td><strong>Na<sub>2<\/sub>O<\/strong><\/td>\n<td><strong>SiO<sub>2<\/sub><\/strong><\/td>\n<td><strong>Fe<sub>2<\/sub>O<sub>3<\/sub><\/strong><\/td>\n<td><strong>CaO+MgO<\/strong><\/td>\n<\/tr>\n<tr>\n<td><strong>99.6%<\/strong><\/td>\n<td><strong>0.18%<\/strong><\/td>\n<td><strong>0.01%<\/strong><\/td>\n<td><strong>0.02%<\/strong><\/td>\n<td><strong>0.02%<\/strong><\/td>\n<\/tr>\n<\/tbody>\n<\/table>\n<div>\n<div align=\"center\">\n<figure id=\"attachment_39774\" aria-describedby=\"caption-attachment-39774\" style=\"width: 853px\" class=\"wp-caption alignnone\"><a href=\"https:\/\/honwaygroup.com\/wp-content\/uploads\/2024\/07\/%E6%9C%AA%E5%91%BD%E5%90%8D-1_%E5%B7%A5%E4%BD%9C%E5%8D%80%E5%9F%9F-1.webp\"><img fetchpriority=\"high\" decoding=\"async\" class=\"size-full wp-image-39774\" src=\"https:\/\/honwaygroup.com\/wp-content\/uploads\/2024\/07\/%E6%9C%AA%E5%91%BD%E5%90%8D-1_%E5%B7%A5%E4%BD%9C%E5%8D%80%E5%9F%9F-1.webp\" alt=\"Especificaciones del l\u00edquido de pulido de al\u00famina\" width=\"853\" height=\"441\"><\/a><figcaption id=\"caption-attachment-39774\" class=\"wp-caption-text\">Especificaciones del l\u00edquido de pulido de al\u00famina<\/figcaption><\/figure>\n<\/div>\n<\/div>\n<div><\/div>\n<\/div>\n<p>\u00bfTienes preguntas? <a href=\"https:\/\/honwaygroup.com\/es\/contactar-con-honway\/\">Contactar a Honway<\/a><\/p>\n","protected":false},"excerpt":{"rendered":"<p>\u2022 La pieza de trabajo tendr\u00e1 la funci\u00f3n de reparar las marcas de pulido.<\/p>\n<p>\u2022 Recomendado para la limpieza general de superficies despu\u00e9s de la aplicaci\u00f3n de l\u00edquido de diamante.<\/p>\n<p>\u2022 Se recomienda utilizar el mismo grado de l\u00edquido de diamante que el \u00faltimo utilizado o un grado m\u00e1s fino.<\/p>\n<p>\u2022 Si necesita un mayor nivel de superficie pulida, le recomendamos elegir los productos de la serie Nano Diamond.<\/p>\n<p>\u2022 Para uso con almohadillas de pulido metalogr\u00e1fico.<\/p>\n<p>\u2022 Pulido final de diversos metales, moldes de precisi\u00f3n, zafiro, aleaciones de aluminio, cer\u00e1mica, etc.<\/p>\n<p>&nbsp;<\/p>\n<h5><strong><span style=\"color: #ff0000; font-size: 19.2px;\">\u25b2<\/span><\/strong><strong><span style=\"color: #ff0000; font-size: 19.2px;\">Si necesita tama\u00f1os personalizados, p\u00f3ngase en contacto con el servicio de atenci\u00f3n al cliente. La fecha de entrega se basa en la hora que nos indique el servicio de atenci\u00f3n al cliente.<\/span><\/strong><\/h5>\n<h5><strong><span style=\"color: #ff0000; font-size: 19.2px;\">\u25b2 Los pedidos grandes pueden disfrutar de descuentos, comun\u00edquese con el servicio de atenci\u00f3n al cliente para realizar consultas.<br \/>\n<\/span><\/strong><\/h5>\n<h5><strong><span style=\"color: #ff0000; font-size: 19.2px;\">\u25b2<\/span><span style=\"color: #ff0000; font-size: 19.2px;\">El tiempo de<\/span><span style=\"color: #ff0000;\"> entrega para pedidos de<\/span><span style=\"color: #ff0000; font-size: 19.2px;\"> Taiw\u00e1n es de aproximadamente 7 a 14 d\u00edas h\u00e1biles.<\/span><\/strong><\/h5>\n<h5><strong><span style=\"color: #ff0000; font-size: 19.2px;\">\u25b2<\/span><span style=\"color: #ff0000;\">Los pedidos internacionales tardan aproximadamente de 7 a 14 d\u00edas en enviarse. El tiempo de entrega real depende del estado de entrega de la empresa de mensajer\u00eda.<\/span><\/strong><\/h5>\n","protected":false},"featured_media":124811,"template":"","meta":{"site-sidebar-layout":"default","site-content-layout":"default","ast-site-content-layout":"default","site-content-style":"default","site-sidebar-style":"default","ast-global-header-display":"","ast-banner-title-visibility":"","ast-main-header-display":"","ast-hfb-above-header-display":"","ast-hfb-below-header-display":"","ast-hfb-mobile-header-display":"","site-post-title":"","ast-breadcrumbs-content":"","ast-featured-img":"","footer-sml-layout":"","ast-disable-related-posts":"","theme-transparent-header-meta":"default","adv-header-id-meta":"","stick-header-meta":"default","header-above-stick-meta":"","header-main-stick-meta":"","header-below-stick-meta":"","astra-migrate-meta-layouts":"default","ast-page-background-enabled":"default","ast-page-background-meta":{"desktop":{"background-color":"var(--ast-global-color-5)","background-image":"","background-repeat":"repeat","background-position":"center center","background-size":"auto","background-attachment":"scroll","background-type":"","background-media":"","overlay-type":"","overlay-color":"","overlay-opacity":"","overlay-gradient":""},"tablet":{"background-color":"","background-image":"","background-repeat":"repeat","background-position":"center center","background-size":"auto","background-attachment":"scroll","background-type":"","background-media":"","overlay-type":"","overlay-color":"","overlay-opacity":"","overlay-gradient":""},"mobile":{"background-color":"","background-image":"","background-repeat":"repeat","background-position":"center center","background-size":"auto","background-attachment":"scroll","background-type":"","background-media":"","overlay-type":"","overlay-color":"","overlay-opacity":"","overlay-gradient":""}},"ast-content-background-meta":{"desktop":{"background-color":"var(--ast-global-color-4)","background-image":"","background-repeat":"repeat","background-position":"center center","background-size":"auto","background-attachment":"scroll","background-type":"","background-media":"","overlay-type":"","overlay-color":"","overlay-opacity":"","overlay-gradient":""},"tablet":{"background-color":"var(--ast-global-color-4)","background-image":"","background-repeat":"repeat","background-position":"center center","background-size":"auto","background-attachment":"scroll","background-type":"","background-media":"","overlay-type":"","overlay-color":"","overlay-opacity":"","overlay-gradient":""},"mobile":{"background-color":"var(--ast-global-color-4)","background-image":"","background-repeat":"repeat","background-position":"center center","background-size":"auto","background-attachment":"scroll","background-type":"","background-media":"","overlay-type":"","overlay-color":"","overlay-opacity":"","overlay-gradient":""}}},"product_brand":[],"product_cat":[10490,10522,10471,10498],"product_tag":[10680,10681,10666],"class_list":{"0":"post-124810","1":"product","2":"type-product","3":"status-publish","4":"has-post-thumbnail","6":"product_cat-abrasivos-suaves","7":"product_cat-consumibles-metalograficos","8":"product_cat-fluido-de-pulido","9":"product_cat-liquido-pasta-polvo-para-pulir","10":"product_tag-alumina","11":"product_tag-liquido-de-pulido","12":"product_tag-metalografia-es","13":"pa_capacity-1000ml-es","14":"pa_capacity-500ml-es","15":"pa_capacity-quienes-pidan-mas-podran-contactar-al-vendedor-de-forma-privada-para-disfrutar-de-descuentos","16":"desktop-align-left","17":"tablet-align-left","18":"mobile-align-left","19":"ast-product-gallery-layout-horizontal-slider","20":"ast-product-gallery-with-no-image","21":"ast-product-single-variable","22":"ast-product-tabs-layout-horizontal","24":"first","25":"instock","26":"taxable","27":"shipping-taxable","28":"purchasable","29":"product-type-variable"},"_links":{"self":[{"href":"https:\/\/honwaygroup.com\/es\/wp-json\/wp\/v2\/product\/124810","targetHints":{"allow":["GET"]}}],"collection":[{"href":"https:\/\/honwaygroup.com\/es\/wp-json\/wp\/v2\/product"}],"about":[{"href":"https:\/\/honwaygroup.com\/es\/wp-json\/wp\/v2\/types\/product"}],"version-history":[{"count":0,"href":"https:\/\/honwaygroup.com\/es\/wp-json\/wp\/v2\/product\/124810\/revisions"}],"wp:featuredmedia":[{"embeddable":true,"href":"https:\/\/honwaygroup.com\/es\/wp-json\/wp\/v2\/media\/124811"}],"wp:attachment":[{"href":"https:\/\/honwaygroup.com\/es\/wp-json\/wp\/v2\/media?parent=124810"}],"wp:term":[{"taxonomy":"product_brand","embeddable":true,"href":"https:\/\/honwaygroup.com\/es\/wp-json\/wp\/v2\/product_brand?post=124810"},{"taxonomy":"product_cat","embeddable":true,"href":"https:\/\/honwaygroup.com\/es\/wp-json\/wp\/v2\/product_cat?post=124810"},{"taxonomy":"product_tag","embeddable":true,"href":"https:\/\/honwaygroup.com\/es\/wp-json\/wp\/v2\/product_tag?post=124810"}],"curies":[{"name":"wp","href":"https:\/\/api.w.org\/{rel}","templated":true}]}}