{"id":124784,"date":"2024-11-29T15:20:40","date_gmt":"2024-11-29T07:20:40","guid":{"rendered":"https:\/\/honwaygroup.com\/product\/polvo-de-pulido-de-alumina-metalografica\/"},"modified":"2025-09-24T10:40:08","modified_gmt":"2025-09-24T02:40:08","slug":"polvo-de-pulido-de-alumina-metalografica","status":"publish","type":"product","link":"https:\/\/honwaygroup.com\/es\/producto\/polvo-de-pulido-de-alumina-metalografica\/","title":{"rendered":"Polvo de pulido de al\u00famina metalogr\u00e1fica"},"content":{"rendered":"<h1>Polvo de pulido de al\u00famina metalogr\u00e1fica<\/h1>\n<p>Est\u00e1 compuesto principalmente de aluminio y ox\u00edgeno, y su f\u00f3rmula qu\u00edmica es <span class=\"katex\"><span class=\"katex-mathml\">Al2O3Al_2O_3<\/span><span class=\"katex-html\" aria-hidden=\"true\"><span class=\"base\"><span class=\"mord mathnormal\">A<\/span><span class=\"mord\"><span class=\"mord mathnormal\">l<\/span><span class=\"msupsub\"><span class=\"vlist-t vlist-t2\"><span class=\"vlist-r\"><span class=\"vlist\"><span class=\"sizing reset-size6 size3 mtight\"><span class=\"mord mtight\">2<\/span><\/span><\/span><span class=\"vlist-s\">\u200b<\/span><\/span><\/span><\/span><\/span><span class=\"mord\"><span class=\"mord mathnormal\">O<\/span><span class=\"msupsub\"><span class=\"vlist-t vlist-t2\"><span class=\"vlist-r\"><span class=\"vlist\"><span class=\"sizing reset-size6 size3 mtight\"><span class=\"mord mtight\">3<\/span><\/span><\/span><span class=\"vlist-s\">\u200b<\/span><\/span><\/span><\/span><\/span><\/span><\/span><\/span>Se utiliza ampliamente en diversas industrias, especialmente en rectificado, pulido, electr\u00f3nica, cer\u00e1mica, fabricaci\u00f3n y catalizadores. Las propiedades y usos del polvo de al\u00famina dependen de su m\u00e9todo de preparaci\u00f3n, tama\u00f1o de part\u00edcula, forma cristalina y otros factores.<\/p>\n<h2>Caracter\u00edsticas:<\/h2>\n<ul>\n<li>Con alta dureza, buenas propiedades mec\u00e1nicas y estabilidad qu\u00edmica, el polvo de pulido de al\u00famina generalmente puede proporcionar un excelente efecto de pulido y es adecuado para diferentes tipos de necesidades de pulido de superficies.<\/li>\n<li>Tiene buena resistencia al desgaste y puede mantener un efecto de pulido estable durante m\u00faltiples usos.<\/li>\n<li>La al\u00famina esf\u00e9rica puede reparar marcas de pulido en las piezas de trabajo, mejorando la superficie pulida, reduciendo la rugosidad de la superficie y obteniendo una superficie m\u00e1s brillante y limpia.<\/li>\n<li>Tiene ventaja de bajo costo.<\/li>\n<li>Se recomienda usarlo como limpieza de superficies despu\u00e9s de la aplicaci\u00f3n general de polvo de diamante.<\/li>\n<li>Se recomienda utilizar el mismo grado de polvo de diamante que el \u00faltimo utilizado o un grado de polvo de diamante m\u00e1s fino.<\/li>\n<li>Si necesita un mayor nivel de superficie pulida, le recomendamos utilizar \u00abpolvo de s\u00faper al\u00famina\u00bb.<\/li>\n<\/ul>\n<h2>Aplicaciones:<\/h2>\n<ul>\n<li>Para utilizar con almohadillas de pulido metalogr\u00e1fico.<\/li>\n<li>Pulido final de diversos metales, moldes de precisi\u00f3n, zafiro, aleaciones de aluminio, cer\u00e1mica, etc.<\/li>\n<\/ul>\n<h2>Especificaciones del producto:<\/h2>\n<div>\n<table border=\"0\" cellspacing=\"3\" cellpadding=\"5\" align=\"center\">\n<tbody>\n<tr>\n<td><strong>Al<sub>2<\/sub>O<sub>3<\/sub><\/strong><\/td>\n<td><strong>Na<sub>2<\/sub>O<\/strong><\/td>\n<td><strong>SiO<sub>2<\/sub><\/strong><\/td>\n<td><strong>Fe<sub>2<\/sub>O<sub>3<\/sub><\/strong><\/td>\n<td><strong>CaO+MgO<\/strong><\/td>\n<\/tr>\n<tr>\n<td><strong>99.6%<\/strong><\/td>\n<td><strong>0.18%<\/strong><\/td>\n<td><strong>0.01%<\/strong><\/td>\n<td><strong>0.02%<\/strong><\/td>\n<td><strong>0.02%<\/strong><\/td>\n<\/tr>\n<\/tbody>\n<\/table>\n<div>\n<div align=\"center\">\n<figure id=\"attachment_62450\" aria-describedby=\"caption-attachment-62450\" style=\"width: 2560px\" class=\"wp-caption alignnone\"><a href=\"https:\/\/honwaygroup.com\/wp-content\/uploads\/2024\/11\/%E6%B0%A7%E5%8C%96%E9%8B%81%E6%8B%8B%E5%85%89%E6%B6%B22_%E5%B7%A5%E4%BD%9C%E5%8D%80%E5%9F%9F-1-%E8%A4%87%E6%9C%AC-scaled.webp\"><img fetchpriority=\"high\" decoding=\"async\" class=\"wp-image-62450 size-full\" src=\"https:\/\/honwaygroup.com\/wp-content\/uploads\/2024\/11\/%E6%B0%A7%E5%8C%96%E9%8B%81%E6%8B%8B%E5%85%89%E6%B6%B22_%E5%B7%A5%E4%BD%9C%E5%8D%80%E5%9F%9F-1-%E8%A4%87%E6%9C%AC-scaled.webp\" alt=\"Polvo de pulido de al\u00famina\" width=\"2560\" height=\"1138\"><\/a><figcaption id=\"caption-attachment-62450\" class=\"wp-caption-text\">Polvo de pulido de al\u00famina<\/figcaption><\/figure>\n<\/div>\n<\/div>\n<div><\/div>\n<div><\/div>\n<\/div>\n<p>\u00bfTienes preguntas? <a href=\"https:\/\/honwaygroup.com\/es\/contactar-con-honway\/\">Contactar a Honway<\/a><\/p>\n","protected":false},"excerpt":{"rendered":"<ul>\n<li>Con alta dureza, buenas propiedades mec\u00e1nicas y estabilidad qu\u00edmica, el polvo de pulido de al\u00famina generalmente puede proporcionar un excelente efecto de pulido y es adecuado para diferentes tipos de necesidades de pulido de superficies.<\/li>\n<li>Tiene buena resistencia al desgaste y puede mantener un efecto de pulido estable durante m\u00faltiples usos.<\/li>\n<li>La al\u00famina esf\u00e9rica puede reparar marcas de pulido en las piezas de trabajo, mejorando la superficie pulida, reduciendo la rugosidad de la superficie y obteniendo una superficie m\u00e1s brillante y limpia.<\/li>\n<li>Tiene ventaja de bajo costo.<\/li>\n<li>Se recomienda usarlo como limpieza de superficies despu\u00e9s de la aplicaci\u00f3n general de polvo de diamante.<\/li>\n<li>Se recomienda utilizar el mismo grado de polvo de diamante que el \u00faltimo utilizado o un grado de polvo de diamante m\u00e1s fino.<\/li>\n<li>Si necesita un mayor nivel de superficie pulida, le recomendamos utilizar \u00abpolvo de s\u00faper al\u00famina\u00bb.<\/li>\n<\/ul>\n<h5><strong><span style=\"color: #ff0000; font-size: 19.2px;\">\u25b2 Los pedidos grandes pueden disfrutar de descuentos, comun\u00edquese con el servicio de atenci\u00f3n al cliente para realizar consultas.<br \/>\n<\/span><\/strong><\/h5>\n<h5><strong><span style=\"color: #ff0000; font-size: 19.2px;\">\u25b2<\/span><span style=\"color: #ff0000; font-size: 19.2px;\">El tiempo de<\/span><span style=\"color: #ff0000;\"> entrega para pedidos de<\/span><span style=\"color: #ff0000; font-size: 19.2px;\"> Taiw\u00e1n es de aproximadamente 7 a 14 d\u00edas h\u00e1biles.<\/span><\/strong><\/h5>\n<h5><strong><span style=\"color: #ff0000; font-size: 19.2px;\">\u25b2<\/span><span style=\"color: #ff0000;\">Los pedidos internacionales tardan aproximadamente de 7 a 14 d\u00edas en enviarse. El tiempo de entrega real depende del estado de entrega de la empresa de mensajer\u00eda.<\/span><\/strong><\/h5>\n<p><strong><span style=\"color: #ff0000; font-size: 19.2px;\"> <\/span><\/strong><\/p>\n","protected":false},"featured_media":124785,"template":"","meta":{"site-sidebar-layout":"default","site-content-layout":"default","ast-site-content-layout":"default","site-content-style":"default","site-sidebar-style":"default","ast-global-header-display":"","ast-banner-title-visibility":"","ast-main-header-display":"","ast-hfb-above-header-display":"","ast-hfb-below-header-display":"","ast-hfb-mobile-header-display":"","site-post-title":"","ast-breadcrumbs-content":"","ast-featured-img":"","footer-sml-layout":"","ast-disable-related-posts":"","theme-transparent-header-meta":"default","adv-header-id-meta":"","stick-header-meta":"default","header-above-stick-meta":"","header-main-stick-meta":"","header-below-stick-meta":"","astra-migrate-meta-layouts":"default","ast-page-background-enabled":"default","ast-page-background-meta":{"desktop":{"background-color":"var(--ast-global-color-5)","background-image":"","background-repeat":"repeat","background-position":"center center","background-size":"auto","background-attachment":"scroll","background-type":"","background-media":"","overlay-type":"","overlay-color":"","overlay-opacity":"","overlay-gradient":""},"tablet":{"background-color":"","background-image":"","background-repeat":"repeat","background-position":"center center","background-size":"auto","background-attachment":"scroll","background-type":"","background-media":"","overlay-type":"","overlay-color":"","overlay-opacity":"","overlay-gradient":""},"mobile":{"background-color":"","background-image":"","background-repeat":"repeat","background-position":"center center","background-size":"auto","background-attachment":"scroll","background-type":"","background-media":"","overlay-type":"","overlay-color":"","overlay-opacity":"","overlay-gradient":""}},"ast-content-background-meta":{"desktop":{"background-color":"var(--ast-global-color-4)","background-image":"","background-repeat":"repeat","background-position":"center center","background-size":"auto","background-attachment":"scroll","background-type":"","background-media":"","overlay-type":"","overlay-color":"","overlay-opacity":"","overlay-gradient":""},"tablet":{"background-color":"var(--ast-global-color-4)","background-image":"","background-repeat":"repeat","background-position":"center center","background-size":"auto","background-attachment":"scroll","background-type":"","background-media":"","overlay-type":"","overlay-color":"","overlay-opacity":"","overlay-gradient":""},"mobile":{"background-color":"var(--ast-global-color-4)","background-image":"","background-repeat":"repeat","background-position":"center center","background-size":"auto","background-attachment":"scroll","background-type":"","background-media":"","overlay-type":"","overlay-color":"","overlay-opacity":"","overlay-gradient":""}}},"product_brand":[],"product_cat":[10490,10522,10498,10460,10492,10491],"product_tag":[10680,10666,10675,10859],"class_list":{"0":"post-124784","1":"product","2":"type-product","3":"status-publish","4":"has-post-thumbnail","6":"product_cat-abrasivos-suaves","7":"product_cat-consumibles-metalograficos","8":"product_cat-liquido-pasta-polvo-para-pulir","9":"product_cat-materiales-de-pulido","10":"product_cat-monocristal","11":"product_cat-polvo-de-molienda","12":"product_tag-alumina","13":"product_tag-metalografia-es","14":"product_tag-polvo-de-alumina","15":"product_tag-polvo-de-pulido-de-alumina-metalografica","16":"desktop-align-left","17":"tablet-align-left","18":"mobile-align-left","19":"ast-product-gallery-layout-horizontal-slider","20":"ast-product-gallery-with-no-image","21":"ast-product-single-variable","22":"ast-product-tabs-layout-horizontal","24":"first","25":"instock","26":"taxable","27":"shipping-taxable","28":"purchasable","29":"product-type-variable"},"_links":{"self":[{"href":"https:\/\/honwaygroup.com\/es\/wp-json\/wp\/v2\/product\/124784","targetHints":{"allow":["GET"]}}],"collection":[{"href":"https:\/\/honwaygroup.com\/es\/wp-json\/wp\/v2\/product"}],"about":[{"href":"https:\/\/honwaygroup.com\/es\/wp-json\/wp\/v2\/types\/product"}],"version-history":[{"count":0,"href":"https:\/\/honwaygroup.com\/es\/wp-json\/wp\/v2\/product\/124784\/revisions"}],"wp:featuredmedia":[{"embeddable":true,"href":"https:\/\/honwaygroup.com\/es\/wp-json\/wp\/v2\/media\/124785"}],"wp:attachment":[{"href":"https:\/\/honwaygroup.com\/es\/wp-json\/wp\/v2\/media?parent=124784"}],"wp:term":[{"taxonomy":"product_brand","embeddable":true,"href":"https:\/\/honwaygroup.com\/es\/wp-json\/wp\/v2\/product_brand?post=124784"},{"taxonomy":"product_cat","embeddable":true,"href":"https:\/\/honwaygroup.com\/es\/wp-json\/wp\/v2\/product_cat?post=124784"},{"taxonomy":"product_tag","embeddable":true,"href":"https:\/\/honwaygroup.com\/es\/wp-json\/wp\/v2\/product_tag?post=124784"}],"curies":[{"name":"wp","href":"https:\/\/api.w.org\/{rel}","templated":true}]}}