{"id":124766,"date":"2024-11-29T16:36:32","date_gmt":"2024-11-29T08:36:32","guid":{"rendered":"https:\/\/honwaygroup.com\/product\/polvo-de-pulido-de-superalumina-metalografica\/"},"modified":"2024-11-29T16:36:32","modified_gmt":"2024-11-29T08:36:32","slug":"polvo-de-pulido-de-superalumina-metalografica","status":"publish","type":"product","link":"https:\/\/honwaygroup.com\/es\/producto\/polvo-de-pulido-de-superalumina-metalografica\/","title":{"rendered":"Polvo de pulido de superal\u00famina metalogr\u00e1fica"},"content":{"rendered":"<h3>Polvo de pulido de superal\u00famina metalogr\u00e1fica<\/h3>\n<p>El polvo de s\u00faper al\u00famina Honway tiene una f\u00f3rmula exclusiva que proporciona un mejor efecto de pulido que el polvo de al\u00famina com\u00fan.<\/p>\n<h2>Caracter\u00edsticas del producto:<\/h2>\n<ul>\n<li>A\u00f1ade f\u00f3rmula exclusiva.<\/li>\n<li>La distribuci\u00f3n del tama\u00f1o de part\u00edculas est\u00e1 concentrada, generalmente en el rango nanom\u00e9trico.<\/li>\n<li>La forma de la part\u00edcula es m\u00e1s regular.<\/li>\n<li>Las part\u00edculas esf\u00e9ricas tienen un mejor efecto de dispersi\u00f3n.<\/li>\n<li>Proporciona un excelente efecto de pulido y es adecuado para diferentes tipos de necesidades de pulido de superficies.<\/li>\n<li>Tiene buena resistencia al desgaste y puede mantener un efecto de pulido estable durante m\u00faltiples usos.<\/li>\n<li>Mejora las marcas de pulido en la superficie, reduce la rugosidad de la superficie y consigue una superficie m\u00e1s brillante y limpia.<\/li>\n<\/ul>\n<h2>Aplicaciones:<\/h2>\n<ul>\n<li>Para utilizar con almohadillas de pulido metalogr\u00e1fico.<\/li>\n<li>Pulido final de diversos metales, moldes de precisi\u00f3n, zafiro, aleaciones de aluminio, cer\u00e1mica, etc.<\/li>\n<\/ul>\n<h2>Especificaciones del producto:<\/h2>\n<div>\n<div>\n<div align=\"center\">\n<p><a href=\"https:\/\/honwaygroup.com\/wp-content\/uploads\/2024\/11\/%E8%B6%85%E7%B4%9A%E6%B0%A7%E5%8C%96%E9%8B%81%E6%8B%8B%E5%85%89%E7%B2%89_%E5%B7%A5%E4%BD%9C%E5%8D%80%E5%9F%9F-1-%E8%A4%87%E6%9C%AC-3-scaled.webp\"><img fetchpriority=\"high\" decoding=\"async\" class=\"wp-image-62516 size-full\" src=\"https:\/\/honwaygroup.com\/wp-content\/uploads\/2024\/11\/%E8%B6%85%E7%B4%9A%E6%B0%A7%E5%8C%96%E9%8B%81%E6%8B%8B%E5%85%89%E7%B2%89_%E5%B7%A5%E4%BD%9C%E5%8D%80%E5%9F%9F-1-%E8%A4%87%E6%9C%AC-3-scaled.webp\" alt=\"Polvo de pulido de s\u00faper al\u00famina\" width=\"2560\" height=\"1138\"><\/a><\/p>\n<\/div>\n<\/div>\n<div><span style=\"font-size: 1.7em; font-weight: bold;\">Ventajas del producto:<\/span><\/div>\n<div>\n<table>\n<tbody>\n<tr>\n<td width=\"184\"><\/td>\n<td width=\"184\"><strong>Polvo de s\u00faper al\u00famina<\/strong><\/td>\n<td width=\"184\">Polvo de al\u00famina<\/td>\n<\/tr>\n<tr>\n<td width=\"184\">Grado<\/td>\n<td width=\"184\"><strong>Grado electr\u00f3nico<\/strong><\/td>\n<td width=\"184\">Grado de alta pureza<\/td>\n<\/tr>\n<tr>\n<td width=\"184\">Eficiencia de pulido<\/td>\n<td width=\"184\"><strong>M\u00e1s de un 30 % superior a la del polvo de al\u00famina<\/strong><\/td>\n<td width=\"184\">Excelente efecto de pulido<\/td>\n<\/tr>\n<tr>\n<td width=\"184\">Distribuci\u00f3n de part\u00edculas<\/td>\n<td width=\"184\"><strong>Las part\u00edculas esf\u00e9ricas proporcionan una mejor dispersi\u00f3n.<\/strong><\/td>\n<td width=\"184\">Mantiene resultados de pulido estables.<\/td>\n<\/tr>\n<tr>\n<td width=\"184\">Concentraci\u00f3n<\/td>\n<td width=\"184\"><strong>Buena concentraci\u00f3n de tama\u00f1o de part\u00edcula<\/strong><\/td>\n<td width=\"184\">Distribuci\u00f3n uniforme del tama\u00f1o de part\u00edcula<\/td>\n<\/tr>\n<\/tbody>\n<\/table>\n<\/div>\n<\/div>\n<p>\u00bfTienes preguntas? <a href=\"https:\/\/honwaygroup.com\/es\/contactar-con-honway\/\">Contactar a Honway<\/a><\/p>\n","protected":false},"excerpt":{"rendered":"<ul>\n<li>A\u00f1ade f\u00f3rmula exclusiva.<\/li>\n<li>La distribuci\u00f3n del tama\u00f1o de part\u00edculas est\u00e1 concentrada, generalmente en el rango de micras o nan\u00f3metros.<\/li>\n<li>La forma de la part\u00edcula es m\u00e1s regular.<\/li>\n<li>Las part\u00edculas esf\u00e9ricas tienen un mejor efecto de dispersi\u00f3n.<\/li>\n<li>Proporciona un excelente efecto de pulido y es adecuado para diferentes tipos de necesidades de pulido de superficies.<\/li>\n<\/ul>\n<h5><strong><span style=\"color: #ff0000; font-size: 19.2px;\">\u25b2 Los pedidos grandes pueden disfrutar de descuentos, comun\u00edquese con el servicio de atenci\u00f3n al cliente para realizar consultas.<br \/>\n<\/span><\/strong><\/h5>\n<h5><strong><span style=\"color: #ff0000; font-size: 19.2px;\">\u25b2<\/span><span style=\"color: #ff0000; font-size: 19.2px;\">El tiempo de<\/span><span style=\"color: #ff0000;\"> entrega para pedidos de<\/span><span style=\"color: #ff0000; font-size: 19.2px;\"> Taiw\u00e1n es de aproximadamente 7 a 14 d\u00edas h\u00e1biles.<\/span><\/strong><\/h5>\n<h5><strong><span style=\"color: #ff0000; font-size: 19.2px;\">\u25b2<\/span><span style=\"color: #ff0000;\">Los pedidos internacionales tardan aproximadamente de 7 a 14 d\u00edas en enviarse. El tiempo de entrega real depende del estado de entrega de la empresa de mensajer\u00eda.<\/span><\/strong><\/h5>\n","protected":false},"featured_media":124767,"template":"","meta":{"site-sidebar-layout":"default","site-content-layout":"default","ast-site-content-layout":"default","site-content-style":"default","site-sidebar-style":"default","ast-global-header-display":"","ast-banner-title-visibility":"","ast-main-header-display":"","ast-hfb-above-header-display":"","ast-hfb-below-header-display":"","ast-hfb-mobile-header-display":"","site-post-title":"","ast-breadcrumbs-content":"","ast-featured-img":"","footer-sml-layout":"","ast-disable-related-posts":"","theme-transparent-header-meta":"default","adv-header-id-meta":"","stick-header-meta":"default","header-above-stick-meta":"","header-main-stick-meta":"","header-below-stick-meta":"","astra-migrate-meta-layouts":"default","ast-page-background-enabled":"default","ast-page-background-meta":{"desktop":{"background-color":"var(--ast-global-color-5)","background-image":"","background-repeat":"repeat","background-position":"center center","background-size":"auto","background-attachment":"scroll","background-type":"","background-media":"","overlay-type":"","overlay-color":"","overlay-opacity":"","overlay-gradient":""},"tablet":{"background-color":"","background-image":"","background-repeat":"repeat","background-position":"center center","background-size":"auto","background-attachment":"scroll","background-type":"","background-media":"","overlay-type":"","overlay-color":"","overlay-opacity":"","overlay-gradient":""},"mobile":{"background-color":"","background-image":"","background-repeat":"repeat","background-position":"center center","background-size":"auto","background-attachment":"scroll","background-type":"","background-media":"","overlay-type":"","overlay-color":"","overlay-opacity":"","overlay-gradient":""}},"ast-content-background-meta":{"desktop":{"background-color":"var(--ast-global-color-4)","background-image":"","background-repeat":"repeat","background-position":"center center","background-size":"auto","background-attachment":"scroll","background-type":"","background-media":"","overlay-type":"","overlay-color":"","overlay-opacity":"","overlay-gradient":""},"tablet":{"background-color":"var(--ast-global-color-4)","background-image":"","background-repeat":"repeat","background-position":"center center","background-size":"auto","background-attachment":"scroll","background-type":"","background-media":"","overlay-type":"","overlay-color":"","overlay-opacity":"","overlay-gradient":""},"mobile":{"background-color":"var(--ast-global-color-4)","background-image":"","background-repeat":"repeat","background-position":"center center","background-size":"auto","background-attachment":"scroll","background-type":"","background-media":"","overlay-type":"","overlay-color":"","overlay-opacity":"","overlay-gradient":""}}},"product_brand":[],"product_cat":[10490,10522,10498,10460,10492,10491],"product_tag":[10666,10675],"class_list":{"0":"post-124766","1":"product","2":"type-product","3":"status-publish","4":"has-post-thumbnail","6":"product_cat-abrasivos-suaves","7":"product_cat-consumibles-metalograficos","8":"product_cat-liquido-pasta-polvo-para-pulir","9":"product_cat-materiales-de-pulido","10":"product_cat-monocristal","11":"product_cat-polvo-de-molienda","12":"product_tag-metalografia-es","13":"product_tag-polvo-de-alumina","14":"desktop-align-left","15":"tablet-align-left","16":"mobile-align-left","17":"ast-product-gallery-layout-horizontal-slider","18":"ast-product-gallery-with-no-image","19":"ast-product-single-variable","20":"ast-product-tabs-layout-horizontal","22":"first","23":"instock","24":"taxable","25":"shipping-taxable","26":"purchasable","27":"product-type-variable"},"_links":{"self":[{"href":"https:\/\/honwaygroup.com\/es\/wp-json\/wp\/v2\/product\/124766","targetHints":{"allow":["GET"]}}],"collection":[{"href":"https:\/\/honwaygroup.com\/es\/wp-json\/wp\/v2\/product"}],"about":[{"href":"https:\/\/honwaygroup.com\/es\/wp-json\/wp\/v2\/types\/product"}],"version-history":[{"count":0,"href":"https:\/\/honwaygroup.com\/es\/wp-json\/wp\/v2\/product\/124766\/revisions"}],"wp:featuredmedia":[{"embeddable":true,"href":"https:\/\/honwaygroup.com\/es\/wp-json\/wp\/v2\/media\/124767"}],"wp:attachment":[{"href":"https:\/\/honwaygroup.com\/es\/wp-json\/wp\/v2\/media?parent=124766"}],"wp:term":[{"taxonomy":"product_brand","embeddable":true,"href":"https:\/\/honwaygroup.com\/es\/wp-json\/wp\/v2\/product_brand?post=124766"},{"taxonomy":"product_cat","embeddable":true,"href":"https:\/\/honwaygroup.com\/es\/wp-json\/wp\/v2\/product_cat?post=124766"},{"taxonomy":"product_tag","embeddable":true,"href":"https:\/\/honwaygroup.com\/es\/wp-json\/wp\/v2\/product_tag?post=124766"}],"curies":[{"name":"wp","href":"https:\/\/api.w.org\/{rel}","templated":true}]}}