{"id":124718,"date":"2025-01-08T11:56:53","date_gmt":"2025-01-08T03:56:53","guid":{"rendered":"https:\/\/honwaygroup.com\/product\/varillas-de-amolado-de-diamante-conicas-espacio-libre-de-codigo-cero\/"},"modified":"2025-01-08T11:56:53","modified_gmt":"2025-01-08T03:56:53","slug":"varillas-de-amolado-de-diamante-conicas-espacio-libre-de-codigo-cero","status":"publish","type":"product","link":"https:\/\/honwaygroup.com\/es\/producto\/varillas-de-amolado-de-diamante-conicas-espacio-libre-de-codigo-cero\/","title":{"rendered":"Varillas de amolado de diamante c\u00f3nicas (espacio libre de c\u00f3digo cero)"},"content":{"rendered":"<h3><strong>Varilla de pulido de diamante c\u00f3nica <\/strong><\/h3>\n<p><a href=\"https:\/\/honwaygroup.com\/wp-content\/uploads\/2021\/01\/%E9%8C%90%E5%BA%A6%E9%91%BD%E7%9F%B3%E7%A3%A8%E6%A3%92%E8%A6%8F%E6%A0%BC.avif\"><img fetchpriority=\"high\" decoding=\"async\" src=\"https:\/\/honwaygroup.com\/wp-content\/uploads\/2021\/01\/%E9%8C%90%E5%BA%A6%E9%91%BD%E7%9F%B3%E7%A3%A8%E6%A3%92%E8%A6%8F%E6%A0%BC.avif\" alt=\"Varillas de amolar de diamante c\u00f3nicas (di\u00e1metro del mango: \u00d83,0 y 6,0 mm)\" width=\"640\" height=\"150\"><\/a><\/p>\n<p>unidad : mm<\/p>\n<table>\n<tbody>\n<tr>\n<td><b>\u00d8D<\/b><\/td>\n<td><b>T<\/b><\/td>\n<td><b>\u03b8\u00b0<\/b><\/td>\n<td><b>\u00d8B<\/b><\/td>\n<td><b>L<\/b><\/td>\n<td><b>granularidad<\/b><\/td>\n<td><\/td>\n<\/tr>\n<tr>\n<td><span style=\"font-weight: 400;\">\u00d83.0<\/span><\/td>\n<td><span style=\"font-weight: 400;\">16<\/span><\/td>\n<td><span style=\"font-weight: 400;\">5<\/span><\/td>\n<td><span style=\"font-weight: 400;\">\u00d83.0<\/span><\/td>\n<td><span style=\"font-weight: 400;\">45<\/span><\/td>\n<td><span style=\"font-weight: 400;\">#400<\/span><\/td>\n<td><img decoding=\"async\" class=\"alignnone\" src=\"https:\/\/honwaygroup.com\/wp-content\/uploads\/2023\/03\/%E9%8C%90%E5%BA%A6%E9%91%BD%E7%9F%B3%E7%A3%A8%E6%A3%92-%E6%9F%84%E5%BE%91-O3.0-6.0mm_%E5%B7%A5%E4%BD%9C%E5%8D%80%E5%9F%9F-1-%E8%A4%87%E6%9C%AC-8.jpg\" width=\"534\" height=\"123\"><\/td>\n<\/tr>\n<\/tbody>\n<\/table>\n<p>\u00bfTienes preguntas? <a href=\"https:\/\/honwaygroup.com\/es\/contactar-con-honway\/\">Contactar a Honway<\/a><\/p>\n","protected":false},"excerpt":{"rendered":"<p>{Bienvenido a preguntar}<\/p>\n<p>Adecuado para el procesamiento de moldes.<\/p>\n<h5><strong><span style=\"color: #ff0000; font-size: 19.2px;\">\u25b2<\/span><\/strong><strong><span style=\"color: #ff0000; font-size: 19.2px;\">Si necesita tama\u00f1os personalizados, p\u00f3ngase en contacto con el servicio de atenci\u00f3n al cliente. La fecha de entrega se basa en la hora que nos indique el servicio de atenci\u00f3n al cliente.<\/span><\/strong><\/h5>\n<h5><strong><span style=\"color: #ff0000; font-size: 19.2px;\">\u25b2Estos productos son todos productos no est\u00e1ndar.<\/span><\/strong><\/h5>\n<h5><strong><span style=\"color: #ff0000; font-size: 19.2px;\">\u25b2<\/span><span style=\"color: #ff0000;\">Todos los productos son en talla cero y la cantidad es limitada, por lo que se agotar\u00e1n.<\/span><\/strong><\/h5>\n<h5><strong><span style=\"color: #ff0000; font-size: 19.2px;\">\u25b2Este producto se fabrica en China y se vende en lotes de 10.<\/span><\/strong><\/h5>\n","protected":false},"featured_media":124719,"template":"","meta":{"site-sidebar-layout":"default","site-content-layout":"default","ast-site-content-layout":"default","site-content-style":"default","site-sidebar-style":"default","ast-global-header-display":"","ast-banner-title-visibility":"","ast-main-header-display":"","ast-hfb-above-header-display":"","ast-hfb-below-header-display":"","ast-hfb-mobile-header-display":"","site-post-title":"","ast-breadcrumbs-content":"","ast-featured-img":"","footer-sml-layout":"","ast-disable-related-posts":"","theme-transparent-header-meta":"default","adv-header-id-meta":"","stick-header-meta":"default","header-above-stick-meta":"","header-main-stick-meta":"","header-below-stick-meta":"","astra-migrate-meta-layouts":"default","ast-page-background-enabled":"default","ast-page-background-meta":{"desktop":{"background-color":"var(--ast-global-color-5)","background-image":"","background-repeat":"repeat","background-position":"center center","background-size":"auto","background-attachment":"scroll","background-type":"","background-media":"","overlay-type":"","overlay-color":"","overlay-opacity":"","overlay-gradient":""},"tablet":{"background-color":"","background-image":"","background-repeat":"repeat","background-position":"center center","background-size":"auto","background-attachment":"scroll","background-type":"","background-media":"","overlay-type":"","overlay-color":"","overlay-opacity":"","overlay-gradient":""},"mobile":{"background-color":"","background-image":"","background-repeat":"repeat","background-position":"center center","background-size":"auto","background-attachment":"scroll","background-type":"","background-media":"","overlay-type":"","overlay-color":"","overlay-opacity":"","overlay-gradient":""}},"ast-content-background-meta":{"desktop":{"background-color":"var(--ast-global-color-4)","background-image":"","background-repeat":"repeat","background-position":"center center","background-size":"auto","background-attachment":"scroll","background-type":"","background-media":"","overlay-type":"","overlay-color":"","overlay-opacity":"","overlay-gradient":""},"tablet":{"background-color":"var(--ast-global-color-4)","background-image":"","background-repeat":"repeat","background-position":"center center","background-size":"auto","background-attachment":"scroll","background-type":"","background-media":"","overlay-type":"","overlay-color":"","overlay-opacity":"","overlay-gradient":""},"mobile":{"background-color":"var(--ast-global-color-4)","background-image":"","background-repeat":"repeat","background-position":"center center","background-size":"auto","background-attachment":"scroll","background-type":"","background-media":"","overlay-type":"","overlay-color":"","overlay-opacity":"","overlay-gradient":""}}},"product_brand":[],"product_cat":[10504,10419,10418,10513],"product_tag":[10654],"class_list":{"0":"post-124718","1":"product","2":"type-product","3":"status-publish","4":"has-post-thumbnail","6":"product_cat-dianond-tools-es","7":"product_cat-area-de-autorizacion-de-codigo-cero","8":"product_cat-otro","9":"product_cat-varilla-de-pulido-de-diamante","10":"product_tag-varilla-de-pulido-de-diamante-conica","11":"desktop-align-left","12":"tablet-align-left","13":"mobile-align-left","14":"ast-product-gallery-layout-horizontal-slider","15":"ast-product-gallery-with-no-image","16":"ast-product-single-variable","17":"ast-product-tabs-layout-horizontal","19":"first","20":"instock","21":"taxable","22":"shipping-taxable","23":"purchasable","24":"product-type-variable"},"_links":{"self":[{"href":"https:\/\/honwaygroup.com\/es\/wp-json\/wp\/v2\/product\/124718","targetHints":{"allow":["GET"]}}],"collection":[{"href":"https:\/\/honwaygroup.com\/es\/wp-json\/wp\/v2\/product"}],"about":[{"href":"https:\/\/honwaygroup.com\/es\/wp-json\/wp\/v2\/types\/product"}],"version-history":[{"count":0,"href":"https:\/\/honwaygroup.com\/es\/wp-json\/wp\/v2\/product\/124718\/revisions"}],"wp:featuredmedia":[{"embeddable":true,"href":"https:\/\/honwaygroup.com\/es\/wp-json\/wp\/v2\/media\/124719"}],"wp:attachment":[{"href":"https:\/\/honwaygroup.com\/es\/wp-json\/wp\/v2\/media?parent=124718"}],"wp:term":[{"taxonomy":"product_brand","embeddable":true,"href":"https:\/\/honwaygroup.com\/es\/wp-json\/wp\/v2\/product_brand?post=124718"},{"taxonomy":"product_cat","embeddable":true,"href":"https:\/\/honwaygroup.com\/es\/wp-json\/wp\/v2\/product_cat?post=124718"},{"taxonomy":"product_tag","embeddable":true,"href":"https:\/\/honwaygroup.com\/es\/wp-json\/wp\/v2\/product_tag?post=124718"}],"curies":[{"name":"wp","href":"https:\/\/api.w.org\/{rel}","templated":true}]}}