{"id":124685,"date":"2025-01-20T11:17:16","date_gmt":"2025-01-20T03:17:16","guid":{"rendered":"https:\/\/honwaygroup.com\/product\/limas-de-diamante-varillas-de-amolar-perforadas-diametro-de-la-varilla-o15-45-mm\/"},"modified":"2025-01-20T11:17:16","modified_gmt":"2025-01-20T03:17:16","slug":"limas-de-diamante-varillas-de-amolar-perforadas-diametro-de-la-varilla-o15-45-mm","status":"publish","type":"product","link":"https:\/\/honwaygroup.com\/es\/producto\/limas-de-diamante-varillas-de-amolar-perforadas-diametro-de-la-varilla-o15-45-mm\/","title":{"rendered":"Limas de diamante, varillas de amolar perforadas (di\u00e1metro de la varilla: \u00d81,5-4,5 mm)"},"content":{"rendered":"<h3>Limas de diamante, varillas de amolar perforadas (di\u00e1metro de la varilla: \u00d81,5-4,5 mm)<\/h3>\n<p>El material de diamante tiene una resistencia al desgaste extremadamente alta, la varilla de pulido tiene una larga vida \u00fatil durante el uso y se reduce la frecuencia de reemplazo.<\/p>\n<h2>\u00c1reas de aplicaci\u00f3n<\/h2>\n<ul>\n<li>Es adecuado para rectificado de orificios internos, recorte, perforaci\u00f3n, procesamiento de orificios internos u otras necesidades de rectificado de precisi\u00f3n en el procesamiento de metales.<\/li>\n<li>Adecuado para materiales duros como cer\u00e1mica, vidrio, carburo, piedra, etc.<\/li>\n<li>Se puede utilizar para expandir agujeros en matrices de trefilado de alambre, matrices de tornillo, etc.<\/li>\n<\/ul>\n<h2>Especificaciones del producto<\/h2>\n<p><a href=\"https:\/\/honwaygroup.com\/wp-content\/uploads\/2025\/01\/messageImage_1737343357285.webp\"><img fetchpriority=\"high\" decoding=\"async\" class=\"alignnone wp-image-66711 size-full\" src=\"https:\/\/honwaygroup.com\/wp-content\/uploads\/2025\/01\/messageImage_1737343357285.webp\" alt=\"Limas de diamante y varillas de amolar perforadas marcadas\" width=\"1531\" height=\"335\" srcset=\"https:\/\/honwaygroup.com\/wp-content\/uploads\/2025\/01\/messageImage_1737343357285.webp 1531w, https:\/\/honwaygroup.com\/wp-content\/uploads\/2025\/01\/messageImage_1737343357285-300x66.webp 300w, https:\/\/honwaygroup.com\/wp-content\/uploads\/2025\/01\/messageImage_1737343357285-1024x224.webp 1024w, https:\/\/honwaygroup.com\/wp-content\/uploads\/2025\/01\/messageImage_1737343357285-768x168.webp 768w\" sizes=\"(max-width: 1531px) 100vw, 1531px\" \/><\/a><\/p>\n<p>\u203bLos puntos en la imagen son donde se fija el abrasivo.<\/p>\n<p>\u203b El extremo delantero de la varilla de molienda se retirar\u00e1 (\u00d8A) -0,15 mm<\/p>\n<p>unidad : mm<\/p>\n<table>\n<tbody>\n<tr>\n<td width=\"79\"><strong>\u00d8A<\/strong><\/p>\n<p><strong>O.D<\/strong><\/td>\n<td width=\"79\"><strong>\u00d8B<\/strong><\/p>\n<p><strong>Shank<\/strong><\/td>\n<td width=\"79\"><strong>Longitud de superficie inclinada L2<\/strong><\/td>\n<td width=\"79\"><strong>T<\/strong><\/td>\n<td width=\"79\"><strong>L<\/strong><\/td>\n<td width=\"79\"><strong>granularidad<\/strong><\/td>\n<\/tr>\n<tr>\n<td width=\"79\">1.5<\/td>\n<td width=\"79\">1.20<\/td>\n<td width=\"79\">90<\/td>\n<td width=\"79\">120<\/td>\n<td width=\"79\">200<\/td>\n<td width=\"79\">D150<\/td>\n<\/tr>\n<tr>\n<td width=\"79\">1.6<\/td>\n<td width=\"79\">1.30<\/td>\n<td width=\"79\">90<\/td>\n<td width=\"79\">120<\/td>\n<td width=\"79\">200<\/td>\n<td width=\"79\">D150<\/td>\n<\/tr>\n<tr>\n<td width=\"79\">1.7<\/td>\n<td width=\"79\">1.40<\/td>\n<td width=\"79\">90<\/td>\n<td width=\"79\">120<\/td>\n<td width=\"79\">200<\/td>\n<td width=\"79\">D150<\/td>\n<\/tr>\n<tr>\n<td width=\"79\">1.8<\/td>\n<td width=\"79\">1.50<\/td>\n<td width=\"79\">90<\/td>\n<td width=\"79\">120<\/td>\n<td width=\"79\">200<\/td>\n<td width=\"79\">D150<\/td>\n<\/tr>\n<tr>\n<td width=\"79\">1.9<\/td>\n<td width=\"79\">1.60<\/td>\n<td width=\"79\">90<\/td>\n<td width=\"79\">120<\/td>\n<td width=\"79\">200<\/td>\n<td width=\"79\">D150<\/td>\n<\/tr>\n<tr>\n<td width=\"79\">2.0<\/td>\n<td width=\"79\">1.70<\/td>\n<td width=\"79\">90<\/td>\n<td width=\"79\">120<\/td>\n<td width=\"79\">200<\/td>\n<td width=\"79\">D150<\/td>\n<\/tr>\n<tr>\n<td width=\"79\">2.1<\/td>\n<td width=\"79\">1.80<\/td>\n<td width=\"79\">90<\/td>\n<td width=\"79\">120<\/td>\n<td width=\"79\">200<\/td>\n<td width=\"79\">D150<\/td>\n<\/tr>\n<tr>\n<td width=\"79\">2.2<\/td>\n<td width=\"79\">1.90<\/td>\n<td width=\"79\">90<\/td>\n<td width=\"79\">120<\/td>\n<td width=\"79\">200<\/td>\n<td width=\"79\">D150<\/td>\n<\/tr>\n<tr>\n<td width=\"79\">2.3<\/td>\n<td width=\"79\">2.00<\/td>\n<td width=\"79\">90<\/td>\n<td width=\"79\">120<\/td>\n<td width=\"79\">200<\/td>\n<td width=\"79\">D150<\/td>\n<\/tr>\n<tr>\n<td width=\"79\">2.4<\/td>\n<td width=\"79\">2.10<\/td>\n<td width=\"79\">90<\/td>\n<td width=\"79\">120<\/td>\n<td width=\"79\">200<\/td>\n<td width=\"79\">D150<\/td>\n<\/tr>\n<tr>\n<td width=\"79\">2.5<\/td>\n<td width=\"79\">2.20<\/td>\n<td width=\"79\">90<\/td>\n<td width=\"79\">120<\/td>\n<td width=\"79\">200<\/td>\n<td width=\"79\">D150<\/td>\n<\/tr>\n<tr>\n<td width=\"79\">2.6<\/td>\n<td width=\"79\">2.30<\/td>\n<td width=\"79\">90<\/td>\n<td width=\"79\">120<\/td>\n<td width=\"79\">200<\/td>\n<td width=\"79\">D150<\/td>\n<\/tr>\n<tr>\n<td width=\"79\">2.7<\/td>\n<td width=\"79\">2.40<\/td>\n<td width=\"79\">90<\/td>\n<td width=\"79\">120<\/td>\n<td width=\"79\">200<\/td>\n<td width=\"79\">D150<\/td>\n<\/tr>\n<tr>\n<td width=\"79\">2.8<\/td>\n<td width=\"79\">2.50<\/td>\n<td width=\"79\">90<\/td>\n<td width=\"79\">120<\/td>\n<td width=\"79\">200<\/td>\n<td width=\"79\">D150<\/td>\n<\/tr>\n<tr>\n<td width=\"79\">2.9<\/td>\n<td width=\"79\">2.60<\/td>\n<td width=\"79\">90<\/td>\n<td width=\"79\">120<\/td>\n<td width=\"79\">200<\/td>\n<td width=\"79\">D150<\/td>\n<\/tr>\n<tr>\n<td width=\"79\">3.0<\/td>\n<td width=\"79\">2.70<\/td>\n<td width=\"79\">90<\/td>\n<td width=\"79\">120<\/td>\n<td width=\"79\">200<\/td>\n<td width=\"79\">D150<\/td>\n<\/tr>\n<tr>\n<td width=\"79\">3.1<\/td>\n<td width=\"79\">2.80<\/td>\n<td width=\"79\">90<\/td>\n<td width=\"79\">120<\/td>\n<td width=\"79\">200<\/td>\n<td width=\"79\">D150<\/td>\n<\/tr>\n<tr>\n<td width=\"79\">3.2<\/td>\n<td width=\"79\">2.90<\/td>\n<td width=\"79\">90<\/td>\n<td width=\"79\">120<\/td>\n<td width=\"79\">200<\/td>\n<td width=\"79\">D150<\/td>\n<\/tr>\n<tr>\n<td width=\"79\">3.3<\/td>\n<td width=\"79\">3.00<\/td>\n<td width=\"79\">90<\/td>\n<td width=\"79\">120<\/td>\n<td width=\"79\">200<\/td>\n<td width=\"79\">D150<\/td>\n<\/tr>\n<tr>\n<td width=\"79\">3.4<\/td>\n<td width=\"79\">3.10<\/td>\n<td width=\"79\">90<\/td>\n<td width=\"79\">120<\/td>\n<td width=\"79\">200<\/td>\n<td width=\"79\">D150<\/td>\n<\/tr>\n<tr>\n<td width=\"79\">3.5<\/td>\n<td width=\"79\">3.20<\/td>\n<td width=\"79\">90<\/td>\n<td width=\"79\">120<\/td>\n<td width=\"79\">200<\/td>\n<td width=\"79\">D150<\/td>\n<\/tr>\n<tr>\n<td width=\"79\">3.6<\/td>\n<td width=\"79\">3.30<\/td>\n<td width=\"79\">90<\/td>\n<td width=\"79\">120<\/td>\n<td width=\"79\">200<\/td>\n<td width=\"79\">D150<\/td>\n<\/tr>\n<tr>\n<td width=\"79\">3.7<\/td>\n<td width=\"79\">3.40<\/td>\n<td width=\"79\">90<\/td>\n<td width=\"79\">120<\/td>\n<td width=\"79\">200<\/td>\n<td width=\"79\">D150<\/td>\n<\/tr>\n<tr>\n<td width=\"79\">3.8<\/td>\n<td width=\"79\">3.50<\/td>\n<td width=\"79\">90<\/td>\n<td width=\"79\">120<\/td>\n<td width=\"79\">200<\/td>\n<td width=\"79\">D150<\/td>\n<\/tr>\n<tr>\n<td width=\"79\">3.9<\/td>\n<td width=\"79\">3.60<\/td>\n<td width=\"79\">90<\/td>\n<td width=\"79\">120<\/td>\n<td width=\"79\">200<\/td>\n<td width=\"79\">D150<\/td>\n<\/tr>\n<tr>\n<td width=\"79\">4.0<\/td>\n<td width=\"79\">3.70<\/td>\n<td width=\"79\">90<\/td>\n<td width=\"79\">120<\/td>\n<td width=\"79\">200<\/td>\n<td width=\"79\">D150<\/td>\n<\/tr>\n<tr>\n<td width=\"79\">4.1<\/td>\n<td width=\"79\">3.70<\/td>\n<td width=\"79\">90<\/td>\n<td width=\"79\">120<\/td>\n<td width=\"79\">200<\/td>\n<td width=\"79\">D150<\/td>\n<\/tr>\n<tr>\n<td width=\"79\">4.2<\/td>\n<td width=\"79\">3.80<\/td>\n<td width=\"79\">90<\/td>\n<td width=\"79\">120<\/td>\n<td width=\"79\">200<\/td>\n<td width=\"79\">D150<\/td>\n<\/tr>\n<tr>\n<td width=\"79\">4.3<\/td>\n<td width=\"79\">3.90<\/td>\n<td width=\"79\">90<\/td>\n<td width=\"79\">120<\/td>\n<td width=\"79\">200<\/td>\n<td width=\"79\">D150<\/td>\n<\/tr>\n<tr>\n<td width=\"79\">4.4<\/td>\n<td width=\"79\">4.00<\/td>\n<td width=\"79\">90<\/td>\n<td width=\"79\">120<\/td>\n<td width=\"79\">200<\/td>\n<td width=\"79\">D150<\/td>\n<\/tr>\n<tr>\n<td width=\"79\">4.5<\/td>\n<td width=\"79\">4.10<\/td>\n<td width=\"79\">90<\/td>\n<td width=\"79\">120<\/td>\n<td width=\"79\">200<\/td>\n<td width=\"79\">D150<\/td>\n<\/tr>\n<\/tbody>\n<\/table>\n<p><span style=\"font-size: 16px\">\u00bfTienes preguntas? <\/span><a style=\"font-size: 16px;background-color: #ffffff\" href=\"https:\/\/honwaygroup.com\/es\/contactar-con-honway\/\" target=\"_blank\" rel=\"nofollow noopener\">Contactar a Honway<\/a><\/p>\n","protected":false},"excerpt":{"rendered":"<ul>\n<li>Es adecuado para rectificado de orificios internos, recorte, perforaci\u00f3n, procesamiento de orificios internos u otras necesidades de rectificado de precisi\u00f3n en el procesamiento de metales.<\/li>\n<li>Adecuado para materiales duros como cer\u00e1mica, vidrio, carburo, piedra, etc.<\/li>\n<li>Se puede utilizar para expandir agujeros en matrices de trefilado de alambre, matrices de tornillo, etc.<\/li>\n<\/ul>\n<h5><span style=\"color: #ff0000\"><strong>\u25b2Todos los precios de los productos incluyen impuestos (solo Taiw\u00e1n), los aranceles aduaneros se cobran por separado.<\/strong><\/span><\/h5>\n<h5><strong><span style=\"color: #ff0000;font-size: 19.2px\">\u25b2<\/span><\/strong><strong><span style=\"color: #ff0000;font-size: 19.2px\">Si necesita tama\u00f1os personalizados, p\u00f3ngase en contacto con el servicio de atenci\u00f3n al cliente. La fecha de entrega se basa en la hora que nos indique el servicio de atenci\u00f3n al cliente.<\/span><\/strong><\/h5>\n<h5><strong><span style=\"color: #ff0000;font-size: 19.2px\">\u25b2Los pedidos grandes pueden disfrutar de descuentos, comun\u00edquese con el servicio de atenci\u00f3n al cliente para realizar consultas.\\\u554f<br \/>\n\u25b2<\/span><span style=\"color: #ff0000;font-size: 19.2px\">El tiempo de<\/span> <span style=\"color: #ff0000\">entrega para pedidos de<\/span> <span style=\"color: #ff0000;font-size: 19.2px\">Taiw\u00e1n es de aproximadamente 7 a 14 d\u00edas h\u00e1biles.<\/span><\/strong><\/h5>\n<h5><strong><span style=\"color: #ff0000;font-size: 19.2px\">\u25b2<\/span><span style=\"color: #ff0000\">Los pedidos internacionales tardan aproximadamente de 7 a 14 d\u00edas en enviarse. El tiempo de entrega real depende del estado de entrega de la empresa de mensajer\u00eda.<\/span><\/strong><\/h5>\n","protected":false},"featured_media":124573,"template":"","meta":{"site-sidebar-layout":"default","site-content-layout":"default","ast-site-content-layout":"default","site-content-style":"default","site-sidebar-style":"default","ast-global-header-display":"","ast-banner-title-visibility":"","ast-main-header-display":"","ast-hfb-above-header-display":"","ast-hfb-below-header-display":"","ast-hfb-mobile-header-display":"","site-post-title":"","ast-breadcrumbs-content":"","ast-featured-img":"","footer-sml-layout":"","ast-disable-related-posts":"","theme-transparent-header-meta":"default","adv-header-id-meta":"","stick-header-meta":"default","header-above-stick-meta":"","header-main-stick-meta":"","header-below-stick-meta":"","astra-migrate-meta-layouts":"default","ast-page-background-enabled":"default","ast-page-background-meta":{"desktop":{"background-color":"var(--ast-global-color-5)","background-image":"","background-repeat":"repeat","background-position":"center center","background-size":"auto","background-attachment":"scroll","background-type":"","background-media":"","overlay-type":"","overlay-color":"","overlay-opacity":"","overlay-gradient":""},"tablet":{"background-color":"","background-image":"","background-repeat":"repeat","background-position":"center center","background-size":"auto","background-attachment":"scroll","background-type":"","background-media":"","overlay-type":"","overlay-color":"","overlay-opacity":"","overlay-gradient":""},"mobile":{"background-color":"","background-image":"","background-repeat":"repeat","background-position":"center center","background-size":"auto","background-attachment":"scroll","background-type":"","background-media":"","overlay-type":"","overlay-color":"","overlay-opacity":"","overlay-gradient":""}},"ast-content-background-meta":{"desktop":{"background-color":"var(--ast-global-color-4)","background-image":"","background-repeat":"repeat","background-position":"center center","background-size":"auto","background-attachment":"scroll","background-type":"","background-media":"","overlay-type":"","overlay-color":"","overlay-opacity":"","overlay-gradient":""},"tablet":{"background-color":"var(--ast-global-color-4)","background-image":"","background-repeat":"repeat","background-position":"center center","background-size":"auto","background-attachment":"scroll","background-type":"","background-media":"","overlay-type":"","overlay-color":"","overlay-opacity":"","overlay-gradient":""},"mobile":{"background-color":"var(--ast-global-color-4)","background-image":"","background-repeat":"repeat","background-position":"center center","background-size":"auto","background-attachment":"scroll","background-type":"","background-media":"","overlay-type":"","overlay-color":"","overlay-opacity":"","overlay-gradient":""}}},"product_brand":[],"product_cat":[10504,10513],"product_tag":[10563,10562],"class_list":{"0":"post-124685","1":"product","2":"type-product","3":"status-publish","4":"has-post-thumbnail","6":"product_cat-dianond-tools-es","7":"product_cat-varilla-de-pulido-de-diamante","8":"product_tag-limas-de-diamante","9":"product_tag-varilla-de-pulido-perforada-con-diamante","10":"desktop-align-left","11":"tablet-align-left","12":"mobile-align-left","13":"ast-product-gallery-layout-horizontal-slider","14":"ast-product-gallery-with-no-image","15":"ast-product-single-variable","16":"ast-product-tabs-layout-horizontal","18":"first","19":"instock","20":"taxable","21":"shipping-taxable","22":"purchasable","23":"product-type-variable"},"_links":{"self":[{"href":"https:\/\/honwaygroup.com\/es\/wp-json\/wp\/v2\/product\/124685","targetHints":{"allow":["GET"]}}],"collection":[{"href":"https:\/\/honwaygroup.com\/es\/wp-json\/wp\/v2\/product"}],"about":[{"href":"https:\/\/honwaygroup.com\/es\/wp-json\/wp\/v2\/types\/product"}],"version-history":[{"count":0,"href":"https:\/\/honwaygroup.com\/es\/wp-json\/wp\/v2\/product\/124685\/revisions"}],"wp:featuredmedia":[{"embeddable":true,"href":"https:\/\/honwaygroup.com\/es\/wp-json\/wp\/v2\/media\/124573"}],"wp:attachment":[{"href":"https:\/\/honwaygroup.com\/es\/wp-json\/wp\/v2\/media?parent=124685"}],"wp:term":[{"taxonomy":"product_brand","embeddable":true,"href":"https:\/\/honwaygroup.com\/es\/wp-json\/wp\/v2\/product_brand?post=124685"},{"taxonomy":"product_cat","embeddable":true,"href":"https:\/\/honwaygroup.com\/es\/wp-json\/wp\/v2\/product_cat?post=124685"},{"taxonomy":"product_tag","embeddable":true,"href":"https:\/\/honwaygroup.com\/es\/wp-json\/wp\/v2\/product_tag?post=124685"}],"curies":[{"name":"wp","href":"https:\/\/api.w.org\/{rel}","templated":true}]}}