{"id":124667,"date":"2025-02-03T18:02:20","date_gmt":"2025-02-03T10:02:20","guid":{"rendered":"https:\/\/honwaygroup.com\/product\/nuevo-producto-en-stock-muela-de-diamante-electroformada-muela-de-bisel-de-una-cara-rectificado-de-brocas-rectificado-de-acero-de-tungsteno\/"},"modified":"2025-02-03T18:02:20","modified_gmt":"2025-02-03T10:02:20","slug":"nuevo-producto-en-stock-muela-de-diamante-electroformada-muela-de-bisel-de-una-cara-rectificado-de-brocas-rectificado-de-acero-de-tungsteno","status":"publish","type":"product","link":"https:\/\/honwaygroup.com\/es\/producto\/nuevo-producto-en-stock-muela-de-diamante-electroformada-muela-de-bisel-de-una-cara-rectificado-de-brocas-rectificado-de-acero-de-tungsteno\/","title":{"rendered":"Nuevo producto en stock | Muela de diamante electroformada, muela de bisel de una cara, rectificado de brocas, rectificado de acero de tungsteno"},"content":{"rendered":"<h1>Muela de diamante electroformada<\/h1>\n<ul>\n<li>En comparaci\u00f3n con otras muelas abrasivas adheridas, las muelas abrasivas electroformadas tienen una mayor concentraci\u00f3n y protuberancia abrasiva, son muy afiladas y tienen una gran capacidad de rectificado.<\/li>\n<li>No hay restricciones en el molde, y se pueden producir muelas de diversas formas. Las dimensiones exteriores de la muela apenas var\u00edan, lo que la hace ideal para el rectificado por conformaci\u00f3n.<\/li>\n<\/ul>\n<h2>\u00c1reas de aplicaci\u00f3n<\/h2>\n<ul>\n<li>Rectificado con plantilla: Se utiliza principalmente en procesos de conformado de precisi\u00f3n de cer\u00e1mica y cuarzo. Se pueden fabricar productos personalizados seg\u00fan las diferentes necesidades. Los tama\u00f1os de grano comunes van del n.\u00b0 80 al n.\u00b0 325, satisfaciendo las necesidades de procesamiento grueso y fino.<\/li>\n<li>Procesamiento de vidrio t\u00e1ctil: Perforar y biselar paneles de vidrio de tel\u00e9fonos inteligentes y tabletas puede mejorar la eficiencia del trabajo al combinar diferentes tama\u00f1os de grano en la misma varilla de pulido electroformada.<\/li>\n<li>Rectificado de herramientas: Tanto las fresas como las rectificadoras de cola de broca est\u00e1n equipadas con muelas electroformadas. El acero de tungsteno se puede rectificar con diamantes, mientras que el acero de alta velocidad se puede rectificar con abrasivos de CBN.<\/li>\n<li>Rectificado por conformaci\u00f3n: El m\u00e9todo de electroconformado permite producir diversas formas con una peque\u00f1a deformaci\u00f3n, por lo que es adecuado para el rectificado por conformaci\u00f3n. Tambi\u00e9n se puede utilizar para la fabricaci\u00f3n de bloques de rectificado para el rectificado de muelas de al\u00famina.<\/li>\n<li>Adecuado para rectificar y dar forma a herramientas de <a href=\"https:\/\/baike.baidu.hk\/item\/%E9%8E%A2%E9%8B%BC\/10978626\" rel=\"nofollow noopener\" target=\"_blank\">acero de tungsteno.<\/a><\/li>\n<\/ul>\n<h2><\/h2>\n<h2>Especificaciones del producto<\/h2>\n<p>\u203bLos puntos y las l\u00edneas punteadas en el diagrama son donde se fija el abrasivo.<\/p>\n<p>&nbsp;<\/p>\n<figure id=\"attachment_67830\" aria-describedby=\"caption-attachment-67830\" style=\"width: 1200px\" class=\"wp-caption alignnone\"><a href=\"https:\/\/honwaygroup.com\/wp-content\/uploads\/2025\/02\/%E5%B7%A5%E4%BD%9C%E5%8D%80%E5%9F%9F-3.webp\"><img fetchpriority=\"high\" decoding=\"async\" class=\"size-full wp-image-67830\" src=\"https:\/\/honwaygroup.com\/wp-content\/uploads\/2025\/02\/%E5%B7%A5%E4%BD%9C%E5%8D%80%E5%9F%9F-3.webp\" alt=\"Especificaciones de la muela de diamante\" width=\"1200\" height=\"1200\"><\/a><figcaption id=\"caption-attachment-67830\" class=\"wp-caption-text\"><span style=\"font-size: 16px;\">Tama\u00f1o: 1V1_78D-10T-3W-60V-12.7H<\/span><\/figcaption><\/figure>\n<p>Tama\u00f1o de part\u00edcula: 200#<\/p>\n<p>unidad : mm<\/p>\n<p><span style=\"font-size: 16px;\">\u00bfTienes preguntas? <\/span><a style=\"font-size: 16px; background-color: #ffffff;\" href=\"https:\/\/honwaygroup.com\/es\/contactar-con-honway\/\" target=\"_blank\" rel=\"nofollow noopener\">Contactar a Honway<\/a><\/p>\n","protected":false},"excerpt":{"rendered":"<ul>\n<li>En comparaci\u00f3n con otras muelas abrasivas adheridas, las muelas abrasivas electroformadas tienen una mayor concentraci\u00f3n y protuberancia abrasiva, son muy afiladas y tienen una gran capacidad de rectificado.<\/li>\n<li>No hay restricciones en el molde, y se pueden producir muelas de diversas formas. Las dimensiones exteriores de la muela apenas var\u00edan, lo que la hace ideal para el rectificado por conformaci\u00f3n.<\/li>\n<\/ul>\n<p>\u00c1reas de aplicaci\u00f3n<\/p>\n<ul>\n<li>Rectificado con plantilla: Se utiliza principalmente en procesos de conformado de precisi\u00f3n de cer\u00e1mica y cuarzo. Se pueden fabricar productos personalizados seg\u00fan las diferentes necesidades. Los tama\u00f1os de grano comunes van del n.\u00b0 80 al n.\u00b0 325, satisfaciendo las necesidades de procesamiento grueso y fino.<\/li>\n<li>Procesamiento de vidrio t\u00e1ctil: Perforar y biselar paneles de vidrio de tel\u00e9fonos inteligentes y tabletas puede mejorar la eficiencia del trabajo al combinar diferentes tama\u00f1os de grano en la misma varilla de pulido electroformada.<\/li>\n<li>Rectificado de herramientas: Tanto las fresas como las rectificadoras de cola de broca est\u00e1n equipadas con muelas electroformadas. El acero de tungsteno se puede rectificar con diamantes, mientras que el acero de alta velocidad se puede rectificar con abrasivos de CBN.<\/li>\n<li>Rectificado por conformaci\u00f3n: El m\u00e9todo de electroconformado permite producir diversas formas con una peque\u00f1a deformaci\u00f3n, por lo que es adecuado para el rectificado por conformaci\u00f3n. Tambi\u00e9n se puede utilizar para la fabricaci\u00f3n de bloques de rectificado para el rectificado de muelas de al\u00famina.<\/li>\n<li>Adecuado para rectificar y dar forma a herramientas de <a href=\"https:\/\/baike.baidu.hk\/item\/%E9%8E%A2%E9%8B%BC\/10978626\">acero de tungsteno.<\/a><\/li>\n<\/ul>\n<h5><strong><span style=\"color: #ff0000; font-size: 19.2px;\">\u25b2<\/span><\/strong><strong><span style=\"color: #ff0000; font-size: 19.2px;\">Si necesita tama\u00f1os personalizados, p\u00f3ngase en contacto con el servicio de atenci\u00f3n al cliente. La fecha de entrega se basa en la hora que nos indique el servicio de atenci\u00f3n al cliente.<\/span><\/strong><\/h5>\n<h5><strong><span style=\"color: #ff0000; font-size: 19.2px;\">\u25b2Mercanc\u00edas al contado,<\/span><span style=\"color: #ff0000;\">cantidad limitada, agotadas<\/span><\/strong><\/h5>\n<h5><strong><span style=\"color: #ff0000; font-size: 19.2px;\">\u25b2<\/span><span style=\"color: #ff0000;\">El tiempo de entrega real de los pedidos internacionales depende del estado de entrega de la empresa de mensajer\u00eda.<\/span><\/strong><\/h5>\n","protected":false},"featured_media":124670,"template":"","meta":{"site-sidebar-layout":"default","site-content-layout":"","ast-site-content-layout":"default","site-content-style":"default","site-sidebar-style":"default","ast-global-header-display":"","ast-banner-title-visibility":"","ast-main-header-display":"","ast-hfb-above-header-display":"","ast-hfb-below-header-display":"","ast-hfb-mobile-header-display":"","site-post-title":"","ast-breadcrumbs-content":"","ast-featured-img":"","footer-sml-layout":"","ast-disable-related-posts":"","theme-transparent-header-meta":"default","adv-header-id-meta":"","stick-header-meta":"","header-above-stick-meta":"","header-main-stick-meta":"","header-below-stick-meta":"","astra-migrate-meta-layouts":"default","ast-page-background-enabled":"default","ast-page-background-meta":{"desktop":{"background-color":"var(--ast-global-color-5)","background-image":"","background-repeat":"repeat","background-position":"center center","background-size":"auto","background-attachment":"scroll","background-type":"","background-media":"","overlay-type":"","overlay-color":"","overlay-opacity":"","overlay-gradient":""},"tablet":{"background-color":"","background-image":"","background-repeat":"repeat","background-position":"center center","background-size":"auto","background-attachment":"scroll","background-type":"","background-media":"","overlay-type":"","overlay-color":"","overlay-opacity":"","overlay-gradient":""},"mobile":{"background-color":"","background-image":"","background-repeat":"repeat","background-position":"center center","background-size":"auto","background-attachment":"scroll","background-type":"","background-media":"","overlay-type":"","overlay-color":"","overlay-opacity":"","overlay-gradient":""}},"ast-content-background-meta":{"desktop":{"background-color":"var(--ast-global-color-4)","background-image":"","background-repeat":"repeat","background-position":"center center","background-size":"auto","background-attachment":"scroll","background-type":"","background-media":"","overlay-type":"","overlay-color":"","overlay-opacity":"","overlay-gradient":""},"tablet":{"background-color":"var(--ast-global-color-4)","background-image":"","background-repeat":"repeat","background-position":"center center","background-size":"auto","background-attachment":"scroll","background-type":"","background-media":"","overlay-type":"","overlay-color":"","overlay-opacity":"","overlay-gradient":""},"mobile":{"background-color":"var(--ast-global-color-4)","background-image":"","background-repeat":"repeat","background-position":"center center","background-size":"auto","background-attachment":"scroll","background-type":"","background-media":"","overlay-type":"","overlay-color":"","overlay-opacity":"","overlay-gradient":""}}},"product_brand":[],"product_cat":[10419,10504,10514,10418],"product_tag":[10639,10640,10642,10641],"class_list":{"0":"post-124667","1":"product","2":"type-product","3":"status-publish","4":"has-post-thumbnail","6":"product_cat-area-de-autorizacion-de-codigo-cero","7":"product_cat-dianond-tools-es","8":"product_cat-muelas-abrasivas-de-diamante-y-nitruro-de-boro","9":"product_cat-otro","10":"product_tag-muela-de-diamante-electroformada","11":"product_tag-muela-de-rectificado-biselada-de-una-sola-cara","12":"product_tag-rectificado-de-acero-de-tungsteno","13":"product_tag-rectificado-de-brocas","14":"desktop-align-left","15":"tablet-align-left","16":"mobile-align-left","17":"ast-product-gallery-layout-horizontal-slider","18":"ast-product-tabs-layout-horizontal","20":"first","21":"instock","22":"taxable","23":"shipping-taxable","24":"purchasable","25":"product-type-simple"},"_links":{"self":[{"href":"https:\/\/honwaygroup.com\/es\/wp-json\/wp\/v2\/product\/124667","targetHints":{"allow":["GET"]}}],"collection":[{"href":"https:\/\/honwaygroup.com\/es\/wp-json\/wp\/v2\/product"}],"about":[{"href":"https:\/\/honwaygroup.com\/es\/wp-json\/wp\/v2\/types\/product"}],"version-history":[{"count":0,"href":"https:\/\/honwaygroup.com\/es\/wp-json\/wp\/v2\/product\/124667\/revisions"}],"wp:featuredmedia":[{"embeddable":true,"href":"https:\/\/honwaygroup.com\/es\/wp-json\/wp\/v2\/media\/124670"}],"wp:attachment":[{"href":"https:\/\/honwaygroup.com\/es\/wp-json\/wp\/v2\/media?parent=124667"}],"wp:term":[{"taxonomy":"product_brand","embeddable":true,"href":"https:\/\/honwaygroup.com\/es\/wp-json\/wp\/v2\/product_brand?post=124667"},{"taxonomy":"product_cat","embeddable":true,"href":"https:\/\/honwaygroup.com\/es\/wp-json\/wp\/v2\/product_cat?post=124667"},{"taxonomy":"product_tag","embeddable":true,"href":"https:\/\/honwaygroup.com\/es\/wp-json\/wp\/v2\/product_tag?post=124667"}],"curies":[{"name":"wp","href":"https:\/\/api.w.org\/{rel}","templated":true}]}}