{"id":124567,"date":"2025-02-14T17:38:24","date_gmt":"2025-02-14T09:38:24","guid":{"rendered":"https:\/\/honwaygroup.com\/product\/auricular-ultrasonico-gs-h26\/"},"modified":"2025-02-14T17:38:24","modified_gmt":"2025-02-14T09:38:24","slug":"auricular-ultrasonico-gs-h26","status":"publish","type":"product","link":"https:\/\/honwaygroup.com\/es\/producto\/auricular-ultrasonico-gs-h26\/","title":{"rendered":"Auricular ultras\u00f3nico GS-H26"},"content":{"rendered":"<h2>Auricular ultras\u00f3nico GS-H26<\/h2>\n<h2><\/h2>\n<h2><strong>Especificaciones del producto:<\/strong><\/h2>\n<table dir=\"ltr\" style=\"font-size: 16px; font-style: normal;\" border=\"1\" cellspacing=\"0\" cellpadding=\"0\">\n<tbody>\n<tr>\n<td data-sheets-value=\"{\"1\":2,\"2\":\"\u7de8\u865f\"}\">n\u00famero de serie<\/td>\n<td data-sheets-value=\"{\"1\":2,\"2\":\"GS-H26 \"}\">GS-H26<\/td>\n<\/tr>\n<tr>\n<td data-sheets-value=\"{\"1\":2,\"2\":\"\u8f49\u901f\"}\">Velocidad<\/td>\n<td data-sheets-value=\"{\"1\":2,\"2\":\"40watts\"}\">40watts<\/td>\n<\/tr>\n<tr>\n<td data-sheets-value=\"{\"1\":2,\"2\":\"\u91cd\u91cf\"}\">peso<\/td>\n<td data-sheets-value=\"{\"1\":2,\"2\":\"150g\"}\">150g<\/td>\n<\/tr>\n<tr>\n<td data-sheets-value=\"{\"1\":2,\"2\":\"\u5c3a\u5bf8\"}\">tama\u00f1o<\/td>\n<td data-sheets-value=\"{\"1\":2,\"2\":\"\u00d827x125mm\"}\">\u00d827x125mm<\/td>\n<\/tr>\n<\/tbody>\n<\/table>\n<h2><strong>Fuentes de alimentaci\u00f3n compatibles:<\/strong><\/h2>\n<p><strong>AR-800<\/strong><\/p>\n<p><a href=\"https:\/\/honwaygroup.com\/wp-content\/uploads\/2022\/11\/AR-800.webp\"><img fetchpriority=\"high\" decoding=\"async\" class=\"alignnone size-medium wp-image-28571\" src=\"https:\/\/honwaygroup.com\/wp-content\/uploads\/2022\/11\/AR-800-300x300.webp\" alt=\"\" width=\"300\" height=\"300\" srcset=\"https:\/\/honwaygroup.com\/wp-content\/uploads\/2022\/11\/AR-800-300x300.webp 300w, https:\/\/honwaygroup.com\/wp-content\/uploads\/2022\/11\/AR-800-150x150.webp 150w, https:\/\/honwaygroup.com\/wp-content\/uploads\/2022\/11\/AR-800-100x100.webp 100w, https:\/\/honwaygroup.com\/wp-content\/uploads\/2022\/11\/AR-800.webp 417w\" sizes=\"(max-width: 300px) 100vw, 300px\" \/><\/a><\/p>\n<p>\u00bfTienes preguntas? <a href=\"https:\/\/honwaygroup.com\/es\/contactar-con-honway\/\">Contactar a Honway<\/a><\/p>\n","protected":false},"excerpt":{"rendered":"<h5><strong><span style=\"color: #ff0000; font-size: 19.2px;\">\u25b2 Si necesita comprar accesorios, comun\u00edquese con el servicio al cliente, la<\/span><\/strong> <strong><span style=\"color: #ff0000; font-size: 19.2px;\">fecha de env\u00edo se basa en el tiempo de notificaci\u00f3n del servicio al cliente<\/span><\/strong><\/h5>\n<h5><strong><span style=\"color: #ff0000; font-size: 19.2px;\">\u25b2<\/span><\/strong> <strong><span style=\"color: #ff0000; font-size: 19.2px;\">Los pedidos grandes pueden disfrutar de descuentos, comun\u00edquese con el servicio de atenci\u00f3n al cliente para realizar consultas.<\/span><\/strong><\/h5>\n<h5><strong><span style=\"color: #ff0000; font-size: 19.2px;\">\u25b2<\/span><span style=\"color: #ff0000; font-size: 19.2px;\">El tiempo de<\/span><span style=\"color: #ff0000;\"> entrega para pedidos de<\/span><span style=\"color: #ff0000; font-size: 19.2px;\"> Taiw\u00e1n es de aproximadamente 7 a 14 d\u00edas h\u00e1biles.<\/span><\/strong><\/h5>\n<h5><strong><span style=\"color: #ff0000; font-size: 19.2px;\">\u25b2<\/span><span style=\"color: #ff0000;\">Los pedidos internacionales tardan aproximadamente de 7 a 14 d\u00edas en enviarse. El tiempo de entrega real depende del estado de entrega de la empresa de mensajer\u00eda.<\/span><\/strong><\/h5>\n","protected":false},"featured_media":124568,"template":"","meta":{"site-sidebar-layout":"default","site-content-layout":"","ast-site-content-layout":"default","site-content-style":"default","site-sidebar-style":"default","ast-global-header-display":"","ast-banner-title-visibility":"","ast-main-header-display":"","ast-hfb-above-header-display":"","ast-hfb-below-header-display":"","ast-hfb-mobile-header-display":"","site-post-title":"","ast-breadcrumbs-content":"","ast-featured-img":"","footer-sml-layout":"","ast-disable-related-posts":"","theme-transparent-header-meta":"default","adv-header-id-meta":"","stick-header-meta":"","header-above-stick-meta":"","header-main-stick-meta":"","header-below-stick-meta":"","astra-migrate-meta-layouts":"default","ast-page-background-enabled":"default","ast-page-background-meta":{"desktop":{"background-color":"var(--ast-global-color-5)","background-image":"","background-repeat":"repeat","background-position":"center center","background-size":"auto","background-attachment":"scroll","background-type":"","background-media":"","overlay-type":"","overlay-color":"","overlay-opacity":"","overlay-gradient":""},"tablet":{"background-color":"","background-image":"","background-repeat":"repeat","background-position":"center center","background-size":"auto","background-attachment":"scroll","background-type":"","background-media":"","overlay-type":"","overlay-color":"","overlay-opacity":"","overlay-gradient":""},"mobile":{"background-color":"","background-image":"","background-repeat":"repeat","background-position":"center center","background-size":"auto","background-attachment":"scroll","background-type":"","background-media":"","overlay-type":"","overlay-color":"","overlay-opacity":"","overlay-gradient":""}},"ast-content-background-meta":{"desktop":{"background-color":"var(--ast-global-color-4)","background-image":"","background-repeat":"repeat","background-position":"center center","background-size":"auto","background-attachment":"scroll","background-type":"","background-media":"","overlay-type":"","overlay-color":"","overlay-opacity":"","overlay-gradient":""},"tablet":{"background-color":"var(--ast-global-color-4)","background-image":"","background-repeat":"repeat","background-position":"center center","background-size":"auto","background-attachment":"scroll","background-type":"","background-media":"","overlay-type":"","overlay-color":"","overlay-opacity":"","overlay-gradient":""},"mobile":{"background-color":"var(--ast-global-color-4)","background-image":"","background-repeat":"repeat","background-position":"center center","background-size":"auto","background-attachment":"scroll","background-type":"","background-media":"","overlay-type":"","overlay-color":"","overlay-opacity":"","overlay-gradient":""}}},"product_brand":[],"product_cat":[10453],"product_tag":[10555,10556],"class_list":{"0":"post-124567","1":"product","2":"type-product","3":"status-publish","4":"has-post-thumbnail","6":"product_cat-molinillos-ultrasonicos-y-electricos","7":"product_tag-rectificadora-de-vibracion-ultrasonica","8":"product_tag-telefono-movil-ultrasonico","9":"desktop-align-left","10":"tablet-align-left","11":"mobile-align-left","12":"ast-product-gallery-layout-horizontal-slider","13":"ast-product-gallery-with-no-image","14":"ast-product-tabs-layout-horizontal","16":"first","17":"instock","18":"taxable","19":"shipping-taxable","20":"purchasable","21":"product-type-simple"},"_links":{"self":[{"href":"https:\/\/honwaygroup.com\/es\/wp-json\/wp\/v2\/product\/124567","targetHints":{"allow":["GET"]}}],"collection":[{"href":"https:\/\/honwaygroup.com\/es\/wp-json\/wp\/v2\/product"}],"about":[{"href":"https:\/\/honwaygroup.com\/es\/wp-json\/wp\/v2\/types\/product"}],"version-history":[{"count":0,"href":"https:\/\/honwaygroup.com\/es\/wp-json\/wp\/v2\/product\/124567\/revisions"}],"wp:featuredmedia":[{"embeddable":true,"href":"https:\/\/honwaygroup.com\/es\/wp-json\/wp\/v2\/media\/124568"}],"wp:attachment":[{"href":"https:\/\/honwaygroup.com\/es\/wp-json\/wp\/v2\/media?parent=124567"}],"wp:term":[{"taxonomy":"product_brand","embeddable":true,"href":"https:\/\/honwaygroup.com\/es\/wp-json\/wp\/v2\/product_brand?post=124567"},{"taxonomy":"product_cat","embeddable":true,"href":"https:\/\/honwaygroup.com\/es\/wp-json\/wp\/v2\/product_cat?post=124567"},{"taxonomy":"product_tag","embeddable":true,"href":"https:\/\/honwaygroup.com\/es\/wp-json\/wp\/v2\/product_tag?post=124567"}],"curies":[{"name":"wp","href":"https:\/\/api.w.org\/{rel}","templated":true}]}}