{"id":124536,"date":"2025-02-21T17:21:32","date_gmt":"2025-02-21T09:21:32","guid":{"rendered":"https:\/\/honwaygroup.com\/product\/el-arsenico-asarsenic-es-una-materia-prima-utilizada-en-semiconductores-emisores-infrarrojos-recubrimientos-ceramica-y-la-industria-quimica\/"},"modified":"2025-02-21T17:21:32","modified_gmt":"2025-02-21T09:21:32","slug":"el-arsenico-asarsenic-es-una-materia-prima-utilizada-en-semiconductores-emisores-infrarrojos-recubrimientos-ceramica-y-la-industria-quimica","status":"publish","type":"product","link":"https:\/\/honwaygroup.com\/es\/producto\/el-arsenico-asarsenic-es-una-materia-prima-utilizada-en-semiconductores-emisores-infrarrojos-recubrimientos-ceramica-y-la-industria-quimica\/","title":{"rendered":"El ars\u00e9nico (AS)Arsenic es una materia prima utilizada en semiconductores, emisores infrarrojos, recubrimientos, cer\u00e1mica y la industria qu\u00edmica."},"content":{"rendered":"<h1>ars\u00e9nico(AS) Arsenic<\/h1>\n<p>Tiene buena estabilidad qu\u00edmica y alta conductividad, y es particularmente adecuado para la producci\u00f3n de componentes electr\u00f3nicos de alta gama y aleaciones especiales.<\/p>\n<h2><strong>Forma f\u00edsica:<\/strong><\/h2>\n<ul>\n<li>Granular<\/li>\n<li>En forma de varilla<\/li>\n<\/ul>\n<h2><strong>Propiedades f\u00edsicas<\/strong><strong>\uff1a<\/strong><strong>\u3000\u3000\u3000\u3000\u3000\u3000\u3000\u3000\u3000\u3000<\/strong><\/h2>\n<ul>\n<li>Peso at\u00f3mico: 74,921; Densidad: 5,727 g\/cm\u00b3<\/li>\n<li>Punto de fusi\u00f3n: 814\u00b0C; punto de ebullici\u00f3n: 613\u00b0C<\/li>\n<\/ul>\n<h2><strong>Especificaciones del producto<\/strong><\/h2>\n<table>\n<tbody>\n<tr>\n<td width=\"138\">Especificaciones<\/td>\n<td width=\"138\">Pureza<\/td>\n<td width=\"138\">Detecci\u00f3n de impurezas<\/td>\n<td width=\"138\">Contenido total de impurezas<\/td>\n<\/tr>\n<tr>\n<td width=\"138\">Ars\u00e9nico de alta pureza\uff086N\uff09<\/td>\n<td width=\"138\">99.9999%<\/td>\n<td width=\"138\">Cu\u3001Ag\u3001Mg\u3001Sb\u3001Ni\u3001Zn\u3001Bi\u3001<br \/>\nCa\u3001Fe\u3001Cr\u3001Na\u3001Al\u3001Pb\u3001K<\/td>\n<td width=\"138\">&lt;1ppm<\/td>\n<\/tr>\n<tr>\n<td width=\"138\">Ars\u00e9nico de alta pureza\uff087N\uff09<\/td>\n<td width=\"138\">99.99999%<\/td>\n<td width=\"138\">Cu\u3001Ag\u3001Mg\u3001Sb\u3001Ni\u3001Zn\u3001Bi\u3001<br \/>\nCa\u3001Fe\u3001Cr\u3001Na\u3001S\u3001Al\u3001Se\u3001Pb\u3001K\u3001<br \/>\nSi\u3001Ge\u3001Cd\u3001Sn\u3001Te<\/td>\n<td width=\"138\">&lt;0.1ppm<\/td>\n<\/tr>\n<tr>\n<td width=\"138\">Ars\u00e9nico ultrapuro\uff087N5\uff09<\/td>\n<td width=\"138\">99.999995%<\/td>\n<td width=\"138\">Cu\u3001Ag\u3001Mg\u3001Sb\u3001Ni\u3001Zn\u3001Bi\u3001<br \/>\nCa\u3001Fe\u3001Cr\u3001Na\u3001S\u3001Al\u3001Se\u3001Pb\u3001K\u3001<br \/>\nSi\u3001Ge\u3001Cd\u3001Sn\u3001Te<\/td>\n<td width=\"138\">&lt;0.05ppm<\/td>\n<\/tr>\n<\/tbody>\n<\/table>\n<h2><\/h2>\n<h2><strong>Solicitud<\/strong><strong>\uff1a<\/strong><strong>\u3000\u3000\u3000\u3000\u3000\u3000\u3000\u3000\u3000<\/strong><\/h2>\n<ul>\n<li>El ars\u00e9nico de alta pureza es la materia prima para producir arseniuro de galio, un semiconductor compuesto, que se utiliza ampliamente en semiconductores, emisores infrarrojos, recubrimientos, cer\u00e1mica, industria qu\u00edmica y otros campos.<\/li>\n<\/ul>\n<h2><strong>Paquete:<\/strong><\/h2>\n<ul>\n<li>Despu\u00e9s del envasado en pel\u00edcula de poli\u00e9ster, envasado al vac\u00edo en pel\u00edcula de pl\u00e1stico o envasado al vac\u00edo con tubo de cuarzo<\/li>\n<\/ul>\n<h2><strong>Bienvenido a consultar<\/strong><\/h2>\n<p>[contact-form][contact-field label=\u00bbnombre\u00bb type=\u00bbname\u00bb required=\u00bb1&#8243;][contact-field label=\u00bbcorreo electr\u00f3nico\u00bb type=\u00bbemail\u00bb required=\u00bb1&#8243;][contact-field label=\u00bbsitio web\u00bb type=\u00bburl\u00bb][contact-field label=\u00bbinformaci\u00f3n\u00bb type=\u00bbtextarea\u00bb][\/contact-form]<\/p>\n","protected":false},"excerpt":{"rendered":"<h2>El ars\u00e9nico tiene una buena estabilidad qu\u00edmica y una alta conductividad, lo que lo hace especialmente adecuado para la producci\u00f3n de componentes electr\u00f3nicos de alta gama y aleaciones especiales.<\/h2>\n<p>&nbsp;<\/p>\n<p><strong><span style=\"font-size: 1.7em;\">Propiedades f\u00edsicas:<\/span><\/strong><strong style=\"font-size: 1.7em;\">\u3000\u3000\u3000\u3000\u3000\u3000\u3000\u3000\u3000\u3000\u3000\u3000\u3000<\/strong><\/p>\n<ul>\n<li>Peso at\u00f3mico: 74,921; Densidad: 5,727 g\/cm\u00b3<\/li>\n<li>Punto de fusi\u00f3n: 814\u00b0C; punto de ebullici\u00f3n: 613\u00b0C<\/li>\n<\/ul>\n<h2><strong>Aplicaciones:<\/strong><\/h2>\n<ul>\n<li>El ars\u00e9nico de alta pureza es la materia prima para producir el compuesto semiconductor arseniuro de galio, que se utiliza ampliamente en semiconductores, emisores infrarrojos, recubrimientos, cer\u00e1mica, industria qu\u00edmica y otros campos.<\/li>\n<\/ul>\n<h5><strong><span style=\"color: #ff0000;\">\u25b2Bienvenido al servicio de atenci\u00f3n al cliente por mensaje privado para consultas:<\/span><a href=\"https:\/\/honwaygroup.com\/es\/contactar-con-honway\/\" target=\"_blank\" rel=\"noopener\">Contactar con Honway<\/a><\/strong><\/h5>\n<h5><span style=\"color: #ff0000;\"><strong>\u25b2 Los pedidos grandes pueden disfrutar de descuentos, comun\u00edquese con el servicio de atenci\u00f3n al cliente para realizar consultas.<\/strong><\/span><\/h5>\n<h5><strong><span style=\"color: #ff0000;\">\u25b2Comun\u00edquese con el servicio de atenci\u00f3n al cliente para conocer la fecha de entrega real del pedido:<\/span><a href=\"https:\/\/honwaygroup.com\/es\/contactar-con-honway\/\">Contactar con Honway<\/a><\/strong><\/h5>\n","protected":false},"featured_media":124537,"template":"","meta":{"site-sidebar-layout":"default","site-content-layout":"","ast-site-content-layout":"default","site-content-style":"default","site-sidebar-style":"default","ast-global-header-display":"","ast-banner-title-visibility":"","ast-main-header-display":"","ast-hfb-above-header-display":"","ast-hfb-below-header-display":"","ast-hfb-mobile-header-display":"","site-post-title":"","ast-breadcrumbs-content":"","ast-featured-img":"","footer-sml-layout":"","ast-disable-related-posts":"","theme-transparent-header-meta":"default","adv-header-id-meta":"","stick-header-meta":"","header-above-stick-meta":"","header-main-stick-meta":"","header-below-stick-meta":"","astra-migrate-meta-layouts":"default","ast-page-background-enabled":"default","ast-page-background-meta":{"desktop":{"background-color":"var(--ast-global-color-5)","background-image":"","background-repeat":"repeat","background-position":"center center","background-size":"auto","background-attachment":"scroll","background-type":"","background-media":"","overlay-type":"","overlay-color":"","overlay-opacity":"","overlay-gradient":""},"tablet":{"background-color":"","background-image":"","background-repeat":"repeat","background-position":"center center","background-size":"auto","background-attachment":"scroll","background-type":"","background-media":"","overlay-type":"","overlay-color":"","overlay-opacity":"","overlay-gradient":""},"mobile":{"background-color":"","background-image":"","background-repeat":"repeat","background-position":"center center","background-size":"auto","background-attachment":"scroll","background-type":"","background-media":"","overlay-type":"","overlay-color":"","overlay-opacity":"","overlay-gradient":""}},"ast-content-background-meta":{"desktop":{"background-color":"var(--ast-global-color-4)","background-image":"","background-repeat":"repeat","background-position":"center center","background-size":"auto","background-attachment":"scroll","background-type":"","background-media":"","overlay-type":"","overlay-color":"","overlay-opacity":"","overlay-gradient":""},"tablet":{"background-color":"var(--ast-global-color-4)","background-image":"","background-repeat":"repeat","background-position":"center center","background-size":"auto","background-attachment":"scroll","background-type":"","background-media":"","overlay-type":"","overlay-color":"","overlay-opacity":"","overlay-gradient":""},"mobile":{"background-color":"var(--ast-global-color-4)","background-image":"","background-repeat":"repeat","background-position":"center center","background-size":"auto","background-attachment":"scroll","background-type":"","background-media":"","overlay-type":"","overlay-color":"","overlay-opacity":"","overlay-gradient":""}}},"product_brand":[],"product_cat":[10444],"product_tag":[10545,10549,10550,10548,10546,10547],"class_list":{"0":"post-124536","1":"product","2":"type-product","3":"status-publish","4":"has-post-thumbnail","6":"product_cat-materias-primas","7":"product_tag-arsenico","8":"product_tag-ceramica","9":"product_tag-industria-quimica","10":"product_tag-revestimiento","11":"product_tag-semiconductores","12":"product_tag-transmisor-infrarrojo","13":"desktop-align-left","14":"tablet-align-left","15":"mobile-align-left","16":"ast-product-gallery-layout-horizontal-slider","17":"ast-product-gallery-with-no-image","18":"ast-product-tabs-layout-horizontal","20":"first","21":"instock","22":"taxable","23":"shipping-taxable","24":"product-type-simple"},"_links":{"self":[{"href":"https:\/\/honwaygroup.com\/es\/wp-json\/wp\/v2\/product\/124536","targetHints":{"allow":["GET"]}}],"collection":[{"href":"https:\/\/honwaygroup.com\/es\/wp-json\/wp\/v2\/product"}],"about":[{"href":"https:\/\/honwaygroup.com\/es\/wp-json\/wp\/v2\/types\/product"}],"version-history":[{"count":0,"href":"https:\/\/honwaygroup.com\/es\/wp-json\/wp\/v2\/product\/124536\/revisions"}],"wp:featuredmedia":[{"embeddable":true,"href":"https:\/\/honwaygroup.com\/es\/wp-json\/wp\/v2\/media\/124537"}],"wp:attachment":[{"href":"https:\/\/honwaygroup.com\/es\/wp-json\/wp\/v2\/media?parent=124536"}],"wp:term":[{"taxonomy":"product_brand","embeddable":true,"href":"https:\/\/honwaygroup.com\/es\/wp-json\/wp\/v2\/product_brand?post=124536"},{"taxonomy":"product_cat","embeddable":true,"href":"https:\/\/honwaygroup.com\/es\/wp-json\/wp\/v2\/product_cat?post=124536"},{"taxonomy":"product_tag","embeddable":true,"href":"https:\/\/honwaygroup.com\/es\/wp-json\/wp\/v2\/product_tag?post=124536"}],"curies":[{"name":"wp","href":"https:\/\/api.w.org\/{rel}","templated":true}]}}