{"id":124534,"date":"2025-02-25T15:33:20","date_gmt":"2025-02-25T07:33:20","guid":{"rendered":"https:\/\/honwaygroup.com\/product\/materias-primas-selenio-seselenium-materiales-de-tambor-de-selenio-materiales-fotoelectricos\/"},"modified":"2025-02-25T15:33:20","modified_gmt":"2025-02-25T07:33:20","slug":"materias-primas-selenio-seselenium-materiales-de-tambor-de-selenio-materiales-fotoelectricos","status":"publish","type":"product","link":"https:\/\/honwaygroup.com\/es\/producto\/materias-primas-selenio-seselenium-materiales-de-tambor-de-selenio-materiales-fotoelectricos\/","title":{"rendered":"Materias primas &#8211; Selenio (Se)Selenium Materiales de tambor de selenio, materiales fotoel\u00e9ctricos"},"content":{"rendered":"<h1>Selenio(Se) Selenium<\/h1>\n<p>El selenio es un elemento no met\u00e1lico con propiedades fotoconductoras y antioxidantes. Se utiliza principalmente en vidrio, cer\u00e1mica, c\u00e9lulas solares y aditivos para piensos.<\/p>\n<h2><strong>Forma f\u00edsica:<\/strong><\/h2>\n<ul>\n<li>polvo<\/li>\n<li>Pellets<\/li>\n<li>forma de tableta<\/li>\n<\/ul>\n<h2><strong>Propiedades f\u00edsicas<\/strong><strong>\uff1a<\/strong><strong>\u3000\u3000\u3000\u3000\u3000\u3000\u3000\u3000\u3000\u3000<\/strong><\/h2>\n<ul>\n<li>Peso at\u00f3mico: 78,96; Densidad: 4,81 g\/cm\u00b3;<\/li>\n<li>Peso at\u00f3mico: 78,96; Densidad: 4,81 g\/cm\u00b3;<\/li>\n<\/ul>\n<h2><strong>Especificaciones del producto<\/strong><\/h2>\n<table>\n<tbody>\n<tr>\n<td width=\"138\">Especificaciones<\/td>\n<td width=\"138\">Pureza<\/td>\n<td width=\"138\">Detecci\u00f3n de impurezas<\/td>\n<td width=\"138\">Contenido total de impurezas<\/td>\n<\/tr>\n<tr>\n<td width=\"138\">Selenio de alta pureza\uff085N\uff09<\/td>\n<td width=\"138\">99.999%<\/td>\n<td width=\"138\">Ag\u3001Al\u3001Bi\u3001Cd\u3001Cu\u3001Fe\u3001Ca\u3001In\u3001Md\u3001Ni\u3001Pb\u3001Sb\u3001Te\u3001Tl<\/td>\n<td width=\"138\">&lt;10ppm<\/td>\n<\/tr>\n<tr>\n<td width=\"138\">Selenio ultrapuro\uff086N\uff09<\/td>\n<td width=\"138\">99.9999%<\/td>\n<td width=\"138\">Ag\u3001Al\u3001Bi\u3001Co\u3001Cu\u3001Fe\u3001Ni<\/td>\n<td width=\"138\">&lt;1ppm<\/td>\n<\/tr>\n<\/tbody>\n<\/table>\n<p>&nbsp;<\/p>\n<h2><strong>Solicitud<\/strong><strong>\uff1a<\/strong><strong>\u3000\u3000\u3000\u3000\u3000\u3000\u3000\u3000\u3000<\/strong><\/h2>\n<ul>\n<li>Se utiliza en la preparaci\u00f3n de materiales de tambor de selenio, materiales fotoel\u00e9ctricos, fotograf\u00eda electrost\u00e1tica y otros materiales de instrumentos \u00f3pticos.<\/li>\n<\/ul>\n<h2><strong>Paquete:<\/strong><\/h2>\n<ul>\n<li>Bolsa de PE sin polvo + bolsa de aluminio y pl\u00e1stico envasado al vac\u00edo;<\/li>\n<li>Inflado de botellas de vidrio + envasado al vac\u00edo en bolsa de PE<\/li>\n<\/ul>\n<h2><strong>Bienvenido a consultar<\/strong><\/h2>\n<p>[contact-form][contact-field label=\u00bbnombre\u00bb type=\u00bbname\u00bb required=\u00bb1&#8243;][contact-field label=\u00bbcorreo electr\u00f3nico\u00bb type=\u00bbemail\u00bb required=\u00bb1&#8243;][contact-field label=\u00bbsitio web\u00bb type=\u00bburl\u00bb][contact-field label=\u00bbinformaci\u00f3n\u00bb type=\u00bbtextarea\u00bb][\/contact-form]<\/p>\n","protected":false},"excerpt":{"rendered":"<h2>El selenio es un elemento no met\u00e1lico con propiedades fotoconductoras y antioxidantes.<\/h2>\n<p>&nbsp;<\/p>\n<p><strong><span style=\"font-size: 1.7em;\">Propiedades f\u00edsicas:<\/span><\/strong><strong style=\"font-size: 1.7em;\">\u3000\u3000\u3000\u3000\u3000\u3000\u3000\u3000\u3000\u3000\u3000\u3000\u3000<\/strong><\/p>\n<ul>\n<li>Peso at\u00f3mico: 78,96; Densidad: 4,81 g\/cm\u00b3;<\/li>\n<li>Peso at\u00f3mico: 78,96; Densidad: 4,81 g\/cm\u00b3;<\/li>\n<\/ul>\n<h2><strong>Aplicaciones:<\/strong><\/h2>\n<ul>\n<li>Se utiliza en la preparaci\u00f3n de materiales de tambor de selenio, materiales fotoel\u00e9ctricos, fotograf\u00eda electrost\u00e1tica y otros materiales de instrumentos \u00f3pticos.<\/li>\n<\/ul>\n<h5><strong><span style=\"color: #ff0000;\">\u25b2Bienvenido al servicio de atenci\u00f3n al cliente por mensaje privado para consultas:<\/span><a href=\"https:\/\/honwaygroup.com\/es\/contactar-con-honway\/\" target=\"_blank\" rel=\"noopener\">Contactar con Honway<\/a><\/strong><\/h5>\n<h5><span style=\"color: #ff0000;\"><strong>\u25b2 Los pedidos grandes pueden disfrutar de descuentos, comun\u00edquese con el servicio de atenci\u00f3n al cliente para realizar consultas.<\/strong><\/span><\/h5>\n<h5><strong><span style=\"color: #ff0000;\">\u25b2Comun\u00edquese con el servicio de atenci\u00f3n al cliente para conocer la fecha de entrega real del pedido:<\/span><a href=\"https:\/\/honwaygroup.com\/es\/contactar-con-honway\/\">Comun\u00edquese con Honway<\/a><\/strong><\/h5>\n","protected":false},"featured_media":124535,"template":"","meta":{"site-sidebar-layout":"default","site-content-layout":"","ast-site-content-layout":"default","site-content-style":"default","site-sidebar-style":"default","ast-global-header-display":"","ast-banner-title-visibility":"","ast-main-header-display":"","ast-hfb-above-header-display":"","ast-hfb-below-header-display":"","ast-hfb-mobile-header-display":"","site-post-title":"","ast-breadcrumbs-content":"","ast-featured-img":"","footer-sml-layout":"","ast-disable-related-posts":"","theme-transparent-header-meta":"default","adv-header-id-meta":"","stick-header-meta":"default","header-above-stick-meta":"","header-main-stick-meta":"","header-below-stick-meta":"","astra-migrate-meta-layouts":"default","ast-page-background-enabled":"default","ast-page-background-meta":{"desktop":{"background-color":"var(--ast-global-color-5)","background-image":"","background-repeat":"repeat","background-position":"center center","background-size":"auto","background-attachment":"scroll","background-type":"","background-media":"","overlay-type":"","overlay-color":"","overlay-opacity":"","overlay-gradient":""},"tablet":{"background-color":"","background-image":"","background-repeat":"repeat","background-position":"center center","background-size":"auto","background-attachment":"scroll","background-type":"","background-media":"","overlay-type":"","overlay-color":"","overlay-opacity":"","overlay-gradient":""},"mobile":{"background-color":"","background-image":"","background-repeat":"repeat","background-position":"center center","background-size":"auto","background-attachment":"scroll","background-type":"","background-media":"","overlay-type":"","overlay-color":"","overlay-opacity":"","overlay-gradient":""}},"ast-content-background-meta":{"desktop":{"background-color":"var(--ast-global-color-4)","background-image":"","background-repeat":"repeat","background-position":"center center","background-size":"auto","background-attachment":"scroll","background-type":"","background-media":"","overlay-type":"","overlay-color":"","overlay-opacity":"","overlay-gradient":""},"tablet":{"background-color":"var(--ast-global-color-4)","background-image":"","background-repeat":"repeat","background-position":"center center","background-size":"auto","background-attachment":"scroll","background-type":"","background-media":"","overlay-type":"","overlay-color":"","overlay-opacity":"","overlay-gradient":""},"mobile":{"background-color":"var(--ast-global-color-4)","background-image":"","background-repeat":"repeat","background-position":"center center","background-size":"auto","background-attachment":"scroll","background-type":"","background-media":"","overlay-type":"","overlay-color":"","overlay-opacity":"","overlay-gradient":""}}},"product_brand":[],"product_cat":[10444],"product_tag":[10541,10539,10540,10542,10538],"class_list":{"0":"post-124534","1":"product","2":"type-product","3":"status-publish","4":"has-post-thumbnail","6":"product_cat-materias-primas","7":"product_tag-fotografia-electrostatica","8":"product_tag-material-del-tambor-de-selenio","9":"product_tag-materiales-optoelectronicos","10":"product_tag-optica","11":"product_tag-selenio","12":"desktop-align-left","13":"tablet-align-left","14":"mobile-align-left","15":"ast-product-gallery-layout-horizontal-slider","16":"ast-product-gallery-with-no-image","17":"ast-product-tabs-layout-horizontal","19":"first","20":"instock","21":"taxable","22":"shipping-taxable","23":"product-type-simple"},"_links":{"self":[{"href":"https:\/\/honwaygroup.com\/es\/wp-json\/wp\/v2\/product\/124534","targetHints":{"allow":["GET"]}}],"collection":[{"href":"https:\/\/honwaygroup.com\/es\/wp-json\/wp\/v2\/product"}],"about":[{"href":"https:\/\/honwaygroup.com\/es\/wp-json\/wp\/v2\/types\/product"}],"version-history":[{"count":0,"href":"https:\/\/honwaygroup.com\/es\/wp-json\/wp\/v2\/product\/124534\/revisions"}],"wp:featuredmedia":[{"embeddable":true,"href":"https:\/\/honwaygroup.com\/es\/wp-json\/wp\/v2\/media\/124535"}],"wp:attachment":[{"href":"https:\/\/honwaygroup.com\/es\/wp-json\/wp\/v2\/media?parent=124534"}],"wp:term":[{"taxonomy":"product_brand","embeddable":true,"href":"https:\/\/honwaygroup.com\/es\/wp-json\/wp\/v2\/product_brand?post=124534"},{"taxonomy":"product_cat","embeddable":true,"href":"https:\/\/honwaygroup.com\/es\/wp-json\/wp\/v2\/product_cat?post=124534"},{"taxonomy":"product_tag","embeddable":true,"href":"https:\/\/honwaygroup.com\/es\/wp-json\/wp\/v2\/product_tag?post=124534"}],"curies":[{"name":"wp","href":"https:\/\/api.w.org\/{rel}","templated":true}]}}