{"id":124527,"date":"2025-03-04T15:15:51","date_gmt":"2025-03-04T07:15:51","guid":{"rendered":"https:\/\/honwaygroup.com\/product\/acondicionamiento-de-muelas-de-rectificado-con-rodillos-de-diamante\/"},"modified":"2025-10-16T16:40:36","modified_gmt":"2025-10-16T08:40:36","slug":"acondicionamiento-de-muelas-de-rectificado-con-rodillos-de-diamante","status":"publish","type":"product","link":"https:\/\/honwaygroup.com\/es\/producto\/acondicionamiento-de-muelas-de-rectificado-con-rodillos-de-diamante\/","title":{"rendered":"Acondicionamiento de muelas de rectificado con rodillos de diamante"},"content":{"rendered":"<h1>Rodillo de diamante<\/h1>\n<h4><strong><span class=\"red\">Honway Enterprise ofrece servicios personalizados.<\/span><\/strong><\/h4>\n<h4><strong><span class=\"red\">Elige el rodillo de diamante m\u00e1s adecuado para ti<\/span><\/strong><\/h4>\n<p>&nbsp;<\/p>\n<h2>introducir:<\/h2>\n<p>Los rodillos de diamante para rectificado ofrecen la mejor soluci\u00f3n para optimizar procesos en el rectificado de muelas. Se emplean frecuentemente para rectificar muelas de perfil de alta precisi\u00f3n (materiales: al\u00famina, carburo de silicio, muelas de CBN, etc.).<\/p>\n<h2>Se aplica a:<\/h2>\n<p>Componentes de precisi\u00f3n para industrias como rodamientos, husillos de bolas, correderas, engranajes, herramientas, piezas automotrices y aeroespaciales. Operaciones de rectificado automatizadas para mantener la precisi\u00f3n de la forma de la muela de rectificado durante los procesos de conformado o rectificado por lotes.<\/p>\n<p>&nbsp;<\/p>\n<h2>Introducci\u00f3n al proceso<\/h2>\n<table>\n<tbody>\n<tr>\n<td width=\"56\">Introducci\u00f3n al proceso<\/td>\n<td width=\"208\">\n<p style=\"text-align: center;\">Electroconformado inverso<\/p>\n<\/td>\n<td width=\"289\">\n<p style=\"text-align: center;\">sinterizaci\u00f3n<\/p>\n<\/td>\n<\/tr>\n<tr>\n<td width=\"56\">\n<p style=\"text-align: center;\">Introducci\u00f3n<\/p>\n<\/td>\n<td width=\"208\">Los diamantes se adhieren a la superficie de la aleaci\u00f3n mediante galvanoplastia inversa, de modo que cada grano abrasivo puede participar activamente en el proceso de pulido y tener una vida \u00fatil m\u00e1s larga.<\/td>\n<td width=\"289\">El rodillo prefabricado se coloca en un molde y se vierte una mezcla abrasiva de diamantes y un aglutinante antes de sinterizarlo a alta temperatura y presi\u00f3n.<br \/>\nTras enfriarse, el rodillo se recorta para revelar los granos de diamante. En comparaci\u00f3n con el grosor del grano solo, este m\u00e9todo permite alcanzar un espesor de abrasivo de hasta 2-3 mm.<br \/>\nEste proceso se suele realizar en forma de rodillo o cuenco de afinado.<\/td>\n<\/tr>\n<tr>\n<td width=\"56\">\n<p style=\"text-align: center;\">Adecuado<\/p>\n<\/td>\n<td width=\"208\">Es muy adecuado para objetos con requisitos estrictos de tolerancia en la pieza de trabajo y perfiles finos.<\/td>\n<td width=\"289\">Para perfiles sencillos con baja precisi\u00f3n, permite mantener el perfil en su forma original durante mucho tiempo. Es adecuado para el rectificado de muelas de CBN mediante el m\u00e9todo de vitrificado.<\/td>\n<\/tr>\n<tr>\n<td width=\"56\">\n<p style=\"text-align: center;\">Selecci\u00f3n de diamantes<\/p>\n<\/td>\n<td width=\"208\">\n<p style=\"text-align: center;\">natural\/artificial<\/p>\n<\/td>\n<td width=\"289\">\n<p style=\"text-align: center;\">Natural\/artificial\/CVD<\/p>\n<\/td>\n<\/tr>\n<tr>\n<td width=\"56\">\n<p style=\"text-align: center;\">Arreglo de diamantes<\/p>\n<\/td>\n<td colspan=\"2\" width=\"497\">\n<p style=\"text-align: center;\">Regular\/Irregular<\/p>\n<\/td>\n<\/tr>\n<\/tbody>\n<\/table>\n<h2>Im\u00e1genes de muestra<\/h2>\n<p><a href=\"https:\/\/honwaygroup.com\/wp-content\/uploads\/2025\/03\/%E5%AE%8F%E5%B4%B4%E5%9E%8B%E9%8C%84-DM32.33_%E9%91%BD%E7%9F%B3%E6%BB%BE%E8%BC%AA_0103-01.png\"><img fetchpriority=\"high\" decoding=\"async\" class=\"aligncenter wp-image-76329 size-large\" src=\"https:\/\/honwaygroup.com\/wp-content\/uploads\/2025\/03\/%E5%AE%8F%E5%B4%B4%E5%9E%8B%E9%8C%84-DM32.33_%E9%91%BD%E7%9F%B3%E6%BB%BE%E8%BC%AA_0103-01-1024x279.webp\" alt=\"Rodillo de diamante Honway\" width=\"1024\" height=\"279\"><\/a><\/p>\n<p>\u00bfTienes preguntas? <a href=\"https:\/\/honwaygroup.com\/es\/contactar-con-honway\/\">Contactar a Honway<\/a><\/p>\n","protected":false},"excerpt":{"rendered":"<p>Rodillo de diamante<\/p>\n<p>Adecuado para el reavivado de muelas de rectificado de formas complejas y de alta precisi\u00f3n (por ejemplo, muelas de rectificado de al\u00famina, carburo de silicio y nitruro de boro cBN)<\/p>\n<p>Adecuado para operaciones de preparaci\u00f3n automatizadas para mantener la precisi\u00f3n de la forma de la muela de rectificar durante el conformado o la producci\u00f3n en lotes de componentes de precisi\u00f3n, como tornillos de bolas, correderas, cojinetes, engranajes, accesorios de herramientas, piezas automotrices y aeroespaciales.<\/p>\n<h5><span style=\"color: #ff0000;\"><strong>\u25b2Bienvenido al servicio de atenci\u00f3n al cliente por mensaje privado para consultas.<\/strong><\/span><\/h5>\n<h5><span style=\"color: #ff0000;\"><strong>\u25b2<\/strong><strong>Si necesita un tama\u00f1o personalizado, comun\u00edquese con el servicio de atenci\u00f3n al cliente.<\/strong><\/span><\/h5>\n<h5><span style=\"color: #ff0000;\"><strong>\u25b2 Los pedidos grandes pueden disfrutar de descuentos, comun\u00edquese con el servicio de atenci\u00f3n al cliente para realizar consultas.<br \/>\n<\/strong><\/span><\/h5>\n<h5><span style=\"color: #ff0000;\"><strong>\u25b2Para consultar el plazo de entrega de pedidos, por favor contacte al servicio de atenci\u00f3n al cliente:<span style=\"color: #3366ff;\"><br \/>\n  <a style=\"color: #3366ff;\" href=\"https:\/\/honwaygroup.com\/es\/contactar-con-honway\/\">Contactar a Honway<\/a><br \/>\n<\/span><\/strong><\/span><\/h5>\n","protected":false},"featured_media":124532,"template":"","meta":{"site-sidebar-layout":"default","site-content-layout":"","ast-site-content-layout":"default","site-content-style":"default","site-sidebar-style":"default","ast-global-header-display":"","ast-banner-title-visibility":"","ast-main-header-display":"","ast-hfb-above-header-display":"","ast-hfb-below-header-display":"","ast-hfb-mobile-header-display":"","site-post-title":"","ast-breadcrumbs-content":"","ast-featured-img":"","footer-sml-layout":"","ast-disable-related-posts":"","theme-transparent-header-meta":"default","adv-header-id-meta":"","stick-header-meta":"default","header-above-stick-meta":"","header-main-stick-meta":"","header-below-stick-meta":"","astra-migrate-meta-layouts":"default","ast-page-background-enabled":"default","ast-page-background-meta":{"desktop":{"background-color":"var(--ast-global-color-5)","background-image":"","background-repeat":"repeat","background-position":"center center","background-size":"auto","background-attachment":"scroll","background-type":"","background-media":"","overlay-type":"","overlay-color":"","overlay-opacity":"","overlay-gradient":""},"tablet":{"background-color":"","background-image":"","background-repeat":"repeat","background-position":"center center","background-size":"auto","background-attachment":"scroll","background-type":"","background-media":"","overlay-type":"","overlay-color":"","overlay-opacity":"","overlay-gradient":""},"mobile":{"background-color":"","background-image":"","background-repeat":"repeat","background-position":"center center","background-size":"auto","background-attachment":"scroll","background-type":"","background-media":"","overlay-type":"","overlay-color":"","overlay-opacity":"","overlay-gradient":""}},"ast-content-background-meta":{"desktop":{"background-color":"var(--ast-global-color-4)","background-image":"","background-repeat":"repeat","background-position":"center center","background-size":"auto","background-attachment":"scroll","background-type":"","background-media":"","overlay-type":"","overlay-color":"","overlay-opacity":"","overlay-gradient":""},"tablet":{"background-color":"var(--ast-global-color-4)","background-image":"","background-repeat":"repeat","background-position":"center center","background-size":"auto","background-attachment":"scroll","background-type":"","background-media":"","overlay-type":"","overlay-color":"","overlay-opacity":"","overlay-gradient":""},"mobile":{"background-color":"var(--ast-global-color-4)","background-image":"","background-repeat":"repeat","background-position":"center center","background-size":"auto","background-attachment":"scroll","background-type":"","background-media":"","overlay-type":"","overlay-color":"","overlay-opacity":"","overlay-gradient":""}}},"product_brand":[],"product_cat":[10519,10518,10504,10514,10511],"product_tag":[10544,10543],"class_list":{"0":"post-124527","1":"product","2":"type-product","3":"status-publish","4":"has-post-thumbnail","6":"product_cat-boutique-de-diamantes","7":"product_cat-herramientas-de-diamante","8":"product_cat-dianond-tools-es","9":"product_cat-muelas-abrasivas-de-diamante-y-nitruro-de-boro","10":"product_cat-rodillo-de-diamante","11":"product_tag-acondicionamiento-de-muelas-abrasivas","12":"product_tag-rodillo-de-diamante","13":"desktop-align-left","14":"tablet-align-left","15":"mobile-align-left","16":"ast-product-gallery-layout-horizontal-slider","17":"ast-product-gallery-with-no-image","18":"ast-product-tabs-layout-horizontal","20":"first","21":"instock","22":"taxable","23":"shipping-taxable","24":"product-type-simple"},"_links":{"self":[{"href":"https:\/\/honwaygroup.com\/es\/wp-json\/wp\/v2\/product\/124527","targetHints":{"allow":["GET"]}}],"collection":[{"href":"https:\/\/honwaygroup.com\/es\/wp-json\/wp\/v2\/product"}],"about":[{"href":"https:\/\/honwaygroup.com\/es\/wp-json\/wp\/v2\/types\/product"}],"version-history":[{"count":0,"href":"https:\/\/honwaygroup.com\/es\/wp-json\/wp\/v2\/product\/124527\/revisions"}],"wp:featuredmedia":[{"embeddable":true,"href":"https:\/\/honwaygroup.com\/es\/wp-json\/wp\/v2\/media\/124532"}],"wp:attachment":[{"href":"https:\/\/honwaygroup.com\/es\/wp-json\/wp\/v2\/media?parent=124527"}],"wp:term":[{"taxonomy":"product_brand","embeddable":true,"href":"https:\/\/honwaygroup.com\/es\/wp-json\/wp\/v2\/product_brand?post=124527"},{"taxonomy":"product_cat","embeddable":true,"href":"https:\/\/honwaygroup.com\/es\/wp-json\/wp\/v2\/product_cat?post=124527"},{"taxonomy":"product_tag","embeddable":true,"href":"https:\/\/honwaygroup.com\/es\/wp-json\/wp\/v2\/product_tag?post=124527"}],"curies":[{"name":"wp","href":"https:\/\/api.w.org\/{rel}","templated":true}]}}