{"id":124519,"date":"2025-02-21T16:02:31","date_gmt":"2025-02-21T08:02:31","guid":{"rendered":"https:\/\/honwaygroup.com\/product\/materia-prima-telurio-te-preparacion-de-semiconductores-compuestos-ii-vi-celulas-solares-aleaciones-de-elementos-de-conversion-termoelectrica\/"},"modified":"2025-02-21T16:02:31","modified_gmt":"2025-02-21T08:02:31","slug":"materia-prima-telurio-te-preparacion-de-semiconductores-compuestos-ii-vi-celulas-solares-aleaciones-de-elementos-de-conversion-termoelectrica","status":"publish","type":"product","link":"https:\/\/honwaygroup.com\/es\/producto\/materia-prima-telurio-te-preparacion-de-semiconductores-compuestos-ii-vi-celulas-solares-aleaciones-de-elementos-de-conversion-termoelectrica\/","title":{"rendered":"Materia prima &#8211; Telurio (Te) Preparaci\u00f3n de semiconductores compuestos II-VI, c\u00e9lulas solares, aleaciones de elementos de conversi\u00f3n termoel\u00e9ctrica"},"content":{"rendered":"<h1>Telurio(Te) Tellurium<\/h1>\n<p>El telurio es un semimetal de color blanco plateado con buena conductividad el\u00e9ctrica y propiedades termoel\u00e9ctricas.<\/p>\n<h2><strong>Forma f\u00edsica:<\/strong><\/h2>\n<ul>\n<li>forma de tableta<\/li>\n<li>Pellets<\/li>\n<li>Granular<\/li>\n<li>Bloquear<\/li>\n<li>polvo<\/li>\n<\/ul>\n<h2><strong>Propiedades f\u00edsicas<\/strong><strong>\uff1a<\/strong><strong>\u3000\u3000\u3000\u3000\u3000\u3000\u3000\u3000\u3000\u3000<\/strong><\/h2>\n<ul>\n<li>Peso at\u00f3mico: 127,60; densidad: 6,25 g\/cm3<\/li>\n<li>Punto de fusi\u00f3n: 449,5 \u2103; punto de ebullici\u00f3n: 988 \u2103<\/li>\n<\/ul>\n<h2><strong>Especificaciones del producto<\/strong><\/h2>\n<table>\n<tbody>\n<tr>\n<td width=\"138\">Especificaciones<\/td>\n<td width=\"138\">Pureza<\/td>\n<td width=\"138\">Detecci\u00f3n de impurezas<\/td>\n<td width=\"138\">Contenido total de impurezas<\/td>\n<\/tr>\n<tr>\n<td width=\"138\">Telurio de alta pureza\uff085N\uff09<\/td>\n<td width=\"138\">99.999%<\/td>\n<td width=\"138\">Ag\u3001Al\u3001Cd\u3001Cu\u3001Fe\u3001Mg\u3001Ni\u3001Pb\u3001Se\u3001Sn\u3001Si<\/td>\n<td width=\"138\">&lt;10ppm<\/td>\n<\/tr>\n<tr>\n<td width=\"138\">Telurio ultrapuro\uff086N\uff09<\/td>\n<td width=\"138\">99.9999%<\/td>\n<td width=\"138\">Ag\u3001Al\u3001Cd\u3001Cu\u3001Fe\u3001Mg\u3001Ni\u3001Pb\u3001Se\u3001Zn\u3001Ca<\/td>\n<td width=\"138\">&lt;1ppm<\/td>\n<\/tr>\n<tr>\n<td width=\"138\">Telurio de pureza ultraalta(7N\uff09<\/td>\n<td width=\"138\">99.99999%<\/td>\n<td width=\"138\">Ag\u3001Al\u3001Cd\u3001Cu\u3001Fe\u3001Mg\u3001Ni\u3001Pb\u3001Zn\u3001Ca\u3001Se<\/td>\n<td width=\"138\">&lt;0.1ppm<\/td>\n<\/tr>\n<tr>\n<td width=\"138\">di\u00f3xido de telurio\uff085N\uff09<\/td>\n<td width=\"138\">99.999%<\/td>\n<td width=\"138\">Al\u3001Ca\u3001Cu\u3001Fe\u3001Pb<\/td>\n<td width=\"138\">&lt;10ppm<\/td>\n<\/tr>\n<\/tbody>\n<\/table>\n<h2><strong>Solicitud<\/strong><strong>\uff1a<\/strong><strong>\u3000\u3000\u3000\u3000\u3000\u3000\u3000\u3000\u3000<\/strong><\/h2>\n<ul>\n<li>Se utiliza principalmente para preparar materiales b\u00e1sicos como semiconductores compuestos II-VI, c\u00e9lulas solares, elementos de conversi\u00f3n termoel\u00e9ctrica, aleaciones, elementos de refrigeraci\u00f3n, sensores de gas, sensores t\u00e9rmicos, sensores de presi\u00f3n, fotosensores, cristales piezoel\u00e9ctricos y detectores de radiaci\u00f3n nuclear e infrarrojos.<\/li>\n<\/ul>\n<h2><strong>Paquete:<\/strong><\/h2>\n<ul>\n<li>Bolsa de PE antipolvo + bolsa de aluminio y pl\u00e1stico al vac\u00edo<br \/>\nInflado de botellas de vidrio + bolsa de PE al vac\u00edo<\/li>\n<\/ul>\n<h2><strong>Bienvenido a consultar<\/strong><\/h2>\n<p>[contact-form][contact-field label=\u00bbnombre\u00bb type=\u00bbname\u00bb required=\u00bb1&#8243;][contact-field label=\u00bbcorreo electr\u00f3nico\u00bb type=\u00bbemail\u00bb required=\u00bb1&#8243;][contact-field label=\u00bbsitio web\u00bb type=\u00bburl\u00bb][contact-field label=\u00bbinformaci\u00f3n\u00bb type=\u00bbtextarea\u00bb][\/contact-form]<\/p>\n","protected":false},"excerpt":{"rendered":"<h2>El telurio es un semimetal de color blanco plateado con buena conductividad el\u00e9ctrica y propiedades termoel\u00e9ctricas.<\/h2>\n<p>&nbsp;<\/p>\n<p><strong><span style=\"font-size: 1.7em;\">Propiedades f\u00edsicas:<\/span><\/strong><strong style=\"font-size: 1.7em;\">\u3000\u3000\u3000\u3000\u3000\u3000\u3000\u3000\u3000\u3000\u3000\u3000\u3000<\/strong><\/p>\n<ul>\n<li>Peso at\u00f3mico: 127,60; densidad: 6,25 g\/cm3<\/li>\n<li>Punto de fusi\u00f3n: 449,5 \u2103; punto de ebullici\u00f3n: 988 \u2103<\/li>\n<\/ul>\n<h2><strong>Aplicaciones:<\/strong><\/h2>\n<ul>\n<li>Se utiliza principalmente para preparar materiales b\u00e1sicos como semiconductores compuestos II-VI, c\u00e9lulas solares, elementos de conversi\u00f3n termoel\u00e9ctrica, aleaciones, elementos de refrigeraci\u00f3n, sensores de gas, sensores t\u00e9rmicos, sensores de presi\u00f3n, fotosensores, cristales piezoel\u00e9ctricos y detectores de radiaci\u00f3n nuclear e infrarrojos.<\/li>\n<\/ul>\n<h5><strong><span style=\"color: #ff0000;\">\u25b2Bienvenido al servicio de atenci\u00f3n al cliente por mensaje privado para consultas:<\/span><a href=\"https:\/\/honwaygroup.com\/es\/contactar-con-honway\/\" target=\"_blank\" rel=\"noopener\">Comun\u00edquese con Honway<\/a><\/strong><\/h5>\n<h5><span style=\"color: #ff0000;\"><strong>\u25b2 Los pedidos grandes pueden disfrutar de descuentos, comun\u00edquese con el servicio de atenci\u00f3n al cliente para realizar consultas.<\/strong><\/span><\/h5>\n<h5><strong><span style=\"color: #ff0000;\">\u25b2Comun\u00edquese con el servicio de atenci\u00f3n al cliente para conocer la fecha de entrega real del pedido.:<\/span><a href=\"https:\/\/honwaygroup.com\/es\/contactar-con-honway\/\">Comun\u00edquese con Honway<\/a><\/strong><\/h5>\n","protected":false},"featured_media":124520,"template":"","meta":{"site-sidebar-layout":"default","site-content-layout":"","ast-site-content-layout":"default","site-content-style":"default","site-sidebar-style":"default","ast-global-header-display":"","ast-banner-title-visibility":"","ast-main-header-display":"","ast-hfb-above-header-display":"","ast-hfb-below-header-display":"","ast-hfb-mobile-header-display":"","site-post-title":"","ast-breadcrumbs-content":"","ast-featured-img":"","footer-sml-layout":"","ast-disable-related-posts":"","theme-transparent-header-meta":"default","adv-header-id-meta":"","stick-header-meta":"default","header-above-stick-meta":"","header-main-stick-meta":"","header-below-stick-meta":"","astra-migrate-meta-layouts":"default","ast-page-background-enabled":"default","ast-page-background-meta":{"desktop":{"background-color":"var(--ast-global-color-5)","background-image":"","background-repeat":"repeat","background-position":"center center","background-size":"auto","background-attachment":"scroll","background-type":"","background-media":"","overlay-type":"","overlay-color":"","overlay-opacity":"","overlay-gradient":""},"tablet":{"background-color":"","background-image":"","background-repeat":"repeat","background-position":"center center","background-size":"auto","background-attachment":"scroll","background-type":"","background-media":"","overlay-type":"","overlay-color":"","overlay-opacity":"","overlay-gradient":""},"mobile":{"background-color":"","background-image":"","background-repeat":"repeat","background-position":"center center","background-size":"auto","background-attachment":"scroll","background-type":"","background-media":"","overlay-type":"","overlay-color":"","overlay-opacity":"","overlay-gradient":""}},"ast-content-background-meta":{"desktop":{"background-color":"var(--ast-global-color-4)","background-image":"","background-repeat":"repeat","background-position":"center center","background-size":"auto","background-attachment":"scroll","background-type":"","background-media":"","overlay-type":"","overlay-color":"","overlay-opacity":"","overlay-gradient":""},"tablet":{"background-color":"var(--ast-global-color-4)","background-image":"","background-repeat":"repeat","background-position":"center center","background-size":"auto","background-attachment":"scroll","background-type":"","background-media":"","overlay-type":"","overlay-color":"","overlay-opacity":"","overlay-gradient":""},"mobile":{"background-color":"var(--ast-global-color-4)","background-image":"","background-repeat":"repeat","background-position":"center center","background-size":"auto","background-attachment":"scroll","background-type":"","background-media":"","overlay-type":"","overlay-color":"","overlay-opacity":"","overlay-gradient":""}}},"product_brand":[],"product_cat":[10444],"product_tag":[10535,10537,10536,10534,10400],"class_list":{"0":"post-124519","1":"product","2":"type-product","3":"status-publish","4":"has-post-thumbnail","6":"product_cat-materias-primas","7":"product_tag-aleacion-de-alta-pureza","8":"product_tag-electronica","9":"product_tag-galio","10":"product_tag-materias-primas","11":"product_tag-semiconductor-es","12":"desktop-align-left","13":"tablet-align-left","14":"mobile-align-left","15":"ast-product-gallery-layout-horizontal-slider","16":"ast-product-gallery-with-no-image","17":"ast-product-tabs-layout-horizontal","19":"first","20":"instock","21":"taxable","22":"shipping-taxable","23":"product-type-simple"},"_links":{"self":[{"href":"https:\/\/honwaygroup.com\/es\/wp-json\/wp\/v2\/product\/124519","targetHints":{"allow":["GET"]}}],"collection":[{"href":"https:\/\/honwaygroup.com\/es\/wp-json\/wp\/v2\/product"}],"about":[{"href":"https:\/\/honwaygroup.com\/es\/wp-json\/wp\/v2\/types\/product"}],"version-history":[{"count":0,"href":"https:\/\/honwaygroup.com\/es\/wp-json\/wp\/v2\/product\/124519\/revisions"}],"wp:featuredmedia":[{"embeddable":true,"href":"https:\/\/honwaygroup.com\/es\/wp-json\/wp\/v2\/media\/124520"}],"wp:attachment":[{"href":"https:\/\/honwaygroup.com\/es\/wp-json\/wp\/v2\/media?parent=124519"}],"wp:term":[{"taxonomy":"product_brand","embeddable":true,"href":"https:\/\/honwaygroup.com\/es\/wp-json\/wp\/v2\/product_brand?post=124519"},{"taxonomy":"product_cat","embeddable":true,"href":"https:\/\/honwaygroup.com\/es\/wp-json\/wp\/v2\/product_cat?post=124519"},{"taxonomy":"product_tag","embeddable":true,"href":"https:\/\/honwaygroup.com\/es\/wp-json\/wp\/v2\/product_tag?post=124519"}],"curies":[{"name":"wp","href":"https:\/\/api.w.org\/{rel}","templated":true}]}}