{"id":124492,"date":"2025-08-01T15:10:28","date_gmt":"2025-08-01T07:10:28","guid":{"rendered":"https:\/\/honwaygroup.com\/product\/cuchillo-de-trazado-para-electroformado-de-obleas-hwd25\/"},"modified":"2025-08-01T15:10:28","modified_gmt":"2025-08-01T07:10:28","slug":"cuchillo-de-trazado-para-electroformado-de-obleas-hwd25","status":"publish","type":"product","link":"https:\/\/honwaygroup.com\/es\/producto\/cuchillo-de-trazado-para-electroformado-de-obleas-hwd25\/","title":{"rendered":"Cuchillo de trazado para electroformado de obleas HWD25"},"content":{"rendered":"<h1>Cuchillo de trazado para electroformado de obleas HWD25<\/h1>\n<h4><strong><span class=\"red\">Honway Enterprise ofrece servicios personalizados.<\/span><\/strong><\/h4>\n<h4><strong><span class=\"red\">Fabricamos el cuchillo para cortar obleas por electroformado m\u00e1s adecuado para usted.<\/span><\/strong><\/h4>\n<p>&nbsp;<\/p>\n<p>Es adecuado para procesar obleas semiconductoras, sustratos de embalaje y diversos materiales duros y quebradizos como LTCC, PZT, TGG, etc.<\/p>\n<h2>Caracter\u00edsticas:<\/h2>\n<ul>\n<li data-start=\"85\" data-end=\"151\"><strong>Capacidad de mecanizado de alta precisi\u00f3n: <\/strong>la estructura de electroformado de alta rigidez y la geometr\u00eda de la hoja estrictamente controlada garantizan un ancho de l\u00ednea de corte estable y constante, logrando un mecanizado a nivel de micrones de alta precisi\u00f3n y alto rendimiento.<\/li>\n<li data-start=\"153\" data-end=\"227\"><strong>Dise\u00f1o de corte ultra estrecho: <\/strong>los anchos de corte ultra estrechos de tan solo 10 \u03bcm satisfacen los requisitos de corte de dise\u00f1os de alta densidad y obleas de bloques estrechos como LED de GaAs, lo que mejora la utilizaci\u00f3n de las obleas y reduce la p\u00e9rdida de material.<\/li>\n<li data-start=\"229\" data-end=\"262\"><strong>Aplicable a una variedad de materiales de obleas, incluidos: <\/strong>silicio monocristalino (silicio), di\u00f3xido de silicio, nitruro de silicio y otros \u00f3xidos, carburo de silicio (SiC), arseniuro de galio (GaAs), fosfuro de galio (GaP) y otros semiconductores compuestos III-V.<\/li>\n<li data-start=\"349\" data-end=\"414\"><strong>Excelente vida \u00fatil y estabilidad del filo: <\/strong>la estabilidad qu\u00edmica de la hoja resiste eficazmente la corrosi\u00f3n en entornos de corte h\u00famedos o asistidos por CO\u2082, lo que extiende significativamente la vida \u00fatil de la hoja.<\/li>\n<li data-start=\"349\" data-end=\"414\"><strong data-start=\"307\" data-end=\"333\">Distribuci\u00f3n del tama\u00f1o de part\u00edcula de polvo de diamante ultraestrecha, combinada con una selecci\u00f3n de tipo de cristal altamente consistente:<\/strong> los tipos de cristales de diamante altamente compactos cuidadosamente seleccionados y la distribuci\u00f3n uniforme del tama\u00f1o de part\u00edcula garantizan la limpieza de la superficie procesada y la estabilidad del corte, mejorando as\u00ed la tasa de rendimiento del producto terminado.<\/li>\n<li data-start=\"349\" data-end=\"414\"><strong data-start=\"540\" data-end=\"554\">Dise\u00f1o de alta resistencia y rigidez de la hoja: <\/strong>adecuado para entornos operativos de alta velocidad, puede prevenir eficazmente fen\u00f3menos de desviaci\u00f3n como \u00abmarcas de serpiente\u00bb durante el corte, al tiempo que garantiza una buena verticalidad y uniformidad de las paredes laterales del grano.<\/li>\n<li data-start=\"416\" data-end=\"473\"><strong>Especificaciones de cuchillas personalizables: <\/strong>hay disponibles diferentes espesores de cuchillas, di\u00e1metros exteriores, formas de borde y dureza de base de metal para cumplir con varios tama\u00f1os de obleas y requisitos de corte.<\/li>\n<\/ul>\n<h2>usar:<\/h2>\n<ul>\n<li>Adecuado para cortar o ranurar, especialmente para cortar obleas y procesar paquetes de semiconductores.<\/li>\n<li>Se utiliza en la etapa del proceso de corte de obleas semiconductoras.<\/li>\n<\/ul>\n<h2>\u00c1reas de aplicaci\u00f3n:<\/h2>\n<ul>\n<li>Es adecuado para el corte de precisi\u00f3n de obleas de silicio, obleas de \u00f3xido, carburo de silicio (SiC), arseniuro de galio (GaAs), fosfuro de galio y otras obleas compuestas.<\/li>\n<li>Obleas de silicio compuestas, materiales electr\u00f3nicos, resinas, metales, cer\u00e1micas, materiales compuestos, etc.<\/li>\n<\/ul>\n<h4><strong>Al pedir cuchillos para cortar en cubitos, especifique lo siguiente:<\/strong><\/h4>\n<ul>\n<li>La forma y dimensiones de la hoja:<\/li>\n<li><span style=\"font-weight: 400;\">Exposici\u00f3n de la hoja (um): Por ejemplo: Z (250-380)<\/span><\/li>\n<li>Ancho de ranura: Por ejemplo: A (16-20)<\/li>\n<li>Granularidad: Por ejemplo: #1800<\/li>\n<li>Carpeta: Por ejemplo:<span style=\"font-weight: 400;\"> N tipo general<\/span><\/li>\n<li>Concentraci\u00f3n: Por ejemplo: 90<\/li>\n<li>Aplicaci\u00f3n: carburo de silicio (SiC), arseniuro de galio (GaAs), obleas de fosfuro de galio<\/li>\n<li>Cantidad y tiempo de entrega:<\/li>\n<li>Velocidad y condiciones de procesamiento:<\/li>\n<li>Modelo de equipo de procesamiento:<\/li>\n<li>La mayor\u00eda de los fabricantes marcar\u00e1n la siguiente informaci\u00f3n en el cuchillo para cortar en cubitos, el ejemplo de especificaci\u00f3n es: CB 3000N70<\/li>\n<\/ul>\n<table>\n<tbody>\n<tr>\n<td><strong>Exposici\u00f3n de la cuchilla(um)<\/strong><\/td>\n<td><strong>Ancho de corte(um)<\/strong><\/td>\n<td><strong>Tama\u00f1o de part\u00edcula<\/strong><\/td>\n<td><strong>Aglutinante<\/strong><\/td>\n<td><strong>Concentraci\u00f3n (volumen)<\/strong><\/td>\n<\/tr>\n<tr>\n<td><span style=\"font-weight: 400;\">Z 250-380<\/span><\/p>\n<p><span style=\"font-weight: 400;\">A 385-510<\/span><\/p>\n<p><span style=\"font-weight: 400;\">B 510-640<\/span><\/p>\n<p><span style=\"font-weight: 400;\">C 640-760<\/span><\/p>\n<p><span style=\"font-weight: 400;\">D 760-890<\/span><\/p>\n<p><span style=\"font-weight: 400;\">E 890-1020<\/span><\/p>\n<p><span style=\"font-weight: 400;\">F 1020-1150<\/span><\/p>\n<p><span style=\"font-weight: 400;\">G 1150-1270<\/span><\/td>\n<td><span style=\"font-weight: 400;\">Z 11-15<\/span><\/p>\n<p><span style=\"font-weight: 400;\">A 16-20<\/span><\/p>\n<p><span style=\"font-weight: 400;\">B 20-25<\/span><\/p>\n<p><span style=\"font-weight: 400;\">C 25-30<\/span><\/p>\n<p><span style=\"font-weight: 400;\">D 30-35<\/span><\/p>\n<p><span style=\"font-weight: 400;\">E 35-40<\/span><\/p>\n<p><span style=\"font-weight: 400;\">F 40-50<\/span><\/p>\n<p><span style=\"font-weight: 400;\">G 50-60<\/span><\/td>\n<td><span style=\"font-weight: 400;\">#1000<\/span><\/p>\n<p><span style=\"font-weight: 400;\">#1500<\/span><\/p>\n<p><span style=\"font-weight: 400;\">#1700<\/span><\/p>\n<p><span style=\"font-weight: 400;\">#1800<\/span><\/p>\n<p><span style=\"font-weight: 400;\">#2000<\/span><\/p>\n<p><span style=\"font-weight: 400;\">#2500<\/span><\/p>\n<p><span style=\"font-weight: 400;\">#3000<\/span><\/p>\n<p><span style=\"font-weight: 400;\">#3500<\/span><\/p>\n<p><span style=\"font-weight: 400;\">#4000<\/span><\/p>\n<p><span style=\"font-weight: 400;\">#4500<\/span><\/p>\n<p><span style=\"font-weight: 400;\">#4800<\/span><\/p>\n<p><span style=\"font-weight: 400;\">#5000<\/span><\/td>\n<td><span style=\"font-weight: 400;\">S Tipo afilado<\/span><\/p>\n<p><span style=\"font-weight: 400;\">N Tipo general<\/span><\/p>\n<p><span style=\"font-weight: 400;\">H Tipo de alta resistencia<\/span><\/td>\n<td><span style=\"font-weight: 400;\">50<\/span><\/p>\n<p><span style=\"font-weight: 400;\">70<\/span><\/p>\n<p><span style=\"font-weight: 400;\">90<\/span><\/p>\n<p><span style=\"font-weight: 400;\">110<\/span><\/p>\n<p><span style=\"font-weight: 400;\">130<\/span><\/td>\n<\/tr>\n<\/tbody>\n<\/table>\n<h2>Im\u00e1genes de muestra:<\/h2>\n<p><a href=\"https:\/\/honwaygroup.com\/wp-content\/uploads\/2025\/04\/1A1.jpg\"><img fetchpriority=\"high\" decoding=\"async\" class=\"size-full wp-image-93178 aligncenter\" src=\"https:\/\/honwaygroup.com\/wp-content\/uploads\/2025\/04\/1A1.jpg\" alt=\"\" width=\"520\" height=\"198\"><\/a><\/p>\n<p>&nbsp;<\/p>\n<h2>Ventajas t\u00e9cnicas del producto:<\/h2>\n<p>Los cristales de diamante altamente compactos cuidadosamente seleccionados y la distribuci\u00f3n uniforme del tama\u00f1o de part\u00edcula garantizan la limpieza de la superficie y la estabilidad del corte, mejorando el rendimiento del producto terminado.<\/p>\n<p><a href=\"https:\/\/honwaygroup.com\/wp-content\/uploads\/2025\/08\/%E5%9C%96%E7%89%871.avif\"><img decoding=\"async\" class=\"alignnone wp-image-121156 size-full\" src=\"https:\/\/honwaygroup.com\/wp-content\/uploads\/2025\/08\/%E5%9C%96%E7%89%871.avif\" alt=\"\" width=\"495\" height=\"330\"><\/a><\/p>\n<p>Al controlar con precisi\u00f3n la concentraci\u00f3n de diamante, la serie HWD25 equilibra eficazmente la estabilidad del proceso y la vida \u00fatil de la herramienta, demostrando un rendimiento excepcional en la reducci\u00f3n del astillado de las obleas y logrando resultados de corte de alto rendimiento y alta confiabilidad.<\/p>\n<p><a href=\"https:\/\/honwaygroup.com\/wp-content\/uploads\/2025\/08\/%E5%9C%96%E7%89%873.avif\"><img decoding=\"async\" class=\"alignnone wp-image-121165 size-full\" src=\"https:\/\/honwaygroup.com\/wp-content\/uploads\/2025\/08\/%E5%9C%96%E7%89%873.avif\" alt=\"\" width=\"467\" height=\"325\"><\/a><\/p>\n<p>El proceso de alta precisi\u00f3n reduce el tiempo de ajuste previo al corte y de precalibraci\u00f3n, al mismo tiempo que reduce eficazmente el desgaste de la cuchilla y la vibraci\u00f3n durante el funcionamiento a alta velocidad, mejorando la estabilidad del funcionamiento de la m\u00e1quina.<\/p>\n<p><a href=\"https:\/\/honwaygroup.com\/wp-content\/uploads\/2025\/08\/%E5%9C%96%E7%89%874.avif\"><img loading=\"lazy\" decoding=\"async\" class=\"alignnone wp-image-121174 size-full\" src=\"https:\/\/honwaygroup.com\/wp-content\/uploads\/2025\/08\/%E5%9C%96%E7%89%874.avif\" alt=\"\" width=\"476\" height=\"327\"><\/a><\/p>\n<p>La excelente estabilidad qu\u00edmica del filo resiste eficazmente el riesgo de corrosi\u00f3n en entornos de corte h\u00famedos o asistidos con CO\u2082, lo que extiende significativamente la vida \u00fatil de la hoja.<\/p>\n<p><a href=\"https:\/\/honwaygroup.com\/wp-content\/uploads\/2025\/08\/%E6%95%B8%E6%93%9A%E5%9C%96-02.avif\"><img loading=\"lazy\" decoding=\"async\" class=\"alignnone wp-image-121355\" src=\"https:\/\/honwaygroup.com\/wp-content\/uploads\/2025\/08\/%E6%95%B8%E6%93%9A%E5%9C%96-02.avif\" alt=\"\" width=\"467\" height=\"323\"><\/a><\/p>\n<p><strong data-start=\"465\" data-end=\"486\">Los anchos de corte ultra estrechos, de hasta 10 \u03bcm<\/strong>, satisfacen las demandas de corte de dise\u00f1os de alta densidad y obleas de bloques estrechos como LED de GaAs, lo que mejora la utilizaci\u00f3n de las obleas y reduce la p\u00e9rdida de material.<\/p>\n<p><a href=\"https:\/\/honwaygroup.com\/wp-content\/uploads\/2025\/08\/%E5%9C%96%E7%89%876.avif\"><img loading=\"lazy\" decoding=\"async\" class=\"alignnone wp-image-121192 size-full\" src=\"https:\/\/honwaygroup.com\/wp-content\/uploads\/2025\/08\/%E5%9C%96%E7%89%876.avif\" alt=\"\" width=\"467\" height=\"338\"><\/a><\/p>\n<p>Adecuado para entornos operativos de alta velocidad, puede prevenir eficazmente fen\u00f3menos de desviaci\u00f3n como \u00abpatrones en forma de serpiente\u00bb durante el corte, al tiempo que garantiza una buena verticalidad y uniformidad de las paredes laterales del grano.<\/p>\n<p><a href=\"https:\/\/honwaygroup.com\/wp-content\/uploads\/2025\/08\/%E5%9C%96%E7%89%877.avif\"><img loading=\"lazy\" decoding=\"async\" class=\"alignnone wp-image-121201 size-full\" src=\"https:\/\/honwaygroup.com\/wp-content\/uploads\/2025\/08\/%E5%9C%96%E7%89%877.avif\" alt=\"\" width=\"501\" height=\"332\"><\/a><\/p>\n<h2>Casos de uso:<\/h2>\n<p><a href=\"https:\/\/honwaygroup.com\/wp-content\/uploads\/2025\/08\/%E6%95%B8%E6%93%9A%E5%9C%96-03.jpg\"><img loading=\"lazy\" decoding=\"async\" class=\"alignnone wp-image-121366\" src=\"https:\/\/honwaygroup.com\/wp-content\/uploads\/2025\/08\/%E6%95%B8%E6%93%9A%E5%9C%96-03.jpg\" alt=\"\" width=\"635\" height=\"187\"><\/a><\/p>\n<p>Oblea de silicio IC de 8 pulgadas, la trayectoria de corte contiene metal, sin quema de l\u00e1ser<\/p>\n<h2>Notas:<\/h2>\n<ul>\n<li><b>Revise la cuchilla para cortar en cubitos<\/b>: Antes de instalarla, aseg\u00farese de verificar cuidadosamente si presenta grietas o huecos. Si encuentra alg\u00fan da\u00f1o, deje de usarla inmediatamente para evitar peligros.<\/li>\n<li><b>Confirme el sentido de giro: <\/b>Aseg\u00farese de que el sentido de giro marcado en la cuchilla de corte coincida con el sentido de giro real del husillo de la m\u00e1quina. Usarla en sentido contrario afectar\u00e1 el efecto de corte y la vida \u00fatil de la cuchilla.<\/li>\n<li><b>Elija la cuchilla adecuada:<\/b> utilice \u00fanicamente cuchillas de corte que cumplan con las especificaciones de la m\u00e1quina herramienta y las condiciones de procesamiento para evitar fallas en el procesamiento o da\u00f1os en el equipo debido al incumplimiento de las especificaciones.<\/li>\n<li><b>Detenga la m\u00e1quina inmediatamente:<\/b> si se produce alg\u00fan sonido anormal, vibraci\u00f3n o el corte no es uniforme durante el procesamiento, se debe detener la m\u00e1quina inmediatamente y encontrar la causa antes de continuar con la operaci\u00f3n.<\/li>\n<li><b>Recorte regular:<\/b> Si observa que la eficiencia de corte disminuye, debe recortar la cuchilla. El uso continuo de una cuchilla sin filo puede causar sobrecalentamiento, sobrecarga o incluso rotura.<\/li>\n<li><b>No tocar:<\/b> cuando el cuchillo para cortar en cubitos est\u00e9 girando, est\u00e1 estrictamente prohibido tocarlo con las manos u otras partes del cuerpo para evitar lesiones personales.<\/li>\n<\/ul>\n<p><span style=\"font-size: 16px;\">\u00bfTienes preguntas? <\/span><a style=\"font-size: 16px; background-color: #ffffff;\" href=\"https:\/\/honwaygroup.com\/es\/contactar-con-honway\/\" target=\"_blank\" rel=\"nofollow noopener\">Contactar a Honway<\/a><\/p>\n<p>&nbsp;<\/p>\n","protected":false},"excerpt":{"rendered":"<ul>\n<li>Es adecuado para el corte de precisi\u00f3n de obleas de silicio, obleas de \u00f3xido, carburo de silicio (SiC), arseniuro de galio (GaAs), fosfuro de galio y otras obleas compuestas.<\/li>\n<li>Obleas de silicio compuestas, materiales electr\u00f3nicos, resinas, metales, cer\u00e1micas, materiales compuestos, etc.<\/li>\n<li>Adecuado para cortar o ranurar, especialmente para cortar obleas y procesar paquetes de semiconductores.<\/li>\n<li>Se utiliza en la etapa del proceso de corte de obleas semiconductoras.<\/li>\n<\/ul>\n<h5><span style=\"color: #ff0000;\"><strong>\u25b2Bienvenido al servicio de atenci\u00f3n al cliente por mensaje privado para consultas.<\/strong><\/span><\/h5>\n<h5><span style=\"color: #ff0000;\"><strong>\u25b2<\/strong><strong>Si necesita un tama\u00f1o personalizado, comun\u00edquese con el servicio de atenci\u00f3n al cliente.<\/strong><\/span><\/h5>\n<h5><span style=\"color: #ff0000;\"><strong>\u25b2 Los pedidos grandes pueden disfrutar de descuentos, comun\u00edquese con el servicio de atenci\u00f3n al cliente para realizar consultas.<br \/>\n<\/strong><\/span><\/h5>\n<h5><span style=\"color: #ff0000;\"><strong>\u25b2Para consultar el plazo de entrega de pedidos, por favor contacte al servicio de atenci\u00f3n al cliente:<span style=\"color: #3366ff;\"><a style=\"color: #3366ff;\" href=\"https:\/\/honwaygroup.com\/es\/contactar-con-honway\/\">Contactar a Honway<\/a><\/span><\/strong><\/span><\/h5>\n","protected":false},"featured_media":124509,"template":"","meta":{"site-sidebar-layout":"default","site-content-layout":"","ast-site-content-layout":"default","site-content-style":"default","site-sidebar-style":"default","ast-global-header-display":"","ast-banner-title-visibility":"","ast-main-header-display":"","ast-hfb-above-header-display":"","ast-hfb-below-header-display":"","ast-hfb-mobile-header-display":"","site-post-title":"","ast-breadcrumbs-content":"","ast-featured-img":"","footer-sml-layout":"","ast-disable-related-posts":"","theme-transparent-header-meta":"default","adv-header-id-meta":"","stick-header-meta":"default","header-above-stick-meta":"","header-main-stick-meta":"","header-below-stick-meta":"","astra-migrate-meta-layouts":"default","ast-page-background-enabled":"default","ast-page-background-meta":{"desktop":{"background-color":"var(--ast-global-color-5)","background-image":"","background-repeat":"repeat","background-position":"center center","background-size":"auto","background-attachment":"scroll","background-type":"","background-media":"","overlay-type":"","overlay-color":"","overlay-opacity":"","overlay-gradient":""},"tablet":{"background-color":"","background-image":"","background-repeat":"repeat","background-position":"center center","background-size":"auto","background-attachment":"scroll","background-type":"","background-media":"","overlay-type":"","overlay-color":"","overlay-opacity":"","overlay-gradient":""},"mobile":{"background-color":"","background-image":"","background-repeat":"repeat","background-position":"center center","background-size":"auto","background-attachment":"scroll","background-type":"","background-media":"","overlay-type":"","overlay-color":"","overlay-opacity":"","overlay-gradient":""}},"ast-content-background-meta":{"desktop":{"background-color":"var(--ast-global-color-4)","background-image":"","background-repeat":"repeat","background-position":"center center","background-size":"auto","background-attachment":"scroll","background-type":"","background-media":"","overlay-type":"","overlay-color":"","overlay-opacity":"","overlay-gradient":""},"tablet":{"background-color":"var(--ast-global-color-4)","background-image":"","background-repeat":"repeat","background-position":"center center","background-size":"auto","background-attachment":"scroll","background-type":"","background-media":"","overlay-type":"","overlay-color":"","overlay-opacity":"","overlay-gradient":""},"mobile":{"background-color":"var(--ast-global-color-4)","background-image":"","background-repeat":"repeat","background-position":"center center","background-size":"auto","background-attachment":"scroll","background-type":"","background-media":"","overlay-type":"","overlay-color":"","overlay-opacity":"","overlay-gradient":""}}},"product_brand":[],"product_cat":[10399],"product_tag":[10531],"class_list":{"0":"post-124492","1":"product","2":"type-product","3":"status-publish","4":"has-post-thumbnail","6":"product_cat-semiconductor-es","7":"product_tag-cuchillo-para-cortar-obleas-por-electroformado","8":"desktop-align-left","9":"tablet-align-left","10":"mobile-align-left","11":"ast-product-gallery-layout-horizontal-slider","12":"ast-product-tabs-layout-horizontal","14":"first","15":"instock","16":"taxable","17":"shipping-taxable","18":"product-type-simple"},"_links":{"self":[{"href":"https:\/\/honwaygroup.com\/es\/wp-json\/wp\/v2\/product\/124492","targetHints":{"allow":["GET"]}}],"collection":[{"href":"https:\/\/honwaygroup.com\/es\/wp-json\/wp\/v2\/product"}],"about":[{"href":"https:\/\/honwaygroup.com\/es\/wp-json\/wp\/v2\/types\/product"}],"version-history":[{"count":0,"href":"https:\/\/honwaygroup.com\/es\/wp-json\/wp\/v2\/product\/124492\/revisions"}],"wp:featuredmedia":[{"embeddable":true,"href":"https:\/\/honwaygroup.com\/es\/wp-json\/wp\/v2\/media\/124509"}],"wp:attachment":[{"href":"https:\/\/honwaygroup.com\/es\/wp-json\/wp\/v2\/media?parent=124492"}],"wp:term":[{"taxonomy":"product_brand","embeddable":true,"href":"https:\/\/honwaygroup.com\/es\/wp-json\/wp\/v2\/product_brand?post=124492"},{"taxonomy":"product_cat","embeddable":true,"href":"https:\/\/honwaygroup.com\/es\/wp-json\/wp\/v2\/product_cat?post=124492"},{"taxonomy":"product_tag","embeddable":true,"href":"https:\/\/honwaygroup.com\/es\/wp-json\/wp\/v2\/product_tag?post=124492"}],"curies":[{"name":"wp","href":"https:\/\/api.w.org\/{rel}","templated":true}]}}