{"id":124480,"date":"2025-08-01T16:58:21","date_gmt":"2025-08-01T08:58:21","guid":{"rendered":"https:\/\/honwaygroup.com\/product\/cuchillo-rebanador-para-empaquetado-de-obleas-hwes25-cuchillo-blando\/"},"modified":"2025-08-01T16:58:21","modified_gmt":"2025-08-01T08:58:21","slug":"cuchillo-rebanador-para-empaquetado-de-obleas-hwes25-cuchillo-blando","status":"publish","type":"product","link":"https:\/\/honwaygroup.com\/es\/producto\/cuchillo-rebanador-para-empaquetado-de-obleas-hwes25-cuchillo-blando\/","title":{"rendered":"Cuchillo rebanador para empaquetado de obleas HWES25 &#8211; Cuchillo blando"},"content":{"rendered":"<h1>Cuchillo rebanador para empaquetado de obleas HWES25 &#8211; Cuchillo blando<\/h1>\n<h4><strong><span class=\"red\">Honway Enterprise ofrece servicios personalizados.<\/span><\/strong><\/h4>\n<h4><strong><span class=\"red\">Fabricamos el cuchillo cortador de obleas m\u00e1s adecuado para usted.<\/span><\/strong><\/h4>\n<p>&nbsp;<\/p>\n<p>Adecuado para procesar materiales duros y quebradizos como sustratos de PCB, sustratos EMC, sustratos de chip LED, LTCC, PZT, TGG, etc.<\/p>\n<p>Hay dos materiales base disponibles:<strong> resina y metal, para satisfacer<\/strong> diversas necesidades de procesamiento.<\/p>\n<p>&nbsp;<\/p>\n<h2>Caracter\u00edsticas:<\/h2>\n<ul>\n<li data-start=\"167\" data-end=\"239\">\n<p data-start=\"170\" data-end=\"239\"><strong data-start=\"170\" data-end=\"181\">Dise\u00f1o ultrafino y de alta rigidez:<\/strong> la hoja tiene un espesor extremadamente peque\u00f1o y una rigidez excelente, lo que reduce efectivamente el ancho de corte y al mismo tiempo mantiene una alta precisi\u00f3n de corte, mejorando as\u00ed la utilizaci\u00f3n del material.<\/p>\n<\/li>\n<li data-start=\"241\" data-end=\"305\">\n<p data-start=\"244\" data-end=\"305\"><strong data-start=\"244\" data-end=\"257\">Tres opciones de sistema de uni\u00f3n: <\/strong>Hay disponibles opciones de uni\u00f3n de resina, metal y electroformado para brindar un rendimiento de corte y una vida \u00fatil de la hoja \u00f3ptimos seg\u00fan las diferentes propiedades del material y los requisitos de procesamiento.<\/p>\n<\/li>\n<li data-start=\"307\" data-end=\"376\">\n<p data-start=\"310\" data-end=\"376\"><strong data-start=\"310\" data-end=\"330\">El aglutinante electroformado logra una alta rectitud y un procesamiento de alta velocidad:<\/strong> el uso de una nueva generaci\u00f3n de aglutinante electroformado de alta resistencia no solo mejora la precisi\u00f3n y la rectitud del corte, sino que tambi\u00e9n puede hacer frente a condiciones de alimentaci\u00f3n de alta velocidad y aumentar la capacidad de producci\u00f3n.<\/p>\n<\/li>\n<li data-start=\"378\" data-end=\"449\">\n<p data-start=\"381\" data-end=\"449\"><strong data-start=\"381\" data-end=\"400\">Concentraci\u00f3n ajustable, equilibrando calidad y vida \u00fatil:<\/strong> Disponemos de una variedad de niveles de concentraci\u00f3n de diamante, lo que permite una selecci\u00f3n precisa seg\u00fan la aplicaci\u00f3n. Disponemos de combinaciones flexibles para satisfacer las necesidades de bajo astillado y larga vida \u00fatil, mejorando as\u00ed la estabilidad del procesamiento.<\/p>\n<\/li>\n<li data-start=\"451\" data-end=\"518\">\n<p data-start=\"454\" data-end=\"518\"><strong data-start=\"454\" data-end=\"471\">Altamente personalizable para materiales dif\u00edciles de mecanizar: <\/strong>las especificaciones de inserto se pueden ajustar a las necesidades del cliente y se admiten tecnolog\u00edas de procesamiento especiales para manipular materiales compuestos pegajosos y quebradizos, como sustratos de cer\u00e1mica y silicona.<\/p>\n<\/li>\n<li data-start=\"520\" data-end=\"578\">\n<p data-start=\"523\" data-end=\"578\"><strong data-start=\"523\" data-end=\"534\">Excelente uniformidad de espesor: <\/strong>Los procesos especiales de consolidaci\u00f3n, sinterizaci\u00f3n y electroconformado garantizan que la hoja en general mantenga una excelente consistencia de espesor, lo que garantiza una calidad de corte estable a largo plazo.<\/p>\n<\/li>\n<li data-start=\"580\" data-end=\"654\">\n<p data-start=\"583\" data-end=\"654\"><strong data-start=\"583\" data-end=\"597\">Corte de alta velocidad: <\/strong>el dise\u00f1o de la hoja suave puede alcanzar una velocidad de corte de 200 mm\/s y una vida \u00fatil de m\u00e1s de 7000 m, lo que lo hace particularmente adecuado para el procesamiento de alta eficiencia en entornos de producci\u00f3n en masa.<\/p>\n<\/li>\n<\/ul>\n<h2>usar:<\/h2>\n<ul>\n<li>Material base de resina: <span style=\"font-weight: 400;\">adecuado para procesar materiales duros.<\/span><\/li>\n<li>Sustrato met\u00e1lico: mayor vida \u00fatil.<\/li>\n<li>Se utiliza en la etapa del proceso de corte de empaquetado de semiconductores.<\/li>\n<li><span style=\"font-weight: 400;\">Procesamiento de materiales dif\u00edciles de mecanizar, como sustratos cer\u00e1micos con silicona.<\/span><\/li>\n<\/ul>\n<h2>\u00c1reas de aplicaci\u00f3n:<\/h2>\n<ul>\n<li><span style=\"font-weight: 400;\">Adecuado para cortar cer\u00e1mica, materiales fr\u00e1giles, vidrio \u00f3ptico, placas de circuitos impresos, componentes electr\u00f3nicos y, especialmente, para envases de semiconductores.<\/span><\/li>\n<li>Adecuado para sustratos de PCB, sustratos EMC, sustratos de LED de chip y materiales duros y quebradizos como LTCC, PZT y TGG.<\/li>\n<\/ul>\n<h4><strong>Al pedir cuchillos para cortar en cubitos, especifique lo siguiente:<\/strong><\/h4>\n<ul>\n<li>La forma y dimensiones de la hoja:<\/li>\n<li><span style=\"font-weight: 400;\">Di\u00e1metro exterior (mm): Por ejemplo: 65<\/span><\/li>\n<li><span style=\"font-weight: 400;\">Espesor (mm)<\/span>: Por ejemplo: 0,08<\/li>\n<li><span style=\"font-weight: 400;\">Tolerancia de espesor (mm)<\/span>: Por ejemplo: <span style=\"font-weight: 400;\">B \u00b10,010<\/span><\/li>\n<li>Granularidad: Por ejemplo: #800<\/li>\n<li>Carpeta: Por ejemplo:<span style=\"font-weight: 400;\"> N tipo general<\/span><\/li>\n<li>Concentraci\u00f3n: Por ejemplo: 130<\/li>\n<li><span style=\"font-weight: 400;\">N\u00famero de ranuras (uds): Por ejemplo: S16<\/span><\/li>\n<li>Aplicaci\u00f3n: sustrato de PCB, sustrato EMC<\/li>\n<li>Cantidad y tiempo de entrega:<\/li>\n<li>Velocidad y condiciones de procesamiento:<\/li>\n<li>Modelo de equipo de procesamiento:<\/li>\n<li>La mayor\u00eda de los fabricantes incluir\u00e1n la siguiente informaci\u00f3n en el cuchillo para cortar en dados. Ejemplo de especificaciones: 56\u00d70.08B\u00d740 800H130S16<\/li>\n<\/ul>\n<table>\n<tbody>\n<tr>\n<td><span style=\"font-weight: 400;\">Di\u00e1metro exterior (mm)<\/span><\/td>\n<td><span style=\"font-weight: 400;\">Espesor (mm)<\/span><\/td>\n<td><span style=\"font-weight: 400;\">Tolerancia de espesor (mm)<\/span><\/td>\n<td><span style=\"font-weight: 400;\">Di\u00e1metro interior (mm)<\/span><\/td>\n<td><span style=\"font-weight: 400;\">granularidad<\/span><\/td>\n<td><span style=\"font-weight: 400;\">aglutinante<\/span><\/td>\n<td><span style=\"font-weight: 400;\">Concentraci\u00f3n (concentraci\u00f3n de volumen)<\/span><\/td>\n<td><span style=\"font-weight: 400;\">N\u00famero de ranuras (uds.)<\/span><\/td>\n<\/tr>\n<tr>\n<td><span style=\"font-weight: 400;\">50<\/span><\/p>\n<p><span style=\"font-weight: 400;\">52<\/span><\/p>\n<p><span style=\"font-weight: 400;\">54<\/span><\/p>\n<p><span style=\"font-weight: 400;\">56<\/span><\/p>\n<p><span style=\"font-weight: 400;\">58<\/span><\/p>\n<p><span style=\"font-weight: 400;\">59<\/span><\/td>\n<td><span style=\"font-weight: 400;\">0.02<\/span><\/p>\n<p><span style=\"font-weight: 400;\">0.04<\/span><\/p>\n<p><span style=\"font-weight: 400;\">0.06<\/span><\/p>\n<p><span style=\"font-weight: 400;\">0.08<\/span><\/p>\n<p><span style=\"font-weight: 400;\">0.10<\/span><\/p>\n<p><span style=\"font-weight: 400;\">0.12<\/span><\/p>\n<p><span style=\"font-weight: 400;\">0.14<\/span><\/p>\n<p><span style=\"font-weight: 400;\">0.16<\/span><\/p>\n<p><span style=\"font-weight: 400;\">0.18<\/span><\/p>\n<p><span style=\"font-weight: 400;\">0.20<\/span><\/p>\n<p><span style=\"font-weight: 400;\">0.22<\/span><\/p>\n<p><span style=\"font-weight: 400;\">0.24<\/span><\/p>\n<p><span style=\"font-weight: 400;\">0.26<\/span><\/p>\n<p><span style=\"font-weight: 400;\">0.28<\/span><\/td>\n<td><span style=\"font-weight: 400;\">P \u00b10.003<\/span><\/p>\n<p><span style=\"font-weight: 400;\">A \u00b10.005<\/span><\/p>\n<p><span style=\"font-weight: 400;\">B \u00b10.010<\/span><\/p>\n<p><span style=\"font-weight: 400;\">C \u00b10.015<\/span><\/td>\n<td><span style=\"font-weight: 400;\">10<\/span><\/td>\n<td><span style=\"font-weight: 400;\">#340<\/span><\/p>\n<p><span style=\"font-weight: 400;\">#400<\/span><\/p>\n<p><span style=\"font-weight: 400;\">#500<\/span><\/p>\n<p><span style=\"font-weight: 400;\">#600<\/span><\/p>\n<p><span style=\"font-weight: 400;\">#800<\/span><\/p>\n<p><span style=\"font-weight: 400;\">#1000<\/span><\/p>\n<p><span style=\"font-weight: 400;\">#12<\/span><\/p>\n<p><span style=\"font-weight: 400;\">00<\/span><\/td>\n<td><span style=\"font-weight: 400;\">S Tipo afilado<\/span><\/p>\n<p><span style=\"font-weight: 400;\">N Tipo general<\/span><\/p>\n<p><span style=\"font-weight: 400;\">H Tipo de alta resistencia<\/span><\/td>\n<td><span style=\"font-weight: 400;\">30<\/span><\/p>\n<p><span style=\"font-weight: 400;\">50<\/span><\/p>\n<p><span style=\"font-weight: 400;\">70<\/span><\/p>\n<p><span style=\"font-weight: 400;\">90<\/span><\/p>\n<p><span style=\"font-weight: 400;\">110<\/span><\/p>\n<p><span style=\"font-weight: 400;\">130<\/span><\/p>\n<p><span style=\"font-weight: 400;\">150<\/span><\/td>\n<td><span style=\"font-weight: 400;\">S16<\/span><\/p>\n<p><span style=\"font-weight: 400;\">S32<\/span><\/p>\n<p><span style=\"font-weight: 400;\">S48<\/span><\/td>\n<\/tr>\n<\/tbody>\n<\/table>\n<h2>Im\u00e1genes de muestra:<\/h2>\n<p><a href=\"https:\/\/honwaygroup.com\/wp-content\/uploads\/2025\/04\/1A1.jpg\"><img fetchpriority=\"high\" decoding=\"async\" class=\"size-full wp-image-93178 aligncenter\" src=\"https:\/\/honwaygroup.com\/wp-content\/uploads\/2025\/04\/1A1.jpg\" alt=\"\" width=\"520\" height=\"198\"><\/a><\/p>\n<p>&nbsp;<\/p>\n<h2>Ventajas t\u00e9cnicas del producto:<\/h2>\n<p>Los cristales de diamante altamente compactos cuidadosamente seleccionados y la distribuci\u00f3n uniforme del tama\u00f1o de part\u00edcula garantizan la limpieza de la superficie y la estabilidad del corte, mejorando el rendimiento del producto terminado.<\/p>\n<p><a href=\"https:\/\/honwaygroup.com\/wp-content\/uploads\/2025\/08\/%E5%9C%96%E7%89%871.avif\"><img decoding=\"async\" class=\"alignnone wp-image-121156 size-full\" src=\"https:\/\/honwaygroup.com\/wp-content\/uploads\/2025\/08\/%E5%9C%96%E7%89%871.avif\" alt=\"\" width=\"495\" height=\"330\"><\/a><\/p>\n<p>Al controlar con precisi\u00f3n la concentraci\u00f3n de diamante, la serie HWE25 equilibra eficazmente la estabilidad del proceso y la vida \u00fatil de la herramienta, demostrando un rendimiento excepcional en la reducci\u00f3n del astillado de obleas y logrando resultados de corte de alto rendimiento y alta confiabilidad.<\/p>\n<p><a href=\"https:\/\/honwaygroup.com\/wp-content\/uploads\/2025\/08\/%E5%9C%96%E7%89%873.avif\"><img decoding=\"async\" class=\"alignnone wp-image-121165 size-full\" src=\"https:\/\/honwaygroup.com\/wp-content\/uploads\/2025\/08\/%E5%9C%96%E7%89%873.avif\" alt=\"\" width=\"467\" height=\"325\"><\/a><\/p>\n<p>La excelente estabilidad qu\u00edmica del filo resiste eficazmente el riesgo de corrosi\u00f3n en entornos de corte h\u00famedos o asistidos con CO\u2082, lo que extiende significativamente la vida \u00fatil de la hoja.<\/p>\n<p><a href=\"https:\/\/honwaygroup.com\/wp-content\/uploads\/2025\/08\/%E6%95%B8%E6%93%9A%E5%9C%96-02.avif\"><img loading=\"lazy\" decoding=\"async\" class=\"alignnone wp-image-121355\" src=\"https:\/\/honwaygroup.com\/wp-content\/uploads\/2025\/08\/%E6%95%B8%E6%93%9A%E5%9C%96-02-1024x709.jpg\" alt=\"\" width=\"467\" height=\"323\"><\/a><\/p>\n<p><strong data-start=\"465\" data-end=\"486\">Los anchos de corte ultra estrechos, de hasta 10 \u03bcm<\/strong>, satisfacen las demandas de corte de dise\u00f1os de alta densidad y obleas de bloques estrechos como LED de GaAs, lo que mejora la utilizaci\u00f3n de las obleas y reduce la p\u00e9rdida de material.<\/p>\n<p><a href=\"https:\/\/honwaygroup.com\/wp-content\/uploads\/2025\/08\/%E5%9C%96%E7%89%876.avif\"><img loading=\"lazy\" decoding=\"async\" class=\"alignnone wp-image-121192 size-full\" src=\"https:\/\/honwaygroup.com\/wp-content\/uploads\/2025\/08\/%E5%9C%96%E7%89%876.avif\" alt=\"\" width=\"467\" height=\"338\"><\/a><\/p>\n<p>Adecuado para entornos operativos de alta velocidad, puede prevenir eficazmente fen\u00f3menos de desviaci\u00f3n como \u00abpatrones en forma de serpiente\u00bb durante el corte, al tiempo que garantiza una buena verticalidad y uniformidad de las paredes laterales del grano.<\/p>\n<p><a href=\"https:\/\/honwaygroup.com\/wp-content\/uploads\/2025\/08\/%E5%9C%96%E7%89%877.avif\"><img loading=\"lazy\" decoding=\"async\" class=\"alignnone wp-image-121201 size-full\" src=\"https:\/\/honwaygroup.com\/wp-content\/uploads\/2025\/08\/%E5%9C%96%E7%89%877.avif\" alt=\"\" width=\"501\" height=\"332\"><\/a><\/p>\n<h2>Casos de uso:<\/h2>\n<p><a href=\"https:\/\/honwaygroup.com\/wp-content\/uploads\/2025\/08\/%E5%9C%96%E7%89%8710.avif\"><img loading=\"lazy\" decoding=\"async\" class=\"alignnone wp-image-121282 size-full\" src=\"https:\/\/honwaygroup.com\/wp-content\/uploads\/2025\/08\/%E5%9C%96%E7%89%8710.avif\" alt=\"\" width=\"410\" height=\"179\"><\/a><\/p>\n<p>Los sustratos de PCB deben estar libres de rebabas met\u00e1licas, bridas y cepillado lateral o rugosidad.<\/p>\n<h2>Notas:<\/h2>\n<ul>\n<li><b>Revise la cuchilla para cortar en cubitos<\/b>: Antes de instalarla, aseg\u00farese de verificar cuidadosamente si presenta grietas o huecos. Si encuentra alg\u00fan da\u00f1o, deje de usarla inmediatamente para evitar peligros.<\/li>\n<li><b>Confirme el sentido de giro: <\/b>Aseg\u00farese de que el sentido de giro marcado en la cuchilla de corte coincida con el sentido de giro real del husillo de la m\u00e1quina. Usarla en sentido contrario afectar\u00e1 el efecto de corte y la vida \u00fatil de la cuchilla.<\/li>\n<li><b>Elija la cuchilla adecuada:<\/b> utilice \u00fanicamente cuchillas de corte que cumplan con las especificaciones de la m\u00e1quina herramienta y las condiciones de procesamiento para evitar fallas en el procesamiento o da\u00f1os en el equipo debido al incumplimiento de las especificaciones.<\/li>\n<li><b>Detenga la m\u00e1quina inmediatamente:<\/b> si se produce alg\u00fan sonido anormal, vibraci\u00f3n o el corte no es uniforme durante el procesamiento, se debe detener la m\u00e1quina inmediatamente y encontrar la causa antes de continuar con la operaci\u00f3n.<\/li>\n<li><b>Recorte regular:<\/b> Si observa que la eficiencia de corte disminuye, debe recortar la cuchilla. El uso continuo de una cuchilla sin filo puede causar sobrecalentamiento, sobrecarga o incluso rotura.<\/li>\n<li><b>No tocar:<\/b> cuando el cuchillo para cortar en cubitos est\u00e9 girando, est\u00e1 estrictamente prohibido tocarlo con las manos u otras partes del cuerpo para evitar lesiones personales.<\/li>\n<\/ul>\n<p><span style=\"font-size: 16px;\">\u00bfTienes preguntas? <\/span><a style=\"font-size: 16px; background-color: #ffffff;\" href=\"https:\/\/honwaygroup.com\/es\/contactar-con-honway\/\" target=\"_blank\" rel=\"nofollow noopener\">Contactar a Honway<\/a><\/p>\n","protected":false},"excerpt":{"rendered":"<p>Adecuado para procesar obleas de semiconductores, sustratos de encapsulado y diversos materiales duros y fr\u00e1giles como LTCC, PZT y TGG.<br \/>\nDisponemos de dos opciones de sustrato: <strong>resina y metal, que satisfacen<\/strong> diversas necesidades de procesamiento.<\/p>\n<ul>\n<li>Material base de resina: <span style=\"font-weight: 400;\">adecuado para procesar materiales duros.<\/span><\/li>\n<li>Sustrato met\u00e1lico: mayor vida \u00fatil.<\/li>\n<\/ul>\n<h5><span style=\"color: #ff0000;\"><strong>\u25b2Bienvenido al servicio de atenci\u00f3n al cliente por mensaje privado para consultas.<\/strong><\/span><\/h5>\n<h5><span style=\"color: #ff0000;\"><strong>\u25b2<\/strong><strong>Si necesita un tama\u00f1o personalizado, comun\u00edquese con el servicio de atenci\u00f3n al cliente.<\/strong><\/span><\/h5>\n<h5><span style=\"color: #ff0000;\"><strong>\u25b2 Los pedidos grandes pueden disfrutar de descuentos, comun\u00edquese con el servicio de atenci\u00f3n al cliente para realizar consultas.<br \/>\n<\/strong><\/span><\/h5>\n<h5><span style=\"color: #ff0000;\"><strong>\u25b2Para consultar el plazo de entrega de pedidos, por favor contacte al servicio de atenci\u00f3n al cliente:<span style=\"color: #3366ff;\"><a style=\"color: #3366ff;\" href=\"https:\/\/honwaygroup.com\/es\/contactar-con-honway\/\">Contactar a Honway<\/a><\/span><\/strong><\/span><\/h5>\n","protected":false},"featured_media":124486,"template":"","meta":{"site-sidebar-layout":"default","site-content-layout":"","ast-site-content-layout":"default","site-content-style":"default","site-sidebar-style":"default","ast-global-header-display":"","ast-banner-title-visibility":"","ast-main-header-display":"","ast-hfb-above-header-display":"","ast-hfb-below-header-display":"","ast-hfb-mobile-header-display":"","site-post-title":"","ast-breadcrumbs-content":"","ast-featured-img":"","footer-sml-layout":"","ast-disable-related-posts":"","theme-transparent-header-meta":"default","adv-header-id-meta":"","stick-header-meta":"default","header-above-stick-meta":"","header-main-stick-meta":"","header-below-stick-meta":"","astra-migrate-meta-layouts":"default","ast-page-background-enabled":"default","ast-page-background-meta":{"desktop":{"background-color":"var(--ast-global-color-5)","background-image":"","background-repeat":"repeat","background-position":"center center","background-size":"auto","background-attachment":"scroll","background-type":"","background-media":"","overlay-type":"","overlay-color":"","overlay-opacity":"","overlay-gradient":""},"tablet":{"background-color":"","background-image":"","background-repeat":"repeat","background-position":"center center","background-size":"auto","background-attachment":"scroll","background-type":"","background-media":"","overlay-type":"","overlay-color":"","overlay-opacity":"","overlay-gradient":""},"mobile":{"background-color":"","background-image":"","background-repeat":"repeat","background-position":"center center","background-size":"auto","background-attachment":"scroll","background-type":"","background-media":"","overlay-type":"","overlay-color":"","overlay-opacity":"","overlay-gradient":""}},"ast-content-background-meta":{"desktop":{"background-color":"var(--ast-global-color-4)","background-image":"","background-repeat":"repeat","background-position":"center center","background-size":"auto","background-attachment":"scroll","background-type":"","background-media":"","overlay-type":"","overlay-color":"","overlay-opacity":"","overlay-gradient":""},"tablet":{"background-color":"var(--ast-global-color-4)","background-image":"","background-repeat":"repeat","background-position":"center center","background-size":"auto","background-attachment":"scroll","background-type":"","background-media":"","overlay-type":"","overlay-color":"","overlay-opacity":"","overlay-gradient":""},"mobile":{"background-color":"var(--ast-global-color-4)","background-image":"","background-repeat":"repeat","background-position":"center center","background-size":"auto","background-attachment":"scroll","background-type":"","background-media":"","overlay-type":"","overlay-color":"","overlay-opacity":"","overlay-gradient":""}}},"product_brand":[],"product_cat":[10399],"product_tag":[10528],"class_list":{"0":"post-124480","1":"product","2":"type-product","3":"status-publish","4":"has-post-thumbnail","6":"product_cat-semiconductor-es","7":"product_tag-cuchillo-para-cortar-en-cubitos-el-embalaje-de-obleas","8":"desktop-align-left","9":"tablet-align-left","10":"mobile-align-left","11":"ast-product-gallery-layout-horizontal-slider","12":"ast-product-tabs-layout-horizontal","14":"first","15":"instock","16":"taxable","17":"shipping-taxable","18":"product-type-simple"},"_links":{"self":[{"href":"https:\/\/honwaygroup.com\/es\/wp-json\/wp\/v2\/product\/124480","targetHints":{"allow":["GET"]}}],"collection":[{"href":"https:\/\/honwaygroup.com\/es\/wp-json\/wp\/v2\/product"}],"about":[{"href":"https:\/\/honwaygroup.com\/es\/wp-json\/wp\/v2\/types\/product"}],"version-history":[{"count":0,"href":"https:\/\/honwaygroup.com\/es\/wp-json\/wp\/v2\/product\/124480\/revisions"}],"wp:featuredmedia":[{"embeddable":true,"href":"https:\/\/honwaygroup.com\/es\/wp-json\/wp\/v2\/media\/124486"}],"wp:attachment":[{"href":"https:\/\/honwaygroup.com\/es\/wp-json\/wp\/v2\/media?parent=124480"}],"wp:term":[{"taxonomy":"product_brand","embeddable":true,"href":"https:\/\/honwaygroup.com\/es\/wp-json\/wp\/v2\/product_brand?post=124480"},{"taxonomy":"product_cat","embeddable":true,"href":"https:\/\/honwaygroup.com\/es\/wp-json\/wp\/v2\/product_cat?post=124480"},{"taxonomy":"product_tag","embeddable":true,"href":"https:\/\/honwaygroup.com\/es\/wp-json\/wp\/v2\/product_tag?post=124480"}],"curies":[{"name":"wp","href":"https:\/\/api.w.org\/{rel}","templated":true}]}}