{"id":124467,"date":"2025-08-05T13:31:57","date_gmt":"2025-08-05T05:31:57","guid":{"rendered":"https:\/\/honwaygroup.com\/product\/cuchillo-rebanador-para-empaquetado-de-obleas-hws25-cuchillo-duro\/"},"modified":"2025-08-05T13:31:57","modified_gmt":"2025-08-05T05:31:57","slug":"cuchillo-rebanador-para-empaquetado-de-obleas-hws25-cuchillo-duro","status":"publish","type":"product","link":"https:\/\/honwaygroup.com\/es\/producto\/cuchillo-rebanador-para-empaquetado-de-obleas-hws25-cuchillo-duro\/","title":{"rendered":"Cuchillo rebanador para empaquetado de obleas HWS25 &#8211; Cuchillo duro"},"content":{"rendered":"<h1>Cuchillo rebanador para empaquetado de obleas HWS25 &#8211; Cuchillo duro<\/h1>\n<h4><strong><span class=\"red\">Honway Industrial ofrece servicios personalizados.<\/span><\/strong><\/h4>\n<h4><strong><span class=\"red\">Fabricamos el cuchillo cortador de obleas m\u00e1s adecuado para usted.<\/span><\/strong><\/h4>\n<p>&nbsp;<\/p>\n<p>Es adecuado para procesar obleas de semiconductores, sustratos de embalaje, sustratos de LED de cer\u00e1mica, sustratos de embalaje de semiconductores, PZT, TGG y varios materiales duros y quebradizos.<\/p>\n<p>Hay dos materiales base disponibles:<strong> resina y metal, para satisfacer<\/strong> diversas necesidades de procesamiento.<\/p>\n<h2>Caracter\u00edsticas:<\/h2>\n<ul>\n<li data-start=\"82\" data-end=\"105\"><strong data-start=\"89\" data-end=\"103\">Alta resistencia al desgaste y estabilidad de la hoja:<\/strong> La herramienta tiene una excelente resistencia al desgaste y estabilidad estructural, lo que puede controlar eficazmente los pasos laterales de las part\u00edculas de oblea, garantizar un tama\u00f1o de part\u00edcula constante y mejorar el rendimiento de corte y la estabilidad del proceso.<\/li>\n<li data-start=\"82\" data-end=\"105\">\n<p data-start=\"163\" data-end=\"184\"><strong data-start=\"170\" data-end=\"182\">Control estricto de las materias primas de diamante:<\/strong> el uso de polvo de diamante de alta pureza con una distribuci\u00f3n de tama\u00f1o de part\u00edcula ultra estrecha, combinado con tecnolog\u00eda de detecci\u00f3n de precisi\u00f3n, elimina eficazmente part\u00edculas grandes, varillas largas y part\u00edculas escamosas y de forma irregular, lo que reduce significativamente el riesgo de astillamiento en la parte frontal de la oblea.<\/p>\n<\/li>\n<li data-start=\"82\" data-end=\"105\">\n<p data-start=\"163\" data-end=\"184\"><strong data-start=\"253\" data-end=\"265\">Dise\u00f1o de cuchilla de ultraalta resistencia:<\/strong> Un proceso de galvanoplastia \u00fanico logra una cuchilla de excepcional resistencia, lo que evita cortes en serpentina. Esto mantiene la verticalidad incluso al cortar obleas gruesas, evitando cortes biselados y garantizando un procesamiento estable bajo cargas elevadas.<\/p>\n<\/li>\n<li data-start=\"82\" data-end=\"105\">\n<p data-start=\"355\" data-end=\"380\"><strong data-start=\"362\" data-end=\"378\">Tecnolog\u00eda de precisi\u00f3n para evitar astillas y grietas en la parte posterior: <\/strong>este proceso de corte est\u00e1 dise\u00f1ado espec\u00edficamente para obleas ultrafinas y obleas de matriz peque\u00f1a, previniendo eficazmente astillas y grietas en la parte posterior, mejorando la integridad y la calidad de procesamiento del producto terminado.<\/p>\n<\/li>\n<\/ul>\n<h2>usar:<\/h2>\n<ul>\n<li>Material base de resina: <span style=\"font-weight: 400;\">adecuado para procesar materiales duros.<\/span><\/li>\n<li>Sustrato met\u00e1lico: mayor vida \u00fatil.<\/li>\n<li>Se utiliza en la etapa del proceso de corte de empaquetado de semiconductores.<\/li>\n<li><span style=\"font-weight: 400;\">Procesamiento de materiales dif\u00edciles de mecanizar, como sustratos cer\u00e1micos con silicona.<\/span><\/li>\n<\/ul>\n<h2>\u00c1reas de aplicaci\u00f3n:<\/h2>\n<ul>\n<li><span style=\"font-weight: 400;\">Adecuado para sustratos de LED de cer\u00e1mica, sustratos de embalaje de semiconductores y materiales duros y quebradizos como PZT y TGG.<\/span><\/li>\n<\/ul>\n<h4><strong>Al pedir cuchillos para cortar en cubitos, especifique lo siguiente:<\/strong><\/h4>\n<ul>\n<li>La forma y dimensiones de la hoja:<\/li>\n<li><span style=\"font-weight: 400;\">Di\u00e1metro exterior (mm): Por ejemplo: 58<\/span><\/li>\n<li><span style=\"font-weight: 400;\">Exposici\u00f3n (mm): 4.0<\/span><\/li>\n<li><span style=\"font-weight: 400;\">Espesor (mm)<\/span>: Por ejemplo: 0,20<\/li>\n<li><span style=\"font-weight: 400;\">Tolerancia de espesor (mm)<\/span>: Por ejemplo: <span style=\"font-weight: 400;\">B \u00b10,010<\/span><\/li>\n<li>Granularidad: Por ejemplo: #400<\/li>\n<li>Carpeta: Por ejemplo: <span style=\"font-weight: 400;\">S sostenido<\/span><\/li>\n<li>Concentraci\u00f3n: Por ejemplo: 30<\/li>\n<li><span style=\"font-weight: 400;\">Cantidad de ranuras (piezas): Por ejemplo: S48<\/span><\/li>\n<li>Aplicaci\u00f3n: <span style=\"font-weight: 400;\">Sustrato LED cer\u00e1mico<\/span><\/li>\n<li>Cantidad y tiempo de entrega:<\/li>\n<li>Velocidad y condiciones de procesamiento:<\/li>\n<li>Modelo de equipo de procesamiento:<\/li>\n<li>La mayor\u00eda de los fabricantes incluir\u00e1n la siguiente informaci\u00f3n en el cuchillo para cortar en dados. Ejemplo de especificaciones: 58\u00d74.0\u00d70.2B 400S30S48<\/li>\n<\/ul>\n<table>\n<tbody>\n<tr>\n<td><span style=\"font-weight: 400;\">Di\u00e1metro exterior (mm)<\/span><\/td>\n<td><span style=\"font-weight: 400;\">Exposici\u00f3n (mm)<\/span><\/td>\n<td><span style=\"font-weight: 400;\">Espesor (mm)<\/span><\/td>\n<td><span style=\"font-weight: 400;\">Tolerancia de espesor (mm)<\/span><\/td>\n<td><span style=\"font-weight: 400;\">granularidad<\/span><\/td>\n<td><span style=\"font-weight: 400;\">aglutinante<\/span><\/td>\n<td><span style=\"font-weight: 400;\">Concentraci\u00f3n (concentraci\u00f3n de volumen)<\/span><\/td>\n<td><span style=\"font-weight: 400;\">N\u00famero de ranuras (uds.)<\/span><\/td>\n<\/tr>\n<tr>\n<td><span style=\"font-weight: 400;\">56<\/span><\/p>\n<p><span style=\"font-weight: 400;\">58<\/span><\/td>\n<td><span style=\"font-weight: 400;\">2.0<\/span><\/p>\n<p><span style=\"font-weight: 400;\">2.2<\/span><\/p>\n<p><span style=\"font-weight: 400;\">2.4<\/span><\/p>\n<p><span style=\"font-weight: 400;\">2.6<\/span><\/p>\n<p><span style=\"font-weight: 400;\">2.8<\/span><\/p>\n<p><span style=\"font-weight: 400;\">3.0<\/span><\/p>\n<p><span style=\"font-weight: 400;\">3.2<\/span><\/p>\n<p><span style=\"font-weight: 400;\">3.4<\/span><\/p>\n<p><span style=\"font-weight: 400;\">3.6<\/span><\/p>\n<p><span style=\"font-weight: 400;\">3.8<\/span><\/p>\n<p><span style=\"font-weight: 400;\">4.0<\/span><\/p>\n<p><span style=\"font-weight: 400;\">4.2<\/span><\/p>\n<p><span style=\"font-weight: 400;\">4.4<\/span><\/p>\n<p><span style=\"font-weight: 400;\">4.6<\/span><\/td>\n<td><span style=\"font-weight: 400;\">0.06<\/span><\/p>\n<p><span style=\"font-weight: 400;\">0.08<\/span><\/p>\n<p><span style=\"font-weight: 400;\">0.10<\/span><\/p>\n<p><span style=\"font-weight: 400;\">0.12<\/span><\/p>\n<p><span style=\"font-weight: 400;\">0.14<\/span><\/p>\n<p><span style=\"font-weight: 400;\">0.16<\/span><\/p>\n<p><span style=\"font-weight: 400;\">0.18<\/span><\/p>\n<p><span style=\"font-weight: 400;\">0.20<\/span><\/p>\n<p><span style=\"font-weight: 400;\">0.22<\/span><\/p>\n<p><span style=\"font-weight: 400;\">0.24<\/span><\/p>\n<p><span style=\"font-weight: 400;\">0.26<\/span><\/p>\n<p><span style=\"font-weight: 400;\">0.28<\/span><\/p>\n<p><span style=\"font-weight: 400;\">0.30<\/span><\/p>\n<p><span style=\"font-weight: 400;\">0.32<\/span><\/td>\n<td><span style=\"font-weight: 400;\">A \u00b10.005<\/span><\/p>\n<p><span style=\"font-weight: 400;\">B \u00b10.010<\/span><\/p>\n<p><span style=\"font-weight: 400;\">C \u00b10.015<\/span><\/td>\n<td><span style=\"font-weight: 400;\">#340<\/span><\/p>\n<p><span style=\"font-weight: 400;\">#400<\/span><\/p>\n<p><span style=\"font-weight: 400;\">#500<\/span><\/p>\n<p><span style=\"font-weight: 400;\">#600<\/span><\/p>\n<p><span style=\"font-weight: 400;\">#800<\/span><\/p>\n<p><span style=\"font-weight: 400;\">#1000<\/span><\/p>\n<p><span style=\"font-weight: 400;\">#12<\/span><\/p>\n<p><span style=\"font-weight: 400;\">00<\/span><\/td>\n<td><span style=\"font-weight: 400;\">S Tipo afilado<\/span><\/p>\n<p><span style=\"font-weight: 400;\">N Tipo general<\/span><\/p>\n<p><span style=\"font-weight: 400;\">H Tipo de alta resistencia<\/span><\/td>\n<td><span style=\"font-weight: 400;\">30<\/span><\/p>\n<p><span style=\"font-weight: 400;\">50<\/span><\/p>\n<p><span style=\"font-weight: 400;\">70<\/span><\/p>\n<p><span style=\"font-weight: 400;\">90<\/span><\/p>\n<p><span style=\"font-weight: 400;\">110<\/span><\/p>\n<p><span style=\"font-weight: 400;\">130<\/span><\/p>\n<p><span style=\"font-weight: 400;\">150<\/span><\/td>\n<td><span style=\"font-weight: 400;\">S16<\/span><\/p>\n<p><span style=\"font-weight: 400;\">S32<\/span><\/p>\n<p><span style=\"font-weight: 400;\">S48<\/span><\/td>\n<\/tr>\n<\/tbody>\n<\/table>\n<h2>Im\u00e1genes de muestra:<\/h2>\n<p><a href=\"https:\/\/honwaygroup.com\/wp-content\/uploads\/2025\/04\/1A1.jpg\"><img fetchpriority=\"high\" decoding=\"async\" class=\"size-full wp-image-93178 aligncenter\" src=\"https:\/\/honwaygroup.com\/wp-content\/uploads\/2025\/04\/1A1.jpg\" alt=\"\" width=\"520\" height=\"198\"><\/a><\/p>\n<p>&nbsp;<\/p>\n<h2>Ventajas t\u00e9cnicas del producto:<\/h2>\n<p>Los cristales de diamante altamente compactos cuidadosamente seleccionados y la distribuci\u00f3n uniforme del tama\u00f1o de part\u00edcula garantizan la limpieza de la superficie y la estabilidad del corte, mejorando el rendimiento del producto terminado.<\/p>\n<p><a href=\"https:\/\/honwaygroup.com\/wp-content\/uploads\/2025\/08\/%E5%9C%96%E7%89%871.avif\"><img decoding=\"async\" class=\"alignnone wp-image-121156 size-full\" src=\"https:\/\/honwaygroup.com\/wp-content\/uploads\/2025\/08\/%E5%9C%96%E7%89%871.avif\" alt=\"\" width=\"495\" height=\"330\"><\/a><\/p>\n<p>Al controlar con precisi\u00f3n la concentraci\u00f3n de diamante, la serie HWE25 equilibra eficazmente la estabilidad del proceso y la vida \u00fatil de la herramienta, demostrando un rendimiento excepcional en la reducci\u00f3n del astillado de obleas y logrando resultados de corte de alto rendimiento y alta confiabilidad.<\/p>\n<p><a href=\"https:\/\/honwaygroup.com\/wp-content\/uploads\/2025\/08\/%E5%9C%96%E7%89%873.avif\"><img decoding=\"async\" class=\"alignnone wp-image-121165 size-full\" src=\"https:\/\/honwaygroup.com\/wp-content\/uploads\/2025\/08\/%E5%9C%96%E7%89%873.avif\" alt=\"\" width=\"467\" height=\"325\"><\/a><\/p>\n<p>Ya en control de diamante, la serie HWE25 equilibra eficazmente la estabilidad del proceso y la vida \u00fatil de la herramienta, demostrando un rendimiento excepcional en la reducci\u00f3n del astillado de obleas y logrando resultados de corte de alto rendimiento y altabilid confidente.<\/p>\n<p><a href=\"https:\/\/honwaygroup.com\/wp-content\/uploads\/2025\/08\/%E6%95%B8%E6%93%9A%E5%9C%96-02.avif\"><img loading=\"lazy\" decoding=\"async\" class=\"alignnone wp-image-121355\" src=\"https:\/\/honwaygroup.com\/wp-content\/uploads\/2025\/08\/%E6%95%B8%E6%93%9A%E5%9C%96-02-1024x709.jpg\" alt=\"\" width=\"467\" height=\"323\"><\/a><\/p>\n<p><strong data-start=\"465\" data-end=\"486\">Los anchos de corte ultra estrechos, de hasta 10 \u03bcm, <\/strong>satisfacen las demandas de corte de dise\u00f1os de alta densidad y obleas de bloques estrechos como LED de GaAs, lo que mejora la utilizaci\u00f3n de las obleas y reduce la p\u00e9rdida de material.<\/p>\n<p><a href=\"https:\/\/honwaygroup.com\/wp-content\/uploads\/2025\/08\/%E5%9C%96%E7%89%876.avif\"><img loading=\"lazy\" decoding=\"async\" class=\"alignnone wp-image-121192 size-full\" src=\"https:\/\/honwaygroup.com\/wp-content\/uploads\/2025\/08\/%E5%9C%96%E7%89%876.avif\" alt=\"\" width=\"467\" height=\"338\"><\/a><\/p>\n<p>Adecuado para entornos operativos de alta velocidad, puede prevenir eficazmente fen\u00f3menos de desviaci\u00f3n como \u00abpatrones en forma de serpiente\u00bb durante el corte, al tiempo que garantiza una buena verticalidad y uniformidad de las paredes laterales del grano.<\/p>\n<p><a href=\"https:\/\/honwaygroup.com\/wp-content\/uploads\/2025\/08\/%E5%9C%96%E7%89%877.avif\"><img loading=\"lazy\" decoding=\"async\" class=\"alignnone wp-image-121201 size-full\" src=\"https:\/\/honwaygroup.com\/wp-content\/uploads\/2025\/08\/%E5%9C%96%E7%89%877.avif\" alt=\"\" width=\"501\" height=\"332\"><\/a><\/p>\n<h2>Casos de uso:<\/h2>\n<p><a href=\"https:\/\/honwaygroup.com\/wp-content\/uploads\/2025\/08\/%E5%9C%96%E7%89%8711.avif\"><img loading=\"lazy\" decoding=\"async\" class=\"alignnone wp-image-121443 size-full\" src=\"https:\/\/honwaygroup.com\/wp-content\/uploads\/2025\/08\/%E5%9C%96%E7%89%8711.avif\" alt=\"\" width=\"562\" height=\"526\"><\/a><\/p>\n<p><a href=\"https:\/\/honwaygroup.com\/wp-content\/uploads\/2025\/08\/%E5%9C%96%E7%89%8713.avif\"><img loading=\"lazy\" decoding=\"async\" class=\"alignnone wp-image-121452 size-full\" src=\"https:\/\/honwaygroup.com\/wp-content\/uploads\/2025\/08\/%E5%9C%96%E7%89%8713.avif\" alt=\"\" width=\"797\" height=\"298\"><\/a><\/p>\n<p>Sustrato del paquete de cer\u00e1mica de la l\u00e1mpara de cuentas LED: sin sello en la parte delantera, trasera y laterales, sin escalones en los laterales<\/p>\n<h2>Notas:<\/h2>\n<ul>\n<li><b>Revise la cuchilla para cortar en cubitos:<\/b> Antes de instalarla, aseg\u00farese de verificar cuidadosamente si presenta grietas o huecos. Si encuentra alg\u00fan da\u00f1o, deje de usarla inmediatamente para evitar peligros.<\/li>\n<li><b>Confirme el sentido de giro: <\/b>Aseg\u00farese de que el sentido de giro marcado en la cuchilla de corte coincida con el sentido de giro real del husillo de la m\u00e1quina. Usarla en sentido contrario afectar\u00e1 el efecto de corte y la vida \u00fatil de la cuchilla.<\/li>\n<li><b>Elija la cuchilla adecuada:<\/b> utilice \u00fanicamente cuchillas de corte que cumplan con las especificaciones de la m\u00e1quina herramienta y las condiciones de procesamiento para evitar fallas en el procesamiento o da\u00f1os en el equipo debido al incumplimiento de las especificaciones.<\/li>\n<li><b>Detenga la m\u00e1quina inmediatamente:<\/b> si se produce alg\u00fan sonido anormal, vibraci\u00f3n o el corte no es uniforme durante el procesamiento, se debe detener la m\u00e1quina inmediatamente y encontrar la causa antes de continuar con la operaci\u00f3n.<\/li>\n<li><b>Recorte regular:<\/b> Si observa que la eficiencia de corte disminuye, debe recortar la cuchilla. El uso continuo de una cuchilla sin filo puede causar sobrecalentamiento, sobrecarga o incluso rotura.<\/li>\n<li><b>No tocar:<\/b> cuando el cuchillo para cortar en cubitos est\u00e9 girando, est\u00e1 estrictamente prohibido tocarlo con las manos u otras partes del cuerpo para evitar lesiones personales.<\/li>\n<\/ul>\n<p><span style=\"font-size: 16px;\">\u00bfTienes preguntas? <\/span><a style=\"font-size: 16px; background-color: #ffffff;\" href=\"https:\/\/honwaygroup.com\/es\/contactar-con-honway\/\" target=\"_blank\" rel=\"nofollow noopener\">Contactar con Honway<\/a><\/p>\n","protected":false},"excerpt":{"rendered":"<p>Es adecuado para procesar obleas de semiconductores, sustratos de embalaje, sustratos de LED de cer\u00e1mica, sustratos de embalaje de semiconductores, PZT, TGG y varios materiales duros y quebradizos.<\/p>\n<p>Hay dos materiales base disponibles:<strong> resina y metal, para satisfacer<\/strong> diversas necesidades de procesamiento.<\/p>\n<ul>\n<li>Material base de resina: <span style=\"font-weight: 400;\">adecuado para procesar materiales duros.<\/span><\/li>\n<li>Sustrato met\u00e1lico: mayor vida \u00fatil.<\/li>\n<\/ul>\n<h5><span style=\"color: #ff0000;\"><strong>\u25b2Bienvenido al servicio de atenci\u00f3n al cliente por mensaje privado para consultas.<\/strong><\/span><\/h5>\n<h5><span style=\"color: #ff0000;\"><strong>\u25b2<\/strong><strong>Si necesita un tama\u00f1o personalizado, comun\u00edquese con el servicio de atenci\u00f3n al cliente.<\/strong><\/span><\/h5>\n<h5><span style=\"color: #ff0000;\"><strong>\u25b2 Los pedidos grandes pueden disfrutar de descuentos, comun\u00edquese con el servicio de atenci\u00f3n al cliente para realizar consultas.<br \/>\n<\/strong><\/span><\/h5>\n<h5><span style=\"color: #ff0000;\"><strong>\u25b2Comun\u00edquese con el servicio de atenci\u00f3n al cliente para conocer la fecha de entrega del pedido:<span style=\"color: #3366ff;\"><a style=\"color: #3366ff;\" href=\"https:\/\/honwaygroup.com\/es\/contactar-con-honway\/\">Contactar con Honway<\/a><\/span><\/strong><\/span><\/h5>\n","protected":false},"featured_media":124470,"template":"","meta":{"site-sidebar-layout":"default","site-content-layout":"","ast-site-content-layout":"default","site-content-style":"default","site-sidebar-style":"default","ast-global-header-display":"","ast-banner-title-visibility":"","ast-main-header-display":"","ast-hfb-above-header-display":"","ast-hfb-below-header-display":"","ast-hfb-mobile-header-display":"","site-post-title":"","ast-breadcrumbs-content":"","ast-featured-img":"","footer-sml-layout":"","ast-disable-related-posts":"","theme-transparent-header-meta":"default","adv-header-id-meta":"","stick-header-meta":"default","header-above-stick-meta":"","header-main-stick-meta":"","header-below-stick-meta":"","astra-migrate-meta-layouts":"default","ast-page-background-enabled":"default","ast-page-background-meta":{"desktop":{"background-color":"var(--ast-global-color-5)","background-image":"","background-repeat":"repeat","background-position":"center center","background-size":"auto","background-attachment":"scroll","background-type":"","background-media":"","overlay-type":"","overlay-color":"","overlay-opacity":"","overlay-gradient":""},"tablet":{"background-color":"","background-image":"","background-repeat":"repeat","background-position":"center center","background-size":"auto","background-attachment":"scroll","background-type":"","background-media":"","overlay-type":"","overlay-color":"","overlay-opacity":"","overlay-gradient":""},"mobile":{"background-color":"","background-image":"","background-repeat":"repeat","background-position":"center center","background-size":"auto","background-attachment":"scroll","background-type":"","background-media":"","overlay-type":"","overlay-color":"","overlay-opacity":"","overlay-gradient":""}},"ast-content-background-meta":{"desktop":{"background-color":"var(--ast-global-color-4)","background-image":"","background-repeat":"repeat","background-position":"center center","background-size":"auto","background-attachment":"scroll","background-type":"","background-media":"","overlay-type":"","overlay-color":"","overlay-opacity":"","overlay-gradient":""},"tablet":{"background-color":"var(--ast-global-color-4)","background-image":"","background-repeat":"repeat","background-position":"center center","background-size":"auto","background-attachment":"scroll","background-type":"","background-media":"","overlay-type":"","overlay-color":"","overlay-opacity":"","overlay-gradient":""},"mobile":{"background-color":"var(--ast-global-color-4)","background-image":"","background-repeat":"repeat","background-position":"center center","background-size":"auto","background-attachment":"scroll","background-type":"","background-media":"","overlay-type":"","overlay-color":"","overlay-opacity":"","overlay-gradient":""}}},"product_brand":[],"product_cat":[10399],"product_tag":[10528],"class_list":{"0":"post-124467","1":"product","2":"type-product","3":"status-publish","4":"has-post-thumbnail","6":"product_cat-semiconductor-es","7":"product_tag-cuchillo-para-cortar-en-cubitos-el-embalaje-de-obleas","8":"desktop-align-left","9":"tablet-align-left","10":"mobile-align-left","11":"ast-product-gallery-layout-horizontal-slider","12":"ast-product-gallery-with-no-image","13":"ast-product-tabs-layout-horizontal","15":"first","16":"instock","17":"taxable","18":"shipping-taxable","19":"product-type-simple"},"_links":{"self":[{"href":"https:\/\/honwaygroup.com\/es\/wp-json\/wp\/v2\/product\/124467","targetHints":{"allow":["GET"]}}],"collection":[{"href":"https:\/\/honwaygroup.com\/es\/wp-json\/wp\/v2\/product"}],"about":[{"href":"https:\/\/honwaygroup.com\/es\/wp-json\/wp\/v2\/types\/product"}],"version-history":[{"count":0,"href":"https:\/\/honwaygroup.com\/es\/wp-json\/wp\/v2\/product\/124467\/revisions"}],"wp:featuredmedia":[{"embeddable":true,"href":"https:\/\/honwaygroup.com\/es\/wp-json\/wp\/v2\/media\/124470"}],"wp:attachment":[{"href":"https:\/\/honwaygroup.com\/es\/wp-json\/wp\/v2\/media?parent=124467"}],"wp:term":[{"taxonomy":"product_brand","embeddable":true,"href":"https:\/\/honwaygroup.com\/es\/wp-json\/wp\/v2\/product_brand?post=124467"},{"taxonomy":"product_cat","embeddable":true,"href":"https:\/\/honwaygroup.com\/es\/wp-json\/wp\/v2\/product_cat?post=124467"},{"taxonomy":"product_tag","embeddable":true,"href":"https:\/\/honwaygroup.com\/es\/wp-json\/wp\/v2\/product_tag?post=124467"}],"curies":[{"name":"wp","href":"https:\/\/api.w.org\/{rel}","templated":true}]}}