{"id":123215,"date":"2025-08-14T11:28:48","date_gmt":"2025-08-14T03:28:48","guid":{"rendered":"https:\/\/honwaygroup.com\/product\/herramienta-electrica-rotativa-handy-eco-controlador-de-potencia\/"},"modified":"2025-10-07T09:28:14","modified_gmt":"2025-10-07T01:28:14","slug":"herramienta-electrica-rotativa-handy-eco-controlador-de-potencia","status":"publish","type":"product","link":"https:\/\/honwaygroup.com\/es\/producto\/herramienta-electrica-rotativa-handy-eco-controlador-de-potencia\/","title":{"rendered":"Herramienta el\u00e9ctrica rotativa HANDY-ECO &#8211; Controlador de potencia"},"content":{"rendered":"<h1>Herramienta el\u00e9ctrica rotativa HANDY-ECO &#8211; Controlador de potencia<\/h1>\n<p>Como controlador de muy alta potencia sin escobillas, Handy-Eco se enorgullece de sus aplicaciones de estilo espacial vertical y horizontal. Dispone de un soporte redondo que permite colocar el dispositivo de mano en la m\u00e1quina. Puede mover f\u00e1cilmente el Handy-Eco a cualquier lugar, y ser\u00e1 un controlador sin escobillas para un trabajo de alta calidad. Se puede operar de manera precisa y segura con una perilla manual que controla la velocidad.<\/p>\n<h2>Caracter\u00edsticas:<\/h2>\n<ul>\n<li>Sistema autom\u00e1tico de protecci\u00f3n contra sobrecarga de seguridad<\/li>\n<li>Ventana de visualizaci\u00f3n de pantalla LCD digital<\/li>\n<li>Pedal de control de velocidad variable (FS6ON)<\/li>\n<li>Se puede colocar de lado<\/li>\n<\/ul>\n<h2>Aplicaciones:<\/h2>\n<h4>Ejemplos b\u00e1sicos de aplicaci\u00f3n<\/h4>\n<table class=\"specTable\" width=\"100%\">\n<tbody>\n<tr>\n<th>Recorta las<\/th>\n<p> rebabas <\/p>\n<th>talla<\/th>\n<th>Pulido<\/th>\n<\/tr>\n<tr>\n<td><a href=\"https:\/\/honwaygroup.com\/wp-content\/uploads\/2021\/01\/AR-800P-%E5%BC%B7%E5%8A%9B%E9%9B%99%E5%8A%9F%E8%83%BD%E8%BC%B8%E5%87%BA%E9%9B%BB%E6%BA%90%E6%8E%A7%E5%88%B6%E5%99%A8-1.webp\"><img fetchpriority=\"high\" decoding=\"async\" class=\"alignnone size-medium wp-image-28495\" src=\"https:\/\/honwaygroup.com\/wp-content\/uploads\/2021\/01\/AR-800P-%E5%BC%B7%E5%8A%9B%E9%9B%99%E5%8A%9F%E8%83%BD%E8%BC%B8%E5%87%BA%E9%9B%BB%E6%BA%90%E6%8E%A7%E5%88%B6%E5%99%A8-1-300x269.webp\" alt=\"\" width=\"300\" height=\"269\"><\/a><\/td>\n<td><a href=\"https:\/\/honwaygroup.com\/wp-content\/uploads\/2021\/01\/AR-800P-%E5%BC%B7%E5%8A%9B%E9%9B%99%E5%8A%9F%E8%83%BD%E8%BC%B8%E5%87%BA%E9%9B%BB%E6%BA%90%E6%8E%A7%E5%88%B6%E5%99%A8-2.webp\"><img decoding=\"async\" class=\"alignnone wp-image-28499 size-medium\" src=\"https:\/\/honwaygroup.com\/wp-content\/uploads\/2021\/01\/AR-800P-%E5%BC%B7%E5%8A%9B%E9%9B%99%E5%8A%9F%E8%83%BD%E8%BC%B8%E5%87%BA%E9%9B%BB%E6%BA%90%E6%8E%A7%E5%88%B6%E5%99%A8-2-300x269.webp\" alt=\"\" width=\"300\" height=\"269\"><\/a><\/td>\n<td><a href=\"https:\/\/honwaygroup.com\/wp-content\/uploads\/2021\/01\/AR-800P-%E5%BC%B7%E5%8A%9B%E9%9B%99%E5%8A%9F%E8%83%BD%E8%BC%B8%E5%87%BA%E9%9B%BB%E6%BA%90%E6%8E%A7%E5%88%B6%E5%99%A8-3.webp\"><img decoding=\"async\" class=\"alignnone wp-image-28503 size-medium\" src=\"https:\/\/honwaygroup.com\/wp-content\/uploads\/2021\/01\/AR-800P-%E5%BC%B7%E5%8A%9B%E9%9B%99%E5%8A%9F%E8%83%BD%E8%BC%B8%E5%87%BA%E9%9B%BB%E6%BA%90%E6%8E%A7%E5%88%B6%E5%99%A8-3-300x269.webp\" alt=\"\" width=\"300\" height=\"269\"><\/a><\/td>\n<\/tr>\n<\/tbody>\n<\/table>\n<h2>Especificaciones del producto:<\/h2>\n<table>\n<tbody>\n<tr>\n<td>\n  <span style=\"font-weight: 400;\">Fuente de alimentaci\u00f3n<\/span>\n<\/td>\n<td>\n  <span style=\"font-weight: 400;\">110 V ~ 220 V \/ 200 ~ 240 V, 50\/60 Hz<\/span>\n<\/td>\n<\/tr>\n<tr>\n<td>\n  <span style=\"font-weight: 400;\">potencia<\/span>\n<\/td>\n<p> de salida <\/p>\n<td>\n  <span style=\"font-weight: 400;\">140 W<\/span>\n<\/td>\n<\/tr>\n<tr>\n<td>\n  <span style=\"font-weight: 400;\">Velocidad<\/span>\n<\/td>\n<p> de rotaci\u00f3n <\/p>\n<td>\n  <span style=\"font-weight: 400;\">1000 ~ 50000 rpm<\/span>\n<\/td>\n<\/tr>\n<tr>\n<td>\n  <span style=\"font-weight: 400;\">Tama\u00f1o<\/span>\n<\/td>\n<p>: <\/p>\n<td>\n  <span style=\"font-weight: 400;\">141x185x97mm (1,6kg)<\/span>\n<\/td>\n<\/tr>\n<\/tbody>\n<\/table>\n<p>&nbsp;<\/p>\n<h2>HANDY-700 Accesorios incluidos:<\/h2>\n<table>\n<tbody>\n<tr>\n<td><a href=\"https:\/\/honwaygroup.com\/wp-content\/uploads\/2025\/08\/%E6%9C%AA%E5%91%BD%E5%90%8D-1_%E5%B7%A5%E4%BD%9C%E5%8D%80%E5%9F%9F-1-%E8%A4%87%E6%9C%AC-2.avif\"><img loading=\"lazy\" decoding=\"async\" class=\"alignnone wp-image-121934 \" src=\"https:\/\/honwaygroup.com\/wp-content\/uploads\/2025\/08\/%E6%9C%AA%E5%91%BD%E5%90%8D-1_%E5%B7%A5%E4%BD%9C%E5%8D%80%E5%9F%9F-1-%E8%A4%87%E6%9C%AC-2-300x225.jpg\" alt=\"\" width=\"300\" height=\"225\"><\/a><\/td>\n<td><span style=\"font-weight: 400;\">Pedal de control de velocidad variable (FS60N)  <\/span><\/td>\n<\/tr>\n<\/tbody>\n<\/table>\n<table>\n<tbody>\n<tr>\n<td><a href=\"https:\/\/honwaygroup.com\/wp-content\/uploads\/2025\/08\/%E6%9C%AA%E5%91%BD%E5%90%8D-1_%E5%B7%A5%E4%BD%9C%E5%8D%80%E5%9F%9F-1-%E8%A4%87%E6%9C%AC-3.jpg\"><img loading=\"lazy\" decoding=\"async\" class=\"wp-image-121943 size-medium alignnone\" src=\"https:\/\/honwaygroup.com\/wp-content\/uploads\/2025\/08\/%E6%9C%AA%E5%91%BD%E5%90%8D-1_%E5%B7%A5%E4%BD%9C%E5%8D%80%E5%9F%9F-1-%E8%A4%87%E6%9C%AC-3-300x225.avif\" alt=\"\" width=\"300\" height=\"225\"><\/a><\/td>\n<td><span style=\"font-weight: 400;\">Cable de alimentaci\u00f3n  <\/span><\/td>\n<\/tr>\n<\/tbody>\n<\/table>\n<h2>HANDY-700 est\u00e1 disponible con tel\u00e9fonos m\u00f3viles opcionales:<\/h2>\n<ul>\n<li>Todos los tel\u00e9fonos m\u00f3viles son productos opcionales y <strong>no est\u00e1n incluidos<\/strong> en Handy-Eco, preste atenci\u00f3n al realizar un pedido<\/li>\n<\/ul>\n<table class=\"specTable\" width=\"100%\">\n<tbody>\n<tr>\n<th class=\"white\" rowspan=\"2\" width=\"25%\">\n  <a href=\"https:\/\/honwaygroup.com\/wp-content\/uploads\/2021\/01\/AR-800P-%E5%BC%B7%E5%8A%9B%E9%9B%99%E5%8A%9F%E8%83%BD%E8%BC%B8%E5%87%BA%E9%9B%BB%E6%BA%90%E6%8E%A7%E5%88%B6%E5%99%A8-4.webp\"><br \/>\n    <img loading=\"lazy\" decoding=\"async\" class=\"alignnone size-medium wp-image-28507\" src=\"https:\/\/honwaygroup.com\/wp-content\/uploads\/2021\/01\/AR-800P-%E5%BC%B7%E5%8A%9B%E9%9B%99%E5%8A%9F%E8%83%BD%E8%BC%B8%E5%87%BA%E9%9B%BB%E6%BA%90%E6%8E%A7%E5%88%B6%E5%99%A8-4-300x176.webp\" alt=\"\" width=\"300\" height=\"176\"><br \/>\n  <\/a>\n<\/th>\n<th>\n  <strong>modelo<\/strong>\n<\/th>\n<th>\n  <strong>Caracter\u00edsticas t\u00e9cnicas<\/strong>\n<\/th>\n<\/tr>\n<tr>\n<td>U-LAP60<\/td>\n<td><strong>Pieza de mano giratoria el\u00e9ctrica (tipo sin escobillas de CC).<\/strong><br \/>\nVelocidad de rotaci\u00f3n : 50.000 rpm<br \/>\n Par : 7,8 Ncm<br \/>\n Dimensiones : \u00d829 x 161mm<br \/>\n Peso : 250g<\/td>\n<\/tr>\n<\/tbody>\n<\/table>\n<p>&nbsp;<\/p>\n<p><span style=\"font-size: 16px;\">\u00bfTienes preguntas? <\/span><a style=\"font-size: 16px; background-color: #ffffff;\" href=\"https:\/\/honwaygroup.com\/es\/contactar-con-honway\/\">Contactar a Honway<\/a><\/p>\n","protected":false},"excerpt":{"rendered":"<ul>\n<li>Sistema autom\u00e1tico de protecci\u00f3n contra sobrecarga de seguridad<\/li>\n<li>Ventana de visualizaci\u00f3n de pantalla LCD digital<\/li>\n<li>Pedal de control de velocidad variable (FS6ON)<\/li>\n<li>Se puede colocar de lado<\/li>\n<\/ul>\n<h5><strong><br \/>\n  <span style=\"color: #ff0000; font-size: 19.2px;\">\u25b2 Si necesita comprar accesorios, comun\u00edquese con el servicio al cliente, la<\/span><br \/>\n<\/strong> <strong><br \/>\n  <span style=\"color: #ff0000; font-size: 19.2px;\">fecha de env\u00edo se basa en el tiempo de notificaci\u00f3n del servicio al cliente<\/span><br \/>\n<\/strong><\/h5>\n<h5><strong><br \/>\n  <span style=\"color: #ff0000; font-size: 19.2px;\">\u25b2<\/span><br \/>\n<\/strong> <strong><br \/>\n  <span style=\"color: #ff0000; font-size: 19.2px;\">Los pedidos grandes pueden disfrutar de descuentos, comun\u00edquese con el servicio de atenci\u00f3n al cliente para realizar consultas.<\/span><br \/>\n<\/strong><\/h5>\n<h5><strong><span style=\"color: #ff0000; font-size: 19.2px;\">\u25b2<\/span><span style=\"color: #ff0000; font-size: 19.2px;\">El tiempo de<\/span><span style=\"color: #ff0000;\"> entrega para pedidos de<\/span><span style=\"color: #ff0000; font-size: 19.2px;\"> Taiw\u00e1n es de aproximadamente 7 a 14 d\u00edas h\u00e1biles.<\/span><\/strong><\/h5>\n<h5><strong><span style=\"color: #ff0000; font-size: 19.2px;\">\u25b2<\/span><span style=\"color: #ff0000;\">Los pedidos internacionales tardan aproximadamente de 7 a 14 d\u00edas en enviarse. El tiempo de entrega real depende del estado de entrega de la empresa de mensajer\u00eda.<\/span><\/strong><\/h5>\n","protected":false},"featured_media":123216,"template":"","meta":{"site-sidebar-layout":"default","site-content-layout":"","ast-site-content-layout":"default","site-content-style":"default","site-sidebar-style":"default","ast-global-header-display":"","ast-banner-title-visibility":"","ast-main-header-display":"","ast-hfb-above-header-display":"","ast-hfb-below-header-display":"","ast-hfb-mobile-header-display":"","site-post-title":"","ast-breadcrumbs-content":"","ast-featured-img":"","footer-sml-layout":"","ast-disable-related-posts":"","theme-transparent-header-meta":"default","adv-header-id-meta":"","stick-header-meta":"default","header-above-stick-meta":"","header-main-stick-meta":"","header-below-stick-meta":"","astra-migrate-meta-layouts":"default","ast-page-background-enabled":"default","ast-page-background-meta":{"desktop":{"background-color":"var(--ast-global-color-5)","background-image":"","background-repeat":"repeat","background-position":"center center","background-size":"auto","background-attachment":"scroll","background-type":"","background-media":"","overlay-type":"","overlay-color":"","overlay-opacity":"","overlay-gradient":""},"tablet":{"background-color":"","background-image":"","background-repeat":"repeat","background-position":"center center","background-size":"auto","background-attachment":"scroll","background-type":"","background-media":"","overlay-type":"","overlay-color":"","overlay-opacity":"","overlay-gradient":""},"mobile":{"background-color":"","background-image":"","background-repeat":"repeat","background-position":"center center","background-size":"auto","background-attachment":"scroll","background-type":"","background-media":"","overlay-type":"","overlay-color":"","overlay-opacity":"","overlay-gradient":""}},"ast-content-background-meta":{"desktop":{"background-color":"var(--ast-global-color-4)","background-image":"","background-repeat":"repeat","background-position":"center center","background-size":"auto","background-attachment":"scroll","background-type":"","background-media":"","overlay-type":"","overlay-color":"","overlay-opacity":"","overlay-gradient":""},"tablet":{"background-color":"var(--ast-global-color-4)","background-image":"","background-repeat":"repeat","background-position":"center center","background-size":"auto","background-attachment":"scroll","background-type":"","background-media":"","overlay-type":"","overlay-color":"","overlay-opacity":"","overlay-gradient":""},"mobile":{"background-color":"var(--ast-global-color-4)","background-image":"","background-repeat":"repeat","background-position":"center center","background-size":"auto","background-attachment":"scroll","background-type":"","background-media":"","overlay-type":"","overlay-color":"","overlay-opacity":"","overlay-gradient":""}}},"product_brand":[],"product_cat":[10456,10445,10453],"product_tag":[10470],"class_list":{"0":"post-123215","1":"product","2":"type-product","3":"status-publish","4":"has-post-thumbnail","6":"product_cat-controlador-de-potencia","7":"product_cat-maquinas-herramientas","8":"product_cat-molinillos-ultrasonicos-y-electricos","9":"product_tag-controlador-de-potencia","10":"desktop-align-left","11":"tablet-align-left","12":"mobile-align-left","13":"ast-product-gallery-layout-horizontal-slider","14":"ast-product-gallery-with-no-image","15":"ast-product-tabs-layout-horizontal","17":"first","18":"instock","19":"taxable","20":"shipping-taxable","21":"purchasable","22":"product-type-simple"},"_links":{"self":[{"href":"https:\/\/honwaygroup.com\/es\/wp-json\/wp\/v2\/product\/123215","targetHints":{"allow":["GET"]}}],"collection":[{"href":"https:\/\/honwaygroup.com\/es\/wp-json\/wp\/v2\/product"}],"about":[{"href":"https:\/\/honwaygroup.com\/es\/wp-json\/wp\/v2\/types\/product"}],"version-history":[{"count":0,"href":"https:\/\/honwaygroup.com\/es\/wp-json\/wp\/v2\/product\/123215\/revisions"}],"wp:featuredmedia":[{"embeddable":true,"href":"https:\/\/honwaygroup.com\/es\/wp-json\/wp\/v2\/media\/123216"}],"wp:attachment":[{"href":"https:\/\/honwaygroup.com\/es\/wp-json\/wp\/v2\/media?parent=123215"}],"wp:term":[{"taxonomy":"product_brand","embeddable":true,"href":"https:\/\/honwaygroup.com\/es\/wp-json\/wp\/v2\/product_brand?post=123215"},{"taxonomy":"product_cat","embeddable":true,"href":"https:\/\/honwaygroup.com\/es\/wp-json\/wp\/v2\/product_cat?post=123215"},{"taxonomy":"product_tag","embeddable":true,"href":"https:\/\/honwaygroup.com\/es\/wp-json\/wp\/v2\/product_tag?post=123215"}],"curies":[{"name":"wp","href":"https:\/\/api.w.org\/{rel}","templated":true}]}}