{"id":122989,"date":"2025-05-08T13:44:23","date_gmt":"2025-05-08T05:44:23","guid":{"rendered":"https:\/\/honwaygroup.com\/product\/cuero-pulido-con-oxido-de-cerio-se-puede-personalizar-en-hoja-o-con-mango\/"},"modified":"2025-05-08T13:44:23","modified_gmt":"2025-05-08T05:44:23","slug":"cuero-pulido-con-oxido-de-cerio-se-puede-personalizar-en-hoja-o-con-mango","status":"publish","type":"product","link":"https:\/\/honwaygroup.com\/es\/producto\/cuero-pulido-con-oxido-de-cerio-se-puede-personalizar-en-hoja-o-con-mango\/","title":{"rendered":"Cuero pulido con \u00f3xido de cerio (se puede personalizar en hoja o con mango)"},"content":{"rendered":"<h1>Cuero pulido con \u00f3xido de cerio<\/h1>\n<p>El \u00f3xido de cerio para pulir cuero es un abrasivo de caucho sintetizado a partir de \u00f3xido de cerio de alta calidad y adhesivo de caucho.<\/p>\n<p>Se pueden utilizar distintos l\u00edquidos de pulido para adaptarlos a diferentes piezas de pulido y lograr as\u00ed el acabado ideal.<\/p>\n<h2><strong>Caracter\u00edsticas del pulido del cuero con \u00f3xido de cerio<\/strong><\/h2>\n<ul>\n<li>Las almohadillas de pulido de ruedas\/varillas\/metalogr\u00e1ficas se pueden personalizar seg\u00fan sus necesidades.<\/li>\n<li>El espesor\/dureza\/granularidad se pueden ajustar seg\u00fan las necesidades.<\/li>\n<li>Se puede desechar<\/li>\n<\/ul>\n<h2><b>Rango de aplicaci\u00f3n y l\u00edquido de pulido adecuado<\/b><\/h2>\n<table>\n<tbody>\n<tr>\n<td colspan=\"4\" width=\"553\"><strong>Rango de aplicaci\u00f3n y l\u00edquido de pulido adecuado<\/strong><\/td>\n<\/tr>\n<tr>\n<td width=\"138\">\n<p style=\"text-align: center\">Vaso<\/p>\n<\/td>\n<td width=\"138\">\n<p style=\"text-align: center\">cristales<\/p>\n<\/td>\n<td width=\"138\">\n<p style=\"text-align: center\">cer\u00e1mica<\/p>\n<\/td>\n<td width=\"138\">\n<p style=\"text-align: center\">Metal<\/p>\n<\/td>\n<\/tr>\n<tr>\n<td width=\"138\">\n<p style=\"text-align: center\">+L\u00edquido de pulido de \u00f3xido de cerio<\/p>\n<\/td>\n<td width=\"138\">\n<p style=\"text-align: center\">+L\u00edquido pulidor de \u00f3xido de silicio<\/p>\n<\/td>\n<td width=\"138\">\n<p style=\"text-align: center\">+L\u00edquido pulidor de \u00f3xido de silicio<\/p>\n<\/td>\n<td width=\"138\">\n<p style=\"text-align: center\">+L\u00edquido de pulido de al\u00famina<\/p>\n<\/td>\n<\/tr>\n<\/tbody>\n<\/table>\n<h2><strong>Dibujo de muestra de rueda de pulido de \u00f3xido de cerio<\/strong><\/h2>\n<p><span style=\"color: #ff0000\">\u203bEste modelo no incluye oro de Taiw\u00e1n.<\/span><\/p>\n<p>Tama\u00f1o de part\u00edcula: hasta 3 um<\/p>\n<p>Dureza: 40-90 grados<\/p>\n<p><a href=\"https:\/\/honwaygroup.com\/wp-content\/uploads\/2025\/04\/1A1.jpg\"><img fetchpriority=\"high\" decoding=\"async\" class=\"aligncenter wp-image-93178 size-full\" src=\"https:\/\/honwaygroup.com\/wp-content\/uploads\/2025\/04\/1A1.jpg\" alt=\"\" width=\"520\" height=\"198\"><\/a><\/p>\n<h2><strong>Muestra de varilla de pulido de \u00f3xido de cerio<\/strong><\/h2>\n<p>Tama\u00f1o de part\u00edcula: hasta 3 um<\/p>\n<p>Dureza: 40-90 grados<\/p>\n<p><a href=\"https:\/\/honwaygroup.com\/wp-content\/uploads\/2025\/05\/%E6%B0%A7%E5%8C%96%E9%88%B0%E6%8B%8B%E5%85%89%E6%A3%92%E8%A8%82%E8%A3%BD%E7%AF%84%E4%BE%8B%E5%9C%96.webp\"><img decoding=\"async\" class=\"wp-image-103811 aligncenter\" src=\"https:\/\/honwaygroup.com\/wp-content\/uploads\/2025\/05\/%E6%B0%A7%E5%8C%96%E9%88%B0%E6%8B%8B%E5%85%89%E6%A3%92%E8%A8%82%E8%A3%BD%E7%AF%84%E4%BE%8B%E5%9C%96.webp\" alt=\"Ejemplo de personalizaci\u00f3n de una varilla de pulido de \u00f3xido de cerio\" width=\"800\" height=\"487\"><\/a><\/p>\n<p>&nbsp;<\/p>\n<p>&nbsp;<\/p>\n<h3>Precauciones<\/h3>\n<p>La elasticidad del caucho es muy diferente a la de las muelas abrasivas comunes. Su deformaci\u00f3n durante el pulido es extremadamente grande. Si se utiliza como abrasivos o herramientas de corte comunes, puede ser peligroso.<\/p>\n<p>Respete estrictamente el n\u00famero m\u00e1ximo de revoluciones e inst\u00e1lelo correctamente en el molinillo u otro equipo.<\/p>\n<p>Antes de comenzar a trabajar, revise el cuero pulido para detectar l\u00edneas finas, grietas o da\u00f1os. Al instalarlo en el equipo para realizar pruebas, por su seguridad, g\u00edrelo a baja velocidad para comprobar si presenta vibraciones u otras anomal\u00edas. <\/p>\n<p>Debido a la elasticidad del caucho, no aumente la carga r\u00e1pidamente.<\/p>\n<p>El polvo puede generar chispas. Utilice medidas de protecci\u00f3n, como pantallas y dispositivos de control de polvo, y aseg\u00farese de que haya una ventilaci\u00f3n adecuada.<\/p>\n<p>Durante el uso, utilice equipo de protecci\u00f3n como m\u00e1scaras contra el polvo, gafas protectoras, guantes protectores (considere usar guantes con herramientas) y zapatos de seguridad.<\/p>\n<p><span style=\"color: #ff0000\">Almacenamiento del producto: Evite la luz solar directa, los rayos ultravioleta, la radiaci\u00f3n, el ozono, los entornos de alta temperatura y humedad, y gu\u00e1rdelo en un lugar fresco y oscuro con buena ventilaci\u00f3n.<\/span><\/p>\n<p>Tenga en cuenta que, debido al m\u00e9todo de construcci\u00f3n, el proceso de producci\u00f3n y el tama\u00f1o de las part\u00edculas, el color del producto puede diferir del que se muestra en las im\u00e1genes anteriores. Consulte el producto real entregado.<\/p>\n<p>&nbsp;<\/p>\n","protected":false},"excerpt":{"rendered":"<ul>\n<li>La dureza, el tama\u00f1o de part\u00edcula y la forma se pueden personalizar seg\u00fan los requisitos.<\/li>\n<li>Ampliamente utilizado en materiales de vidrio (zafiro\/cuarzo\/microcristal\/autom\u00f3vil), pulido de bordes, eliminaci\u00f3n de rayones, esmaltado, cristal, metal&#8230; y pulido de otros componentes optoelectr\u00f3nicos.<\/li>\n<\/ul>\n<h5><\/h5>\n<h5><span style=\"color: #ff0000\"><b>\u25b2Bienvenido al servicio de atenci\u00f3n al cliente por mensaje privado para consultas.<\/b><\/span><\/h5>\n<h5><span style=\"color: #ff0000\"><strong>\u25b2<\/strong><strong>Si necesita personalizaci\u00f3n, comun\u00edquese con el servicio de atenci\u00f3n al cliente.<\/strong><\/span><\/h5>\n<h5><span style=\"color: #ff0000\"><strong>\u25b2 Los pedidos grandes pueden disfrutar de descuentos, comun\u00edquese con el servicio de atenci\u00f3n al cliente para realizar consultas.<br \/>\n<\/strong><\/span><\/h5>\n<h5><span style=\"color: #ff0000\"><strong>\u25b2El tiempo de entrega para pedidos de Taiw\u00e1n es de aproximadamente 7 a 14 d\u00edas h\u00e1biles.<\/strong><\/span><\/h5>\n<h5><span style=\"color: #ff0000\"><strong>\u25b2Los pedidos internacionales tardan aproximadamente de 7 a 14 d\u00edas en enviarse. El tiempo de entrega real depende del estado de entrega de la empresa de mensajer\u00eda.<\/strong><\/span><\/h5>\n","protected":false},"featured_media":122990,"template":"","meta":{"site-sidebar-layout":"default","site-content-layout":"","ast-site-content-layout":"default","site-content-style":"default","site-sidebar-style":"default","ast-global-header-display":"","ast-banner-title-visibility":"","ast-main-header-display":"","ast-hfb-above-header-display":"","ast-hfb-below-header-display":"","ast-hfb-mobile-header-display":"","site-post-title":"","ast-breadcrumbs-content":"","ast-featured-img":"","footer-sml-layout":"","ast-disable-related-posts":"","theme-transparent-header-meta":"default","adv-header-id-meta":"","stick-header-meta":"default","header-above-stick-meta":"","header-main-stick-meta":"","header-below-stick-meta":"","astra-migrate-meta-layouts":"default","ast-page-background-enabled":"default","ast-page-background-meta":{"desktop":{"background-color":"var(--ast-global-color-5)","background-image":"","background-repeat":"repeat","background-position":"center center","background-size":"auto","background-attachment":"scroll","background-type":"","background-media":"","overlay-type":"","overlay-color":"","overlay-opacity":"","overlay-gradient":""},"tablet":{"background-color":"","background-image":"","background-repeat":"repeat","background-position":"center center","background-size":"auto","background-attachment":"scroll","background-type":"","background-media":"","overlay-type":"","overlay-color":"","overlay-opacity":"","overlay-gradient":""},"mobile":{"background-color":"","background-image":"","background-repeat":"repeat","background-position":"center center","background-size":"auto","background-attachment":"scroll","background-type":"","background-media":"","overlay-type":"","overlay-color":"","overlay-opacity":"","overlay-gradient":""}},"ast-content-background-meta":{"desktop":{"background-color":"var(--ast-global-color-4)","background-image":"","background-repeat":"repeat","background-position":"center center","background-size":"auto","background-attachment":"scroll","background-type":"","background-media":"","overlay-type":"","overlay-color":"","overlay-opacity":"","overlay-gradient":""},"tablet":{"background-color":"var(--ast-global-color-4)","background-image":"","background-repeat":"repeat","background-position":"center center","background-size":"auto","background-attachment":"scroll","background-type":"","background-media":"","overlay-type":"","overlay-color":"","overlay-opacity":"","overlay-gradient":""},"mobile":{"background-color":"var(--ast-global-color-4)","background-image":"","background-repeat":"repeat","background-position":"center center","background-size":"auto","background-attachment":"scroll","background-type":"","background-media":"","overlay-type":"","overlay-color":"","overlay-opacity":"","overlay-gradient":""}}},"product_brand":[],"product_cat":[10407,10408,10409],"product_tag":[10410],"class_list":{"0":"post-122989","1":"product","2":"type-product","3":"status-publish","4":"has-post-thumbnail","6":"product_cat-muela-de-amolar-con-mango","7":"product_cat-muela-de-amolar-con-mango-flexible","8":"product_cat-muela-elastica-de-oxido-de-cerio","9":"product_tag-oxido-de-cerio","10":"desktop-align-left","11":"tablet-align-left","12":"mobile-align-left","13":"ast-product-gallery-layout-horizontal-slider","14":"ast-product-tabs-layout-horizontal","16":"first","17":"instock","18":"taxable","19":"shipping-taxable","20":"product-type-simple"},"_links":{"self":[{"href":"https:\/\/honwaygroup.com\/es\/wp-json\/wp\/v2\/product\/122989","targetHints":{"allow":["GET"]}}],"collection":[{"href":"https:\/\/honwaygroup.com\/es\/wp-json\/wp\/v2\/product"}],"about":[{"href":"https:\/\/honwaygroup.com\/es\/wp-json\/wp\/v2\/types\/product"}],"version-history":[{"count":0,"href":"https:\/\/honwaygroup.com\/es\/wp-json\/wp\/v2\/product\/122989\/revisions"}],"wp:featuredmedia":[{"embeddable":true,"href":"https:\/\/honwaygroup.com\/es\/wp-json\/wp\/v2\/media\/122990"}],"wp:attachment":[{"href":"https:\/\/honwaygroup.com\/es\/wp-json\/wp\/v2\/media?parent=122989"}],"wp:term":[{"taxonomy":"product_brand","embeddable":true,"href":"https:\/\/honwaygroup.com\/es\/wp-json\/wp\/v2\/product_brand?post=122989"},{"taxonomy":"product_cat","embeddable":true,"href":"https:\/\/honwaygroup.com\/es\/wp-json\/wp\/v2\/product_cat?post=122989"},{"taxonomy":"product_tag","embeddable":true,"href":"https:\/\/honwaygroup.com\/es\/wp-json\/wp\/v2\/product_tag?post=122989"}],"curies":[{"name":"wp","href":"https:\/\/api.w.org\/{rel}","templated":true}]}}