{"id":122983,"date":"2025-04-25T17:29:03","date_gmt":"2025-04-25T09:29:03","guid":{"rendered":"https:\/\/honwaygroup.com\/product\/sustrato-de-diamante-oblea-de-diamante\/"},"modified":"2025-04-25T17:29:03","modified_gmt":"2025-04-25T09:29:03","slug":"sustrato-de-diamante-oblea-de-diamante","status":"publish","type":"product","link":"https:\/\/honwaygroup.com\/es\/producto\/sustrato-de-diamante-oblea-de-diamante\/","title":{"rendered":"Sustrato de diamante\/oblea de diamante"},"content":{"rendered":"<h1>Sustrato de diamante\/oblea de diamante<\/h1>\n<h2><strong>Diamond Substrate\/Diamond Wafer<\/strong><\/h2>\n<h4><strong><span class=\"red\">Honway Industrial ofrece servicios personalizados.<\/span><\/strong><\/h4>\n<h4><strong><span class=\"red\">Fabricamos el sustrato de diamante\/oblea de diamante m\u00e1s adecuado para usted<\/span><\/strong><\/h4>\n<p>&nbsp;<\/p>\n<h2>Caracter\u00edsticas:<\/h2>\n<ul>\n<li>Los diamantes CVD se producen mediante deposici\u00f3n qu\u00edmica de vapor.<\/li>\n<li>El diamante tiene la conductividad t\u00e9rmica m\u00e1s alta de todos los materiales conocidos y puede disipar el calor de manera eficiente y r\u00e1pida.<\/li>\n<li>Excelente resistencia al desgaste y a los da\u00f1os. Ideal para diversas aplicaciones de alta resistencia, como herramientas de corte de precisi\u00f3n, hojas de sierra industriales y equipos de perforaci\u00f3n.<\/li>\n<li>Tiene alta transparencia en un amplio rango de longitud de onda y baja absorci\u00f3n, lo que lo convierte en un material ideal para ventanas \u00f3pticas, lentes y componentes \u00f3pticos de alto rendimiento.<\/li>\n<li>Es altamente resistente a la corrosi\u00f3n de la mayor\u00eda de los productos qu\u00edmicos, como \u00e1cidos y \u00e1lcalis, y puede mantener un rendimiento estable durante mucho tiempo incluso en entornos qu\u00edmicos hostiles.<\/li>\n<li>No es t\u00f3xico para el tejido humano y no tiene reacci\u00f3n de rechazo, y se utiliza ampliamente en dispositivos m\u00e9dicos y dispositivos implantables.<\/li>\n<\/ul>\n<h2>\u00c1reas de aplicaci\u00f3n:<\/h2>\n<ul>\n<li class=\"\" data-start=\"45\" data-end=\"119\">\n<p class=\"\" data-start=\"48\" data-end=\"119\"><strong data-start=\"48\" data-end=\"63\">Materiales de interfaz t\u00e9rmica (TIM): <\/strong>Las obleas de diamante se pueden utilizar como materiales de interfaz t\u00e9rmica eficientes entre chips, m\u00f3dulos y disipadores de calor, lo que reduce eficazmente la resistencia t\u00e9rmica, mejora significativamente la eficiencia de transferencia de calor y garantiza un funcionamiento estable del equipo.<\/p>\n<\/li>\n<li class=\"\" data-start=\"121\" data-end=\"199\">\n<p class=\"\" data-start=\"124\" data-end=\"199\"><strong data-start=\"124\" data-end=\"135\">Envases y sustratos electr\u00f3nicos: <\/strong>En el campo del encapsulado de semiconductores, las obleas de diamante proporcionan un excelente rendimiento de disipaci\u00f3n de calor, lo que permite que los componentes funcionen continuamente en entornos de alta densidad de potencia y promueven a\u00fan m\u00e1s la miniaturizaci\u00f3n y el alto rendimiento de los productos electr\u00f3nicos.<\/p>\n<\/li>\n<li data-start=\"121\" data-end=\"199\"><strong>Aplicaciones de servidor: <\/strong>Este material act\u00faa como una capa de difusi\u00f3n t\u00e9rmica ideal para componentes de alta potencia, como cristales de GaN o SiC, reduciendo eficazmente el aumento de temperatura interna, prolongando la vida \u00fatil de los componentes y mejorando la fiabilidad del sistema. Adem\u00e1s, su excelente resistencia mec\u00e1nica y a altas temperaturas lo hacen ideal para tecnolog\u00edas de empaquetado avanzadas, como el apilamiento 2.5D\/3D y las plataformas inform\u00e1ticas de alto rendimiento en centros de datos.<\/li>\n<li class=\"\" data-start=\"201\" data-end=\"279\">\n<p class=\"\" data-start=\"204\" data-end=\"279\"><strong data-start=\"204\" data-end=\"216\">Componentes LED y optoelectr\u00f3nicos: <\/strong>Aplicadas en LED, componentes optoelectr\u00f3nicos y otros campos, las obleas de diamante pueden mejorar significativamente la gesti\u00f3n t\u00e9rmica, extender la vida \u00fatil de los componentes, al tiempo que aumentan el brillo luminoso y la eficiencia energ\u00e9tica para satisfacer las necesidades de aplicaciones optoelectr\u00f3nicas de alta gama.<\/p>\n<\/li>\n<li class=\"\" data-start=\"201\" data-end=\"279\">\n<p class=\"\" data-start=\"204\" data-end=\"279\"><span style=\"font-weight: 400;\"><strong>Sustratos aislantes: <\/strong>Las obleas de diamante CVD se utilizan como sustratos aislantes para semiconductores de alto rendimiento. Su aislamiento el\u00e9ctrico y alta conductividad t\u00e9rmica las hacen ideales para componentes de potencia y de radiofrecuencia (RF). <\/span><\/p>\n<\/li>\n<li><span style=\"font-weight: 400;\"><strong>Equipos m\u00e9dicos: <\/strong>Los diamantes industriales tambi\u00e9n se utilizan en algunos campos m\u00e9dicos, como equipos quir\u00fargicos de alta precisi\u00f3n y fresas dentales. Gracias a su alta dureza y buena resistencia al desgaste, pueden mejorar la vida \u00fatil y la precisi\u00f3n de los equipos m\u00e9dicos.<\/span><\/li>\n<\/ul>\n<h2>Presupuesto:<\/h2>\n<table>\n<tbody>\n<tr>\n<td><strong>Grado<\/strong><\/td>\n<td><strong>Grado \u00f3ptico<\/strong><\/td>\n<td><strong>Grado del disipador de calor<\/strong><\/td>\n<\/tr>\n<tr>\n<td><strong>Tipos de diamantes<\/strong><\/td>\n<td><span style=\"font-weight: 400;\">Monocristalino<\/span><\/td>\n<td><span style=\"font-weight: 400;\">Policristalino<\/span><\/td>\n<\/tr>\n<tr>\n<td><strong>Tama\u00f1o de la oblea<\/strong><\/td>\n<td><span style=\"font-weight: 400;\">M\u00e1ximo 15 x 15 mm<\/span><span style=\"font-weight: 400;\">\u00b2, personalizable<\/span><\/td>\n<td><span style=\"font-weight: 400;\">2pulgadas<\/span><span style=\"font-weight: 400;\">, personalizable<\/span><\/td>\n<\/tr>\n<tr>\n<td><strong>Tama\u00f1o de part\u00edcula<\/strong><\/td>\n<td><\/td>\n<td><span style=\"font-weight: 400;\">\u226410\u03bcm<\/span><\/td>\n<\/tr>\n<tr>\n<td><strong>Tolerancia de di\u00e1metro<\/strong><\/td>\n<td><span style=\"font-weight: 400;\">\ufe620.1\uff0c-0mm<\/span><\/td>\n<td><span style=\"font-weight: 400;\">\ufe620.1\uff0c-0mm<\/span><\/td>\n<\/tr>\n<tr>\n<td><strong>espesor<\/strong><\/td>\n<td><\/td>\n<td><span style=\"font-weight: 400;\">0.3-1.5mm<\/span><\/td>\n<\/tr>\n<tr>\n<td><strong>Espesor despu\u00e9s del pulido<\/strong><\/td>\n<td><span style=\"font-weight: 400;\">0.1~2mm<\/span><\/td>\n<td><span style=\"font-weight: 400;\">0.2-1.0mm<\/span><\/td>\n<\/tr>\n<tr>\n<td><strong>Tolerancia de espesor<\/strong><\/td>\n<td><span style=\"font-weight: 400;\">\u00b10.02mm\u226410mm<\/span><\/p>\n<p><span style=\"font-weight: 400;\"> \u00b10.03mm ,10~15mm<\/span><\/td>\n<td><span style=\"font-weight: 400;\">\u00b150\u03bcm<\/span><\/td>\n<\/tr>\n<tr>\n<td><strong>Direcci\u00f3n de cristalizaci\u00f3n<\/strong><\/td>\n<td><span style=\"font-weight: 400;\">100<\/span><\/td>\n<td><\/td>\n<\/tr>\n<tr>\n<td><strong>Tratamiento de superficies&#8211;<\/strong><\/td>\n<td><span style=\"font-weight: 400;\">pulido,Ra&lt;2nm<\/span><\/td>\n<td><\/td>\n<\/tr>\n<tr>\n<td><strong>Rugosidad de la superficie de crecimiento<\/strong><\/td>\n<td><\/td>\n<td><span style=\"font-weight: 400;\">&lt;100nm Ra<\/span><\/td>\n<\/tr>\n<tr>\n<td><strong>Rugosidad de la superficie de nucleaci\u00f3n<\/strong><\/td>\n<td><\/td>\n<td><span style=\"font-weight: 400;\">&lt;30nm Ra<\/span><\/td>\n<\/tr>\n<tr>\n<td><strong>Espesor est\u00e1ndar<\/strong><\/td>\n<td><\/td>\n<td><span style=\"font-weight: 400;\">300\u03bcm<\/span><\/td>\n<\/tr>\n<\/tbody>\n<\/table>\n<p><span style=\"font-weight: 400;\">\u203b Si tiene alg\u00fan requisito personalizado, comun\u00edquese con el servicio <a style=\"font-size: 16px; background-color: #ffffff;\" href=\"https:\/\/honwaygroup.com\/contact-honway\/\" target=\"_blank\" rel=\"nofollow noopener\">de atenci\u00f3n al cliente de Honway<\/a><\/span><\/p>\n<h2><strong>Propiedades f\u00edsicas<\/strong>\uff1a<\/h2>\n<table>\n<tbody>\n<tr>\n<td><strong>Grado<\/strong><\/td>\n<td><strong>Grado \u00f3ptico<\/strong><\/td>\n<td><strong>Grado del disipador de calor<\/strong><\/td>\n<\/tr>\n<tr>\n<td><strong>Tipos de diamantes<\/strong><\/td>\n<td><span style=\"font-weight: 400;\">Monocristalino<\/span><\/td>\n<td><span style=\"font-weight: 400;\">Policristalino<\/span><\/td>\n<\/tr>\n<tr>\n<td><strong>Densidad<\/strong><\/td>\n<td><span style=\"font-weight: 400;\">3.52g\/cm\u00b3<\/span><\/td>\n<td><span style=\"font-weight: 400;\">3.52g\/cm\u00b3<\/span><\/td>\n<\/tr>\n<tr>\n<td><strong>Raman de ancho completo a la mitad del m\u00e1ximo (FWHM)<\/strong><\/td>\n<td><span style=\"font-weight: 400;\">~2.1 cm\u207b\u00b9<\/span><\/td>\n<td><\/td>\n<\/tr>\n<tr>\n<td><strong>Concentraci\u00f3n de nitr\u00f3geno<\/strong><\/td>\n<td><span style=\"font-weight: 400;\">&lt;0.5 ppm<\/span><\/td>\n<td><\/td>\n<\/tr>\n<tr>\n<td><strong>Conductividad t\u00e9rmica<\/strong><\/td>\n<td><span style=\"font-weight: 400;\">1900~2200 W\/(m\u00b7K) 300K<\/span><\/td>\n<td><span style=\"font-weight: 400;\">1200~2000 W\/(m\u00b7K) 300K<\/span><\/td>\n<\/tr>\n<tr>\n<td><strong>Transmitancia<\/strong><\/td>\n<td><span style=\"font-weight: 400;\">&gt;70% 1064 nm<\/span><\/td>\n<td><\/td>\n<\/tr>\n<tr>\n<td><strong>Transmitancia<\/strong><\/td>\n<td><span style=\"font-weight: 400;\">2.379 @ 10.6 \u5fae\u7c73<\/span><\/td>\n<td><\/td>\n<\/tr>\n<tr>\n<td><strong>M\u00f3dulo de Young<\/strong><\/td>\n<td><\/td>\n<td><span style=\"font-weight: 400;\">850GPa<\/span><\/td>\n<\/tr>\n<tr>\n<td><strong>Estabilidad qu\u00edmica<\/strong><\/td>\n<td><\/td>\n<td><span style=\"font-weight: 400;\">Insoluble en todos los \u00e1cidos y bases.<\/span><\/td>\n<\/tr>\n<tr>\n<td><strong>Resistencia a la rotura<\/strong><\/td>\n<td><\/td>\n<td><span style=\"font-weight: 400;\">350GPa<\/span><\/td>\n<\/tr>\n<tr>\n<td><strong>Paralelismo<\/strong><\/td>\n<td><\/td>\n<td><span style=\"font-weight: 400;\">&lt;4\u03bcm\/cm<\/span><\/td>\n<\/tr>\n<\/tbody>\n<\/table>\n<p>&nbsp;<\/p>\n<h2><strong>Comparaci\u00f3n de especificaciones de diamantes<\/strong>\uff1a<\/h2>\n<table>\n<tbody>\n<tr>\n<td><\/td>\n<td>\n<p style=\"text-align: center;\"><strong>Oblea de diamante CVD de cristal \u00fanico<\/strong><\/p>\n<\/td>\n<td>\n<p style=\"text-align: center;\"><strong>Obleas de diamante policristalino CVD<\/strong><\/p>\n<\/td>\n<\/tr>\n<tr>\n<td><strong>Estructura<\/strong><\/td>\n<td><span style=\"font-weight: 400;\">Estructura cristalina \u00fanica y continua<\/span><\/td>\n<td><span style=\"font-weight: 400;\">M\u00faltiples cristales peque\u00f1os con orientaci\u00f3n aleatoria<\/span><\/td>\n<\/tr>\n<tr>\n<td><strong>Propiedades mec\u00e1nicas<\/strong><\/td>\n<td><span style=\"font-weight: 400;\">Excelente dureza, resistencia y resistencia al desgaste<\/span><\/td>\n<td><span style=\"font-weight: 400;\">Resistencia reducida, afectada por los l\u00edmites de grano<\/span><\/td>\n<\/tr>\n<tr>\n<td><strong>Conductividad t\u00e9rmica<\/strong><\/td>\n<td><span style=\"font-weight: 400;\">Mayor disipaci\u00f3n del calor, excelente<\/span><\/td>\n<td><span style=\"font-weight: 400;\">Baja (debido a los l\u00edmites de grano\uff09<\/span><\/td>\n<\/tr>\n<tr>\n<td><strong>Propiedades \u00f3pticas<\/strong><\/td>\n<td><span style=\"font-weight: 400;\">Excelente claridad y precisi\u00f3n \u00f3ptica<\/span><\/td>\n<td><span style=\"font-weight: 400;\">Menor claridad; puede presentar imperfecciones<\/span><\/td>\n<\/tr>\n<tr>\n<td><strong>Rendimiento el\u00e9ctrico<\/strong><\/td>\n<td><span style=\"font-weight: 400;\">Altamente controlable y dependiente de la direcci\u00f3n<\/span><\/td>\n<td><span style=\"font-weight: 400;\">Altamente is\u00f3tropo, menos controlable<\/span><\/td>\n<\/tr>\n<tr>\n<td><strong>Aplicaciones<\/strong><\/td>\n<td><span style=\"font-weight: 400;\">Electr\u00f3nica, \u00f3ptica, aplicaciones de alto rendimiento<\/span><\/td>\n<td><span style=\"font-weight: 400;\">Herramientas industriales, disipadores de calor, abrasivos, materiales de disipaci\u00f3n de calor<\/span><\/td>\n<\/tr>\n<\/tbody>\n<\/table>\n<p>&nbsp;<\/p>\n<h2><strong>Comparaci\u00f3n del rendimiento del diamante y otros materiales infrarrojos comunes<\/strong>:<\/h2>\n<table>\n<tbody>\n<tr>\n<td><strong>Propiedades f\u00edsicas <\/strong><\/td>\n<td><strong>unidad<\/strong><\/td>\n<td colspan=\"2\"><strong>Diamante<\/strong><\/td>\n<td><strong>Seleniuro de zinc (ZnSe)<\/strong><\/td>\n<td><strong>Sulfuro de zinc (ZnS)<\/strong><\/td>\n<td><strong>Germanio (Ge)<\/strong><\/td>\n<td><strong>Silicio (Si)<\/strong><\/td>\n<td><strong>arseniuro de galio (GaAs)<\/strong><\/td>\n<td><strong>\u00d3xido de aluminio (Al\u2082O\u2083)<\/strong><\/td>\n<\/tr>\n<tr>\n<td><strong>brecha de banda<\/strong><\/p>\n<p><strong>(Band gap)<\/strong><\/td>\n<td><span style=\"font-weight: 400;\">eV<\/span><\/td>\n<td colspan=\"2\"><span style=\"font-weight: 400;\">5.48<\/span><\/td>\n<td><span style=\"font-weight: 400;\">2.7<\/span><\/td>\n<td><span style=\"font-weight: 400;\">3.9<\/span><\/td>\n<td><span style=\"font-weight: 400;\">0.664<\/span><\/td>\n<td><span style=\"font-weight: 400;\">1.11<\/span><\/td>\n<td><span style=\"font-weight: 400;\">1.42<\/span><\/td>\n<td><span style=\"font-weight: 400;\">9.9<\/span><\/td>\n<\/tr>\n<tr>\n<td><strong>Longitud de onda de corte<\/strong><\/p>\n<p><strong>(Cut-off wavelength)<\/strong><\/td>\n<td><span style=\"font-weight: 400;\">\u03bcm<\/span><\/td>\n<td colspan=\"2\"><\/td>\n<td><span style=\"font-weight: 400;\">20<\/span><\/td>\n<td><span style=\"font-weight: 400;\">14<\/span><\/td>\n<td><span style=\"font-weight: 400;\">23<\/span><\/td>\n<td><\/td>\n<td><\/td>\n<td><span style=\"font-weight: 400;\">5.5<\/span><\/td>\n<\/tr>\n<tr>\n<td><strong>Coeficiente de absorci\u00f3n<\/strong><\/p>\n<p><strong>(Absorption coefficient) <\/strong> <\/td>\n<td><\/td>\n<td colspan=\"2\"><span style=\"font-weight: 400;\">0.1~0.3<\/span><\/td>\n<td><span style=\"font-weight: 400;\">0.005<\/span><\/td>\n<td><span style=\"font-weight: 400;\">0.2<\/span><\/td>\n<td><span style=\"font-weight: 400;\">0.02<\/span><\/td>\n<td><span style=\"font-weight: 400;\">0.35<\/span><\/td>\n<td><span style=\"font-weight: 400;\">0.01<\/span><\/td>\n<td><\/td>\n<\/tr>\n<tr>\n<td><strong>Coeficiente de absorci\u00f3n<\/strong><\/p>\n<p><strong>(Absorption coefficient) <\/strong> <\/td>\n<td><span style=\"font-weight: 400;\">10.6 \u03bcm<\/span><\/td>\n<td colspan=\"2\"><span style=\"font-weight: 400;\">0.1~0.6<\/span><\/td>\n<td><span style=\"font-weight: 400;\">0.0005<\/span><\/td>\n<td><span style=\"font-weight: 400;\">0.2<\/span><\/td>\n<td><span style=\"font-weight: 400;\">0.02<\/span><\/td>\n<td><\/td>\n<td><\/td>\n<td><\/td>\n<\/tr>\n<tr>\n<td><strong>Microdureza<\/strong><\/p>\n<p><strong>(Microhardness)<\/strong><\/td>\n<td><span style=\"font-weight: 400;\">kg\/mm\u00b2<\/span><\/td>\n<td colspan=\"2\"><span style=\"font-weight: 400;\">8300<\/span><\/td>\n<td><span style=\"font-weight: 400;\">137<\/span><\/td>\n<td><span style=\"font-weight: 400;\">230<\/span><\/td>\n<td><span style=\"font-weight: 400;\">780<\/span><\/td>\n<td><span style=\"font-weight: 400;\">1150<\/span><\/td>\n<td><span style=\"font-weight: 400;\">721<\/span><\/td>\n<td><span style=\"font-weight: 400;\">190<\/span><\/td>\n<\/tr>\n<tr>\n<td><strong>\u00cdndice de refracci\u00f3n<\/strong><\/p>\n<p><strong>(Refractive index)<\/strong><\/td>\n<td><\/td>\n<td colspan=\"2\"><span style=\"font-weight: 400;\">2.38<\/span><\/td>\n<td><span style=\"font-weight: 400;\">2.40<\/span><\/td>\n<td><span style=\"font-weight: 400;\">2.19<\/span><\/td>\n<td><span style=\"font-weight: 400;\">4.00<\/span><\/td>\n<td><span style=\"font-weight: 400;\">3.42<\/span><\/td>\n<td><span style=\"font-weight: 400;\">3.28<\/span><\/td>\n<td><span style=\"font-weight: 400;\">1.63<\/span><\/td>\n<\/tr>\n<tr>\n<td><strong>dn\/dT<\/strong><\/td>\n<td><span style=\"font-weight: 400;\">10\u207b\u00b3\/K<\/span><\/td>\n<td colspan=\"2\"><span style=\"font-weight: 400;\">1.0<\/span><\/td>\n<td><span style=\"font-weight: 400;\">6.4<\/span><\/td>\n<td><span style=\"font-weight: 400;\">4.1<\/span><\/td>\n<td><span style=\"font-weight: 400;\">40<\/span><\/td>\n<td><span style=\"font-weight: 400;\">13<\/span><\/td>\n<td><span style=\"font-weight: 400;\">15<\/span><\/td>\n<td><span style=\"font-weight: 400;\">1.3<\/span><\/td>\n<\/tr>\n<tr>\n<td><strong>Conductividad t\u00e9rmica<\/strong><\/p>\n<p><strong>(Thermal conductivity)<\/strong><\/td>\n<td><span style=\"font-weight: 400;\">W\/(cm\u00b7K)<\/span><\/td>\n<td colspan=\"2\"><span style=\"font-weight: 400;\">18~22<\/span><\/td>\n<td><span style=\"font-weight: 400;\">0.19<\/span><\/td>\n<td><span style=\"font-weight: 400;\">0.27<\/span><\/td>\n<td><span style=\"font-weight: 400;\">0.59<\/span><\/td>\n<td><span style=\"font-weight: 400;\">1.63<\/span><\/td>\n<td><span style=\"font-weight: 400;\">0.55<\/span><\/td>\n<td><span style=\"font-weight: 400;\">0.35<\/span><\/td>\n<\/tr>\n<tr>\n<td rowspan=\"2\"><strong>Coeficiente de expansi\u00f3n t\u00e9rmica (Coefficient of thermal expansion)<\/strong><\/td>\n<td rowspan=\"2\"><span style=\"font-weight: 400;\">10\u207b\u2076K\u207b\u00b9<\/span><\/td>\n<td><span style=\"font-weight: 400;\">Grado \u00f3ptico<\/span><\/td>\n<td><span style=\"font-weight: 400;\">1.3<\/span><\/td>\n<td rowspan=\"2\"><span style=\"font-weight: 400;\">7.6<\/span><\/td>\n<td rowspan=\"2\"><span style=\"font-weight: 400;\">7.9<\/span><\/td>\n<td rowspan=\"2\"><span style=\"font-weight: 400;\">5.9<\/span><\/td>\n<td rowspan=\"2\"><span style=\"font-weight: 400;\">2.56<\/span><\/td>\n<td rowspan=\"2\"><span style=\"font-weight: 400;\">5.9<\/span><\/td>\n<td rowspan=\"2\"><span style=\"font-weight: 400;\">5.8<\/span><\/td>\n<\/tr>\n<tr>\n<td><span style=\"font-weight: 400;\">Grado de disipador de calor<\/span><\/td>\n<td><span style=\"font-weight: 400;\">0.8~1.0<\/span><\/td>\n<\/tr>\n<\/tbody>\n<\/table>\n<p>&nbsp;<\/p>\n<p><span style=\"font-size: 16px;\">\u00bfTienes preguntas? <\/span><a style=\"font-size: 16px; background-color: #ffffff;\" href=\"https:\/\/honwaygroup.com\/contact-honway\/\" target=\"_blank\" rel=\"nofollow noopener\">Contactar con Honway<\/a><\/p>\n","protected":false},"excerpt":{"rendered":"<ul>\n<li>Los diamantes CVD se producen mediante deposici\u00f3n qu\u00edmica de vapor.<\/li>\n<li>El diamante tiene la conductividad t\u00e9rmica m\u00e1s alta de todos los materiales conocidos y puede disipar el calor de manera eficiente y r\u00e1pida.<\/li>\n<li>Adecuado para todo tipo de herramientas de corte de precisi\u00f3n, hojas de sierra industriales y equipos de perforaci\u00f3n, ventanas \u00f3pticas, lentes, componentes \u00f3pticos de alto rendimiento, productos qu\u00edmicos, equipos m\u00e9dicos y dispositivos implantables.<\/li>\n<\/ul>\n<h5><span style=\"color: #ff0000;\"><strong>\u25b2Todos los precios de los productos incluyen impuestos (solo Taiw\u00e1n), los aranceles aduaneros se cobran por separado.<\/strong><\/span><\/h5>\n<h5><strong><span style=\"color: #ff0000; font-size: 19.2px;\">\u25b2<\/span><\/strong><strong><span style=\"color: #ff0000; font-size: 19.2px;\">Si necesita tama\u00f1os personalizados, p\u00f3ngase en contacto con el servicio de atenci\u00f3n al cliente. La fecha de entrega se basa en la hora que nos indique el servicio de atenci\u00f3n al cliente.<\/span><\/strong><\/h5>\n<h5><strong><span style=\"color: #ff0000; font-size: 19.2px;\">\u25b2 Los pedidos grandes pueden disfrutar de descuentos, comun\u00edquese con el servicio de atenci\u00f3n al cliente para realizar consultas.<\/span><\/strong><\/h5>\n<h5><strong><span style=\"color: #ff0000; font-size: 19.2px;\">\u25b2<\/span><span style=\"color: #ff0000; font-size: 19.2px;\">Comun\u00edquese con el servicio de atenci\u00f3n al cliente para conocer la fecha de entrega del pedido:<\/span><span style=\"color: #ff0000; font-size: 19.2px;\"><a href=\"https:\/\/honwaygroup.com\/contact-honway\/\">Contactar con Honway<\/a><\/span><\/strong><\/h5>\n","protected":false},"featured_media":121108,"template":"","meta":{"site-sidebar-layout":"default","site-content-layout":"","ast-site-content-layout":"default","site-content-style":"default","site-sidebar-style":"default","ast-global-header-display":"","ast-banner-title-visibility":"","ast-main-header-display":"","ast-hfb-above-header-display":"","ast-hfb-below-header-display":"","ast-hfb-mobile-header-display":"","site-post-title":"","ast-breadcrumbs-content":"","ast-featured-img":"","footer-sml-layout":"","ast-disable-related-posts":"","theme-transparent-header-meta":"default","adv-header-id-meta":"","stick-header-meta":"default","header-above-stick-meta":"","header-main-stick-meta":"","header-below-stick-meta":"","astra-migrate-meta-layouts":"default","ast-page-background-enabled":"default","ast-page-background-meta":{"desktop":{"background-color":"var(--ast-global-color-5)","background-image":"","background-repeat":"repeat","background-position":"center center","background-size":"auto","background-attachment":"scroll","background-type":"","background-media":"","overlay-type":"","overlay-color":"","overlay-opacity":"","overlay-gradient":""},"tablet":{"background-color":"","background-image":"","background-repeat":"repeat","background-position":"center center","background-size":"auto","background-attachment":"scroll","background-type":"","background-media":"","overlay-type":"","overlay-color":"","overlay-opacity":"","overlay-gradient":""},"mobile":{"background-color":"","background-image":"","background-repeat":"repeat","background-position":"center center","background-size":"auto","background-attachment":"scroll","background-type":"","background-media":"","overlay-type":"","overlay-color":"","overlay-opacity":"","overlay-gradient":""}},"ast-content-background-meta":{"desktop":{"background-color":"var(--ast-global-color-4)","background-image":"","background-repeat":"repeat","background-position":"center center","background-size":"auto","background-attachment":"scroll","background-type":"","background-media":"","overlay-type":"","overlay-color":"","overlay-opacity":"","overlay-gradient":""},"tablet":{"background-color":"var(--ast-global-color-4)","background-image":"","background-repeat":"repeat","background-position":"center center","background-size":"auto","background-attachment":"scroll","background-type":"","background-media":"","overlay-type":"","overlay-color":"","overlay-opacity":"","overlay-gradient":""},"mobile":{"background-color":"var(--ast-global-color-4)","background-image":"","background-repeat":"repeat","background-position":"center center","background-size":"auto","background-attachment":"scroll","background-type":"","background-media":"","overlay-type":"","overlay-color":"","overlay-opacity":"","overlay-gradient":""}}},"product_brand":[],"product_cat":[10399],"product_tag":[10406,10400,10405],"class_list":{"0":"post-122983","1":"product","2":"type-product","3":"status-publish","4":"has-post-thumbnail","6":"product_cat-semiconductor-es","7":"product_tag-diamond-wafer-es","8":"product_tag-semiconductor-es","9":"product_tag-sustrato-de-diamante","10":"desktop-align-left","11":"tablet-align-left","12":"mobile-align-left","13":"ast-product-gallery-layout-horizontal-slider","14":"ast-product-tabs-layout-horizontal","16":"first","17":"instock","18":"taxable","19":"shipping-taxable","20":"product-type-simple"},"_links":{"self":[{"href":"https:\/\/honwaygroup.com\/es\/wp-json\/wp\/v2\/product\/122983","targetHints":{"allow":["GET"]}}],"collection":[{"href":"https:\/\/honwaygroup.com\/es\/wp-json\/wp\/v2\/product"}],"about":[{"href":"https:\/\/honwaygroup.com\/es\/wp-json\/wp\/v2\/types\/product"}],"version-history":[{"count":0,"href":"https:\/\/honwaygroup.com\/es\/wp-json\/wp\/v2\/product\/122983\/revisions"}],"wp:featuredmedia":[{"embeddable":true,"href":"https:\/\/honwaygroup.com\/es\/wp-json\/wp\/v2\/media\/121108"}],"wp:attachment":[{"href":"https:\/\/honwaygroup.com\/es\/wp-json\/wp\/v2\/media?parent=122983"}],"wp:term":[{"taxonomy":"product_brand","embeddable":true,"href":"https:\/\/honwaygroup.com\/es\/wp-json\/wp\/v2\/product_brand?post=122983"},{"taxonomy":"product_cat","embeddable":true,"href":"https:\/\/honwaygroup.com\/es\/wp-json\/wp\/v2\/product_cat?post=122983"},{"taxonomy":"product_tag","embeddable":true,"href":"https:\/\/honwaygroup.com\/es\/wp-json\/wp\/v2\/product_tag?post=122983"}],"curies":[{"name":"wp","href":"https:\/\/api.w.org\/{rel}","templated":true}]}}