{"id":122963,"date":"2025-04-25T11:24:02","date_gmt":"2025-04-25T03:24:02","guid":{"rendered":"https:\/\/honwaygroup.com\/product\/muela-de-rectificado-de-chaflan-para-obleas-de-silicio\/"},"modified":"2025-04-25T11:24:02","modified_gmt":"2025-04-25T03:24:02","slug":"muela-de-rectificado-de-chaflan-para-obleas-de-silicio","status":"publish","type":"product","link":"https:\/\/honwaygroup.com\/es\/producto\/muela-de-rectificado-de-chaflan-para-obleas-de-silicio\/","title":{"rendered":"Muela de rectificado de chafl\u00e1n para obleas de silicio"},"content":{"rendered":"<h1>Muela de rectificado de chafl\u00e1n para obleas de silicio<\/h1>\n<h4><strong><span class=\"red\">Honway Industrial ofrece servicios personalizados.<\/span><\/strong><\/h4>\n<h4><strong><span class=\"red\">Fabricamos las muelas de rectificado biselado m\u00e1s adecuadas para obleas de silicio y obleas de zafiro.<\/span><\/strong><\/h4>\n<h2><\/h2>\n<p>Las muelas abrasivas de alto rendimiento dise\u00f1adas para biselar y rectificar sustratos semiconductores tienen una estructura de capa abrasiva fina y uniforme y se fabrican utilizando tecnolog\u00eda de acabado de alta precisi\u00f3n.<\/p>\n<p>Despu\u00e9s del recorte, tiene una baja tasa de defectos, una calidad excelente y una precisi\u00f3n de procesamiento sobresaliente.<\/p>\n<p>La l\u00ednea de productos cubre muelas abrasivas est\u00e1ndar adecuadas para el procesamiento perif\u00e9rico y de ranuras, y proporciona tres tipos de muelas abrasivas:<strong> tipo de ranura \u00fanica, tipo de ranuras m\u00faltiples y tipo mixto para procesamiento<\/strong> fino y grueso para satisfacer diversas necesidades de procesamiento.<\/p>\n<h2>Caracter\u00edsticas:<\/h2>\n<ul>\n<li>Tiene una excelente retenci\u00f3n de forma y cumple con los estrictos requisitos de alta precisi\u00f3n y estabilidad para el biselado de obleas de silicio.<\/li>\n<li>El dise\u00f1o del aglutinante de metal mejora eficazmente la resistencia al desgaste, extiende significativamente la vida \u00fatil y reduce la frecuencia de reemplazo.<\/li>\n<li>Puede mantener un rendimiento de molienda estable incluso durante un funcionamiento a largo plazo, lo que garantiza una calidad de procesamiento uniforme y estable.<\/li>\n<li>Se pueden proporcionar dise\u00f1os de ranura simple o m\u00faltiple seg\u00fan las necesidades del cliente, y se pueden integrar funciones de molienda gruesa y fina en una para cumplir con diferentes condiciones del proceso.<\/li>\n<li>Las ventajas combinadas de larga vida \u00fatil, baja frecuencia de reparaci\u00f3n y capacidades de procesamiento estables ayudan a reducir los costos generales de procesamiento.<\/li>\n<\/ul>\n<h2>usar:<\/h2>\n<ul>\n<li data-start=\"164\" data-end=\"191\">La mayor\u00eda de ellos son muelas abrasivas con aglomerante met\u00e1lico y muelas abrasivas con aglomerante electroformado.<\/li>\n<li data-start=\"164\" data-end=\"191\">Rectificado de chaflanes de obleas de silicio y semiconductores compuestos.<\/li>\n<li data-start=\"164\" data-end=\"191\">\u5c0d\u61c9\u591a\u5bb6\u4ee3\u8868\u6027\u6676\u5713\u5012\u89d2\u6a5f\u5ee0\u5546\u4e4b\u6700\u65b0\u578b\u8a2d\u5099\uff0c\u78ba\u4fdd\u9ad8\u517c\u5bb9\u6027\u8207\u7a69\u5b9a\u52a0\u5de5\u8868\u73fe\u3002<\/li>\n<\/ul>\n<h2>\u00c1reas de aplicaci\u00f3n:<\/h2>\n<ul>\n<li>Muelas abrasivas para biselar sustratos semiconductores.<\/li>\n<li>Adecuado para varios tipos de procesamiento, como en forma de V, en forma de R, ranura simple o ranura continua.<\/li>\n<\/ul>\n<h4><strong>Al solicitar muelas abrasivas, especifique lo siguiente:<\/strong><\/h4>\n<ul>\n<li>Forma y dimensiones de la muela abrasiva: como 1A1, 14A1<\/li>\n<li>Material de semilla abrasiva: diamante<\/li>\n<li>Granularidad: Por ejemplo: #150<\/li>\n<li>Concentraci\u00f3n: Ejemplo: C-75<\/li>\n<li>Aglutinante: Por ejemplo: aglutinante electroconformado o aglutinante met\u00e1lico.<\/li>\n<li>Estilo de muela abrasiva: tipo de ranura \u00fanica, tipo de ranuras m\u00faltiples y tipo mixto para procesamiento fino y grueso<\/li>\n<li>Aplicaci\u00f3n: obleas de silicio, obleas de zafiro<\/li>\n<li>Cantidad y tiempo de entrega:<\/li>\n<li>Velocidad y condiciones de procesamiento:<\/li>\n<li>Modelo de equipo de procesamiento:<\/li>\n<li>La mayor\u00eda de los fabricantes marcar\u00e1n la siguiente informaci\u00f3n en la muela abrasiva:<\/li>\n<\/ul>\n<table class=\"specTable\" width=\"100%\">\n<tbody>\n<tr>\n<th>Tipo abrasivo<\/th>\n<th>150<br \/>\ngranularidad<\/th>\n<th>N<br \/>\nGrado de encuadernaci\u00f3n<\/th>\n<th>75<br \/>\nConcentraci\u00f3n<\/th>\n<th>R<br \/>\naglutinante<\/th>\n<th>3.0<br \/>\nEspesor de la capa abrasiva<\/th>\n<\/tr>\n<tr>\n<td>D: Diamante natural<br \/>\nSD: Diamante sint\u00e9tico<\/td>\n<td>#60<br \/>\n#80<br \/>\n#100<br \/>\n#150<br \/>\n#200<br \/>\n#270<br \/>\n#325<br \/>\n#400<br \/>\n#600<\/td>\n<td>J \/ suave<br \/>\nL<br \/>\nN<br \/>\nP<br \/>\nR \/ duro<\/td>\n<td>25<br \/>\n50<br \/>\n75<br \/>\n100<br \/>\n125<br \/>\n150<\/td>\n<td>M: Uni\u00f3n de metales<br \/>\nP: Electroconformado<\/td>\n<td>1.0mm<br \/>\n1.5mm<br \/>\n2.0mm<br \/>\n3.0mm<br \/>\n5.0mm<br \/>\n10.0mm<\/td>\n<\/tr>\n<\/tbody>\n<\/table>\n<h2>Im\u00e1genes de muestra<\/h2>\n<p><a href=\"https:\/\/honwaygroup.com\/wp-content\/uploads\/2025\/04\/1A1.jpg\"><img fetchpriority=\"high\" decoding=\"async\" class=\"size-full wp-image-93178 aligncenter\" src=\"https:\/\/honwaygroup.com\/wp-content\/uploads\/2025\/04\/1A1.jpg\" alt=\"\" width=\"520\" height=\"198\"><\/a><\/p>\n<p><span style=\"font-size: 16px;\">\u00bfTienes preguntas? <\/span><a style=\"font-size: 16px; background-color: #ffffff;\" href=\"https:\/\/honwaygroup.com\/es\/contactar-con-honway\/\" target=\"_blank\" rel=\"nofollow noopener\">Contactar con Honway<\/a><\/p>\n","protected":false},"excerpt":{"rendered":"<p>Las muelas abrasivas de alto rendimiento dise\u00f1adas para biselar y rectificar sustratos semiconductores tienen una estructura de capa abrasiva fina y uniforme y se fabrican utilizando tecnolog\u00eda de acabado de alta precisi\u00f3n.<\/p>\n<p>Despu\u00e9s del recorte, tiene una baja tasa de defectos, una calidad excelente y una precisi\u00f3n de procesamiento sobresaliente.<\/p>\n<p>La l\u00ednea de productos cubre muelas abrasivas est\u00e1ndar adecuadas para el procesamiento perif\u00e9rico y de ranuras, y proporciona tres tipos de muelas abrasivas:<strong> tipo de ranura \u00fanica, tipo de ranuras m\u00faltiples y tipo mixto para procesamiento<\/strong> fino y grueso para satisfacer diversas necesidades de procesamiento.<\/p>\n<h5><\/h5>\n<h5><span style=\"color: #ff0000;\"><strong>\u25b2Bienvenido al servicio de atenci\u00f3n al cliente por mensaje privado para consultas.<\/strong><\/span><\/h5>\n<h5><span style=\"color: #ff0000;\"><strong>\u25b2<\/strong><strong>Si necesita un tama\u00f1o personalizado, comun\u00edquese con el servicio de atenci\u00f3n al cliente.<\/strong><\/span><\/h5>\n<h5><span style=\"color: #ff0000;\"><strong>\u25b2 Los pedidos grandes pueden disfrutar de descuentos, comun\u00edquese con el servicio de atenci\u00f3n al cliente para realizar consultas.<br \/>\n<\/strong><\/span><\/h5>\n<h5><span style=\"color: #ff0000;\"><strong>\u25b2Comun\u00edquese con el servicio de atenci\u00f3n al cliente para conocer la fecha de entrega del pedido:<span style=\"color: #3366ff;\"><a style=\"color: #3366ff;\" href=\"https:\/\/honwaygroup.com\/es\/contactar-con-honway\/\">Contactar con Honway<\/a><\/span><\/strong><\/span><\/h5>\n","protected":false},"featured_media":122966,"template":"","meta":{"site-sidebar-layout":"default","site-content-layout":"","ast-site-content-layout":"default","site-content-style":"default","site-sidebar-style":"default","ast-global-header-display":"","ast-banner-title-visibility":"","ast-main-header-display":"","ast-hfb-above-header-display":"","ast-hfb-below-header-display":"","ast-hfb-mobile-header-display":"","site-post-title":"","ast-breadcrumbs-content":"","ast-featured-img":"","footer-sml-layout":"","ast-disable-related-posts":"","theme-transparent-header-meta":"default","adv-header-id-meta":"","stick-header-meta":"default","header-above-stick-meta":"","header-main-stick-meta":"","header-below-stick-meta":"","astra-migrate-meta-layouts":"default","ast-page-background-enabled":"default","ast-page-background-meta":{"desktop":{"background-color":"var(--ast-global-color-5)","background-image":"","background-repeat":"repeat","background-position":"center center","background-size":"auto","background-attachment":"scroll","background-type":"","background-media":"","overlay-type":"","overlay-color":"","overlay-opacity":"","overlay-gradient":""},"tablet":{"background-color":"","background-image":"","background-repeat":"repeat","background-position":"center center","background-size":"auto","background-attachment":"scroll","background-type":"","background-media":"","overlay-type":"","overlay-color":"","overlay-opacity":"","overlay-gradient":""},"mobile":{"background-color":"","background-image":"","background-repeat":"repeat","background-position":"center center","background-size":"auto","background-attachment":"scroll","background-type":"","background-media":"","overlay-type":"","overlay-color":"","overlay-opacity":"","overlay-gradient":""}},"ast-content-background-meta":{"desktop":{"background-color":"var(--ast-global-color-4)","background-image":"","background-repeat":"repeat","background-position":"center center","background-size":"auto","background-attachment":"scroll","background-type":"","background-media":"","overlay-type":"","overlay-color":"","overlay-opacity":"","overlay-gradient":""},"tablet":{"background-color":"var(--ast-global-color-4)","background-image":"","background-repeat":"repeat","background-position":"center center","background-size":"auto","background-attachment":"scroll","background-type":"","background-media":"","overlay-type":"","overlay-color":"","overlay-opacity":"","overlay-gradient":""},"mobile":{"background-color":"var(--ast-global-color-4)","background-image":"","background-repeat":"repeat","background-position":"center center","background-size":"auto","background-attachment":"scroll","background-type":"","background-media":"","overlay-type":"","overlay-color":"","overlay-opacity":"","overlay-gradient":""}}},"product_brand":[],"product_cat":[10399],"product_tag":[10402,10403,10400],"class_list":{"0":"post-122963","1":"product","2":"type-product","3":"status-publish","4":"has-post-thumbnail","6":"product_cat-semiconductor-es","7":"product_tag-muela-abrasiva","8":"product_tag-muela-abrasiva-para-rectificado-y-biselado-de-cristales-de-silicio","9":"product_tag-semiconductor-es","10":"desktop-align-left","11":"tablet-align-left","12":"mobile-align-left","13":"ast-product-gallery-layout-horizontal-slider","14":"ast-product-gallery-with-no-image","15":"ast-product-tabs-layout-horizontal","17":"first","18":"instock","19":"taxable","20":"shipping-taxable","21":"product-type-simple"},"_links":{"self":[{"href":"https:\/\/honwaygroup.com\/es\/wp-json\/wp\/v2\/product\/122963","targetHints":{"allow":["GET"]}}],"collection":[{"href":"https:\/\/honwaygroup.com\/es\/wp-json\/wp\/v2\/product"}],"about":[{"href":"https:\/\/honwaygroup.com\/es\/wp-json\/wp\/v2\/types\/product"}],"version-history":[{"count":0,"href":"https:\/\/honwaygroup.com\/es\/wp-json\/wp\/v2\/product\/122963\/revisions"}],"wp:featuredmedia":[{"embeddable":true,"href":"https:\/\/honwaygroup.com\/es\/wp-json\/wp\/v2\/media\/122966"}],"wp:attachment":[{"href":"https:\/\/honwaygroup.com\/es\/wp-json\/wp\/v2\/media?parent=122963"}],"wp:term":[{"taxonomy":"product_brand","embeddable":true,"href":"https:\/\/honwaygroup.com\/es\/wp-json\/wp\/v2\/product_brand?post=122963"},{"taxonomy":"product_cat","embeddable":true,"href":"https:\/\/honwaygroup.com\/es\/wp-json\/wp\/v2\/product_cat?post=122963"},{"taxonomy":"product_tag","embeddable":true,"href":"https:\/\/honwaygroup.com\/es\/wp-json\/wp\/v2\/product_tag?post=122963"}],"curies":[{"name":"wp","href":"https:\/\/api.w.org\/{rel}","templated":true}]}}