{"id":122955,"date":"2025-04-25T10:17:08","date_gmt":"2025-04-25T02:17:08","guid":{"rendered":"https:\/\/honwaygroup.com\/product\/muelas-abrasivas-para-rectificado-de-superficies-de-obleas\/"},"modified":"2025-04-25T10:17:08","modified_gmt":"2025-04-25T02:17:08","slug":"muelas-abrasivas-para-rectificado-de-superficies-de-obleas","status":"publish","type":"product","link":"https:\/\/honwaygroup.com\/es\/producto\/muelas-abrasivas-para-rectificado-de-superficies-de-obleas\/","title":{"rendered":"Muelas abrasivas para rectificado de superficies de obleas"},"content":{"rendered":"<h1>Muelas abrasivas para rectificado de superficies de obleas<\/h1>\n<h4><strong><span class=\"red\">Honway Industrial ofrece servicios personalizados.<\/span><\/strong><\/h4>\n<h4><strong><span class=\"red\">Fabricamos la muela abrasiva m\u00e1s adecuada para el rectificado de superficies de obleas.<\/span><\/strong><\/h4>\n<h2><\/h2>\n<h2>Caracter\u00edsticas:<\/h2>\n<ul>\n<li>Aplicable a una variedad de materiales de obleas para cumplir con diferentes requisitos de proceso.<\/li>\n<li>Tiene una alta tasa de eliminaci\u00f3n de material estable, acortando efectivamente el tiempo de procesamiento y mejorando la eficiencia de producci\u00f3n.<\/li>\n<li>El excelente dise\u00f1o de control de desgaste extiende la vida \u00fatil de la muela abrasiva.<\/li>\n<li>La baja resistencia al rectificado durante el proceso de rectificado ayuda a proteger el equipo y la pieza de trabajo y a estabilizar la calidad del procesamiento.<\/li>\n<\/ul>\n<h2>usar:<\/h2>\n<ul>\n<li>Planarizaci\u00f3n de obleas de silicio<\/li>\n<li>Rectificado de la parte trasera<\/li>\n<\/ul>\n<h2>\u00c1reas de aplicaci\u00f3n:<\/h2>\n<ul>\n<li>Obleas semiconductoras de silicio, obleas semiconductoras compuestas, obleas cer\u00e1micas (al\u00famina, AlN).<\/li>\n<li>Obleas semiconductoras de banda ancha (SiC, GaN), filtros de ondas ac\u00fasticas de superficie (LT, LN) y obleas de vidrio de zafiro.<\/li>\n<li>Oblea de paquete TSV (cobre\/compuesto).<\/li>\n<\/ul>\n<h4><strong>Al solicitar muelas abrasivas, especifique lo siguiente:<\/strong><\/h4>\n<ul>\n<li>Forma y dimensiones de la muela abrasiva: como 1A1, 14A1<\/li>\n<li>Material de semilla abrasiva: diamante<\/li>\n<li>Granularidad: Por ejemplo: #150<\/li>\n<li>Concentraci\u00f3n: Ejemplo: C-75<\/li>\n<li>Aglutinante: Por ejemplo, aglutinante de resina o aglutinante vitrificado.<\/li>\n<li>M\u00e9todo de enfriamiento: molienda en seco o molienda h\u00fameda<\/li>\n<li>Cantidad y tiempo de entrega:<\/li>\n<li>Velocidad y condiciones de procesamiento:<\/li>\n<li>Modelo de equipo de procesamiento:<\/li>\n<li>La mayor\u00eda de los fabricantes marcar\u00e1n la siguiente informaci\u00f3n en la muela abrasiva:<\/li>\n<\/ul>\n<table class=\"specTable\" width=\"100%\">\n<tbody>\n<tr>\n<th>Tipo abrasivo<\/th>\n<th>150<br \/>\ngranularidad<\/th>\n<th>N<br \/>\nGrado de encuadernaci\u00f3n<\/th>\n<th>75<br \/>\nConcentraci\u00f3n<\/th>\n<th>R<br \/>\naglutinante<\/th>\n<th>3.0<br \/>\nEspesor de la capa abrasiva<\/th>\n<\/tr>\n<tr>\n<td>D: Diamante natural<br \/>\nSD: Diamante sint\u00e9tico<\/td>\n<td>#60<br \/>\n#80<br \/>\n#100<br \/>\n#150<br \/>\n#200<br \/>\n#270<br \/>\n#325<br \/>\n#400<br \/>\n#600<\/td>\n<td>J \/ suave<br \/>\nL<br \/>\nN<br \/>\nP<br \/>\nR \/ duro<\/td>\n<td>25<br \/>\n50<br \/>\n75<br \/>\n100<br \/>\n125<br \/>\n150<\/td>\n<td>R: Aglutinante de resina<br \/>\nV: Aglutinante cer\u00e1mico<\/td>\n<td>1.0mm<br \/>\n1.5mm<br \/>\n2.0mm<br \/>\n3.0mm<br \/>\n5.0mm<br \/>\n10.0mm<\/td>\n<\/tr>\n<\/tbody>\n<\/table>\n<h2>Im\u00e1genes de muestra<\/h2>\n<p><a href=\"https:\/\/honwaygroup.com\/wp-content\/uploads\/2025\/04\/1A1.jpg\"><img fetchpriority=\"high\" decoding=\"async\" class=\"size-full wp-image-93178 aligncenter\" src=\"https:\/\/honwaygroup.com\/wp-content\/uploads\/2025\/04\/1A1.jpg\" alt=\"\" width=\"520\" height=\"198\"><\/a><\/p>\n<h2>Comparaci\u00f3n de especificaciones<\/h2>\n<h5>WH-BH7<\/h5>\n<p>Esta muela abrasiva posee excelentes propiedades de autoafilado, lo que permite un rectificado continuo sin necesidad de repasar, incluso en superficies grabadas dif\u00edciles de rectificar. El uso de aglomerante de alto rendimiento y el dise\u00f1o de la muela resultan en una baja resistencia al rectificado, una larga vida \u00fatil y una alta relaci\u00f3n de rectificado.<\/p>\n<p><a href=\"https:\/\/honwaygroup.com\/wp-content\/uploads\/2025\/04\/%E6%99%B6%E5%9C%93%E5%B9%B3%E9%9D%A2%E7%A3%A8%E5%89%8A%E7%94%A8%E7%A0%82%E8%BC%AA_%E5%B7%A5%E4%BD%9C%E5%8D%80%E5%9F%9F-1.avif\"><img decoding=\"async\" class=\"alignnone size-full wp-image-94841\" src=\"https:\/\/honwaygroup.com\/wp-content\/uploads\/2025\/04\/%E6%99%B6%E5%9C%93%E5%B9%B3%E9%9D%A2%E7%A3%A8%E5%89%8A%E7%94%A8%E7%A0%82%E8%BC%AA_%E5%B7%A5%E4%BD%9C%E5%8D%80%E5%9F%9F-1.avif\" alt=\"\" width=\"2480\" height=\"1525\"><\/a><\/p>\n<h5>WH-BH14<\/h5>\n<p>Esta muela de rectificado utiliza rellenos que reducen la resistencia al rectificado y una estructura porosa, lo que permite realizar operaciones de rectificado incluso con cargas extremadamente bajas. Minimiza el da\u00f1o a las obleas y logra una excelente calidad superficial.<\/p>\n<p><a href=\"https:\/\/honwaygroup.com\/wp-content\/uploads\/2025\/04\/%E6%99%B6%E5%9C%93%E5%B9%B3%E9%9D%A2%E7%A3%A8%E5%89%8A%E7%94%A8%E7%A0%82%E8%BC%AA_%E5%B7%A5%E4%BD%9C%E5%8D%80%E5%9F%9F-1-%E8%A4%87%E6%9C%AC.avif\"><img decoding=\"async\" class=\"alignnone size-full wp-image-94850\" src=\"https:\/\/honwaygroup.com\/wp-content\/uploads\/2025\/04\/%E6%99%B6%E5%9C%93%E5%B9%B3%E9%9D%A2%E7%A3%A8%E5%89%8A%E7%94%A8%E7%A0%82%E8%BC%AA_%E5%B7%A5%E4%BD%9C%E5%8D%80%E5%9F%9F-1-%E8%A4%87%E6%9C%AC.avif\" alt=\"\" width=\"2480\" height=\"1525\"><\/a><\/p>\n<h5>WH-VDW<\/h5>\n<p>Esta muela de desbaste distribuye uniformemente los finos granos abrasivos de diamante, eliminando el problema de rayado com\u00fan en los aglomerantes vitrificados. Gracias a la alta retenci\u00f3n del grano abrasivo de estos aglomerantes, se logra un acabado superficial de alta precisi\u00f3n con acabado espejo.<\/p>\n<p>Adem\u00e1s, esta muela abrasiva es una muela abrasiva multiporosa que puede suprimir el aumento de la resistencia al rectificado.<\/p>\n<p><a href=\"https:\/\/honwaygroup.com\/wp-content\/uploads\/2025\/04\/%E6%99%B6%E5%9C%93%E5%B9%B3%E9%9D%A2%E7%A3%A8%E5%89%8A%E7%94%A8%E7%A0%82%E8%BC%AA_%E5%B7%A5%E4%BD%9C%E5%8D%80%E5%9F%9F-1-%E8%A4%87%E6%9C%AC-2.avif\"><img loading=\"lazy\" decoding=\"async\" class=\"alignnone size-full wp-image-94859\" src=\"https:\/\/honwaygroup.com\/wp-content\/uploads\/2025\/04\/%E6%99%B6%E5%9C%93%E5%B9%B3%E9%9D%A2%E7%A3%A8%E5%89%8A%E7%94%A8%E7%A0%82%E8%BC%AA_%E5%B7%A5%E4%BD%9C%E5%8D%80%E5%9F%9F-1-%E8%A4%87%E6%9C%AC-2.avif\" alt=\"\" width=\"2480\" height=\"1525\"><\/a><\/p>\n<p><span style=\"font-size: 16px;\">\u00bfTienes preguntas? <\/span><a style=\"font-size: 16px; background-color: #ffffff;\" href=\"https:\/\/honwaygroup.com\/es\/contactar-con-honway\/\" target=\"_blank\" rel=\"nofollow noopener\">Contactar con Honway<\/a><\/p>\n","protected":false},"excerpt":{"rendered":"<ul>\n<li>Aplicable a una variedad de materiales de obleas para cumplir con diferentes requisitos de proceso.<\/li>\n<li>Tiene una alta tasa de eliminaci\u00f3n de material estable, acortando efectivamente el tiempo de procesamiento y mejorando la eficiencia de producci\u00f3n.<\/li>\n<li>El excelente dise\u00f1o de control de desgaste extiende la vida \u00fatil de la muela abrasiva.<\/li>\n<li>La baja resistencia al rectificado durante el proceso de rectificado ayuda a proteger el equipo y la pieza de trabajo y a estabilizar la calidad del procesamiento.<\/li>\n<li>Adecuado para la planarizaci\u00f3n y el adelgazamiento posterior de obleas de silicio.<\/li>\n<\/ul>\n<h5><span style=\"color: #ff0000;\"><strong>\u25b2Bienvenido al servicio de atenci\u00f3n al cliente por mensaje privado para consultas.<\/strong><\/span><\/h5>\n<h5><span style=\"color: #ff0000;\"><strong>\u25b2<\/strong><strong>Si necesita un tama\u00f1o personalizado, comun\u00edquese con el servicio de atenci\u00f3n al cliente.<\/strong><\/span><\/h5>\n<h5><span style=\"color: #ff0000;\"><strong>\u25b2 Los pedidos grandes pueden disfrutar de descuentos, comun\u00edquese con el servicio de atenci\u00f3n al cliente para realizar consultas.<br \/>\n<\/strong><\/span><\/h5>\n<h5><span style=\"color: #ff0000;\"><strong>\u25b2Comun\u00edquese con el servicio de atenci\u00f3n al cliente para conocer la fecha de entrega del pedido:<span style=\"color: #3366ff;\"><a style=\"color: #3366ff;\" href=\"https:\/\/honwaygroup.com\/es\/contactar-con-honway\/\">Contactar con Honway<\/a><\/span><\/strong><\/span><\/h5>\n","protected":false},"featured_media":122961,"template":"","meta":{"site-sidebar-layout":"default","site-content-layout":"","ast-site-content-layout":"default","site-content-style":"default","site-sidebar-style":"default","ast-global-header-display":"","ast-banner-title-visibility":"","ast-main-header-display":"","ast-hfb-above-header-display":"","ast-hfb-below-header-display":"","ast-hfb-mobile-header-display":"","site-post-title":"","ast-breadcrumbs-content":"","ast-featured-img":"","footer-sml-layout":"","ast-disable-related-posts":"","theme-transparent-header-meta":"default","adv-header-id-meta":"","stick-header-meta":"default","header-above-stick-meta":"","header-main-stick-meta":"","header-below-stick-meta":"","astra-migrate-meta-layouts":"default","ast-page-background-enabled":"default","ast-page-background-meta":{"desktop":{"background-color":"var(--ast-global-color-5)","background-image":"","background-repeat":"repeat","background-position":"center center","background-size":"auto","background-attachment":"scroll","background-type":"","background-media":"","overlay-type":"","overlay-color":"","overlay-opacity":"","overlay-gradient":""},"tablet":{"background-color":"","background-image":"","background-repeat":"repeat","background-position":"center center","background-size":"auto","background-attachment":"scroll","background-type":"","background-media":"","overlay-type":"","overlay-color":"","overlay-opacity":"","overlay-gradient":""},"mobile":{"background-color":"","background-image":"","background-repeat":"repeat","background-position":"center center","background-size":"auto","background-attachment":"scroll","background-type":"","background-media":"","overlay-type":"","overlay-color":"","overlay-opacity":"","overlay-gradient":""}},"ast-content-background-meta":{"desktop":{"background-color":"var(--ast-global-color-4)","background-image":"","background-repeat":"repeat","background-position":"center center","background-size":"auto","background-attachment":"scroll","background-type":"","background-media":"","overlay-type":"","overlay-color":"","overlay-opacity":"","overlay-gradient":""},"tablet":{"background-color":"var(--ast-global-color-4)","background-image":"","background-repeat":"repeat","background-position":"center center","background-size":"auto","background-attachment":"scroll","background-type":"","background-media":"","overlay-type":"","overlay-color":"","overlay-opacity":"","overlay-gradient":""},"mobile":{"background-color":"var(--ast-global-color-4)","background-image":"","background-repeat":"repeat","background-position":"center center","background-size":"auto","background-attachment":"scroll","background-type":"","background-media":"","overlay-type":"","overlay-color":"","overlay-opacity":"","overlay-gradient":""}}},"product_brand":[],"product_cat":[10399],"product_tag":[10402,10401,10400],"class_list":{"0":"post-122955","1":"product","2":"type-product","3":"status-publish","4":"has-post-thumbnail","6":"product_cat-semiconductor-es","7":"product_tag-muela-abrasiva","8":"product_tag-muelas-abrasivas-para-rectificado-de-superficies-de-obleas","9":"product_tag-semiconductor-es","10":"desktop-align-left","11":"tablet-align-left","12":"mobile-align-left","13":"ast-product-gallery-layout-horizontal-slider","14":"ast-product-tabs-layout-horizontal","16":"first","17":"instock","18":"taxable","19":"shipping-taxable","20":"product-type-simple"},"_links":{"self":[{"href":"https:\/\/honwaygroup.com\/es\/wp-json\/wp\/v2\/product\/122955","targetHints":{"allow":["GET"]}}],"collection":[{"href":"https:\/\/honwaygroup.com\/es\/wp-json\/wp\/v2\/product"}],"about":[{"href":"https:\/\/honwaygroup.com\/es\/wp-json\/wp\/v2\/types\/product"}],"version-history":[{"count":0,"href":"https:\/\/honwaygroup.com\/es\/wp-json\/wp\/v2\/product\/122955\/revisions"}],"wp:featuredmedia":[{"embeddable":true,"href":"https:\/\/honwaygroup.com\/es\/wp-json\/wp\/v2\/media\/122961"}],"wp:attachment":[{"href":"https:\/\/honwaygroup.com\/es\/wp-json\/wp\/v2\/media?parent=122955"}],"wp:term":[{"taxonomy":"product_brand","embeddable":true,"href":"https:\/\/honwaygroup.com\/es\/wp-json\/wp\/v2\/product_brand?post=122955"},{"taxonomy":"product_cat","embeddable":true,"href":"https:\/\/honwaygroup.com\/es\/wp-json\/wp\/v2\/product_cat?post=122955"},{"taxonomy":"product_tag","embeddable":true,"href":"https:\/\/honwaygroup.com\/es\/wp-json\/wp\/v2\/product_tag?post=122955"}],"curies":[{"name":"wp","href":"https:\/\/api.w.org\/{rel}","templated":true}]}}