{"id":124052,"date":"2019-10-23T17:20:52","date_gmt":"2019-10-23T09:20:52","guid":{"rendered":"https:\/\/honwaygroup.com\/descargar-archivo\/"},"modified":"2019-10-23T17:20:52","modified_gmt":"2019-10-23T09:20:52","slug":"descargar-archivo","status":"publish","type":"page","link":"https:\/\/honwaygroup.com\/es\/descargar-archivo\/","title":{"rendered":"Descargar archivo"},"content":{"rendered":"<p><strong>&nbsp;Haga clic aqu\u00ed para descargar el cat\u00e1logo completo de herramientas de diamante: <a title=\"Cat\u00e1logo de herramientas de diamante\" href=\"https:\/\/honwaygroup.comdmhonwaydm.pdf\" target=\"_blank\" rel=\"noopener noreferrer\">Haga clic aqu\u00ed<\/a><\/strong><\/p>\n<p><strong>&nbsp;Haga clic aqu\u00ed para descargar el Cat\u00e1logo de Pinceles de Diamante: <a title=\"Cepillo de cerdas de diamante Honway\" href=\"https:\/\/honwaygroup.comdmdiamondbrush.pdf\" target=\"_blank\" rel=\"noopener noreferrer\">Haga clic aqu\u00ed<\/a><\/strong><\/p>\n<p><strong>&nbsp;O haga clic aqu\u00ed para ver el cat\u00e1logo en l\u00ednea: <a href=\"https:\/\/honwaygroup.com\/?product_cat=%E9%91%BD%E7%9F%B3%E5%B7%A5%E5%85%B7u0026amp;v=3d9975706be3\" target=\"_blank\" rel=\"noopener noreferrer\">Haga clic aqu\u00ed<\/a><\/strong><\/p>\n","protected":false},"excerpt":{"rendered":"<p>&nbsp;Haga clic aqu\u00ed para descargar el cat\u00e1logo completo de herramientas de diamante: Haga clic aqu\u00ed &nbsp;Haga clic aqu\u00ed para descargar [&hellip;]<\/p>\n","protected":false},"author":1,"featured_media":0,"parent":0,"menu_order":0,"comment_status":"closed","ping_status":"closed","template":"","meta":{"site-sidebar-layout":"default","site-content-layout":"default","ast-site-content-layout":"default","site-content-style":"default","site-sidebar-style":"default","ast-global-header-display":"","ast-banner-title-visibility":"","ast-main-header-display":"","ast-hfb-above-header-display":"","ast-hfb-below-header-display":"","ast-hfb-mobile-header-display":"","site-post-title":"","ast-breadcrumbs-content":"","ast-featured-img":"","footer-sml-layout":"","ast-disable-related-posts":"","theme-transparent-header-meta":"default","adv-header-id-meta":"","stick-header-meta":"default","header-above-stick-meta":"","header-main-stick-meta":"","header-below-stick-meta":"","astra-migrate-meta-layouts":"default","ast-page-background-enabled":"default","ast-page-background-meta":{"desktop":{"background-color":"var(--ast-global-color-5)","background-image":"","background-repeat":"repeat","background-position":"center center","background-size":"auto","background-attachment":"scroll","background-type":"","background-media":"","overlay-type":"","overlay-color":"","overlay-opacity":"","overlay-gradient":""},"tablet":{"background-color":"","background-image":"","background-repeat":"repeat","background-position":"center center","background-size":"auto","background-attachment":"scroll","background-type":"","background-media":"","overlay-type":"","overlay-color":"","overlay-opacity":"","overlay-gradient":""},"mobile":{"background-color":"","background-image":"","background-repeat":"repeat","background-position":"center center","background-size":"auto","background-attachment":"scroll","background-type":"","background-media":"","overlay-type":"","overlay-color":"","overlay-opacity":"","overlay-gradient":""}},"ast-content-background-meta":{"desktop":{"background-color":"var(--ast-global-color-4)","background-image":"","background-repeat":"repeat","background-position":"center center","background-size":"auto","background-attachment":"scroll","background-type":"","background-media":"","overlay-type":"","overlay-color":"","overlay-opacity":"","overlay-gradient":""},"tablet":{"background-color":"var(--ast-global-color-4)","background-image":"","background-repeat":"repeat","background-position":"center center","background-size":"auto","background-attachment":"scroll","background-type":"","background-media":"","overlay-type":"","overlay-color":"","overlay-opacity":"","overlay-gradient":""},"mobile":{"background-color":"var(--ast-global-color-4)","background-image":"","background-repeat":"repeat","background-position":"center center","background-size":"auto","background-attachment":"scroll","background-type":"","background-media":"","overlay-type":"","overlay-color":"","overlay-opacity":"","overlay-gradient":""}},"footnotes":""},"class_list":["post-124052","page","type-page","status-publish","hentry"],"_links":{"self":[{"href":"https:\/\/honwaygroup.com\/es\/wp-json\/wp\/v2\/pages\/124052","targetHints":{"allow":["GET"]}}],"collection":[{"href":"https:\/\/honwaygroup.com\/es\/wp-json\/wp\/v2\/pages"}],"about":[{"href":"https:\/\/honwaygroup.com\/es\/wp-json\/wp\/v2\/types\/page"}],"author":[{"embeddable":true,"href":"https:\/\/honwaygroup.com\/es\/wp-json\/wp\/v2\/users\/1"}],"replies":[{"embeddable":true,"href":"https:\/\/honwaygroup.com\/es\/wp-json\/wp\/v2\/comments?post=124052"}],"version-history":[{"count":0,"href":"https:\/\/honwaygroup.com\/es\/wp-json\/wp\/v2\/pages\/124052\/revisions"}],"wp:attachment":[{"href":"https:\/\/honwaygroup.com\/es\/wp-json\/wp\/v2\/media?parent=124052"}],"curies":[{"name":"wp","href":"https:\/\/api.w.org\/{rel}","templated":true}]}}