{"id":124029,"date":"2015-11-26T01:02:46","date_gmt":"2015-11-25T17:02:46","guid":{"rendered":"https:\/\/honwaygroup.com\/beneficios-del-registro-de-miembros\/"},"modified":"2015-11-26T01:02:46","modified_gmt":"2015-11-25T17:02:46","slug":"beneficios-del-registro-de-miembros","status":"publish","type":"page","link":"https:\/\/honwaygroup.com\/es\/beneficios-del-registro-de-miembros\/","title":{"rendered":"Beneficios del registro de miembros"},"content":{"rendered":"<p>Condiciones de membres\u00eda<\/p>\n<p>Le damos la bienvenida al sitio web de Honway Industrial. Para proteger sus derechos y permitirle utilizar los servicios de nuestro sitio web, as\u00ed como para acceder a los precios m\u00e1s recientes, le pedimos que lea detenidamente el contenido de estos T\u00e9rminos de Membres\u00eda antes de registrarse y de utilizar cualquiera de nuestros servicios en l\u00ednea.<br \/>Al hacer clic en el bot\u00f3n \u00abAcepto\u00bb, confirma que ha le\u00eddo y comprendido completamente estos T\u00e9rminos de Membres\u00eda, y que acepta cumplir con las siguientes normas:<\/p>\n<p><strong>= <\/strong><strong>Autorizaci\u00f3n de miembros<\/strong><strong> =<\/strong><\/p>\n<p>Cuando usted solicite una membres\u00eda en l\u00ednea a trav\u00e9s del sitio web de Honway Industrial o por cualquier otro medio, Honway Industrial se reserva el derecho de revisar la informaci\u00f3n del solicitante y de determinar si se aprueba o no la membres\u00eda.<\/p>\n<p><strong>= <\/strong><strong>Cumplir con la normativa de afiliaci\u00f3n y las disposiciones legales<\/strong><strong> =<\/strong><\/p>\n<p>Una vez que se haya registrado como miembro, podr\u00e1 utilizar los servicios relacionados con el sitio web de Honway Industrial, lo que incluye la b\u00fasqueda de los precios m\u00e1s recientes, compras en l\u00ednea y otros servicios generales para miembros.<br \/>Al utilizar los servicios del sitio web de Honway Industrial, se considerar\u00e1 que usted acepta y se compromete a cumplir con estos T\u00e9rminos de Membres\u00eda y todos los avisos relacionados, as\u00ed como con las leyes de la Rep\u00fablica de China o las leyes locales.<\/p>\n<p><strong>= <\/strong><strong>Servicios de Internet<\/strong><strong> =<\/strong><\/p>\n<p>El sitio web de Honway Industrial le proporciona diversos servicios de informaci\u00f3n en l\u00ednea a trav\u00e9s de Internet. Usted es responsable de tener el equipo inform\u00e1tico necesario para acceder a la red y de asumir todos los costos relacionados con su conexi\u00f3n.<\/p>\n<p><strong>= <\/strong><strong>Obligaci\u00f3n de iniciar sesi\u00f3n<\/strong><strong> =<\/strong><\/p>\n<p>Con base en los servicios que ofrece el sitio web de Honway Industrial, usted acepta proporcionar, al registrarse, informaci\u00f3n personal completa, detallada y veraz.<br \/>Si la informaci\u00f3n que ha registrado cambia, debe actualizarla en l\u00ednea en cualquier momento. Si sus derechos como miembro se ven perjudicados debido a la falta de actualizaci\u00f3n, usted ser\u00e1 el \u00fanico responsable, y el sitio web de Honway Industrial no asumir\u00e1 ninguna responsabilidad. En caso de registrar informaci\u00f3n falsa o de suplantar la identidad de otra persona, usted asumir\u00e1 la responsabilidad legal.<\/p>\n<p>La informaci\u00f3n personal que usted proporcione no debe ser falsa, ni estar desactualizada. Tampoco debe inducir a error a terceros.<br \/>Si se presenta alguna de estas situaciones, el sitio web de Honway Industrial se reserva el derecho de terminar su membres\u00eda y su acceso a los servicios en cualquier momento.<\/p>\n<p>Si la informaci\u00f3n personal que usted proporciona viola o socava los prop\u00f3sitos de servicio del sitio web de Honway Industrial, el sitio web se reserva el derecho de terminar su membres\u00eda y su derecho a utilizar todos los servicios en cualquier momento.<\/p>\n<p><strong>= <\/strong><strong>Modificaci\u00f3n de las condiciones de membres\u00eda<\/strong><strong> =<\/strong><\/p>\n<p>El sitio web de Honway Industrial se reserva el derecho de modificar estos T\u00e9rminos de Membres\u00eda en cualquier momento. Los T\u00e9rminos de Membres\u00eda revisados se publicar\u00e1n en las p\u00e1ginas pertinentes del sitio web de Honway Industrial y entrar\u00e1n en vigor inmediatamente a partir de la fecha de su publicaci\u00f3n, sin necesidad de notificaci\u00f3n individual.<br \/>Se le recomienda prestar atenci\u00f3n a dichas modificaciones o cambios en todo momento. Al continuar utilizando el sitio web de Honway Industrial y sus servicios relacionados despu\u00e9s de cualquier modificaci\u00f3n o cambio en los T\u00e9rminos de Membres\u00eda, se considerar\u00e1 que usted ha le\u00eddo, comprendido y aceptado dichos cambios.<br \/>Si no est\u00e1 de acuerdo con el contenido de estos T\u00e9rminos, o si su pa\u00eds o regi\u00f3n excluye la totalidad o parte de este acuerdo, debe dejar de utilizar el sitio web de Honway Industrial y sus servicios relacionados de inmediato.<\/p>\n<p><strong>= <\/strong><strong>Suspensi\u00f3n y modificaci\u00f3n del servicio<\/strong><strong> =<\/strong><\/p>\n<p>El sitio web de Honway Industrial se reserva el derecho de suspender, a\u00f1adir, eliminar o modificar el contenido de cualquiera de los servicios, o de terminar la cuenta de cualquier miembro en cualquier momento y sin previo aviso.<br \/>Bajo ninguna circunstancia, el sitio web de Honway Industrial ser\u00e1 responsable de ninguna compensaci\u00f3n o indemnizaci\u00f3n hacia usted o terceros por las molestias, inconvenientes o da\u00f1os que puedan surgir de la suspensi\u00f3n, modificaci\u00f3n o terminaci\u00f3n de los servicios.<\/p>\n<p><strong>= <\/strong><strong>Detener o interrumpir la prestaci\u00f3n de servicios<\/strong><strong> =<\/strong><\/p>\n<p>Cuando ocurra alguna de las siguientes situaciones, el sitio web de Honway Industrial tendr\u00e1 derecho a suspender o interrumpir la prestaci\u00f3n de sus servicios. Honway Industrial no asumir\u00e1 ninguna responsabilidad ante usted o terceros por las molestias, inconvenientes o da\u00f1os que esto pueda ocasionar:<\/p>\n<p>Cuando se produzca un fallo repentino en los equipos de comunicaci\u00f3n electr\u00f3nica; cuando se realicen los mantenimientos y trabajos de construcci\u00f3n necesarios en los equipos de comunicaci\u00f3n electr\u00f3nica; cuando los servicios de comunicaci\u00f3n electr\u00f3nica solicitados por el sitio web de Honway Industrial se suspendan por cualquier motivo; cuando no se puedan prestar los servicios debido a causas de fuerza mayor, como desastres naturales; o en situaciones de emergencia para proteger la seguridad personal de otros miembros o de terceros.<\/p>\n<p><strong>= <\/strong><strong>Limitaci\u00f3n de responsabilidad<\/strong><strong> =<\/strong><\/p>\n<p>Usted debe entender y aceptar que el sitio web de Honway Industrial puede, de forma total o parcial, interrumpirse, dejar de estar disponible temporalmente, sufrir retrasos, causar errores en la transmisi\u00f3n o el almacenamiento de datos, o ser v\u00edctima de intrusiones de terceros que alteren o falsifiquen los datos. Esto podr\u00eda ocurrir debido a fallos o aver\u00edas en los sistemas de red y los equipos de hardware y software de la empresa, de otros colaboradores o de los operadores de telecomunicaciones, o por errores humanos en la operaci\u00f3n.<br \/>En tales circunstancias, usted no tendr\u00e1 derecho a exigir ninguna compensaci\u00f3n o indemnizaci\u00f3n.<\/p>\n<p><strong>= <\/strong><strong>Obligaciones de custodia y notificaci\u00f3n<\/strong><strong> =<\/strong><\/p>\n<p>Usted tiene la obligaci\u00f3n de custodiar de forma segura su cuenta y contrase\u00f1a en el sitio web de Honway Industrial, y es responsable de todas las acciones realizadas al iniciar sesi\u00f3n con ellas. Para proteger sus derechos, no debe divulgar ni proporcionar su cuenta y contrase\u00f1a a terceros, ni prestarlas o transferirlas para su uso.<br \/>Si descubre que su cuenta o contrase\u00f1a est\u00e1 siendo utilizada de forma ilegal o que hay alguna situaci\u00f3n que comprometa la seguridad, debe notificarlo de inmediato al sitio web de Honway Industrial. En caso de que la falta de notificaci\u00f3n oportuna al sitio web de Honway Industrial impida una prevenci\u00f3n o reparaci\u00f3n efectiva, usted ser\u00e1 el \u00fanico responsable.<br \/>Sin embargo, si su cuenta o contrase\u00f1a se utilizan de forma ilegal debido a su propia negligencia en la custodia, el sitio web de Honway Industrial no se har\u00e1 responsable.<\/p>\n<p><strong>= <\/strong><strong>Toma de riesgos<\/strong><strong> =<\/strong><\/p>\n<p>Usted acepta que el uso de los servicios del sitio web de Honway Industrial se basa en su propia voluntad y que, por lo tanto, asume todos los riesgos. Estos riesgos incluyen los da\u00f1os a su sistema inform\u00e1tico o la p\u00e9rdida de datos que puedan resultar de la descarga de informaci\u00f3n o im\u00e1genes, o de los datos obtenidos a trav\u00e9s de los servicios del sitio web.<\/p>\n<p><strong>= <\/strong><strong>Asuntos de consentimiento especial<\/strong><strong> =<\/strong><\/p>\n<p>Usted acepta no utilizar bajo ninguna circunstancia los servicios del sitio web de Honway Industrial para da\u00f1ar, perjudicar o atacar a los empleados, consultores, empresas afiliadas, anunciantes y colaboradores pertinentes de Honway Industrial.<\/p>\n<p><strong>= <\/strong><strong>Datos personales<\/strong><strong> =<\/strong><\/p>\n<p>En cuanto a la informaci\u00f3n personal que usted ha registrado o proporcionado, y salvo en los siguientes casos, el sitio web de Honway Industrial se compromete a no divulgar su nombre, direcci\u00f3n, correo electr\u00f3nico ni ninguna otra informaci\u00f3n personal protegida por la ley sin el consentimiento previo del miembro:<\/p>\n<p>Basado en requisitos legales; en respuesta a solicitudes de autoridades judiciales u otras autoridades competentes basadas en procedimientos legales; para proteger la propiedad y los derechos de Honway Industrial; para salvaguardar la seguridad personal de otros miembros o terceros en una emergencia; para mantener el funcionamiento normal y la seguridad del sistema del sitio web de Honway Industrial; y basado en consideraciones tecnol\u00f3gicas y de servicio del sitio web de Honway Industrial.<\/p>\n<p>Si un miembro incumple estos T\u00e9rminos de Membres\u00eda y el sitio web de Honway Industrial tiene una sospecha razonable de que ha ocurrido un acto il\u00edcito, el sitio web de Honway Industrial puede, por iniciativa propia, proporcionar la informaci\u00f3n pertinente del miembro a las autoridades de investigaci\u00f3n, policiales y judiciales para que sea investigada y procesada.<\/p>\n<p><strong>= <\/strong><strong>Exenci\u00f3n de responsabilidad por garant\u00eda<\/strong><strong> =<\/strong><\/p>\n<p>El sitio web de Honway Industrial no asume ninguna responsabilidad de garant\u00eda, ni expresa ni impl\u00edcita, por sus servicios. El sitio web de Honway Industrial no garantiza que los servicios sean estables, seguros, sin errores ni ininterrumpidos.<br \/>Usted debe asumir todos los riesgos y cualquier da\u00f1o que pueda resultar del uso de los servicios del sitio web de Honway Industrial.<\/p>\n<p>Usted entiende que el sitio web de Honway Industrial publica anuncios comerciales y promociones de diversos productos. Dicho contenido es responsabilidad de los anunciantes o proveedores de productos y servicios, y el sitio web de Honway Industrial solo sirve como medio para su publicaci\u00f3n.<br \/>En cuanto a los productos vendidos a trav\u00e9s del sitio web, Honway Industrial no asume ninguna responsabilidad de garant\u00eda por el proceso de la transacci\u00f3n ni por el producto en s\u00ed mismo. Usted comprende que la calidad, la garant\u00eda y el servicio posventa de los productos o servicios que adquiera a trav\u00e9s del sitio web de Honway Industrial son responsabilidad exclusiva del proveedor. Cualquier defecto o responsabilidad de garant\u00eda es ajeno al sitio web de Honway Industrial.<\/p>\n<p><strong>= <\/strong><strong>Limitaci\u00f3n de responsabilidad<\/strong><strong> =<\/strong><\/p>\n<p>Honway Industrial no asume ninguna responsabilidad de indemnizaci\u00f3n por los da\u00f1os, p\u00e9rdidas o gastos, ya sean directos, indirectos, consecuenciales o especiales, que surjan del uso o de la incapacidad de usar los servicios de su sitio web.<br \/>No obstante, si los servicios del sitio web de Honway Industrial que usted utiliza tienen un precio en efectivo, el sitio web solo ser\u00e1 responsable de la indemnizaci\u00f3n dentro del alcance del precio en efectivo que usted haya pagado.<\/p>\n<p>La limitaci\u00f3n de responsabilidad anterior no se aplicar\u00e1 si no puede limitarse seg\u00fan la ley.<\/p>\n<p><strong>= <\/strong><strong>Derechos de propiedad intelectual<\/strong><strong> =<\/strong><\/p>\n<p>Todos los trabajos y datos en el sitio web de Honway Industrial, incluidos los derechos de autor, patentes, marcas registradas, secretos comerciales y otros derechos de propiedad intelectual o de propiedad, pertenecen a Honway Industrial o a sus respectivos titulares de derechos.<br \/>A menos que haya obtenido la autorizaci\u00f3n legal previa del sitio web de Honway Industrial o de sus titulares de derechos, usted no puede, de forma no autorizada, reproducir, distribuir,ir, adaptar, editar, alquilar, vender o utilizar dichos materiales para ning\u00fan fin. De lo contrario, asumir\u00e1 todas las responsabilidades legales.<\/p>\n<p>El contenido y el software del sitio web de Honway Industrial son propiedad intelectual de la compa\u00f1\u00eda. Sin la autorizaci\u00f3n de Honway, no est\u00e1 permitido copiar, realizar ingenier\u00eda inversa, descompilar ni desensamblar ninguna de las funciones o programas.<br \/>El sitio web de Honway Industrial solo le permite utilizar los servicios para los que se requiere membres\u00eda a trav\u00e9s de una cuenta. Si accede al sistema del sitio web de Honway Industrial de cualquier otra manera, la compa\u00f1\u00eda se reserva el derecho de tomar acciones legales contra dicha persona.<\/p>\n<p><strong>= <\/strong><strong>enlace<\/strong><strong> =<\/strong><\/p>\n<p>Todos los enlaces proporcionados por Honway Industrial en el sitio web o en todas las p\u00e1ginas relacionadas con los servicios pueden dirigir a sitios web de otras personas, empresas u organizaciones. El prop\u00f3sito de proporcionar dichos enlaces es \u00fanicamente facilitar la recopilaci\u00f3n o adquisici\u00f3n de informaci\u00f3n por su cuenta.<br \/>El sitio web de Honway Industrial no garantiza la autenticidad, integridad, actualidad ni credibilidad de los productos, servicios o informaci\u00f3n proporcionados en los sitios web de dichas personas, empresas u organizaciones enlazadas. Estas personas, empresas u organizaciones tampoco establecen autom\u00e1ticamente ninguna relaci\u00f3n laboral, de nombramiento, de agencia, de asociaci\u00f3n ni similar con Honway Industrial.<\/p>\n<p><strong>= <\/strong><strong>Obligaciones y responsabilidades de los miembros<\/strong><strong> =<\/strong><\/p>\n<p>Usted asume la total responsabilidad por todo el contenido que transmita a los sitios web relacionados con Honway Industrial.<\/p>\n<p>Usted se compromete a cumplir con las leyes pertinentes de la Rep\u00fablica de China y con todas las normas y pr\u00e1cticas internacionales de Internet. Si utiliza un sitio web de Honway Industrial fuera de la regi\u00f3n de Taiw\u00e1n, acepta cumplir con las leyes y pr\u00e1cticas de Internet locales de dicho sitio web. <\/p>\n<p>Usted se compromete a no da\u00f1ar ni interferir, de ninguna manera, con los datos y funciones del sitio web de Honway Industrial. Adem\u00e1s, se compromete a no intentar ni llevar a cabo la invasi\u00f3n o el da\u00f1o de ning\u00fan sistema en la red.<br \/>De lo contrario, ser\u00e1 perseguido por la ley.<\/p>\n<p>Usted acepta y garantiza no publicar ni transmitir ning\u00fan texto, imagen o archivo de ning\u00fan tipo que sea difamatorio, falso, amenazante, indecente, obsceno, ilegal, ofensivo, calumnioso o que infrinja los derechos de propiedad intelectual de terceros en cualquiera de los sitios web de Hongwei Industrial.<\/p>\n<p>Usted acepta no realizar actos de publicidad o de venta de productos en los sitios web relacionados de Honway Industrial.<\/p>\n<p>Usted acepta abstenerse de discutir asuntos privados en \u00e1reas de discusi\u00f3n p\u00fablicas y respetar los derechos y la privacidad de otros al publicar art\u00edculos.<\/p>\n<p>Usted acepta respetar plenamente los derechos de autor y abstenerse de publicar textos, im\u00e1genes o cualquier forma de archivos que infrinjan los derechos de propiedad intelectual de terceros.<\/p>\n<p><strong>= <\/strong><strong>Prohibici\u00f3n de realizar actividades que violen la ley<\/strong><strong> =<\/strong><\/p>\n<p>El sitio web de Honway Industrial tiene la autoridad para tomar la decisi\u00f3n final sobre si su comportamiento cumple con estos T\u00e9rminos de Membres\u00eda. Si el sitio web de Honway Industrial determina que su comportamiento viola estos T\u00e9rminos o cualquier ley, usted acepta que la compa\u00f1\u00eda puede, en cualquier momento, suspender o eliminar su cuenta, y tambi\u00e9n suspender su uso de los servicios del sitio web.<br \/>Si usted viola las disposiciones legales, deber\u00e1 asumir toda la responsabilidad.<\/p>\n<p><strong>= <\/strong><strong>Da\u00f1os y perjuicios<\/strong><strong> =<\/strong><\/p>\n<p>Si usted viola las leyes pertinentes o incumple cualquiera de los t\u00e9rminos de estos T\u00e9rminos de Membres\u00eda, y como resultado Honway Industrial o sus empresas afiliadas, empleados, fideicomisarios, agentes y otros auxiliares de cumplimiento relevantes sufren da\u00f1os o incurren en gastos (incluyendo, entre otros, los honorarios de abogados incurridos en procedimientos civiles, penales y administrativos), usted deber\u00e1 asumir la responsabilidad por los da\u00f1os o reembolsar dichos gastos.<\/p>\n<p><strong>= <\/strong><strong>Validez de cl\u00e1usulas individuales<\/strong><strong> =<\/strong><\/p>\n<p>Si la totalidad o parte de estos T\u00e9rminos de Membres\u00eda son inv\u00e1lidos, la validez de los dem\u00e1s t\u00e9rminos no se ver\u00e1 afectada.<\/p>\n<p><strong>= <\/strong><strong>Ley aplicable y tribunal jurisdiccional<\/strong><strong> =<\/strong><\/p>\n<p>La interpretaci\u00f3n y aplicaci\u00f3n de estos T\u00e9rminos de Membres\u00eda, as\u00ed como los derechos y obligaciones que surjan entre usted y Honway Industrial a trav\u00e9s del uso de los servicios del sitio web de Honway Industrial, se regir\u00e1n por las leyes de la Rep\u00fablica de China. En caso de litigio o disputa, usted acepta que el Tribunal de Distrito de Kaohsiung ser\u00e1 el tribunal de primera instancia.<\/p>\n<p style=\"text-align: center;\"><strong><a href=\"https:\/\/honwaygroup.com\/es\/sistema-de-membresia\/\">Estoy de acuerdo, quiero registrarme como miembro<\/a><\/strong><\/p>\n","protected":false},"excerpt":{"rendered":"<p>Condiciones de membres\u00eda Le damos la bienvenida al sitio web de Honway Industrial. Para proteger sus derechos y permitirle utilizar [&hellip;]<\/p>\n","protected":false},"author":1,"featured_media":0,"parent":0,"menu_order":0,"comment_status":"closed","ping_status":"closed","template":"","meta":{"site-sidebar-layout":"default","site-content-layout":"default","ast-site-content-layout":"default","site-content-style":"default","site-sidebar-style":"default","ast-global-header-display":"","ast-banner-title-visibility":"","ast-main-header-display":"","ast-hfb-above-header-display":"","ast-hfb-below-header-display":"","ast-hfb-mobile-header-display":"","site-post-title":"","ast-breadcrumbs-content":"","ast-featured-img":"","footer-sml-layout":"","ast-disable-related-posts":"","theme-transparent-header-meta":"default","adv-header-id-meta":"","stick-header-meta":"default","header-above-stick-meta":"","header-main-stick-meta":"","header-below-stick-meta":"","astra-migrate-meta-layouts":"default","ast-page-background-enabled":"default","ast-page-background-meta":{"desktop":{"background-color":"var(--ast-global-color-5)","background-image":"","background-repeat":"repeat","background-position":"center center","background-size":"auto","background-attachment":"scroll","background-type":"","background-media":"","overlay-type":"","overlay-color":"","overlay-opacity":"","overlay-gradient":""},"tablet":{"background-color":"","background-image":"","background-repeat":"repeat","background-position":"center center","background-size":"auto","background-attachment":"scroll","background-type":"","background-media":"","overlay-type":"","overlay-color":"","overlay-opacity":"","overlay-gradient":""},"mobile":{"background-color":"","background-image":"","background-repeat":"repeat","background-position":"center center","background-size":"auto","background-attachment":"scroll","background-type":"","background-media":"","overlay-type":"","overlay-color":"","overlay-opacity":"","overlay-gradient":""}},"ast-content-background-meta":{"desktop":{"background-color":"var(--ast-global-color-4)","background-image":"","background-repeat":"repeat","background-position":"center center","background-size":"auto","background-attachment":"scroll","background-type":"","background-media":"","overlay-type":"","overlay-color":"","overlay-opacity":"","overlay-gradient":""},"tablet":{"background-color":"var(--ast-global-color-4)","background-image":"","background-repeat":"repeat","background-position":"center center","background-size":"auto","background-attachment":"scroll","background-type":"","background-media":"","overlay-type":"","overlay-color":"","overlay-opacity":"","overlay-gradient":""},"mobile":{"background-color":"var(--ast-global-color-4)","background-image":"","background-repeat":"repeat","background-position":"center center","background-size":"auto","background-attachment":"scroll","background-type":"","background-media":"","overlay-type":"","overlay-color":"","overlay-opacity":"","overlay-gradient":""}},"footnotes":""},"class_list":["post-124029","page","type-page","status-publish","hentry"],"_links":{"self":[{"href":"https:\/\/honwaygroup.com\/es\/wp-json\/wp\/v2\/pages\/124029","targetHints":{"allow":["GET"]}}],"collection":[{"href":"https:\/\/honwaygroup.com\/es\/wp-json\/wp\/v2\/pages"}],"about":[{"href":"https:\/\/honwaygroup.com\/es\/wp-json\/wp\/v2\/types\/page"}],"author":[{"embeddable":true,"href":"https:\/\/honwaygroup.com\/es\/wp-json\/wp\/v2\/users\/1"}],"replies":[{"embeddable":true,"href":"https:\/\/honwaygroup.com\/es\/wp-json\/wp\/v2\/comments?post=124029"}],"version-history":[{"count":0,"href":"https:\/\/honwaygroup.com\/es\/wp-json\/wp\/v2\/pages\/124029\/revisions"}],"wp:attachment":[{"href":"https:\/\/honwaygroup.com\/es\/wp-json\/wp\/v2\/media?parent=124029"}],"curies":[{"name":"wp","href":"https:\/\/api.w.org\/{rel}","templated":true}]}}