{"id":123922,"date":"2015-12-11T08:13:18","date_gmt":"2015-12-11T00:13:18","guid":{"rendered":"https:\/\/honwaygroup.com\/investigacion-y-desarrollo-de-tecnologia-y-procesamiento-de-clientes\/"},"modified":"2015-12-11T08:13:18","modified_gmt":"2015-12-11T00:13:18","slug":"investigacion-y-desarrollo-de-tecnologia-y-procesamiento-de-clientes","status":"publish","type":"page","link":"https:\/\/honwaygroup.com\/es\/investigacion-y-desarrollo-de-tecnologia-y-procesamiento-de-clientes\/","title":{"rendered":"Investigaci\u00f3n y desarrollo de tecnolog\u00eda y procesamiento de clientes"},"content":{"rendered":"<p>Aprovechando su madura y profesional tecnolog\u00eda de producci\u00f3n, as\u00ed como su r\u00e1pida respuesta a las tendencias del mercado, Honway Industrial sigue una estrategia de expansi\u00f3n global desde su base en Taiw\u00e1n.<br \/>La empresa se enfoca en desarrollar productos diversificados, de calidad superior y con tecnolog\u00eda l\u00edder a nivel mundial. Para ello, ha establecido equipos de I+D dedicados a mejorar los procesos y a desarrollar productos seg\u00fan las necesidades de los clientes en cada mercado. Honway Industrial tambi\u00e9n colabora estrechamente con sus clientes para codesarrollar productos que cumplan con las demandas del mercado futuro, lo que le permite mantener una alta competitividad.<\/p>\n<table border=\"0\" cellspacing=\"0\" cellpadding=\"5\">\n<tbody>\n<tr>\n<td><strong>Contenido del servicio<\/strong><\/td>\n<\/tr>\n<\/tbody>\n<\/table>\n<ul>\n<li>Abarca experiencia profesional y t\u00e9cnica en innovaci\u00f3n, investigaci\u00f3n y desarrollo, educaci\u00f3n y capacitaci\u00f3n, adquisiciones, fabricaci\u00f3n, procesamiento, mejora de procesos, transferencia, transporte, servicio, reciclaje y eliminaci\u00f3n.<\/li>\n<li>Procesamiento de m\u00e1quinas de molienda\/lavadoras<\/li>\n<li>Diversas transferencias de tecnolog\u00eda relacionadas<\/li>\n<li>M\u00e1quinas de CVD, PVECVD<\/li>\n<li>Transferencia de tecnolog\u00eda de sistemas de carbonizaci\u00f3n y crecimiento de cristales de m\u00e1quinas PVT<\/li>\n<li>Evaluaci\u00f3n de costos<\/li>\n<li>Desarrollo de tecnolog\u00eda de procesos<\/li>\n<li>Producci\u00f3n de tecnolog\u00eda de planta completa y transferencia de tecnolog\u00eda<\/li>\n<li>Mejorar los productos procesados: reducir la tasa de defectos y aumentar la tasa de rendimiento<\/li>\n<\/ul>\n","protected":false},"excerpt":{"rendered":"<p>Aprovechando su madura y profesional tecnolog\u00eda de producci\u00f3n, as\u00ed como su r\u00e1pida respuesta a las tendencias del mercado, Honway Industrial [&hellip;]<\/p>\n","protected":false},"author":1,"featured_media":0,"parent":0,"menu_order":0,"comment_status":"closed","ping_status":"closed","template":"","meta":{"site-sidebar-layout":"default","site-content-layout":"default","ast-site-content-layout":"default","site-content-style":"default","site-sidebar-style":"default","ast-global-header-display":"","ast-banner-title-visibility":"","ast-main-header-display":"","ast-hfb-above-header-display":"","ast-hfb-below-header-display":"","ast-hfb-mobile-header-display":"","site-post-title":"","ast-breadcrumbs-content":"","ast-featured-img":"","footer-sml-layout":"","ast-disable-related-posts":"","theme-transparent-header-meta":"default","adv-header-id-meta":"","stick-header-meta":"default","header-above-stick-meta":"","header-main-stick-meta":"","header-below-stick-meta":"","astra-migrate-meta-layouts":"default","ast-page-background-enabled":"default","ast-page-background-meta":{"desktop":{"background-color":"var(--ast-global-color-5)","background-image":"","background-repeat":"repeat","background-position":"center center","background-size":"auto","background-attachment":"scroll","background-type":"","background-media":"","overlay-type":"","overlay-color":"","overlay-opacity":"","overlay-gradient":""},"tablet":{"background-color":"","background-image":"","background-repeat":"repeat","background-position":"center center","background-size":"auto","background-attachment":"scroll","background-type":"","background-media":"","overlay-type":"","overlay-color":"","overlay-opacity":"","overlay-gradient":""},"mobile":{"background-color":"","background-image":"","background-repeat":"repeat","background-position":"center center","background-size":"auto","background-attachment":"scroll","background-type":"","background-media":"","overlay-type":"","overlay-color":"","overlay-opacity":"","overlay-gradient":""}},"ast-content-background-meta":{"desktop":{"background-color":"var(--ast-global-color-4)","background-image":"","background-repeat":"repeat","background-position":"center center","background-size":"auto","background-attachment":"scroll","background-type":"","background-media":"","overlay-type":"","overlay-color":"","overlay-opacity":"","overlay-gradient":""},"tablet":{"background-color":"var(--ast-global-color-4)","background-image":"","background-repeat":"repeat","background-position":"center center","background-size":"auto","background-attachment":"scroll","background-type":"","background-media":"","overlay-type":"","overlay-color":"","overlay-opacity":"","overlay-gradient":""},"mobile":{"background-color":"var(--ast-global-color-4)","background-image":"","background-repeat":"repeat","background-position":"center center","background-size":"auto","background-attachment":"scroll","background-type":"","background-media":"","overlay-type":"","overlay-color":"","overlay-opacity":"","overlay-gradient":""}},"footnotes":""},"class_list":["post-123922","page","type-page","status-publish","hentry"],"_links":{"self":[{"href":"https:\/\/honwaygroup.com\/es\/wp-json\/wp\/v2\/pages\/123922","targetHints":{"allow":["GET"]}}],"collection":[{"href":"https:\/\/honwaygroup.com\/es\/wp-json\/wp\/v2\/pages"}],"about":[{"href":"https:\/\/honwaygroup.com\/es\/wp-json\/wp\/v2\/types\/page"}],"author":[{"embeddable":true,"href":"https:\/\/honwaygroup.com\/es\/wp-json\/wp\/v2\/users\/1"}],"replies":[{"embeddable":true,"href":"https:\/\/honwaygroup.com\/es\/wp-json\/wp\/v2\/comments?post=123922"}],"version-history":[{"count":0,"href":"https:\/\/honwaygroup.com\/es\/wp-json\/wp\/v2\/pages\/123922\/revisions"}],"wp:attachment":[{"href":"https:\/\/honwaygroup.com\/es\/wp-json\/wp\/v2\/media?parent=123922"}],"curies":[{"name":"wp","href":"https:\/\/api.w.org\/{rel}","templated":true}]}}