{"id":123754,"date":"2014-03-15T14:23:55","date_gmt":"2014-03-15T06:23:55","guid":{"rendered":"https:\/\/honwaygroup.com\/datos-tecnicos\/"},"modified":"2025-08-26T17:39:05","modified_gmt":"2025-08-26T09:39:05","slug":"datos-tecnicos","status":"publish","type":"page","link":"https:\/\/honwaygroup.com\/es\/datos-tecnicos\/","title":{"rendered":"Datos t\u00e9cnicos"},"content":{"rendered":"\t\t<div data-elementor-type=\"wp-page\" data-elementor-id=\"123754\" class=\"elementor elementor-123754 elementor-636\" data-elementor-post-type=\"page\">\n\t\t\t\t\t\t<section class=\"elementor-section elementor-top-section elementor-element elementor-element-62ae6779 elementor-section-boxed elementor-section-height-default elementor-section-height-default\" data-id=\"62ae6779\" data-element_type=\"section\" data-e-type=\"section\">\n\t\t\t\t\t\t<div class=\"elementor-container elementor-column-gap-default\">\n\t\t\t\t\t<div class=\"elementor-column elementor-col-100 elementor-top-column elementor-element elementor-element-2d0df639\" data-id=\"2d0df639\" data-element_type=\"column\" data-e-type=\"column\">\n\t\t\t<div class=\"elementor-widget-wrap elementor-element-populated\">\n\t\t\t\t\t\t<div class=\"elementor-element elementor-element-5dbb0bb8 elementor-widget elementor-widget-text-editor\" data-id=\"5dbb0bb8\" data-element_type=\"widget\" data-e-type=\"widget\" data-widget_type=\"text-editor.default\">\n\t\t\t\t<div class=\"elementor-widget-container\">\n\t\t\t\t\t\t\t\t\t<p>Haga clic en el enlace para ver la informaci\u00f3n t\u00e9cnica.<\/p><p><a title=\"Tabla comparativa de tama\u00f1os y mallas de diamante\" href=\"\/?page_id=621\" target=\"_blank\" rel=\"noopener\">Tabla comparativa de tama\u00f1os y mallas de diamante<\/a><\/p><p><a href=\"https:\/\/honwaygroup.com\/%e4%ba%ba%e9%80%a0%e9%91%bd%e7%9f%b3%e9%87%91%e5%89%9b%e7%9f%b3%e7%b4%b0%e5%be%ae%e6%80%a7%e8%88%87%e5%9c%8b%e5%a4%96%e7%b4%b0%e5%be%ae%e6%80%a7%e6%a8%99%e6%ba%96%e6%af%94%e8%bc%83\/\">Comparaci\u00f3n de la finura de los diamantes artificiales con los est\u00e1ndares de finura extranjeros<\/a><\/p><p><a title=\"Editor: Materiales catalizadores de tierras raras\" href=\"https:\/\/honwaygroup.com\/wp-admin\/post.php?post=541&amp;action=edit\">Materiales catalizadores de tierras raras<\/a><\/p><p><a title=\"Editor: Serie de polvos para pulido de vidrio industrial Honway (\u00f3xido de cerio, cerio y lantano)\" href=\"https:\/\/honwaygroup.com\/%e5%ae%8f%e5%b4%b4%e5%af%a6%e6%a5%ad%e7%8e%bb%e7%92%83%e7%94%a8%e6%8b%8b%e5%85%89%e7%b2%89%e6%b0%a7%e5%8c%96%e9%88%b0%e9%88%b0%e9%91%ad%e9%90%a0%e7%b3%bb%e5%88%97\/\">Polvo para pulido de vidrio industrial Honway (\u00f3xido de cerio, cerio y lantano)<\/a><\/p><p><a title=\"P\u00e1gina dedicada a SEO\" href=\"\/?page_id=481\" target=\"_blank\" rel=\"noopener\"> P\u00e1gina dedicada a SEO<\/a><\/p><p>Palabras clave: polvo de diamante, diamante policristalino, nanodiamante, l\u00edquido de diamante, diamante monocristalino, l\u00edquido de diamante policristalino, l\u00edquido de nanodiamante, l\u00edquido de diamante monocristalino, polvo de diamante, diamante policristalino, nanodiamante, l\u00edquido de diamante, diamante monocristalino, l\u00edquido de diamante policristalino, l\u00edquido de nanodiamante, l\u00edquido de diamante monocristalino, polvo de diamante, polvo de diamante policristalino, l\u00edquido de pulido de diamante, pasta de diamante, polvo de nanodiamante, pasta de pulido, experto en pulido, pasta de pulido de diamante, pasta de pulido de diamante<\/p>\t\t\t\t\t\t\t\t<\/div>\n\t\t\t\t<\/div>\n\t\t\t\t\t<\/div>\n\t\t<\/div>\n\t\t\t\t\t<\/div>\n\t\t<\/section>\n\t\t\t\t<\/div>\n\t\t","protected":false},"excerpt":{"rendered":"<p>Haga clic en el enlace para ver la informaci\u00f3n t\u00e9cnica. Tabla comparativa de tama\u00f1os y mallas de diamante Comparaci\u00f3n de [&hellip;]<\/p>\n","protected":false},"author":1,"featured_media":123776,"parent":0,"menu_order":5,"comment_status":"open","ping_status":"open","template":"","meta":{"site-sidebar-layout":"default","site-content-layout":"default","ast-site-content-layout":"default","site-content-style":"default","site-sidebar-style":"default","ast-global-header-display":"","ast-banner-title-visibility":"","ast-main-header-display":"","ast-hfb-above-header-display":"","ast-hfb-below-header-display":"","ast-hfb-mobile-header-display":"","site-post-title":"","ast-breadcrumbs-content":"","ast-featured-img":"","footer-sml-layout":"","ast-disable-related-posts":"","theme-transparent-header-meta":"default","adv-header-id-meta":"","stick-header-meta":"default","header-above-stick-meta":"","header-main-stick-meta":"","header-below-stick-meta":"","astra-migrate-meta-layouts":"default","ast-page-background-enabled":"default","ast-page-background-meta":{"desktop":{"background-color":"var(--ast-global-color-5)","background-image":"","background-repeat":"repeat","background-position":"center center","background-size":"auto","background-attachment":"scroll","background-type":"","background-media":"","overlay-type":"","overlay-color":"","overlay-opacity":"","overlay-gradient":""},"tablet":{"background-color":"","background-image":"","background-repeat":"repeat","background-position":"center center","background-size":"auto","background-attachment":"scroll","background-type":"","background-media":"","overlay-type":"","overlay-color":"","overlay-opacity":"","overlay-gradient":""},"mobile":{"background-color":"","background-image":"","background-repeat":"repeat","background-position":"center center","background-size":"auto","background-attachment":"scroll","background-type":"","background-media":"","overlay-type":"","overlay-color":"","overlay-opacity":"","overlay-gradient":""}},"ast-content-background-meta":{"desktop":{"background-color":"var(--ast-global-color-4)","background-image":"","background-repeat":"repeat","background-position":"center center","background-size":"auto","background-attachment":"scroll","background-type":"","background-media":"","overlay-type":"","overlay-color":"","overlay-opacity":"","overlay-gradient":""},"tablet":{"background-color":"var(--ast-global-color-4)","background-image":"","background-repeat":"repeat","background-position":"center center","background-size":"auto","background-attachment":"scroll","background-type":"","background-media":"","overlay-type":"","overlay-color":"","overlay-opacity":"","overlay-gradient":""},"mobile":{"background-color":"var(--ast-global-color-4)","background-image":"","background-repeat":"repeat","background-position":"center center","background-size":"auto","background-attachment":"scroll","background-type":"","background-media":"","overlay-type":"","overlay-color":"","overlay-opacity":"","overlay-gradient":""}},"footnotes":""},"class_list":["post-123754","page","type-page","status-publish","has-post-thumbnail","hentry"],"_links":{"self":[{"href":"https:\/\/honwaygroup.com\/es\/wp-json\/wp\/v2\/pages\/123754","targetHints":{"allow":["GET"]}}],"collection":[{"href":"https:\/\/honwaygroup.com\/es\/wp-json\/wp\/v2\/pages"}],"about":[{"href":"https:\/\/honwaygroup.com\/es\/wp-json\/wp\/v2\/types\/page"}],"author":[{"embeddable":true,"href":"https:\/\/honwaygroup.com\/es\/wp-json\/wp\/v2\/users\/1"}],"replies":[{"embeddable":true,"href":"https:\/\/honwaygroup.com\/es\/wp-json\/wp\/v2\/comments?post=123754"}],"version-history":[{"count":0,"href":"https:\/\/honwaygroup.com\/es\/wp-json\/wp\/v2\/pages\/123754\/revisions"}],"wp:featuredmedia":[{"embeddable":true,"href":"https:\/\/honwaygroup.com\/es\/wp-json\/wp\/v2\/media\/123776"}],"wp:attachment":[{"href":"https:\/\/honwaygroup.com\/es\/wp-json\/wp\/v2\/media?parent=123754"}],"curies":[{"name":"wp","href":"https:\/\/api.w.org\/{rel}","templated":true}]}}