{"id":123682,"date":"2014-11-12T03:16:56","date_gmt":"2014-11-11T19:16:56","guid":{"rendered":"https:\/\/honwaygroup.com\/estado-operativo-actual-de-la-empresa-honway\/"},"modified":"2025-08-26T17:14:25","modified_gmt":"2025-08-26T09:14:25","slug":"estado-operativo-actual-de-la-empresa-honway","status":"publish","type":"page","link":"https:\/\/honwaygroup.com\/es\/estado-operativo-actual-de-la-empresa-honway\/","title":{"rendered":"Estado operativo actual de la empresa Honway"},"content":{"rendered":"\t\t<div data-elementor-type=\"wp-page\" data-elementor-id=\"123682\" class=\"elementor elementor-123682 elementor-892\" data-elementor-post-type=\"page\">\n\t\t\t\t\t\t<section class=\"elementor-section elementor-top-section elementor-element elementor-element-8f82a1a elementor-section-boxed elementor-section-height-default elementor-section-height-default\" data-id=\"8f82a1a\" data-element_type=\"section\" data-e-type=\"section\">\n\t\t\t\t\t\t<div class=\"elementor-container elementor-column-gap-default\">\n\t\t\t\t\t<div class=\"elementor-column elementor-col-100 elementor-top-column elementor-element elementor-element-58e9127\" data-id=\"58e9127\" data-element_type=\"column\" data-e-type=\"column\">\n\t\t\t<div class=\"elementor-widget-wrap elementor-element-populated\">\n\t\t\t\t\t\t<div class=\"elementor-element elementor-element-b70c340 elementor-widget elementor-widget-text-editor\" data-id=\"b70c340\" data-element_type=\"widget\" data-e-type=\"widget\" data-widget_type=\"text-editor.default\">\n\t\t\t\t<div class=\"elementor-widget-container\">\n\t\t\t\t\t\t\t\t\t<p><strong>Estado operativo actual de la empresa Honway \uff1a<\/strong><\/p><p>Honway Industrial es un fabricante profesional de herramientas de diamante y nitruro de boro en Taiw\u00e1n, fundado en Kaohsiung en el a\u00f1o 2013. Desde sus inicios, la empresa se ha propuesto como objetivo mejorar las tecnolog\u00edas de rectificado, pulido y corte en la industria del procesamiento. Las herramientas de pulido de ultraprecisi\u00f3n que produce han recibido un reconocimiento un\u00e1nime en el sector de la \u00f3ptica. En los \u00faltimos a\u00f1os, tambi\u00e9n se ha dedicado a desarrollar abrasivos el\u00e1sticos y fluidos de diamante, lo que le ha permitido destacarse de sus competidores en la fabricaci\u00f3n de diamantes en Taiw\u00e1n y demostrar la diferenciaci\u00f3n de sus productos.<br>Con la r\u00e1pida evoluci\u00f3n de la industria y los productos electr\u00f3nicos, y un entorno en constante cambio, Honway Industrial trabaja con diligencia. Adem\u00e1s de mejorar continuamente la calidad y el valor de sus productos, la empresa invierte activamente en el desarrollo de nuevos equipos, tecnolog\u00edas y materias primas. Para mantener su posici\u00f3n de liderazgo en el mercado, la compa\u00f1\u00eda fortalece constantemente la formaci\u00f3n de su personal en cuanto a servicio y profesionalidad, logrando un sistema corporativo centrado en las personas y en la tecnolog\u00eda.<br>Actualmente, los productos que la empresa ha desarrollado para satisfacer las diferentes necesidades de diversas industrias se han introducido con \u00e9xito en la clientela de sectores como la \u00f3ptica de precisi\u00f3n, equipos de automatizaci\u00f3n, fabricaci\u00f3n de moldes, biotecnolog\u00eda m\u00e9dica, industria aeroespacial, electr\u00f3nica y semiconductores, y mantenimiento de edificios.   <\/p>\t\t\t\t\t\t\t\t<\/div>\n\t\t\t\t<\/div>\n\t\t\t\t\t<\/div>\n\t\t<\/div>\n\t\t\t\t\t<\/div>\n\t\t<\/section>\n\t\t\t\t<section class=\"elementor-section elementor-top-section elementor-element elementor-element-244b97fc elementor-section-boxed elementor-section-height-default elementor-section-height-default\" data-id=\"244b97fc\" data-element_type=\"section\" data-e-type=\"section\">\n\t\t\t\t\t\t<div class=\"elementor-container elementor-column-gap-default\">\n\t\t\t\t\t<div class=\"elementor-column elementor-col-100 elementor-top-column elementor-element elementor-element-6cff7174\" data-id=\"6cff7174\" data-element_type=\"column\" data-e-type=\"column\">\n\t\t\t<div class=\"elementor-widget-wrap elementor-element-populated\">\n\t\t\t\t\t\t<div class=\"elementor-element elementor-element-57583836 elementor-widget elementor-widget-text-editor\" data-id=\"57583836\" data-element_type=\"widget\" data-e-type=\"widget\" data-widget_type=\"text-editor.default\">\n\t\t\t\t<div class=\"elementor-widget-container\">\n\t\t\t\t\t\t\t\t\t<p><strong>Art\u00edculos de negocio:<\/strong><\/p><pre class=\"pre-rule\" data-v-08b561cd=\"\">Diamante y<a href=\"https:\/\/zh.wikipedia.org\/wiki\/%E6%B0%AE%E5%8C%96%E7%A1%BC\" rel=\"nofollow noopener\" target=\"_blank\">Nitruro de boro<\/a>Productos relacionados, principalmente abrasivos blandos para electroconformado, resina, metal, uni\u00f3n cer\u00e1mica y rectificado.\n(1) . Varillas y limas de pulido de diamante\/CBN para el procesamiento de semiconductores \n(2) . Varias muelas abrasivas de precisi\u00f3n de diamante\/CBN \n(3) . Muela de diamante para pulir cristal LCD \n(4) . Productos electroformados de diamante\/cBN\n(5) . Punta de diamante para zafiro\/vidrio\n(6) . brocas de diamante \n(7) . Abrasivo de diamante fluido, cepillo de diamante, l\u00edquido de diamante, pasta de diamante\n(8) . Hojas de sierra de diamante \n(9) . Herramientas de diamante para baldosas de cuarzo \n(10) . Herramientas de reparaci\u00f3n de diamantes, herramientas de torneado, herramientas resistentes al desgaste. \n(11) . Molde de trefilado de alambre con ojales de diamante\/PCD \n(12) . Herramientas de corte multifilo de diamante PCD\/cBN<\/pre><p><a href=\"https:\/\/honwaygroup.com\/wp-content\/uploads\/2014\/11\/%E5%AE%8F%E5%B4%B4%E5%AF%A6%E8%91%89%E9%91%BD%E7%9F%B3%E7%94%A2%E5%93%81%E7%B7%9A.jpg\"><img fetchpriority=\"high\" decoding=\"async\" class=\"alignleft wp-image-910\" src=\"https:\/\/honwaygroup.com\/wp-content\/uploads\/2014\/11\/%E5%AE%8F%E5%B4%B4%E5%AF%A6%E8%91%89%E9%91%BD%E7%9F%B3%E7%94%A2%E5%93%81%E7%B7%9A.jpg\" alt=\"Estado operativo actual de la empresa Honway\" width=\"472\" height=\"270\"><\/a><\/p><p><strong><a href=\"https:\/\/honwaygroup.com\/wp-content\/uploads\/2014\/09\/10649524_391884140965184_8404745917666318234_n.jpg\"><img decoding=\"async\" class=\"alignnone wp-image-883\" src=\"https:\/\/honwaygroup.com\/wp-content\/uploads\/2014\/09\/10649524_391884140965184_8404745917666318234_n.jpg\" alt=\"Exposici\u00f3n de moldes Hongwei 2014 Taipei Nangang World Trade Center, estado comercial actual de la empresa Honway\" width=\"339\" height=\"254\" srcset=\"https:\/\/honwaygroup.com\/wp-content\/uploads\/2014\/09\/10649524_391884140965184_8404745917666318234_n.jpg 960w, https:\/\/honwaygroup.com\/wp-content\/uploads\/2014\/09\/10649524_391884140965184_8404745917666318234_n-300x225.jpg 300w, https:\/\/honwaygroup.com\/wp-content\/uploads\/2014\/09\/10649524_391884140965184_8404745917666318234_n-600x450.avif 600w\" sizes=\"(max-width: 339px) 100vw, 339px\" \/><\/a><\/strong><\/p><p><a href=\"https:\/\/honwaygroup.com\/wp-content\/uploads\/2014\/06\/%E9%91%BD%E7%9F%B3%E7%A3%A8%E6%A3%92%E5%8C%96%E5%B7%A5%E5%8E%9F%E6%96%99%E7%89%B9%E6%AE%8A%E6%9D%90%E6%96%99%E7%89%B9%E6%AE%8A%E5%8E%9F%E6%96%99%E7%A8%80%E6%9C%89%E5%8E%9F%E6%96%99%E7%89%B9%E6%AE%8A%E9%87%91%E5%B1%AC%E6%9D%90%E6%96%99%E6%AC%8A%E5%B4%B4%E7%A4%A6%E7%89%A9%E5%B0%88%E5%AE%B6.jpg\"><img decoding=\"async\" class=\" wp-image-821\" src=\"https:\/\/honwaygroup.com\/wp-content\/uploads\/2014\/06\/%E9%91%BD%E7%9F%B3%E7%A3%A8%E6%A3%92%E5%8C%96%E5%B7%A5%E5%8E%9F%E6%96%99%E7%89%B9%E6%AE%8A%E6%9D%90%E6%96%99%E7%89%B9%E6%AE%8A%E5%8E%9F%E6%96%99%E7%A8%80%E6%9C%89%E5%8E%9F%E6%96%99%E7%89%B9%E6%AE%8A%E9%87%91%E5%B1%AC%E6%9D%90%E6%96%99%E6%AC%8A%E5%B4%B4%E7%A4%A6%E7%89%A9%E5%B0%88%E5%AE%B6.jpg\" alt=\"Polvo de diamante, pasta de diamante, boutique de diamantes, regalos de diamantes, cerdo de diamantes, reloj de arena de diamantes\" width=\"869\" height=\"193\"><\/a><\/p>\t\t\t\t\t\t\t\t<\/div>\n\t\t\t\t<\/div>\n\t\t\t\t\t<\/div>\n\t\t<\/div>\n\t\t\t\t\t<\/div>\n\t\t<\/section>\n\t\t\t\t<section class=\"elementor-section elementor-top-section elementor-element elementor-element-94fe719 elementor-section-boxed elementor-section-height-default elementor-section-height-default\" data-id=\"94fe719\" data-element_type=\"section\" data-e-type=\"section\">\n\t\t\t\t\t\t<div class=\"elementor-container elementor-column-gap-default\">\n\t\t\t\t\t<div class=\"elementor-column elementor-col-100 elementor-top-column elementor-element elementor-element-de2e0b4\" data-id=\"de2e0b4\" data-element_type=\"column\" data-e-type=\"column\">\n\t\t\t<div class=\"elementor-widget-wrap elementor-element-populated\">\n\t\t\t\t\t\t<div class=\"elementor-element elementor-element-7df06e6 elementor-widget elementor-widget-text-editor\" data-id=\"7df06e6\" data-element_type=\"widget\" data-e-type=\"widget\" data-widget_type=\"text-editor.default\">\n\t\t\t\t<div class=\"elementor-widget-container\">\n\t\t\t\t\t\t\t\t\t<p><strong>An\u00e1lisis de mercado:<\/strong><strong><br><\/strong><\/p><p>Nuestra empresa, por categor\u00edas de productos, abarca las industrias de electr\u00f3nica, paneles, semiconductores, moldes, automoci\u00f3n, herramientas de corte y comercio. Durante el \u00faltimo a\u00f1o, hemos comerciado con casi 100 clientes, el 70 % de los cuales provienen de la regi\u00f3n sur, el 15 % de la regi\u00f3n central y el 10 % del sector educativo. Tambi\u00e9n contamos con decenas de usuarios finales en subastas abiertas, y actualmente tenemos menos clientes en la regi\u00f3n norte, que a\u00fan se encuentra en desarrollo activo. Asimismo, trabajamos incansablemente para desarrollar nuestra presencia en l\u00ednea y participar activamente en ferias para aumentar el n\u00famero de clientes directos (aproximadamente el 10 % de nuestros clientes provienen de b\u00fasquedas de palabras clave en l\u00ednea) y reducir la carga de trabajo.<\/p>\t\t\t\t\t\t\t\t<\/div>\n\t\t\t\t<\/div>\n\t\t\t\t\t<\/div>\n\t\t<\/div>\n\t\t\t\t\t<\/div>\n\t\t<\/section>\n\t\t\t\t<section class=\"elementor-section elementor-top-section elementor-element elementor-element-fc878a9 elementor-section-boxed elementor-section-height-default elementor-section-height-default\" data-id=\"fc878a9\" data-element_type=\"section\" data-e-type=\"section\">\n\t\t\t\t\t\t<div class=\"elementor-container elementor-column-gap-default\">\n\t\t\t\t\t<div class=\"elementor-column elementor-col-50 elementor-top-column elementor-element elementor-element-46f1add\" data-id=\"46f1add\" data-element_type=\"column\" data-e-type=\"column\">\n\t\t\t<div class=\"elementor-widget-wrap elementor-element-populated\">\n\t\t\t\t\t\t<div class=\"elementor-element elementor-element-530bcc8 elementor-widget elementor-widget-image\" data-id=\"530bcc8\" data-element_type=\"widget\" data-e-type=\"widget\" data-widget_type=\"image.default\">\n\t\t\t\t<div class=\"elementor-widget-container\">\n\t\t\t\t\t\t\t\t\t\t\t\t\t\t\t<img loading=\"lazy\" decoding=\"async\" width=\"1024\" height=\"585\" src=\"https:\/\/honwaygroup.com\/wp-content\/uploads\/2023\/06\/1518629_373407996146132_2506920978292442190_o-1024x585.webp\" class=\"attachment-large size-large wp-image-15859\" alt=\"\" srcset=\"https:\/\/honwaygroup.com\/wp-content\/uploads\/2023\/06\/1518629_373407996146132_2506920978292442190_o-1024x585.webp 1024w, https:\/\/honwaygroup.com\/wp-content\/uploads\/2023\/06\/1518629_373407996146132_2506920978292442190_o-300x171.webp 300w, https:\/\/honwaygroup.com\/wp-content\/uploads\/2023\/06\/1518629_373407996146132_2506920978292442190_o-768x439.webp 768w, https:\/\/honwaygroup.com\/wp-content\/uploads\/2023\/06\/1518629_373407996146132_2506920978292442190_o-1536x878.webp 1536w, https:\/\/honwaygroup.com\/wp-content\/uploads\/2023\/06\/1518629_373407996146132_2506920978292442190_o.webp 1920w\" sizes=\"(max-width: 1024px) 100vw, 1024px\" \/>\t\t\t\t\t\t\t\t\t\t\t\t\t\t\t<\/div>\n\t\t\t\t<\/div>\n\t\t\t\t\t<\/div>\n\t\t<\/div>\n\t\t\t\t<div class=\"elementor-column elementor-col-50 elementor-top-column elementor-element elementor-element-7a3388f\" data-id=\"7a3388f\" data-element_type=\"column\" data-e-type=\"column\">\n\t\t\t<div class=\"elementor-widget-wrap elementor-element-populated\">\n\t\t\t\t\t\t<div class=\"elementor-element elementor-element-5892068 elementor-widget elementor-widget-image\" data-id=\"5892068\" data-element_type=\"widget\" data-e-type=\"widget\" data-widget_type=\"image.default\">\n\t\t\t\t<div class=\"elementor-widget-container\">\n\t\t\t\t\t\t\t\t\t\t\t\t\t\t\t<img loading=\"lazy\" decoding=\"async\" width=\"960\" height=\"720\" src=\"https:\/\/honwaygroup.com\/wp-content\/uploads\/2023\/06\/10649524_391884140965184_8404745917666318234_n.webp\" class=\"attachment-large size-large wp-image-15860\" alt=\"\" srcset=\"https:\/\/honwaygroup.com\/wp-content\/uploads\/2023\/06\/10649524_391884140965184_8404745917666318234_n.webp 960w, https:\/\/honwaygroup.com\/wp-content\/uploads\/2023\/06\/10649524_391884140965184_8404745917666318234_n-300x225.webp 300w, https:\/\/honwaygroup.com\/wp-content\/uploads\/2023\/06\/10649524_391884140965184_8404745917666318234_n-768x576.webp 768w\" sizes=\"(max-width: 960px) 100vw, 960px\" \/>\t\t\t\t\t\t\t\t\t\t\t\t\t\t\t<\/div>\n\t\t\t\t<\/div>\n\t\t\t\t\t<\/div>\n\t\t<\/div>\n\t\t\t\t\t<\/div>\n\t\t<\/section>\n\t\t\t\t<section class=\"elementor-section elementor-top-section elementor-element elementor-element-cfe3848 elementor-section-boxed elementor-section-height-default elementor-section-height-default\" data-id=\"cfe3848\" data-element_type=\"section\" data-e-type=\"section\">\n\t\t\t\t\t\t<div class=\"elementor-container elementor-column-gap-default\">\n\t\t\t\t\t<div class=\"elementor-column elementor-col-100 elementor-top-column elementor-element elementor-element-821c1ea\" data-id=\"821c1ea\" data-element_type=\"column\" data-e-type=\"column\">\n\t\t\t<div class=\"elementor-widget-wrap elementor-element-populated\">\n\t\t\t\t\t\t<div class=\"elementor-element elementor-element-6bebb30 elementor-widget elementor-widget-text-editor\" data-id=\"6bebb30\" data-element_type=\"widget\" data-e-type=\"widget\" data-widget_type=\"text-editor.default\">\n\t\t\t\t<div class=\"elementor-widget-container\">\n\t\t\t\t\t\t\t\t\t<p><strong>Potencial del mercado: <\/strong><\/p><p>La era de la informaci\u00f3n electr\u00f3nica evoluciona r\u00e1pidamente y los componentes de los productos 3C son cada vez m\u00e1s sofisticados. Tambi\u00e9n somos muy optimistas sobre la tendencia futura de los paneles de zafiro. Nuestra empresa ha desarrollado un cepillo de diamante que puede solucionar los problemas de biselado del zafiro y mejorar el rendimiento. Actualmente lo estamos integrando en nuestros equipos de producci\u00f3n. Las carcasas de los tel\u00e9fonos m\u00f3viles suelen fabricarse con materiales ultraduros, como las aleaciones de titanio. Estos materiales son dif\u00edciles de pulir, por lo que las posibilidades de utilizar materiales ultraduros como el diamante o el nitruro de boro c\u00fabico (CBN) para el pulido son relativamente altas. Adem\u00e1s, dadas las crecientes leyes de protecci\u00f3n ambiental y la concienciaci\u00f3n sobre la salud p\u00fablica, muchos fabricantes buscan activamente materiales m\u00e1s ecol\u00f3gicos y no t\u00f3xicos. Creemos que la demanda de estos productos aumentar\u00e1 en el futuro.<\/p>\t\t\t\t\t\t\t\t<\/div>\n\t\t\t\t<\/div>\n\t\t\t\t\t<\/div>\n\t\t<\/div>\n\t\t\t\t\t<\/div>\n\t\t<\/section>\n\t\t\t\t<\/div>\n\t\t","protected":false},"excerpt":{"rendered":"<p>Estado operativo actual de la empresa Honway \uff1a Honway Industrial es un fabricante profesional de herramientas de diamante y nitruro [&hellip;]<\/p>\n","protected":false},"author":1,"featured_media":123704,"parent":0,"menu_order":1,"comment_status":"open","ping_status":"closed","template":"","meta":{"site-sidebar-layout":"default","site-content-layout":"default","ast-site-content-layout":"default","site-content-style":"default","site-sidebar-style":"default","ast-global-header-display":"","ast-banner-title-visibility":"","ast-main-header-display":"","ast-hfb-above-header-display":"","ast-hfb-below-header-display":"","ast-hfb-mobile-header-display":"","site-post-title":"","ast-breadcrumbs-content":"","ast-featured-img":"","footer-sml-layout":"","ast-disable-related-posts":"","theme-transparent-header-meta":"default","adv-header-id-meta":"","stick-header-meta":"default","header-above-stick-meta":"","header-main-stick-meta":"","header-below-stick-meta":"","astra-migrate-meta-layouts":"default","ast-page-background-enabled":"default","ast-page-background-meta":{"desktop":{"background-color":"var(--ast-global-color-5)","background-image":"","background-repeat":"repeat","background-position":"center center","background-size":"auto","background-attachment":"scroll","background-type":"","background-media":"","overlay-type":"","overlay-color":"","overlay-opacity":"","overlay-gradient":""},"tablet":{"background-color":"","background-image":"","background-repeat":"repeat","background-position":"center center","background-size":"auto","background-attachment":"scroll","background-type":"","background-media":"","overlay-type":"","overlay-color":"","overlay-opacity":"","overlay-gradient":""},"mobile":{"background-color":"","background-image":"","background-repeat":"repeat","background-position":"center center","background-size":"auto","background-attachment":"scroll","background-type":"","background-media":"","overlay-type":"","overlay-color":"","overlay-opacity":"","overlay-gradient":""}},"ast-content-background-meta":{"desktop":{"background-color":"var(--ast-global-color-4)","background-image":"","background-repeat":"repeat","background-position":"center center","background-size":"auto","background-attachment":"scroll","background-type":"","background-media":"","overlay-type":"","overlay-color":"","overlay-opacity":"","overlay-gradient":""},"tablet":{"background-color":"var(--ast-global-color-4)","background-image":"","background-repeat":"repeat","background-position":"center center","background-size":"auto","background-attachment":"scroll","background-type":"","background-media":"","overlay-type":"","overlay-color":"","overlay-opacity":"","overlay-gradient":""},"mobile":{"background-color":"var(--ast-global-color-4)","background-image":"","background-repeat":"repeat","background-position":"center center","background-size":"auto","background-attachment":"scroll","background-type":"","background-media":"","overlay-type":"","overlay-color":"","overlay-opacity":"","overlay-gradient":""}},"footnotes":""},"class_list":["post-123682","page","type-page","status-publish","has-post-thumbnail","hentry"],"_links":{"self":[{"href":"https:\/\/honwaygroup.com\/es\/wp-json\/wp\/v2\/pages\/123682","targetHints":{"allow":["GET"]}}],"collection":[{"href":"https:\/\/honwaygroup.com\/es\/wp-json\/wp\/v2\/pages"}],"about":[{"href":"https:\/\/honwaygroup.com\/es\/wp-json\/wp\/v2\/types\/page"}],"author":[{"embeddable":true,"href":"https:\/\/honwaygroup.com\/es\/wp-json\/wp\/v2\/users\/1"}],"replies":[{"embeddable":true,"href":"https:\/\/honwaygroup.com\/es\/wp-json\/wp\/v2\/comments?post=123682"}],"version-history":[{"count":0,"href":"https:\/\/honwaygroup.com\/es\/wp-json\/wp\/v2\/pages\/123682\/revisions"}],"wp:featuredmedia":[{"embeddable":true,"href":"https:\/\/honwaygroup.com\/es\/wp-json\/wp\/v2\/media\/123704"}],"wp:attachment":[{"href":"https:\/\/honwaygroup.com\/es\/wp-json\/wp\/v2\/media?parent=123682"}],"curies":[{"name":"wp","href":"https:\/\/api.w.org\/{rel}","templated":true}]}}