{"id":123610,"date":"2017-06-13T16:54:59","date_gmt":"2017-06-13T08:54:59","guid":{"rendered":"https:\/\/honwaygroup.com\/catalogo-de-herramientas-de-diamante-haga-clic-aqui-para-descargar\/"},"modified":"2026-03-05T16:24:54","modified_gmt":"2026-03-05T08:24:54","slug":"catalogo-de-herramientas-de-diamante-haga-clic-aqui-para-descargar","status":"publish","type":"page","link":"https:\/\/honwaygroup.com\/es\/catalogo-de-herramientas-de-diamante-haga-clic-aqui-para-descargar\/","title":{"rendered":"Cat\u00e1logo de herramientas de diamante Haga clic aqu\u00ed para descargar"},"content":{"rendered":"\t\t<div data-elementor-type=\"wp-page\" data-elementor-id=\"123610\" class=\"elementor elementor-123610 elementor-1771\" data-elementor-post-type=\"page\">\n\t\t\t\t\t\t<section class=\"elementor-section elementor-top-section elementor-element elementor-element-8875226 elementor-section-boxed elementor-section-height-default elementor-section-height-default\" data-id=\"8875226\" data-element_type=\"section\" data-e-type=\"section\">\n\t\t\t\t\t\t<div class=\"elementor-container elementor-column-gap-default\">\n\t\t\t\t\t<div class=\"elementor-column elementor-col-100 elementor-top-column elementor-element elementor-element-56d00b9\" data-id=\"56d00b9\" data-element_type=\"column\" data-e-type=\"column\">\n\t\t\t<div class=\"elementor-widget-wrap elementor-element-populated\">\n\t\t\t\t\t\t<div class=\"elementor-element elementor-element-0a97671 elementor-widget elementor-widget-spacer\" data-id=\"0a97671\" data-element_type=\"widget\" data-e-type=\"widget\" data-widget_type=\"spacer.default\">\n\t\t\t\t<div class=\"elementor-widget-container\">\n\t\t\t\t\t\t\t<div class=\"elementor-spacer\">\n\t\t\t<div class=\"elementor-spacer-inner\"><\/div>\n\t\t<\/div>\n\t\t\t\t\t\t<\/div>\n\t\t\t\t<\/div>\n\t\t\t\t\t<\/div>\n\t\t<\/div>\n\t\t\t\t\t<\/div>\n\t\t<\/section>\n\t\t\t\t<section class=\"elementor-section elementor-top-section elementor-element elementor-element-d9ddc37 elementor-section-boxed elementor-section-height-default elementor-section-height-default\" data-id=\"d9ddc37\" data-element_type=\"section\" data-e-type=\"section\">\n\t\t\t\t\t\t<div class=\"elementor-container elementor-column-gap-default\">\n\t\t\t\t\t<div class=\"elementor-column elementor-col-25 elementor-top-column elementor-element elementor-element-9b36ec5\" data-id=\"9b36ec5\" data-element_type=\"column\" data-e-type=\"column\">\n\t\t\t<div class=\"elementor-widget-wrap elementor-element-populated\">\n\t\t\t\t\t\t<div class=\"elementor-element elementor-element-25a0e4e elementor-widget elementor-widget-image\" data-id=\"25a0e4e\" data-element_type=\"widget\" data-e-type=\"widget\" data-widget_type=\"image.default\">\n\t\t\t\t<div class=\"elementor-widget-container\">\n\t\t\t\t\t\t\t\t\t\t\t\t\t\t\t<img fetchpriority=\"high\" decoding=\"async\" width=\"760\" height=\"1024\" src=\"https:\/\/honwaygroup.com\/wp-content\/uploads\/2025\/01\/\u5b8f\u5d34\u578b\u9304-DM00_\u5c01\u9762V.01-240301-01-760x1024.webp\" class=\"attachment-large size-large wp-image-139203\" alt=\"Cat\u00e1logo General Hongwei\" srcset=\"https:\/\/honwaygroup.com\/wp-content\/uploads\/2025\/01\/\u5b8f\u5d34\u578b\u9304-DM00_\u5c01\u9762V.01-240301-01-760x1024.webp 760w, https:\/\/honwaygroup.com\/wp-content\/uploads\/2025\/01\/\u5b8f\u5d34\u578b\u9304-DM00_\u5c01\u9762V.01-240301-01-223x300.webp 223w, https:\/\/honwaygroup.com\/wp-content\/uploads\/2025\/01\/\u5b8f\u5d34\u578b\u9304-DM00_\u5c01\u9762V.01-240301-01-768x1035.webp 768w, https:\/\/honwaygroup.com\/wp-content\/uploads\/2025\/01\/\u5b8f\u5d34\u578b\u9304-DM00_\u5c01\u9762V.01-240301-01-1140x1536.webp 1140w, https:\/\/honwaygroup.com\/wp-content\/uploads\/2025\/01\/\u5b8f\u5d34\u578b\u9304-DM00_\u5c01\u9762V.01-240301-01-scaled.webp 1425w, https:\/\/honwaygroup.com\/wp-content\/uploads\/2025\/01\/\u5b8f\u5d34\u578b\u9304-DM00_\u5c01\u9762V.01-240301-01-300x404.webp 300w\" sizes=\"(max-width: 760px) 100vw, 760px\" \/>\t\t\t\t\t\t\t\t\t\t\t\t\t\t\t<\/div>\n\t\t\t\t<\/div>\n\t\t\t\t\t<\/div>\n\t\t<\/div>\n\t\t\t\t<div class=\"elementor-column elementor-col-25 elementor-top-column elementor-element elementor-element-602ebd3\" data-id=\"602ebd3\" data-element_type=\"column\" data-e-type=\"column\">\n\t\t\t<div class=\"elementor-widget-wrap elementor-element-populated\">\n\t\t\t\t\t\t<div class=\"elementor-element elementor-element-579fb33 elementor-widget elementor-widget-image\" data-id=\"579fb33\" data-element_type=\"widget\" data-e-type=\"widget\" data-widget_type=\"image.default\">\n\t\t\t\t<div class=\"elementor-widget-container\">\n\t\t\t\t\t\t\t\t\t\t\t\t\t\t\t<img decoding=\"async\" width=\"750\" height=\"1024\" src=\"https:\/\/honwaygroup.com\/wp-content\/uploads\/2025\/01\/\u5b8f\u5d34\u578b\u9304-DM00_\u5c01\u9762V.01-241212EN-750x1024.webp\" class=\"attachment-large size-large wp-image-139204\" alt=\"Metalogr\u00e1fica\" srcset=\"https:\/\/honwaygroup.com\/wp-content\/uploads\/2025\/01\/\u5b8f\u5d34\u578b\u9304-DM00_\u5c01\u9762V.01-241212EN-750x1024.webp 750w, https:\/\/honwaygroup.com\/wp-content\/uploads\/2025\/01\/\u5b8f\u5d34\u578b\u9304-DM00_\u5c01\u9762V.01-241212EN-220x300.webp 220w, https:\/\/honwaygroup.com\/wp-content\/uploads\/2025\/01\/\u5b8f\u5d34\u578b\u9304-DM00_\u5c01\u9762V.01-241212EN-768x1049.webp 768w, https:\/\/honwaygroup.com\/wp-content\/uploads\/2025\/01\/\u5b8f\u5d34\u578b\u9304-DM00_\u5c01\u9762V.01-241212EN-1124x1536.webp 1124w, https:\/\/honwaygroup.com\/wp-content\/uploads\/2025\/01\/\u5b8f\u5d34\u578b\u9304-DM00_\u5c01\u9762V.01-241212EN-1499x2048.webp 1405w, https:\/\/honwaygroup.com\/wp-content\/uploads\/2025\/01\/\u5b8f\u5d34\u578b\u9304-DM00_\u5c01\u9762V.01-241212EN-300x410.webp 300w, https:\/\/honwaygroup.com\/wp-content\/uploads\/2025\/01\/\u5b8f\u5d34\u578b\u9304-DM00_\u5c01\u9762V.01-241212EN-scaled.webp 1406w\" sizes=\"(max-width: 750px) 100vw, 750px\" \/>\t\t\t\t\t\t\t\t\t\t\t\t\t\t\t<\/div>\n\t\t\t\t<\/div>\n\t\t\t\t\t<\/div>\n\t\t<\/div>\n\t\t\t\t<div class=\"elementor-column elementor-col-25 elementor-top-column elementor-element elementor-element-3de20c2\" data-id=\"3de20c2\" data-element_type=\"column\" data-e-type=\"column\" data-settings=\"{&quot;background_background&quot;:&quot;classic&quot;}\">\n\t\t\t<div class=\"elementor-widget-wrap elementor-element-populated\">\n\t\t\t\t\t\t<div class=\"elementor-element elementor-element-b26e7b6 elementor-widget elementor-widget-image\" data-id=\"b26e7b6\" data-element_type=\"widget\" data-e-type=\"widget\" data-widget_type=\"image.default\">\n\t\t\t\t<div class=\"elementor-widget-container\">\n\t\t\t\t\t\t\t\t\t\t\t\t\t\t\t<img decoding=\"async\" width=\"613\" height=\"826\" src=\"https:\/\/honwaygroup.com\/wp-content\/uploads\/2025\/08\/\u5de5\u4f5c\u5340\u57df-13.webp\" class=\"attachment-large size-large wp-image-124013\" alt=\"Cat\u00e1logo de semiconductores de Honway\" srcset=\"https:\/\/honwaygroup.com\/wp-content\/uploads\/2025\/08\/\u5de5\u4f5c\u5340\u57df-13.webp 613w, https:\/\/honwaygroup.com\/wp-content\/uploads\/2025\/08\/\u5de5\u4f5c\u5340\u57df-13-223x300.webp 223w, https:\/\/honwaygroup.com\/wp-content\/uploads\/2025\/08\/\u5de5\u4f5c\u5340\u57df-13-300x404.webp 300w\" sizes=\"(max-width: 613px) 100vw, 613px\" \/>\t\t\t\t\t\t\t\t\t\t\t\t\t\t\t<\/div>\n\t\t\t\t<\/div>\n\t\t\t\t\t<\/div>\n\t\t<\/div>\n\t\t\t\t<div class=\"elementor-column elementor-col-25 elementor-top-column elementor-element elementor-element-41d6b5a\" data-id=\"41d6b5a\" data-element_type=\"column\" data-e-type=\"column\" data-settings=\"{&quot;background_background&quot;:&quot;classic&quot;}\">\n\t\t\t<div class=\"elementor-widget-wrap elementor-element-populated\">\n\t\t\t\t\t\t<div class=\"elementor-element elementor-element-69cf80e elementor-widget elementor-widget-image\" data-id=\"69cf80e\" data-element_type=\"widget\" data-e-type=\"widget\" data-widget_type=\"image.default\">\n\t\t\t\t<div class=\"elementor-widget-container\">\n\t\t\t\t\t\t\t\t\t\t\t\t\t\t\t<img loading=\"lazy\" decoding=\"async\" width=\"760\" height=\"1024\" src=\"https:\/\/honwaygroup.com\/wp-content\/uploads\/2025\/02\/PCD_\u5b98\u7db2\u4f7f\u7528-01-760x1024.webp\" class=\"attachment-large size-large wp-image-139205\" alt=\"Herramientas PCD\" srcset=\"https:\/\/honwaygroup.com\/wp-content\/uploads\/2025\/02\/PCD_\u5b98\u7db2\u4f7f\u7528-01-760x1024.webp 760w, https:\/\/honwaygroup.com\/wp-content\/uploads\/2025\/02\/PCD_\u5b98\u7db2\u4f7f\u7528-01-223x300.webp 223w, https:\/\/honwaygroup.com\/wp-content\/uploads\/2025\/02\/PCD_\u5b98\u7db2\u4f7f\u7528-01-768x1035.webp 768w, https:\/\/honwaygroup.com\/wp-content\/uploads\/2025\/02\/PCD_\u5b98\u7db2\u4f7f\u7528-01-1140x1536.webp 1140w, https:\/\/honwaygroup.com\/wp-content\/uploads\/2025\/02\/PCD_\u5b98\u7db2\u4f7f\u7528-01-scaled.webp 1425w, https:\/\/honwaygroup.com\/wp-content\/uploads\/2025\/02\/PCD_\u5b98\u7db2\u4f7f\u7528-01-300x404.webp 300w\" sizes=\"(max-width: 760px) 100vw, 760px\" \/>\t\t\t\t\t\t\t\t\t\t\t\t\t\t\t<\/div>\n\t\t\t\t<\/div>\n\t\t\t\t\t<\/div>\n\t\t<\/div>\n\t\t\t\t\t<\/div>\n\t\t<\/section>\n\t\t\t\t<section class=\"elementor-section elementor-top-section elementor-element elementor-element-fa1d9d5 elementor-section-boxed elementor-section-height-default elementor-section-height-default\" data-id=\"fa1d9d5\" data-element_type=\"section\" data-e-type=\"section\">\n\t\t\t\t\t\t<div class=\"elementor-container elementor-column-gap-default\">\n\t\t\t\t\t<div class=\"elementor-column elementor-col-25 elementor-top-column elementor-element elementor-element-784ea42\" data-id=\"784ea42\" data-element_type=\"column\" data-e-type=\"column\">\n\t\t\t<div class=\"elementor-widget-wrap elementor-element-populated\">\n\t\t\t\t\t\t<div class=\"elementor-element elementor-element-91014fa elementor-align-center elementor-widget elementor-widget-button\" data-id=\"91014fa\" data-element_type=\"widget\" data-e-type=\"widget\" data-widget_type=\"button.default\">\n\t\t\t\t<div class=\"elementor-widget-container\">\n\t\t\t\t\t\t\t\t\t<div class=\"elementor-button-wrapper\">\n\t\t\t\t\t<a class=\"elementor-button elementor-button-link elementor-size-sm\" href=\"https:\/\/honwaygroup.com\/wp-content\/uploads\/2026\/01\/\u7e3d\u578b\u93042026\u7d44\u5408\u58d3\u7e2e.pdf\" target=\"_blank\" rel=\"nofollow\">\n\t\t\t\t\t\t<span class=\"elementor-button-content-wrapper\">\n\t\t\t\t\t\t\t\t\t<span class=\"elementor-button-text\">Haga clic aqu\u00ed para descargar el cat\u00e1logo general de Honway<\/span>\n\t\t\t\t\t<\/span>\n\t\t\t\t\t<\/a>\n\t\t\t\t<\/div>\n\t\t\t\t\t\t\t\t<\/div>\n\t\t\t\t<\/div>\n\t\t\t\t\t<\/div>\n\t\t<\/div>\n\t\t\t\t<div class=\"elementor-column elementor-col-25 elementor-top-column elementor-element elementor-element-bff8a24\" data-id=\"bff8a24\" data-element_type=\"column\" data-e-type=\"column\">\n\t\t\t<div class=\"elementor-widget-wrap elementor-element-populated\">\n\t\t\t\t\t\t<div class=\"elementor-element elementor-element-03c9127 elementor-align-center elementor-widget elementor-widget-button\" data-id=\"03c9127\" data-element_type=\"widget\" data-e-type=\"widget\" data-widget_type=\"button.default\">\n\t\t\t\t<div class=\"elementor-widget-container\">\n\t\t\t\t\t\t\t\t\t<div class=\"elementor-button-wrapper\">\n\t\t\t\t\t<a class=\"elementor-button elementor-button-link elementor-size-sm\" href=\"https:\/\/honwaygroup.com\/wp-content\/uploads\/2026\/03\/\u91d1\u76f8\u578b\u9304_20260101_\u4e2d\u6587\u5f71\u5370\u7248.pdf\" target=\"_blank\" rel=\"nofollow\">\n\t\t\t\t\t\t<span class=\"elementor-button-content-wrapper\">\n\t\t\t\t\t\t\t\t\t<span class=\"elementor-button-text\">Descargue el cat\u00e1logo metalogr\u00e1fico aqu\u00ed (CN)<\/span>\n\t\t\t\t\t<\/span>\n\t\t\t\t\t<\/a>\n\t\t\t\t<\/div>\n\t\t\t\t\t\t\t\t<\/div>\n\t\t\t\t<\/div>\n\t\t\t\t<div class=\"elementor-element elementor-element-53c991e elementor-align-center elementor-widget elementor-widget-button\" data-id=\"53c991e\" data-element_type=\"widget\" data-e-type=\"widget\" data-widget_type=\"button.default\">\n\t\t\t\t<div class=\"elementor-widget-container\">\n\t\t\t\t\t\t\t\t\t<div class=\"elementor-button-wrapper\">\n\t\t\t\t\t<a class=\"elementor-button elementor-button-link elementor-size-sm\" href=\"https:\/\/honwaygroup.com\/wp-content\/uploads\/2026\/03\/\u91d1\u76f8\u578b\u9304_20260115_\u82f1\u6587\u5f71\u5370\u7248.pdf\" target=\"_blank\" rel=\"nofollow\">\n\t\t\t\t\t\t<span class=\"elementor-button-content-wrapper\">\n\t\t\t\t\t\t\t\t\t<span class=\"elementor-button-text\">Descargue el cat\u00e1logo metalogr\u00e1fico aqu\u00ed (EN)<\/span>\n\t\t\t\t\t<\/span>\n\t\t\t\t\t<\/a>\n\t\t\t\t<\/div>\n\t\t\t\t\t\t\t\t<\/div>\n\t\t\t\t<\/div>\n\t\t\t\t\t<\/div>\n\t\t<\/div>\n\t\t\t\t<div class=\"elementor-column elementor-col-25 elementor-top-column elementor-element elementor-element-9910eb5\" data-id=\"9910eb5\" data-element_type=\"column\" data-e-type=\"column\">\n\t\t\t<div class=\"elementor-widget-wrap elementor-element-populated\">\n\t\t\t\t\t\t<div class=\"elementor-element elementor-element-c398f7f elementor-align-center elementor-widget elementor-widget-button\" data-id=\"c398f7f\" data-element_type=\"widget\" data-e-type=\"widget\" data-widget_type=\"button.default\">\n\t\t\t\t<div class=\"elementor-widget-container\">\n\t\t\t\t\t\t\t\t\t<div class=\"elementor-button-wrapper\">\n\t\t\t\t\t<a class=\"elementor-button elementor-button-link elementor-size-sm\" href=\"https:\/\/honwaygroup.com\/wp-content\/uploads\/2026\/01\/20260101_\u534a\u5c0e\u9ad4\u578b\u9304_\u5916\u6846.pdf\" target=\"_blank\" rel=\"nofollow\">\n\t\t\t\t\t\t<span class=\"elementor-button-content-wrapper\">\n\t\t\t\t\t\t\t\t\t<span class=\"elementor-button-text\">Haga clic aqu\u00ed para descargar el cat\u00e1logo de semiconductores<\/span>\n\t\t\t\t\t<\/span>\n\t\t\t\t\t<\/a>\n\t\t\t\t<\/div>\n\t\t\t\t\t\t\t\t<\/div>\n\t\t\t\t<\/div>\n\t\t\t\t\t<\/div>\n\t\t<\/div>\n\t\t\t\t<div class=\"elementor-column elementor-col-25 elementor-top-column elementor-element elementor-element-163b466\" data-id=\"163b466\" data-element_type=\"column\" data-e-type=\"column\">\n\t\t\t<div class=\"elementor-widget-wrap elementor-element-populated\">\n\t\t\t\t\t\t<div class=\"elementor-element elementor-element-78c9d44 elementor-align-center elementor-widget elementor-widget-button\" data-id=\"78c9d44\" data-element_type=\"widget\" data-e-type=\"widget\" data-widget_type=\"button.default\">\n\t\t\t\t<div class=\"elementor-widget-container\">\n\t\t\t\t\t\t\t\t\t<div class=\"elementor-button-wrapper\">\n\t\t\t\t\t<a class=\"elementor-button elementor-button-link elementor-size-sm\" href=\"https:\/\/honwaygroup.com\/wp-content\/uploads\/2026\/03\/2025_PCD\u5200\u5177DM_A4_RGB.pdf\" target=\"_blank\" rel=\"nofollow\">\n\t\t\t\t\t\t<span class=\"elementor-button-content-wrapper\">\n\t\t\t\t\t\t\t\t\t<span class=\"elementor-button-text\">Haga clic aqu\u00ed para descargar el cat\u00e1logo de herramientas PCD<\/span>\n\t\t\t\t\t<\/span>\n\t\t\t\t\t<\/a>\n\t\t\t\t<\/div>\n\t\t\t\t\t\t\t\t<\/div>\n\t\t\t\t<\/div>\n\t\t\t\t\t<\/div>\n\t\t<\/div>\n\t\t\t\t\t<\/div>\n\t\t<\/section>\n\t\t\t\t<section class=\"elementor-section elementor-top-section elementor-element elementor-element-45201cd elementor-section-boxed elementor-section-height-default elementor-section-height-default\" data-id=\"45201cd\" data-element_type=\"section\" data-e-type=\"section\">\n\t\t\t\t\t\t<div class=\"elementor-container elementor-column-gap-default\">\n\t\t\t\t\t<div class=\"elementor-column elementor-col-50 elementor-top-column elementor-element elementor-element-2ba5ff6\" data-id=\"2ba5ff6\" data-element_type=\"column\" data-e-type=\"column\">\n\t\t\t<div class=\"elementor-widget-wrap elementor-element-populated\">\n\t\t\t\t\t\t<section class=\"elementor-section elementor-inner-section elementor-element elementor-element-dd30db5 elementor-section-content-middle elementor-section-boxed elementor-section-height-default elementor-section-height-default\" data-id=\"dd30db5\" data-element_type=\"section\" data-e-type=\"section\">\n\t\t\t\t\t\t<div class=\"elementor-container elementor-column-gap-no\">\n\t\t\t\t\t<div class=\"elementor-column elementor-col-100 elementor-inner-column elementor-element elementor-element-71348c3\" data-id=\"71348c3\" data-element_type=\"column\" data-e-type=\"column\" data-settings=\"{&quot;background_background&quot;:&quot;classic&quot;}\">\n\t\t\t<div class=\"elementor-widget-wrap elementor-element-populated\">\n\t\t\t\t\t\t<div class=\"elementor-element elementor-element-ffc034a elementor-widget elementor-widget-image-box\" data-id=\"ffc034a\" data-element_type=\"widget\" data-e-type=\"widget\" data-widget_type=\"image-box.default\">\n\t\t\t\t<div class=\"elementor-widget-container\">\n\t\t\t\t\t<div class=\"elementor-image-box-wrapper\"><div class=\"elementor-image-box-content\"><h3 class=\"elementor-image-box-title\">Cat\u00e1logo de herramientas de corte de diamante<\/h3><p class=\"elementor-image-box-description\">\ud83d\udc47\ufe0f\ud83d\udc47\ufe0f\ud83d\udc47\ufe0f<\/p><\/div><\/div>\t\t\t\t<\/div>\n\t\t\t\t<\/div>\n\t\t\t\t<div class=\"elementor-element elementor-element-ed2144c elementor-align-center elementor-widget elementor-widget-button\" data-id=\"ed2144c\" data-element_type=\"widget\" data-e-type=\"widget\" data-widget_type=\"button.default\">\n\t\t\t\t<div class=\"elementor-widget-container\">\n\t\t\t\t\t\t\t\t\t<div class=\"elementor-button-wrapper\">\n\t\t\t\t\t<a class=\"elementor-button elementor-button-link elementor-size-sm\" href=\"https:\/\/honwaygroup.com\/wp-content\/uploads\/2022\/12\/%E5%AE%8F%E5%B4%B4V.01-210505-D%E5%88%80%E7%89%87S.pdf?x78363\">\n\t\t\t\t\t\t<span class=\"elementor-button-content-wrapper\">\n\t\t\t\t\t\t\t\t\t<span class=\"elementor-button-text\">Haga clic aqu\u00ed para descargar<\/span>\n\t\t\t\t\t<\/span>\n\t\t\t\t\t<\/a>\n\t\t\t\t<\/div>\n\t\t\t\t\t\t\t\t<\/div>\n\t\t\t\t<\/div>\n\t\t\t\t\t<\/div>\n\t\t<\/div>\n\t\t\t\t\t<\/div>\n\t\t<\/section>\n\t\t\t\t\t<\/div>\n\t\t<\/div>\n\t\t\t\t<div class=\"elementor-column elementor-col-50 elementor-top-column elementor-element elementor-element-6fb76c9d\" data-id=\"6fb76c9d\" data-element_type=\"column\" data-e-type=\"column\">\n\t\t\t<div class=\"elementor-widget-wrap elementor-element-populated\">\n\t\t\t\t\t\t<div class=\"elementor-element elementor-element-1405c18 elementor-widget__width-initial elementor-widget elementor-widget-text-editor\" data-id=\"1405c18\" data-element_type=\"widget\" data-e-type=\"widget\" data-widget_type=\"text-editor.default\">\n\t\t\t\t<div class=\"elementor-widget-container\">\n\t\t\t\t\t\t\t\t\t\n<p><br><img loading=\"lazy\" decoding=\"async\" class=\"aligncenter\" src=\"http:\/\/qr-official.line.me\/L\/K0AmjrtDeI.png\" alt=\"\" width=\"178\" height=\"178\"><\/p>\t\t\t\t\t\t\t\t<\/div>\n\t\t\t\t<\/div>\n\t\t\t\t<div class=\"elementor-element elementor-element-dd2d983 elementor-widget__width-initial elementor-widget elementor-widget-text-editor\" data-id=\"dd2d983\" data-element_type=\"widget\" data-e-type=\"widget\" data-widget_type=\"text-editor.default\">\n\t\t\t\t<div class=\"elementor-widget-container\">\n\t\t\t\t\t\t\t\t\t<p><a href=\"http:\/\/line.me\/ti\/p\/%40kob3665o\" rel=\"nofollow noopener\" target=\"_blank\"><img loading=\"lazy\" decoding=\"async\" class=\"aligncenter\" src=\"http:\/\/biz.line.naver.jp\/line_business\/img\/btn\/addfriends_zh-Hant.png\" alt=\"\u00danete a Honway\" width=\"168\" height=\"55\" border=\"0\"><\/a><\/p>\t\t\t\t\t\t\t\t<\/div>\n\t\t\t\t<\/div>\n\t\t\t\t\t<\/div>\n\t\t<\/div>\n\t\t\t\t\t<\/div>\n\t\t<\/section>\n\t\t\t\t<\/div>\n\t\t","protected":false},"excerpt":{"rendered":"<p>Haga clic aqu\u00ed para descargar el cat\u00e1logo general de Honway Haga clic aqu\u00ed para descargar el Cat\u00e1logo Metalogr\u00e1fico Haga clic [&hellip;]<\/p>\n","protected":false},"author":1,"featured_media":0,"parent":0,"menu_order":0,"comment_status":"closed","ping_status":"closed","template":"","meta":{"site-sidebar-layout":"default","site-content-layout":"default","ast-site-content-layout":"default","site-content-style":"default","site-sidebar-style":"default","ast-global-header-display":"","ast-banner-title-visibility":"","ast-main-header-display":"","ast-hfb-above-header-display":"","ast-hfb-below-header-display":"","ast-hfb-mobile-header-display":"","site-post-title":"","ast-breadcrumbs-content":"","ast-featured-img":"","footer-sml-layout":"","ast-disable-related-posts":"","theme-transparent-header-meta":"default","adv-header-id-meta":"","stick-header-meta":"default","header-above-stick-meta":"","header-main-stick-meta":"","header-below-stick-meta":"","astra-migrate-meta-layouts":"default","ast-page-background-enabled":"default","ast-page-background-meta":{"desktop":{"background-color":"var(--ast-global-color-5)","background-image":"","background-repeat":"repeat","background-position":"center center","background-size":"auto","background-attachment":"scroll","background-type":"","background-media":"","overlay-type":"","overlay-color":"","overlay-opacity":"","overlay-gradient":""},"tablet":{"background-color":"","background-image":"","background-repeat":"repeat","background-position":"center center","background-size":"auto","background-attachment":"scroll","background-type":"","background-media":"","overlay-type":"","overlay-color":"","overlay-opacity":"","overlay-gradient":""},"mobile":{"background-color":"","background-image":"","background-repeat":"repeat","background-position":"center center","background-size":"auto","background-attachment":"scroll","background-type":"","background-media":"","overlay-type":"","overlay-color":"","overlay-opacity":"","overlay-gradient":""}},"ast-content-background-meta":{"desktop":{"background-color":"var(--ast-global-color-4)","background-image":"","background-repeat":"repeat","background-position":"center center","background-size":"auto","background-attachment":"scroll","background-type":"","background-media":"","overlay-type":"","overlay-color":"","overlay-opacity":"","overlay-gradient":""},"tablet":{"background-color":"var(--ast-global-color-4)","background-image":"","background-repeat":"repeat","background-position":"center center","background-size":"auto","background-attachment":"scroll","background-type":"","background-media":"","overlay-type":"","overlay-color":"","overlay-opacity":"","overlay-gradient":""},"mobile":{"background-color":"var(--ast-global-color-4)","background-image":"","background-repeat":"repeat","background-position":"center center","background-size":"auto","background-attachment":"scroll","background-type":"","background-media":"","overlay-type":"","overlay-color":"","overlay-opacity":"","overlay-gradient":""}},"footnotes":""},"class_list":["post-123610","page","type-page","status-publish","hentry"],"_links":{"self":[{"href":"https:\/\/honwaygroup.com\/es\/wp-json\/wp\/v2\/pages\/123610","targetHints":{"allow":["GET"]}}],"collection":[{"href":"https:\/\/honwaygroup.com\/es\/wp-json\/wp\/v2\/pages"}],"about":[{"href":"https:\/\/honwaygroup.com\/es\/wp-json\/wp\/v2\/types\/page"}],"author":[{"embeddable":true,"href":"https:\/\/honwaygroup.com\/es\/wp-json\/wp\/v2\/users\/1"}],"replies":[{"embeddable":true,"href":"https:\/\/honwaygroup.com\/es\/wp-json\/wp\/v2\/comments?post=123610"}],"version-history":[{"count":0,"href":"https:\/\/honwaygroup.com\/es\/wp-json\/wp\/v2\/pages\/123610\/revisions"}],"wp:attachment":[{"href":"https:\/\/honwaygroup.com\/es\/wp-json\/wp\/v2\/media?parent=123610"}],"curies":[{"name":"wp","href":"https:\/\/api.w.org\/{rel}","templated":true}]}}