{"id":123403,"date":"2013-11-10T21:18:18","date_gmt":"2013-11-10T13:18:18","guid":{"rendered":"https:\/\/honwaygroup.com\/sistema-empresarial-de-id-y-oem\/"},"modified":"2025-08-26T15:13:12","modified_gmt":"2025-08-26T07:13:12","slug":"sistema-empresarial-de-id-y-oem","status":"publish","type":"page","link":"https:\/\/honwaygroup.com\/es\/sistema-empresarial-de-id-y-oem\/","title":{"rendered":"Sistema empresarial de I+D y OEM"},"content":{"rendered":"\t\t<div data-elementor-type=\"wp-page\" data-elementor-id=\"123403\" class=\"elementor elementor-123403 elementor-192\" data-elementor-post-type=\"page\">\n\t\t\t\t\t\t<section class=\"elementor-section elementor-top-section elementor-element elementor-element-4308c303 elementor-section-boxed elementor-section-height-default elementor-section-height-default\" data-id=\"4308c303\" data-element_type=\"section\" data-e-type=\"section\">\n\t\t\t\t\t\t<div class=\"elementor-container elementor-column-gap-default\">\n\t\t\t\t\t<div class=\"elementor-column elementor-col-100 elementor-top-column elementor-element elementor-element-452508d8\" data-id=\"452508d8\" data-element_type=\"column\" data-e-type=\"column\">\n\t\t\t<div class=\"elementor-widget-wrap elementor-element-populated\">\n\t\t\t\t\t\t<div class=\"elementor-element elementor-element-70e5ee6 elementor-widget elementor-widget-text-editor\" data-id=\"70e5ee6\" data-element_type=\"widget\" data-e-type=\"widget\" data-widget_type=\"text-editor.default\">\n\t\t\t\t<div class=\"elementor-widget-container\">\n\t\t\t\t\t\t\t\t\t<p>Honway Industrial, aprovechando su t\u00e9cnica de producci\u00f3n madura y profesional, as\u00ed como su capacidad de reacci\u00f3n r\u00e1pida ante las tendencias del mercado, y siguiendo la estrategia de establecerse en Taiw\u00e1n y expandirse globalmente, desarrolla productos diversificados con calidad superior y tecnolog\u00eda de vanguardia a nivel mundial.<br>Seg\u00fan las necesidades del mercado de cada producto, Honway Industrial ha establecido equipos de investigaci\u00f3n y desarrollo dedicados a mejorar los procesos de fabricaci\u00f3n y el desarrollo de productos. Adem\u00e1s, cuenta con equipos de I+D de procesos enfocados en la optimizaci\u00f3n y mejora de la tecnolog\u00eda de producci\u00f3n para satisfacer las futuras necesidades de los clientes y mantener una alta competitividad.<br>Asimismo, Honway Industrial colabora estrechamente con sus clientes para desarrollar conjuntamente productos que cumplan con las demandas del mercado.<\/p><table border=\"0\" cellspacing=\"0\" cellpadding=\"5\"><tbody><tr><td><strong>Contenido del servicio<\/strong><\/td><\/tr><\/tbody><\/table><ul><li>Abarca experiencia profesional y t\u00e9cnica en innovaci\u00f3n, investigaci\u00f3n y desarrollo, educaci\u00f3n y capacitaci\u00f3n, adquisiciones, fabricaci\u00f3n, procesamiento, mejora de procesos, transferencia, transporte, servicio, reciclaje y eliminaci\u00f3n.<\/li><li>Procesamiento de m\u00e1quinas de molienda\/lavadoras<\/li><li>Diversas transferencias de tecnolog\u00eda relacionadas<\/li><li>M\u00e1quinas de CVD, PVECVD<\/li><li>Transferencia de tecnolog\u00eda de sistemas de carbonizaci\u00f3n y crecimiento de cristales de m\u00e1quinas PVT<\/li><li>Evaluaci\u00f3n de costos<\/li><li>Desarrollo de tecnolog\u00eda de procesos<\/li><li>Producci\u00f3n de tecnolog\u00eda de planta completa y transferencia de tecnolog\u00eda<\/li><li>Mejorar los productos procesados: reducir la tasa de defectos y aumentar la tasa de rendimiento<\/li><\/ul>\t\t\t\t\t\t\t\t<\/div>\n\t\t\t\t<\/div>\n\t\t\t\t\t<\/div>\n\t\t<\/div>\n\t\t\t\t\t<\/div>\n\t\t<\/section>\n\t\t\t\t<\/div>\n\t\t","protected":false},"excerpt":{"rendered":"<p>Honway Industrial, aprovechando su t\u00e9cnica de producci\u00f3n madura y profesional, as\u00ed como su capacidad de reacci\u00f3n r\u00e1pida ante las tendencias [&hellip;]<\/p>\n","protected":false},"author":1,"featured_media":0,"parent":0,"menu_order":0,"comment_status":"open","ping_status":"closed","template":"","meta":{"site-sidebar-layout":"default","site-content-layout":"default","ast-site-content-layout":"default","site-content-style":"default","site-sidebar-style":"default","ast-global-header-display":"","ast-banner-title-visibility":"","ast-main-header-display":"","ast-hfb-above-header-display":"","ast-hfb-below-header-display":"","ast-hfb-mobile-header-display":"","site-post-title":"","ast-breadcrumbs-content":"","ast-featured-img":"","footer-sml-layout":"","ast-disable-related-posts":"","theme-transparent-header-meta":"default","adv-header-id-meta":"","stick-header-meta":"default","header-above-stick-meta":"","header-main-stick-meta":"","header-below-stick-meta":"","astra-migrate-meta-layouts":"default","ast-page-background-enabled":"default","ast-page-background-meta":{"desktop":{"background-color":"var(--ast-global-color-5)","background-image":"","background-repeat":"repeat","background-position":"center center","background-size":"auto","background-attachment":"scroll","background-type":"","background-media":"","overlay-type":"","overlay-color":"","overlay-opacity":"","overlay-gradient":""},"tablet":{"background-color":"","background-image":"","background-repeat":"repeat","background-position":"center center","background-size":"auto","background-attachment":"scroll","background-type":"","background-media":"","overlay-type":"","overlay-color":"","overlay-opacity":"","overlay-gradient":""},"mobile":{"background-color":"","background-image":"","background-repeat":"repeat","background-position":"center center","background-size":"auto","background-attachment":"scroll","background-type":"","background-media":"","overlay-type":"","overlay-color":"","overlay-opacity":"","overlay-gradient":""}},"ast-content-background-meta":{"desktop":{"background-color":"var(--ast-global-color-4)","background-image":"","background-repeat":"repeat","background-position":"center center","background-size":"auto","background-attachment":"scroll","background-type":"","background-media":"","overlay-type":"","overlay-color":"","overlay-opacity":"","overlay-gradient":""},"tablet":{"background-color":"var(--ast-global-color-4)","background-image":"","background-repeat":"repeat","background-position":"center center","background-size":"auto","background-attachment":"scroll","background-type":"","background-media":"","overlay-type":"","overlay-color":"","overlay-opacity":"","overlay-gradient":""},"mobile":{"background-color":"var(--ast-global-color-4)","background-image":"","background-repeat":"repeat","background-position":"center center","background-size":"auto","background-attachment":"scroll","background-type":"","background-media":"","overlay-type":"","overlay-color":"","overlay-opacity":"","overlay-gradient":""}},"footnotes":""},"class_list":["post-123403","page","type-page","status-publish","hentry"],"_links":{"self":[{"href":"https:\/\/honwaygroup.com\/es\/wp-json\/wp\/v2\/pages\/123403","targetHints":{"allow":["GET"]}}],"collection":[{"href":"https:\/\/honwaygroup.com\/es\/wp-json\/wp\/v2\/pages"}],"about":[{"href":"https:\/\/honwaygroup.com\/es\/wp-json\/wp\/v2\/types\/page"}],"author":[{"embeddable":true,"href":"https:\/\/honwaygroup.com\/es\/wp-json\/wp\/v2\/users\/1"}],"replies":[{"embeddable":true,"href":"https:\/\/honwaygroup.com\/es\/wp-json\/wp\/v2\/comments?post=123403"}],"version-history":[{"count":0,"href":"https:\/\/honwaygroup.com\/es\/wp-json\/wp\/v2\/pages\/123403\/revisions"}],"wp:attachment":[{"href":"https:\/\/honwaygroup.com\/es\/wp-json\/wp\/v2\/media?parent=123403"}],"curies":[{"name":"wp","href":"https:\/\/api.w.org\/{rel}","templated":true}]}}