{"id":123236,"date":"2015-12-01T18:21:33","date_gmt":"2015-12-01T10:21:33","guid":{"rendered":"https:\/\/honwaygroup.com\/honway-industrial\/eventos-importantes-de-honway\/"},"modified":"2025-12-08T17:54:18","modified_gmt":"2025-12-08T09:54:18","slug":"eventos-importantes-de-honway","status":"publish","type":"page","link":"https:\/\/honwaygroup.com\/es\/honway-industrial\/eventos-importantes-de-honway\/","title":{"rendered":"Eventos importantes de Honway"},"content":{"rendered":"\t\t<div data-elementor-type=\"wp-page\" data-elementor-id=\"123236\" class=\"elementor elementor-123236 elementor-1264\" data-elementor-post-type=\"page\">\n\t\t\t\t\t\t<section class=\"elementor-section elementor-top-section elementor-element elementor-element-f3edaef elementor-section-height-min-height elementor-section-content-middle elementor-section-stretched elementor-section-boxed elementor-section-height-default elementor-section-items-middle\" data-id=\"f3edaef\" data-element_type=\"section\" data-e-type=\"section\" data-settings=\"{&quot;background_background&quot;:&quot;classic&quot;,&quot;stretch_section&quot;:&quot;section-stretched&quot;}\">\n\t\t\t\t\t\t<div class=\"elementor-container elementor-column-gap-no\">\n\t\t\t\t\t<div class=\"elementor-column elementor-col-100 elementor-top-column elementor-element elementor-element-0ef6366\" data-id=\"0ef6366\" data-element_type=\"column\" data-e-type=\"column\">\n\t\t\t<div class=\"elementor-widget-wrap elementor-element-populated\">\n\t\t\t\t\t\t\t<\/div>\n\t\t<\/div>\n\t\t\t\t\t<\/div>\n\t\t<\/section>\n\t\t\t\t<section class=\"elementor-section elementor-top-section elementor-element elementor-element-4b647f2 elementor-section-boxed elementor-section-height-default elementor-section-height-default\" data-id=\"4b647f2\" data-element_type=\"section\" data-e-type=\"section\">\n\t\t\t\t\t\t<div class=\"elementor-container elementor-column-gap-default\">\n\t\t\t\t\t<div class=\"elementor-column elementor-col-100 elementor-top-column elementor-element elementor-element-a1fc56f\" data-id=\"a1fc56f\" data-element_type=\"column\" data-e-type=\"column\">\n\t\t\t<div class=\"elementor-widget-wrap elementor-element-populated\">\n\t\t\t\t\t\t<div class=\"elementor-element elementor-element-3546e9b elementor-widget elementor-widget-image\" data-id=\"3546e9b\" data-element_type=\"widget\" data-e-type=\"widget\" data-widget_type=\"image.default\">\n\t\t\t\t<div class=\"elementor-widget-container\">\n\t\t\t\t\t\t\t\t\t\t\t\t\t\t\t\t<a href=\"https:\/\/www.semicontaiwan.org\/zh\" target=\"_blank\" rel=\"nofollow noopener\">\n\t\t\t\t\t\t\t<img fetchpriority=\"high\" decoding=\"async\" width=\"1501\" height=\"565\" src=\"https:\/\/honwaygroup.com\/wp-content\/uploads\/2025\/11\/\u5de5\u4f5c\u5340\u57df-7-5.webp\" class=\"attachment-full size-full wp-image-129538\" alt=\"2025-\u53f0\u7063\u91ab\u7642\u79d1\u6280\u5c55\" srcset=\"https:\/\/honwaygroup.com\/wp-content\/uploads\/2025\/11\/\u5de5\u4f5c\u5340\u57df-7-5.webp 1501w, https:\/\/honwaygroup.com\/wp-content\/uploads\/2025\/11\/\u5de5\u4f5c\u5340\u57df-7-5-300x113.webp 300w, https:\/\/honwaygroup.com\/wp-content\/uploads\/2025\/11\/\u5de5\u4f5c\u5340\u57df-7-5-1024x385.webp 1024w, https:\/\/honwaygroup.com\/wp-content\/uploads\/2025\/11\/\u5de5\u4f5c\u5340\u57df-7-5-768x289.webp 768w\" sizes=\"(max-width: 1501px) 100vw, 1501px\" \/>\t\t\t\t\t\t\t\t<\/a>\n\t\t\t\t\t\t\t\t\t\t\t\t\t\t\t<\/div>\n\t\t\t\t<\/div>\n\t\t\t\t\t<\/div>\n\t\t<\/div>\n\t\t\t\t\t<\/div>\n\t\t<\/section>\n\t\t\t\t<section class=\"elementor-section elementor-top-section elementor-element elementor-element-dc37308 elementor-section-boxed elementor-section-height-default elementor-section-height-default\" data-id=\"dc37308\" data-element_type=\"section\" data-e-type=\"section\">\n\t\t\t\t\t\t<div class=\"elementor-container elementor-column-gap-default\">\n\t\t\t\t\t<div class=\"elementor-column elementor-col-100 elementor-top-column elementor-element elementor-element-0aef44e\" data-id=\"0aef44e\" data-element_type=\"column\" data-e-type=\"column\">\n\t\t\t<div class=\"elementor-widget-wrap\">\n\t\t\t\t\t\t\t<\/div>\n\t\t<\/div>\n\t\t\t\t\t<\/div>\n\t\t<\/section>\n\t\t\t\t<section class=\"elementor-section elementor-top-section elementor-element elementor-element-746f8dd elementor-section-boxed elementor-section-height-default elementor-section-height-default\" data-id=\"746f8dd\" data-element_type=\"section\" data-e-type=\"section\">\n\t\t\t\t\t\t<div class=\"elementor-container elementor-column-gap-default\">\n\t\t\t\t\t<div class=\"elementor-column elementor-col-100 elementor-top-column elementor-element elementor-element-24922bf\" data-id=\"24922bf\" data-element_type=\"column\" data-e-type=\"column\">\n\t\t\t<div class=\"elementor-widget-wrap\">\n\t\t\t\t\t\t\t<\/div>\n\t\t<\/div>\n\t\t\t\t\t<\/div>\n\t\t<\/section>\n\t\t\t\t<section class=\"elementor-section elementor-top-section elementor-element elementor-element-234c1b2 elementor-section-boxed elementor-section-height-default elementor-section-height-default\" data-id=\"234c1b2\" data-element_type=\"section\" data-e-type=\"section\">\n\t\t\t\t\t\t<div class=\"elementor-container elementor-column-gap-default\">\n\t\t\t\t\t<div class=\"elementor-column elementor-col-100 elementor-top-column elementor-element elementor-element-701f750\" data-id=\"701f750\" data-element_type=\"column\" data-e-type=\"column\">\n\t\t\t<div class=\"elementor-widget-wrap elementor-element-populated\">\n\t\t\t\t\t\t<div class=\"elementor-element elementor-element-70ec22b elementor-widget elementor-widget-spacer\" data-id=\"70ec22b\" data-element_type=\"widget\" data-e-type=\"widget\" data-widget_type=\"spacer.default\">\n\t\t\t\t<div class=\"elementor-widget-container\">\n\t\t\t\t\t\t\t<div class=\"elementor-spacer\">\n\t\t\t<div class=\"elementor-spacer-inner\"><\/div>\n\t\t<\/div>\n\t\t\t\t\t\t<\/div>\n\t\t\t\t<\/div>\n\t\t\t\t\t<\/div>\n\t\t<\/div>\n\t\t\t\t\t<\/div>\n\t\t<\/section>\n\t\t\t\t<section class=\"elementor-section elementor-top-section elementor-element elementor-element-6391373 elementor-section-boxed elementor-section-height-default elementor-section-height-default\" data-id=\"6391373\" data-element_type=\"section\" data-e-type=\"section\">\n\t\t\t\t\t\t<div class=\"elementor-container elementor-column-gap-default\">\n\t\t\t\t\t<div class=\"elementor-column elementor-col-100 elementor-top-column elementor-element elementor-element-660c6ae\" data-id=\"660c6ae\" data-element_type=\"column\" data-e-type=\"column\">\n\t\t\t<div class=\"elementor-widget-wrap elementor-element-populated\">\n\t\t\t\t\t\t<div class=\"elementor-element elementor-element-518494f elementor-tabs-view-horizontal elementor-widget elementor-widget-tabs\" data-id=\"518494f\" data-element_type=\"widget\" data-e-type=\"widget\" data-widget_type=\"tabs.default\">\n\t\t\t\t<div class=\"elementor-widget-container\">\n\t\t\t\t\t\t\t<div class=\"elementor-tabs\">\n\t\t\t<div class=\"elementor-tabs-wrapper\" role=\"tablist\" >\n\t\t\t\t\t\t\t\t\t<div id=\"elementor-tab-title-8541\" class=\"elementor-tab-title elementor-tab-desktop-title\" aria-selected=\"true\" data-tab=\"1\" role=\"tab\" tabindex=\"0\" aria-controls=\"elementor-tab-content-8541\" aria-expanded=\"false\">2024-2025<\/div>\n\t\t\t\t\t\t\t\t\t<div id=\"elementor-tab-title-8542\" class=\"elementor-tab-title elementor-tab-desktop-title\" aria-selected=\"false\" data-tab=\"2\" role=\"tab\" tabindex=\"-1\" aria-controls=\"elementor-tab-content-8542\" aria-expanded=\"false\">2022-2016  <\/div>\n\t\t\t\t\t\t\t\t\t<div id=\"elementor-tab-title-8543\" class=\"elementor-tab-title elementor-tab-desktop-title\" aria-selected=\"false\" data-tab=\"3\" role=\"tab\" tabindex=\"-1\" aria-controls=\"elementor-tab-content-8543\" aria-expanded=\"false\">2015<\/div>\n\t\t\t\t\t\t\t\t\t<div id=\"elementor-tab-title-8544\" class=\"elementor-tab-title elementor-tab-desktop-title\" aria-selected=\"false\" data-tab=\"4\" role=\"tab\" tabindex=\"-1\" aria-controls=\"elementor-tab-content-8544\" aria-expanded=\"false\">2014<\/div>\n\t\t\t\t\t\t\t\t\t<div id=\"elementor-tab-title-8545\" class=\"elementor-tab-title elementor-tab-desktop-title\" aria-selected=\"false\" data-tab=\"5\" role=\"tab\" tabindex=\"-1\" aria-controls=\"elementor-tab-content-8545\" aria-expanded=\"false\">2013-2009<\/div>\n\t\t\t\t\t\t\t<\/div>\n\t\t\t<div class=\"elementor-tabs-content-wrapper\" role=\"tablist\" aria-orientation=\"vertical\">\n\t\t\t\t\t\t\t\t\t<div class=\"elementor-tab-title elementor-tab-mobile-title\" aria-selected=\"true\" data-tab=\"1\" role=\"tab\" tabindex=\"0\" aria-controls=\"elementor-tab-content-8541\" aria-expanded=\"false\">2024-2025<\/div>\n\t\t\t\t\t<div id=\"elementor-tab-content-8541\" class=\"elementor-tab-content elementor-clearfix\" data-tab=\"1\" role=\"tabpanel\" aria-labelledby=\"elementor-tab-title-8541\" tabindex=\"0\" hidden=\"false\"><p>21-23 de octubre de 2025 Hongwei particip\u00f3 en la Exposici\u00f3n Internacional de Herramientas de Hardware de Taiw\u00e1n x Feria de la Industria del Hardware (TiTE x IHT)<\/p>\n<p>2025.09.10-12 Acer particip\u00f3 en la Exposici\u00f3n Internacional de Semiconductores SEMICON de Taiw\u00e1n<\/p>\n<p>2025.04.23-26 Hongwei particip\u00f3 en TAIPEI AMPA Taipei International Auto Parts Show<\/p>\n<p>2025.03.03-08 Hongwei particip\u00f3 en la Feria Internacional de M\u00e1quinas Herramientas TIMTOS Taipei<\/p>\n<p>2024.10.23-25 \u200b\u200bHongwei particip\u00f3 en la Exposici\u00f3n Internacional de la Industria de PCB de Taiw\u00e1n TPCA SHOW<\/p>\n<p>2024.07.04-08 Hongwei particip\u00f3 en la Exposici\u00f3n de la Industria de Automatizaci\u00f3n de Taichung<\/p>\n<p>2024.06.05-07 Hongwei particip\u00f3 en la Exposici\u00f3n Internacional de Sujetadores de Taiw\u00e1n<\/p>\n<p>27-31 de marzo de 2024 Hongwei particip\u00f3 en la Feria Internacional de M\u00e1quinas Herramientas TMTS<\/p>\n<\/div>\n\t\t\t\t\t\t\t\t\t<div class=\"elementor-tab-title elementor-tab-mobile-title\" aria-selected=\"false\" data-tab=\"2\" role=\"tab\" tabindex=\"-1\" aria-controls=\"elementor-tab-content-8542\" aria-expanded=\"false\">2022-2016  <\/div>\n\t\t\t\t\t<div id=\"elementor-tab-content-8542\" class=\"elementor-tab-content elementor-clearfix\" data-tab=\"2\" role=\"tabpanel\" aria-labelledby=\"elementor-tab-title-8542\" tabindex=\"0\" hidden=\"hidden\"><p>Del 19 al 21 de octubre de 2022, Honway particip\u00f3 en la Exposici\u00f3n de Materiales Met\u00e1licos y Equipos de Procesamiento de Precisi\u00f3n de Taiw\u00e1n 2022.<\/p>\n<p>El 03 de febrero de 2022, Honway Industrial comenz\u00f3 a recibir reservas a trav\u00e9s de su p\u00e1gina oficial de Facebook. Por favor,<a href=\"https:\/\/www.facebook.com\/honwaygroup\/\" rel=\"nofollow noopener\" target=\"_blank\"> haga clic para agendar su cita.<\/a><\/p>\n<p>Del 15 al 17 de agosto de 2019, Honway particip\u00f3 en la Exposici\u00f3n Internacional de Aeroespacial y Defensa de Taip\u00e9i 2019.<\/p>\n<p>Del 10 al 12 de abril de 2018, Honway particip\u00f3 en la 5.\u00aa Exposici\u00f3n Internacional de Sujetadores de Taiw\u00e1n.<\/p>\n<p>Del 17 al 19 de agosto de 2017, Honway particip\u00f3 en la Exposici\u00f3n Internacional de Aeroespacial y Defensa de Taip\u00e9i 2017.<\/p>\n<p>Del 21 al 24 de junio de 2017, Honway particip\u00f3 en la Exposici\u00f3n Internacional de Manufactura Automotriz de Tailandia 2017.<\/p>\n<p>En julio de 2016, Honway Industrial Co., Ltd. traslad\u00f3 su direcci\u00f3n a: <a href=\"https:\/\/www.google.com\/maps\/place\/%E5%AE%8F%E5%B4%B4%E5%AF%A6%E6%A5%AD%E6%9C%89%E9%99%90%E5%85%AC%E5%8F%B8+HonWay+Materials+Co.,+Ltd.\/@22.628953,120.313857,17z\/data=!3m2!4b1!5s0x346e04915a270cfd:0xbf03da77f990b3!4m5!3m4!1s0x346e04c4af24f5af:0xf5793b79152f4cb4!8m2!3d22.628953!4d120.313857\" rel=\"nofollow noopener\" target=\"_blank\">Piso 8-8, No. 206, 1.\u00aa Calle Guanghua, Distrito Lingya, 802 Kaohsiung, Taiw\u00e1n.<\/a><\/p>\n<p>Del 11 al 13 de abril de 2016, Honway particip\u00f3 en la 4.\u00aa Exposici\u00f3n Internacional de Sujetadores de Taiw\u00e1n.<\/p>\n<\/div>\n\t\t\t\t\t\t\t\t\t<div class=\"elementor-tab-title elementor-tab-mobile-title\" aria-selected=\"false\" data-tab=\"3\" role=\"tab\" tabindex=\"-1\" aria-controls=\"elementor-tab-content-8543\" aria-expanded=\"false\">2015<\/div>\n\t\t\t\t\t<div id=\"elementor-tab-content-8543\" class=\"elementor-tab-content elementor-clearfix\" data-tab=\"3\" role=\"tabpanel\" aria-labelledby=\"elementor-tab-title-8543\" tabindex=\"0\" hidden=\"hidden\"><p>El 30 de noviembre, la pasta de diamante policristalino de Honway se incorpor\u00f3 con \u00e9xito en el pulido y lijado de carcasas de tel\u00e9fonos m\u00f3viles 3C.<\/p>\n<p>El 18 de noviembre, la pasta de diamante policristalino de Honway se incorpor\u00f3 con \u00e9xito en empresas del sector \u00f3ptico.<\/p>\n<p>El 11 de noviembre, durante la venta del D\u00eda de los Solteros en el sitio web de promociones, la pasta de diamante de Honway se ofreci\u00f3 en promoci\u00f3n de compra 1 y ll\u00e9vate 1 gratis.<\/p>\n<p>El 22 de octubre, se liquid\u00f3 la pasta de diamante monocrystalline de f\u00f3rmula antigua. \u00a1La nueva generaci\u00f3n de pasta de diamante ofrece mayor capacidad de corte y mejor acabado superficial!<\/p>\n<p>El 17 de septiembre, \u00a1se lanz\u00f3 oficialmente el cepillo de diamante para joyer\u00eda con mango de 3 mm! Durante el per\u00edodo de promoci\u00f3n, por la compra de diez unidades, \u00a1reciba una gratis! <\/p>\n<p>El 11 de septiembre, Honway se registr\u00f3 oficialmente en su sitio web m\u00f3vil de LINE, ofreciendo servicio de atenci\u00f3n al cliente en tiempo real. Agregue como amigo con el ID: <a href=\"https:\/\/page.line.me\/kob3665o\" rel=\"nofollow noopener\" target=\"_blank\">@honway.<\/a><\/p>\n<p>El 27 de agosto, se public\u00f3 en el bolet\u00edn electr\u00f3nico de optoelectr\u00f3nica y semiconductores del United Daily News Finance; consulte el art\u00edculo completo: \u00a1la pasta de diamante policristalino de Honway, una herramienta eficaz para el pulido de moldes, <a href=\"http:\/\/money.udn.com\/money\/story\/5735\/1150039?fb_action_ids=557801577706772&amp;fb_action_types=og.comments\" rel=\"nofollow noopener\" target=\"_blank\">haga clic aqu\u00ed!<\/a><\/p>\n<p>Del 26 al 28 de agosto, Honway particip\u00f3 en la Exposici\u00f3n Touch Taiwan 2015 de Paneles T\u00e1ctiles y Membranas \u00d3pticas (Centro de Exposiciones Nangang, Taipei, 1.er piso), en el stand I428.<\/p>\n<p>Del 13 al 16 de agosto, Honway particip\u00f3 en la Exposici\u00f3n Internacional de Aeroespacial y Defensa de Taip\u00e9i 2015. Para obtener informaci\u00f3n sobre las empresas participantes, <a href=\"https:\/\/www.tadte.com.tw\/zh_TW\/exh\/info.html?id=2BEF6354F67FE1E9D0636733C6861689\" rel=\"nofollow noopener\" target=\"_blank\">haga clic aqu\u00ed.<\/a><\/p>\n<p>El 12 de agosto, se public\u00f3 en el bolet\u00edn electr\u00f3nico del sector de automatizaci\u00f3n del United Daily News Finance. Consulte el art\u00edculo completo: \u00a1los cepillos de diamante de Honway, un gran avance en molienda y pulido, <a href=\"http:\/\/money.udn.com\/money\/story\/5639\/1117568?f=lineshare\" rel=\"nofollow noopener\" target=\"_blank\">haga clic aqu\u00ed!<\/a><\/p>\n<p>El 4 de agosto, se colabor\u00f3 con proveedores en la investigaci\u00f3n y desarrollo de blancos de aleaci\u00f3n de litio y silicio, destinados a ser utilizados como material de \u00e1nodo en bater\u00edas.<\/p>\n<p>El 20 de julio, Honway lanz\u00f3 un exclusivo reloj de arena con cielo estrellado de diamantes para el D\u00eda de San Valent\u00edn.<\/p>\n<p>El 3 de junio, se public\u00f3 en el bolet\u00edn electr\u00f3nico de instrumentaci\u00f3n y qu\u00edmica del United Daily News Finance. Para consultar el art\u00edculo completo, <a href=\"http:\/\/money.udn.com\/money\/story\/7369\/933746-%E5%AE%8F%E5%B4%B4-%E9%AB%98%E5%93%81%E8%B3%AA%E7%89%B9%E6%AE%8A%E5%8E%9F%E7%89%A9%E6%96%99%E5%B0%88%E5%AE%B6\" rel=\"nofollow noopener\" target=\"_blank\">haga clic aqu\u00ed.<\/a><\/p>\n<p>Del 27 al 29 de mayo, Honway particip\u00f3 en la Exposici\u00f3n Internacional y de la Industria Qu\u00edmica de Kaohsiung 2015 (Centro de Exposiciones de Kaohsiung), en el stand S405 (Pabell\u00f3n Sur).<\/p>\n<p>Del 17 al 21 de abril, Honway particip\u00f3 en la Exposici\u00f3n de Automatizaci\u00f3n Industrial de Kaohsiung 2015 (Centro de Exposiciones de Kaohsiung), en el stand N5014 (Pabell\u00f3n Norte).<\/p>\n<p>El 11 de febrero de 2015, el Economic Daily News, en su suplemento de automatizaci\u00f3n n\u00famero 3, public\u00f3 un art\u00edculo sobre los materiales superduros de Honway.<\/p>\n<p>El 15 de enero, naci\u00f3 la mascota de Honway, \u00abZuan Bao Bao\u00bb.<\/p>\n<\/div>\n\t\t\t\t\t\t\t\t\t<div class=\"elementor-tab-title elementor-tab-mobile-title\" aria-selected=\"false\" data-tab=\"4\" role=\"tab\" tabindex=\"-1\" aria-controls=\"elementor-tab-content-8544\" aria-expanded=\"false\">2014<\/div>\n\t\t\t\t\t<div id=\"elementor-tab-content-8544\" class=\"elementor-tab-content elementor-clearfix\" data-tab=\"4\" role=\"tabpanel\" aria-labelledby=\"elementor-tab-title-8544\" tabindex=\"0\" hidden=\"hidden\"><p>El 15 de noviembre, se logr\u00f3 promover la pasta de diamante policristalino a un precio razonable en la industria de moldes tradicional.<\/p>\n<p>El 12 de noviembre, Honway Industrial celebr\u00f3 su primer aniversario desde su fundaci\u00f3n.<\/p>\n<p>El 5 de noviembre, Honway Industrial colabor\u00f3 con el presidente Lin de First Nano Technology en el desarrollo de aceite de motor con diamantes nano a\u00f1adidos, logrando reducir dep\u00f3sitos de carbono, disminuir el consumo de combustible y aumentar la potencia y el torque.<\/p>\n<p>El 16 de septiembre, se present\u00f3 un nuevo producto: cepillo de nylon con diamante, dise\u00f1ado para el pulido y lijado de materiales superduros de formas irregulares.<\/p>\n<p>Del 27 al 30 de agosto, Honway particip\u00f3 en la 20.\u00aa Exposici\u00f3n Internacional de Moldes y Equipos de Fabricaci\u00f3n de Moldes de Taip\u00e9i 2014, en el stand L1003-1.<\/p>\n<p>El 17 de julio, Honway Industrial Co., Ltd. traslad\u00f3 oficialmente su direcci\u00f3n a: Piso 9-5, No. 110, 4.\u00aa Calle Sanduo, Distrito Lingya, 802 Kaohsiung, Taiw\u00e1n.<\/p>\n<p>El 30 de junio, se termin\u00f3 la relaci\u00f3n de agencia con Hongyu Precision.<\/p>\n<\/div>\n\t\t\t\t\t\t\t\t\t<div class=\"elementor-tab-title elementor-tab-mobile-title\" aria-selected=\"false\" data-tab=\"5\" role=\"tab\" tabindex=\"-1\" aria-controls=\"elementor-tab-content-8545\" aria-expanded=\"false\">2013-2009<\/div>\n\t\t\t\t\t<div id=\"elementor-tab-content-8545\" class=\"elementor-tab-content elementor-clearfix\" data-tab=\"5\" role=\"tabpanel\" aria-labelledby=\"elementor-tab-title-8545\" tabindex=\"0\" hidden=\"hidden\"><p>El 12 de noviembre de 2013, Zhu Hongyou registr\u00f3 oficialmente la fundaci\u00f3n de Honway Industrial Co., Ltd.<\/p>\n<p>En junio de 2012, el exgerente general de United Abrasives dej\u00f3 oficialmente la empresa. Desde entonces, United Abrasives carece de capacidad propia de investigaci\u00f3n y desarrollo y de f\u00e1brica, convirti\u00e9ndose \u00fanicamente en una empresa comercial.<\/p>\n<p>En 2011, se colabor\u00f3 con Jingmei en el desarrollo de materiales tecnol\u00f3gicos para una serie de productos cosm\u00e9ticos.<\/p>\n<p>En 2011, se desarroll\u00f3 con \u00e9xito un nuevo tipo de pasta de diamante, con mayor eficiencia de corte, menor consumo y aplicable en la vida cotidiana, generando gran inter\u00e9s en el mercado.<\/p>\n<p>En 2010, recibi\u00f3 entrevistas especiales de medios como Commercial Times y China Times.<\/p>\n<p>En 2010, fue invitado a participar en la cena de l\u00edderes de \u00e9lite tecnol\u00f3gica<strong>.<\/strong><\/p>\n<p>En 2009, fue invitado a participar en la SEMICON Taiwan 2010, la Exposici\u00f3n Internacional de Semiconductores.<\/p>\n<\/div>\n\t\t\t\t\t\t\t<\/div>\n\t\t<\/div>\n\t\t\t\t\t\t<\/div>\n\t\t\t\t<\/div>\n\t\t\t\t\t<\/div>\n\t\t<\/div>\n\t\t\t\t\t<\/div>\n\t\t<\/section>\n\t\t\t\t<\/div>\n\t\t","protected":false},"excerpt":{"rendered":"<p>2024-2025 2022-2016 2015 2014 2013-2009 2024-2025 21-23 de octubre de 2025 Hongwei particip\u00f3 en la Exposici\u00f3n Internacional de Herramientas de [&hellip;]<\/p>\n","protected":false},"author":1,"featured_media":0,"parent":123035,"menu_order":0,"comment_status":"closed","ping_status":"closed","template":"","meta":{"site-sidebar-layout":"default","site-content-layout":"default","ast-site-content-layout":"default","site-content-style":"default","site-sidebar-style":"default","ast-global-header-display":"","ast-banner-title-visibility":"","ast-main-header-display":"","ast-hfb-above-header-display":"","ast-hfb-below-header-display":"","ast-hfb-mobile-header-display":"","site-post-title":"","ast-breadcrumbs-content":"","ast-featured-img":"","footer-sml-layout":"","ast-disable-related-posts":"","theme-transparent-header-meta":"default","adv-header-id-meta":"","stick-header-meta":"default","header-above-stick-meta":"","header-main-stick-meta":"","header-below-stick-meta":"","astra-migrate-meta-layouts":"default","ast-page-background-enabled":"default","ast-page-background-meta":{"desktop":{"background-color":"var(--ast-global-color-5)","background-image":"","background-repeat":"repeat","background-position":"center center","background-size":"auto","background-attachment":"scroll","background-type":"","background-media":"","overlay-type":"","overlay-color":"","overlay-opacity":"","overlay-gradient":""},"tablet":{"background-color":"","background-image":"","background-repeat":"repeat","background-position":"center center","background-size":"auto","background-attachment":"scroll","background-type":"","background-media":"","overlay-type":"","overlay-color":"","overlay-opacity":"","overlay-gradient":""},"mobile":{"background-color":"","background-image":"","background-repeat":"repeat","background-position":"center center","background-size":"auto","background-attachment":"scroll","background-type":"","background-media":"","overlay-type":"","overlay-color":"","overlay-opacity":"","overlay-gradient":""}},"ast-content-background-meta":{"desktop":{"background-color":"var(--ast-global-color-4)","background-image":"","background-repeat":"repeat","background-position":"center center","background-size":"auto","background-attachment":"scroll","background-type":"","background-media":"","overlay-type":"","overlay-color":"","overlay-opacity":"","overlay-gradient":""},"tablet":{"background-color":"var(--ast-global-color-4)","background-image":"","background-repeat":"repeat","background-position":"center center","background-size":"auto","background-attachment":"scroll","background-type":"","background-media":"","overlay-type":"","overlay-color":"","overlay-opacity":"","overlay-gradient":""},"mobile":{"background-color":"var(--ast-global-color-4)","background-image":"","background-repeat":"repeat","background-position":"center center","background-size":"auto","background-attachment":"scroll","background-type":"","background-media":"","overlay-type":"","overlay-color":"","overlay-opacity":"","overlay-gradient":""}},"footnotes":""},"class_list":["post-123236","page","type-page","status-publish","hentry"],"_links":{"self":[{"href":"https:\/\/honwaygroup.com\/es\/wp-json\/wp\/v2\/pages\/123236","targetHints":{"allow":["GET"]}}],"collection":[{"href":"https:\/\/honwaygroup.com\/es\/wp-json\/wp\/v2\/pages"}],"about":[{"href":"https:\/\/honwaygroup.com\/es\/wp-json\/wp\/v2\/types\/page"}],"author":[{"embeddable":true,"href":"https:\/\/honwaygroup.com\/es\/wp-json\/wp\/v2\/users\/1"}],"replies":[{"embeddable":true,"href":"https:\/\/honwaygroup.com\/es\/wp-json\/wp\/v2\/comments?post=123236"}],"version-history":[{"count":0,"href":"https:\/\/honwaygroup.com\/es\/wp-json\/wp\/v2\/pages\/123236\/revisions"}],"up":[{"embeddable":true,"href":"https:\/\/honwaygroup.com\/es\/wp-json\/wp\/v2\/pages\/123035"}],"wp:attachment":[{"href":"https:\/\/honwaygroup.com\/es\/wp-json\/wp\/v2\/media?parent=123236"}],"curies":[{"name":"wp","href":"https:\/\/api.w.org\/{rel}","templated":true}]}}