{"id":123060,"date":"2021-02-04T11:23:43","date_gmt":"2021-02-04T03:23:43","guid":{"rendered":"https:\/\/honwaygroup.com\/proteccion-de-datos-personales\/"},"modified":"2025-08-25T13:42:04","modified_gmt":"2025-08-25T05:42:04","slug":"proteccion-de-datos-personales","status":"publish","type":"page","link":"https:\/\/honwaygroup.com\/es\/proteccion-de-datos-personales\/","title":{"rendered":"Protecci\u00f3n de Datos Personales"},"content":{"rendered":"\t\t<div data-elementor-type=\"wp-page\" data-elementor-id=\"123060\" class=\"elementor elementor-123060 elementor-8657\" data-elementor-post-type=\"page\">\n\t\t\t\t\t\t<section class=\"elementor-section elementor-top-section elementor-element elementor-element-2812e527 elementor-section-boxed elementor-section-height-default elementor-section-height-default\" data-id=\"2812e527\" data-element_type=\"section\" data-e-type=\"section\">\n\t\t\t\t\t\t<div class=\"elementor-container elementor-column-gap-default\">\n\t\t\t\t\t<div class=\"elementor-column elementor-col-100 elementor-top-column elementor-element elementor-element-68d52251\" data-id=\"68d52251\" data-element_type=\"column\" data-e-type=\"column\">\n\t\t\t<div class=\"elementor-widget-wrap elementor-element-populated\">\n\t\t\t\t\t\t<div class=\"elementor-element elementor-element-46cc4a56 elementor-widget elementor-widget-text-editor\" data-id=\"46cc4a56\" data-element_type=\"widget\" data-e-type=\"widget\" data-widget_type=\"text-editor.default\">\n\t\t\t\t<div class=\"elementor-widget-container\">\n\t\t\t\t\t\t\t\t\t\n<div class=\"wp-block-jetpack-markdown\">\n<p>La Compa\u00f1\u00eda concede gran importancia a su privacidad. Para proteger la seguridad de su informaci\u00f3n personal, nos regimos por la Ley de Protecci\u00f3n de Datos Personales (en adelante, la \u00abLey de Protecci\u00f3n de Datos Personales\u00bb) y le informamos sobre sus derechos e intereses para que podamos obtener su consentimiento para que la Compa\u00f1\u00eda recopile, procese y utilice la informaci\u00f3n personal que nos proporcione.<\/p>\n<p>1. Finalidad de la Recolecci\u00f3n: La Compa\u00f1\u00eda recolecta, procesa y utiliza los datos personales que usted proporciona de conformidad con lo dispuesto en la Ley de Protecci\u00f3n de Informaci\u00f3n Personal para fines de educaci\u00f3n, servicios de consultor\u00eda y asesor\u00eda, y dem\u00e1s operaciones que sean consistentes con los rubros de registro mercantil o art\u00edculos organizacionales, as\u00ed como para fines de mercadeo, gesti\u00f3n de clientes, encuestas y an\u00e1lisis estad\u00edsticos, y manejo de informaci\u00f3n y bases de datos.<\/p>\n<p>2. Categor\u00edas de Datos Personales:<\/p>\n<ol>\n<li>Informaci\u00f3n b\u00e1sica (incluyendo pero no limitado a: nombre, n\u00famero de identificaci\u00f3n, direcci\u00f3n, informaci\u00f3n de contacto, etc.).<\/li>\n<li>Caracter\u00edsticas personales (incluyendo pero no limitado a: edad, g\u00e9nero, fecha de nacimiento, etc.).<\/li>\n<li>Informaci\u00f3n relacionada con la educaci\u00f3n (incluyendo, entre otros: escuela a la que asisti\u00f3, proceso de aprendizaje o registros de ex\u00e1menes, etc.).<\/li>\n<li>Informaci\u00f3n financiera (incluyendo, entre otros, informaci\u00f3n de tarjetas de cr\u00e9dito o cuentas, etc.).<\/li>\n<\/ol>\n<p>3. Periodo, \u00e1mbito, objetos y modalidad de utilizaci\u00f3n de los datos personales:<\/p>\n<ol>\n<li>Cuando utilice este servicio, la Compa\u00f1\u00eda le proporcionar\u00e1 informaci\u00f3n relevante a trav\u00e9s de boletines, correos electr\u00f3nicos, correos postales, tel\u00e9fono, etc.<\/li>\n<li>Utilizamos el contenido que navega para realizar operaciones personalizadas o an\u00e1lisis de servicios basados \u200b\u200ben sus atributos personales, historial de compras o historial de navegaci\u00f3n web, con fines como marketing de nuevos servicios, actualizaciones de sistemas, desarrollo de productos (servicios), investigaci\u00f3n acad\u00e9mica, publicidad personalizada, evaluaci\u00f3n de la eficacia publicitaria, an\u00e1lisis de estudios de mercado o mejora de los servicios existentes. Tambi\u00e9n podemos ponernos en contacto con usted en relaci\u00f3n con sus comentarios en encuestas, eventos, foros de mensajes y otros asuntos relacionados con el servicio.<\/li>\n<li>Al utilizar este servicio, el nombre del miembro se mostrar\u00e1 autom\u00e1ticamente en la p\u00e1gina web y se proporcionar\u00e1n investigaciones an\u00f3nimas o informes de datos de miembros internos y externos para mejorar los servicios de la empresa y satisfacer sus requisitos de productos y servicios.<\/li>\n<li>La Compa\u00f1\u00eda recopilar\u00e1, almacenar\u00e1, procesar\u00e1, transmitir\u00e1 y utilizar\u00e1 los datos personales que usted proporcione al utilizar este servicio dentro de los prop\u00f3sitos, m\u00e9todos y alcances mencionados anteriormente, y utilizar\u00e1 sus datos personales de conformidad con la ley dentro del territorio de la Rep\u00fablica de China durante las operaciones de la Compa\u00f1\u00eda.<\/li>\n<\/ol>\n<p>4. Confidencialidad y seguridad de los datos: La empresa tiene regulaciones estrictas sobre el acceso de los empleados a su informaci\u00f3n personal y cumple con los requisitos legales para proteger la seguridad de su informaci\u00f3n personal.<\/p>\n<p>5. Derechos y modalidades de ejercicio de los derechos previstos en el art\u00edculo 3 de la Ley de Protecci\u00f3n de Datos Personales:<\/p>\n<ol>\n<li>Despu\u00e9s de usar nuestros servicios, puede solicitarnos que consultemos, leamos, corrijamos y eliminemos la informaci\u00f3n que ha conservado. Si su solicitud afecta el cumplimiento de los fines mencionados, nuestra empresa podr\u00e1 restringir o cancelar su membres\u00eda, y podr\u00e1 solicitarle el pago de los costos necesarios para su consulta, lectura o copia.<\/li>\n<li>Si se niega a proporcionar la informaci\u00f3n necesaria para utilizar este servicio, es posible que no pueda utilizarlo.<\/li>\n<\/ol>\n<p>\u203bCondiciones especiales de negociaci\u00f3n:<\/p>\n<p style=\"padding-left: 40px;\">(1) Para ayudar a la Compa\u00f1\u00eda a lograr el prop\u00f3sito del punto (1) del art\u00edculo anterior, la Compa\u00f1\u00eda puede proporcionar, divulgar o transferir la informaci\u00f3n personal que usted proporcione a trav\u00e9s de este servicio a sus compa\u00f1\u00edas afiliadas o terceros colaboradores (incluidos, entre otros, distribuidores) para su recopilaci\u00f3n, procesamiento y uso.<\/p>\n<p style=\"padding-left: 40px;\">(2) Proporcionar, divulgar o transferir su informaci\u00f3n personal a nuestras filiales o terceros con fines de marketing o promoci\u00f3n de otras empresas, productos o servicios, para su recopilaci\u00f3n, procesamiento y uso. Nota: Incluso si ha dado su consentimiento para los dos puntos anteriores, puede notificarnos por escrito en cualquier momento que desea dejar de proporcionar, divulgar o transferir su informaci\u00f3n personal. (Cont\u00e1ctenos llamando al <a href=\"tel:+886-7-2231058\">+886-7-2231058<\/a> o enviando su solicitud por correo electr\u00f3nico a <a href=\"mailto:service@honwaygroup.com\">service@honwaygroup.com<\/a>).<\/p>\n<p style=\"padding-left: 40px;\">(3) Si no acepta los t\u00e9rminos anteriores, afectar\u00e1 su capacidad de obtener inmediatamente la informaci\u00f3n relacionada con el Servicio de las compa\u00f1\u00edas afiliadas o terceros que ayudan a la Compa\u00f1\u00eda a lograr los elementos anteriores (1) y afectar\u00e1 su capacidad de obtener el marketing y promoci\u00f3n de otros negocios, productos (servicios) de las compa\u00f1\u00edas afiliadas o terceros que cooperan con la Compa\u00f1\u00eda.<\/p>\n<\/div>\n\n<p> <\/p>\n\t\t\t\t\t\t\t\t<\/div>\n\t\t\t\t<\/div>\n\t\t\t\t\t<\/div>\n\t\t<\/div>\n\t\t\t\t\t<\/div>\n\t\t<\/section>\n\t\t\t\t<\/div>\n\t\t","protected":false},"excerpt":{"rendered":"<p>La Compa\u00f1\u00eda concede gran importancia a su privacidad. Para proteger la seguridad de su informaci\u00f3n personal, nos regimos por la [&hellip;]<\/p>\n","protected":false},"author":1,"featured_media":0,"parent":0,"menu_order":0,"comment_status":"closed","ping_status":"closed","template":"","meta":{"site-sidebar-layout":"default","site-content-layout":"default","ast-site-content-layout":"default","site-content-style":"default","site-sidebar-style":"default","ast-global-header-display":"","ast-banner-title-visibility":"","ast-main-header-display":"","ast-hfb-above-header-display":"","ast-hfb-below-header-display":"","ast-hfb-mobile-header-display":"","site-post-title":"","ast-breadcrumbs-content":"","ast-featured-img":"","footer-sml-layout":"","ast-disable-related-posts":"","theme-transparent-header-meta":"default","adv-header-id-meta":"","stick-header-meta":"default","header-above-stick-meta":"","header-main-stick-meta":"","header-below-stick-meta":"","astra-migrate-meta-layouts":"default","ast-page-background-enabled":"default","ast-page-background-meta":{"desktop":{"background-color":"var(--ast-global-color-5)","background-image":"","background-repeat":"repeat","background-position":"center center","background-size":"auto","background-attachment":"scroll","background-type":"","background-media":"","overlay-type":"","overlay-color":"","overlay-opacity":"","overlay-gradient":""},"tablet":{"background-color":"","background-image":"","background-repeat":"repeat","background-position":"center center","background-size":"auto","background-attachment":"scroll","background-type":"","background-media":"","overlay-type":"","overlay-color":"","overlay-opacity":"","overlay-gradient":""},"mobile":{"background-color":"","background-image":"","background-repeat":"repeat","background-position":"center center","background-size":"auto","background-attachment":"scroll","background-type":"","background-media":"","overlay-type":"","overlay-color":"","overlay-opacity":"","overlay-gradient":""}},"ast-content-background-meta":{"desktop":{"background-color":"var(--ast-global-color-4)","background-image":"","background-repeat":"repeat","background-position":"center center","background-size":"auto","background-attachment":"scroll","background-type":"","background-media":"","overlay-type":"","overlay-color":"","overlay-opacity":"","overlay-gradient":""},"tablet":{"background-color":"var(--ast-global-color-4)","background-image":"","background-repeat":"repeat","background-position":"center center","background-size":"auto","background-attachment":"scroll","background-type":"","background-media":"","overlay-type":"","overlay-color":"","overlay-opacity":"","overlay-gradient":""},"mobile":{"background-color":"var(--ast-global-color-4)","background-image":"","background-repeat":"repeat","background-position":"center center","background-size":"auto","background-attachment":"scroll","background-type":"","background-media":"","overlay-type":"","overlay-color":"","overlay-opacity":"","overlay-gradient":""}},"footnotes":""},"class_list":["post-123060","page","type-page","status-publish","hentry"],"_links":{"self":[{"href":"https:\/\/honwaygroup.com\/es\/wp-json\/wp\/v2\/pages\/123060","targetHints":{"allow":["GET"]}}],"collection":[{"href":"https:\/\/honwaygroup.com\/es\/wp-json\/wp\/v2\/pages"}],"about":[{"href":"https:\/\/honwaygroup.com\/es\/wp-json\/wp\/v2\/types\/page"}],"author":[{"embeddable":true,"href":"https:\/\/honwaygroup.com\/es\/wp-json\/wp\/v2\/users\/1"}],"replies":[{"embeddable":true,"href":"https:\/\/honwaygroup.com\/es\/wp-json\/wp\/v2\/comments?post=123060"}],"version-history":[{"count":0,"href":"https:\/\/honwaygroup.com\/es\/wp-json\/wp\/v2\/pages\/123060\/revisions"}],"wp:attachment":[{"href":"https:\/\/honwaygroup.com\/es\/wp-json\/wp\/v2\/media?parent=123060"}],"curies":[{"name":"wp","href":"https:\/\/api.w.org\/{rel}","templated":true}]}}