{"id":28848,"date":"2021-01-18T18:07:28","date_gmt":"2021-01-18T10:07:28","guid":{"rendered":"https:\/\/honwaygroup.com\/?product=u-lap-50-brush-handpiece-high-speed-type"},"modified":"2025-06-02T14:59:51","modified_gmt":"2025-06-02T06:59:51","slug":"u-lap-50-brush-handpiece-high-speed-type","status":"publish","type":"product","link":"https:\/\/honwaygroup.com\/en\/product\/u-lap-50-brush-handpiece-high-speed-type\/","title":{"rendered":"U-LAP 35 Brush Handpiece \/ High Speed Type"},"content":{"rendered":"<h1>U-LAP 35 Brush Handpiece \/ High Speed Type<\/h1>\n<p>Replaceable collet: Standard collet \u00d83mm, optional \u00d82.34mm or \u00d83.175mm collet available<\/p>\n<h2>Product specifications:<\/h2>\n<table class=\"specTable\" width=\"100%\">\n<tbody>\n<tr>\n<th width=\"50%\">Number<\/th>\n<th>U-Lap 50<\/th>\n<\/tr>\n<tr>\n<td>Speed<\/td>\n<td>40,000 rpm<\/td>\n<\/tr>\n<tr>\n<td>Torque<\/td>\n<td>4.5 Ncm<\/td>\n<\/tr>\n<tr>\n<td>Weight<\/td>\n<td>260g<\/td>\n<\/tr>\n<tr>\n<td>Size<\/td>\n<td>\u00d829x153mm<\/td>\n<\/tr>\n<\/tbody>\n<\/table>\n<h2><strong>Applicable power supply:<\/strong><\/h2>\n<div class=\"resCol4 center\">\n<p><strong><span style=\"font-size: 16px\"><br \/>\nAP-200<\/span><\/strong><\/p>\n<p><a href=\"https:\/\/honwaygroup.com\/wp-content\/uploads\/2022\/11\/AR-200-300x300.png\"><img fetchpriority=\"high\" decoding=\"async\" class=\"alignnone size-medium wp-image-28582\" src=\"https:\/\/honwaygroup.com\/wp-content\/uploads\/2022\/11\/AR-200-300x300.png\" alt=\"\" width=\"300\" height=\"300\"><\/a><\/p>\n<p><strong><span style=\"font-size: 16px\">AR-600<\/span><\/strong><\/p>\n<p><a href=\"https:\/\/honwaygroup.com\/wp-content\/uploads\/2022\/11\/AR-600-1-300x300.png\"><img decoding=\"async\" class=\"alignnone size-medium wp-image-28578\" src=\"https:\/\/honwaygroup.com\/wp-content\/uploads\/2022\/11\/AR-600-1-300x300.png\" alt=\"\" width=\"300\" height=\"300\"><\/a><\/p>\n<p><strong><span style=\"font-size: 16px\">AR-600(E)<\/span><\/strong><\/p>\n<p><a href=\"https:\/\/honwaygroup.com\/wp-content\/uploads\/2022\/11\/AR-600E-300x300.png\"><img decoding=\"async\" class=\"alignnone size-medium wp-image-28563\" src=\"https:\/\/honwaygroup.com\/wp-content\/uploads\/2022\/11\/AR-600E-300x300.png\" alt=\"\" width=\"300\" height=\"300\"><\/a><\/p>\n<p><strong><span style=\"font-size: 16px\">AR-800<\/span><\/strong><\/p>\n<p><a href=\"https:\/\/honwaygroup.com\/wp-content\/uploads\/2022\/11\/AR-800-300x300.png\"><img loading=\"lazy\" decoding=\"async\" class=\"alignnone size-medium wp-image-28571\" src=\"https:\/\/honwaygroup.com\/wp-content\/uploads\/2022\/11\/AR-800-300x300.png\" alt=\"\" width=\"300\" height=\"300\"><\/a><\/p>\n<p><strong><span style=\"font-size: 16px\">HANDY-700<\/span><\/strong><\/p>\n<p><a href=\"https:\/\/honwaygroup.com\/wp-content\/uploads\/2022\/11\/HANDY-700-300x300.png\"><img loading=\"lazy\" decoding=\"async\" class=\"alignnone size-medium wp-image-28586\" src=\"https:\/\/honwaygroup.com\/wp-content\/uploads\/2022\/11\/HANDY-700-300x300.png\" alt=\"\" width=\"300\" height=\"300\"><\/a><\/p>\n<\/div>\n<h4><strong>Contents<\/strong><\/h4>\n<p><a href=\"https:\/\/honwaygroup.com\/wp-content\/uploads\/2021\/01\/1-1.avif\"><img loading=\"lazy\" decoding=\"async\" class=\"alignnone wp-image-7478 size-full\" src=\"https:\/\/honwaygroup.com\/wp-content\/uploads\/2021\/01\/1-1.avif\" alt=\"u-lap 50\" width=\"400\" height=\"88\" srcset=\"https:\/\/honwaygroup.com\/wp-content\/uploads\/2021\/01\/1-1.avif 400w, https:\/\/honwaygroup.com\/wp-content\/uploads\/2021\/01\/1-1-300x66.avif 300w\" sizes=\"(max-width: 400px) 100vw, 400px\" \/><\/a><\/p>\n<p>Any questions? <a href=\"https:\/\/honwaygroup.com\/en\/contact-honway\/\">Contact HonWay<\/a><\/p>\n","protected":false},"excerpt":{"rendered":"<p>Replaceable collet: Standard collet \u00d83mm, optional \u00d82.34mm or \u00d83.175mm collet available<\/p>\n<h5><strong><span style=\"color: #ff0000;font-size: 19.2px\">\u25b2 Please contact customer service for accessory purchases, <\/span><\/strong><strong><span style=\"color: #ff0000;font-size: 19.2px\">The shipping date is based on the time informed by customer service.<br \/><\/span><\/strong><\/h5>\n<h5><strong><span style=\"color: #ff0000;font-size: 19.2px\">\u25b2 <\/span><\/strong><strong><span style=\"color: #ff0000;font-size: 19.2px\">Preferential discounts can be enjoyed for large orders, please contact customer service.<\/span><\/strong><\/h5>\n<h5><strong><span style=\"color: #ff0000;font-size: 19.2px\">\u25b2<\/span><span style=\"color: #ff0000;font-size: 19.2px\">Taiwan <\/span><span style=\"color: #ff0000\">orders<\/span><span style=\"color: #ff0000;font-size: 19.2px\"> are shipped within approximately 7-14 days.<\/span><\/strong><\/h5>\n<h5><strong><span style=\"color: #ff0000;font-size: 19.2px\">\u25b2<\/span><span style=\"color: #ff0000\">Overseas orders are shipped within approximately 7-14 days. The actual delivery time depends on the courier company\u2019s delivery situation.<\/span><\/strong><\/h5>\n","protected":false},"featured_media":17656,"template":"","meta":{"site-sidebar-layout":"default","site-content-layout":"default","ast-site-content-layout":"default","site-content-style":"default","site-sidebar-style":"default","ast-global-header-display":"","ast-banner-title-visibility":"","ast-main-header-display":"","ast-hfb-above-header-display":"","ast-hfb-below-header-display":"","ast-hfb-mobile-header-display":"","site-post-title":"","ast-breadcrumbs-content":"","ast-featured-img":"","footer-sml-layout":"","ast-disable-related-posts":"","theme-transparent-header-meta":"default","adv-header-id-meta":"","stick-header-meta":"default","header-above-stick-meta":"","header-main-stick-meta":"","header-below-stick-meta":"","astra-migrate-meta-layouts":"default","ast-page-background-enabled":"default","ast-page-background-meta":{"desktop":{"background-color":"var(--ast-global-color-5)","background-image":"","background-repeat":"repeat","background-position":"center center","background-size":"auto","background-attachment":"scroll","background-type":"","background-media":"","overlay-type":"","overlay-color":"","overlay-opacity":"","overlay-gradient":""},"tablet":{"background-color":"","background-image":"","background-repeat":"repeat","background-position":"center center","background-size":"auto","background-attachment":"scroll","background-type":"","background-media":"","overlay-type":"","overlay-color":"","overlay-opacity":"","overlay-gradient":""},"mobile":{"background-color":"","background-image":"","background-repeat":"repeat","background-position":"center center","background-size":"auto","background-attachment":"scroll","background-type":"","background-media":"","overlay-type":"","overlay-color":"","overlay-opacity":"","overlay-gradient":""}},"ast-content-background-meta":{"desktop":{"background-color":"var(--ast-global-color-4)","background-image":"","background-repeat":"repeat","background-position":"center center","background-size":"auto","background-attachment":"scroll","background-type":"","background-media":"","overlay-type":"","overlay-color":"","overlay-opacity":"","overlay-gradient":""},"tablet":{"background-color":"var(--ast-global-color-4)","background-image":"","background-repeat":"repeat","background-position":"center center","background-size":"auto","background-attachment":"scroll","background-type":"","background-media":"","overlay-type":"","overlay-color":"","overlay-opacity":"","overlay-gradient":""},"mobile":{"background-color":"var(--ast-global-color-4)","background-image":"","background-repeat":"repeat","background-position":"center center","background-size":"auto","background-attachment":"scroll","background-type":"","background-media":"","overlay-type":"","overlay-color":"","overlay-opacity":"","overlay-gradient":""}}},"product_brand":[],"product_cat":[1581,1442,1580,1524,1430,1477],"product_tag":[1582],"class_list":{"0":"post-28848","1":"product","2":"type-product","3":"status-publish","4":"has-post-thumbnail","6":"product_cat-motorized-rotary-handpiece","7":"product_cat-application-type","8":"product_cat-cutting","9":"product_cat-deburring","10":"product_cat-polishing-material","11":"product_cat-ultrasonic-and-micromotor-system","12":"product_tag-motorized-rotary-handpiece","13":"desktop-align-left","14":"tablet-align-left","15":"mobile-align-left","16":"ast-product-gallery-layout-horizontal-slider","17":"ast-product-gallery-with-no-image","18":"ast-product-tabs-layout-horizontal","20":"first","21":"instock","22":"taxable","23":"shipping-taxable","24":"purchasable","25":"product-type-simple"},"_links":{"self":[{"href":"https:\/\/honwaygroup.com\/en\/wp-json\/wp\/v2\/product\/28848","targetHints":{"allow":["GET"]}}],"collection":[{"href":"https:\/\/honwaygroup.com\/en\/wp-json\/wp\/v2\/product"}],"about":[{"href":"https:\/\/honwaygroup.com\/en\/wp-json\/wp\/v2\/types\/product"}],"version-history":[{"count":0,"href":"https:\/\/honwaygroup.com\/en\/wp-json\/wp\/v2\/product\/28848\/revisions"}],"wp:featuredmedia":[{"embeddable":true,"href":"https:\/\/honwaygroup.com\/en\/wp-json\/wp\/v2\/media\/17656"}],"wp:attachment":[{"href":"https:\/\/honwaygroup.com\/en\/wp-json\/wp\/v2\/media?parent=28848"}],"wp:term":[{"taxonomy":"product_brand","embeddable":true,"href":"https:\/\/honwaygroup.com\/en\/wp-json\/wp\/v2\/product_brand?post=28848"},{"taxonomy":"product_cat","embeddable":true,"href":"https:\/\/honwaygroup.com\/en\/wp-json\/wp\/v2\/product_cat?post=28848"},{"taxonomy":"product_tag","embeddable":true,"href":"https:\/\/honwaygroup.com\/en\/wp-json\/wp\/v2\/product_tag?post=28848"}],"curies":[{"name":"wp","href":"https:\/\/api.w.org\/{rel}","templated":true}]}}